{"id":701,"date":"2025-06-04T14:56:32","date_gmt":"2025-06-04T14:56:32","guid":{"rendered":"https:\/\/baldim.mg.gov.br\/wsite\/?page_id=701"},"modified":"2025-11-04T15:38:21","modified_gmt":"2025-11-04T15:38:21","slug":"defesa-civil-baldim","status":"publish","type":"page","link":"https:\/\/baldim.mg.gov.br\/wsite\/?page_id=701","title":{"rendered":"DEFESA CIVIL BALDIM"},"content":{"rendered":"\t\t<div data-elementor-type=\"wp-page\" data-elementor-id=\"701\" class=\"elementor elementor-701\" data-elementor-settings=\"[]\">\n\t\t\t\t\t\t\t<div class=\"elementor-section-wrap\">\n\t\t\t\t\t\t\t<section class=\"elementor-section elementor-top-section elementor-element elementor-element-9366199 elementor-section-boxed elementor-section-height-default elementor-section-height-default wpr-particle-no wpr-jarallax-no wpr-parallax-no wpr-sticky-section-no\" data-id=\"9366199\" data-element_type=\"section\">\n\t\t\t\t\t\t<div class=\"elementor-container elementor-column-gap-default\">\n\t\t\t\t\t<div class=\"elementor-column elementor-col-100 elementor-top-column elementor-element elementor-element-01d454f\" data-id=\"01d454f\" data-element_type=\"column\">\n\t\t\t<div class=\"elementor-widget-wrap\">\n\t\t\t\t\t\t\t\t\t<\/div>\n\t\t<\/div>\n\t\t\t\t\t\t\t<\/div>\n\t\t<\/section>\n\t\t\t\t<section class=\"elementor-section elementor-top-section elementor-element elementor-element-c9b0aba elementor-section-boxed elementor-section-height-default elementor-section-height-default wpr-particle-no wpr-jarallax-no wpr-parallax-no wpr-sticky-section-no\" data-id=\"c9b0aba\" data-element_type=\"section\">\n\t\t\t\t\t\t<div class=\"elementor-container elementor-column-gap-default\">\n\t\t\t\t\t<div class=\"elementor-column elementor-col-100 elementor-top-column elementor-element elementor-element-7227c71\" data-id=\"7227c71\" data-element_type=\"column\">\n\t\t\t<div class=\"elementor-widget-wrap elementor-element-populated\">\n\t\t\t\t\t\t\t\t<div class=\"elementor-element elementor-element-4303af0 elementor-widget elementor-widget-text-editor\" data-id=\"4303af0\" data-element_type=\"widget\" data-widget_type=\"text-editor.default\">\n\t\t\t\t<div class=\"elementor-widget-container\">\n\t\t\t<style>\/*! elementor - v3.5.4 - 23-01-2022 *\/\n.elementor-widget-text-editor.elementor-drop-cap-view-stacked .elementor-drop-cap{background-color:#818a91;color:#fff}.elementor-widget-text-editor.elementor-drop-cap-view-framed .elementor-drop-cap{color:#818a91;border:3px solid;background-color:transparent}.elementor-widget-text-editor:not(.elementor-drop-cap-view-default) .elementor-drop-cap{margin-top:8px}.elementor-widget-text-editor:not(.elementor-drop-cap-view-default) .elementor-drop-cap-letter{width:1em;height:1em}.elementor-widget-text-editor .elementor-drop-cap{float:left;text-align:center;line-height:1;font-size:50px}.elementor-widget-text-editor .elementor-drop-cap-letter{display:inline-block}<\/style>\t\t\t\t<p><strong>DEFESA CIVIL BALDIM<\/strong><\/p><p>A Defesa Civil consiste em um conjunto de a\u00e7\u00f5es preventivas, de socorro, assistenciais e reconstrutivas destinadas a evitar ou minimizar os desastres naturais e os incidentes tecnol\u00f3gicos, preservar o moral da popula\u00e7\u00e3o e restabelecer a normalidade social. Atua adotando medidas preventivas, de socorro, assistenciais e recuperativas.<\/p>\t\t\t\t\t\t<\/div>\n\t\t\t\t<\/div>\n\t\t\t\t\t<\/div>\n\t\t<\/div>\n\t\t\t\t\t\t\t<\/div>\n\t\t<\/section>\n\t\t\t\t<section class=\"elementor-section elementor-top-section elementor-element elementor-element-803183f elementor-section-boxed elementor-section-height-default elementor-section-height-default wpr-particle-no wpr-jarallax-no wpr-parallax-no wpr-sticky-section-no\" data-id=\"803183f\" data-element_type=\"section\">\n\t\t\t\t\t\t<div class=\"elementor-container elementor-column-gap-default\">\n\t\t\t\t\t<div class=\"elementor-column elementor-col-100 elementor-top-column elementor-element elementor-element-eca22fe\" data-id=\"eca22fe\" data-element_type=\"column\">\n\t\t\t<div class=\"elementor-widget-wrap elementor-element-populated\">\n\t\t\t\t\t\t\t\t<div class=\"elementor-element elementor-element-ba92d7e elementor-widget elementor-widget-image\" data-id=\"ba92d7e\" data-element_type=\"widget\" data-widget_type=\"image.default\">\n\t\t\t\t<div class=\"elementor-widget-container\">\n\t\t\t<style>\/*! elementor - v3.5.4 - 23-01-2022 *\/\n.elementor-widget-image{text-align:center}.elementor-widget-image a{display:inline-block}.elementor-widget-image a img[src$=\".svg\"]{width:48px}.elementor-widget-image img{vertical-align:middle;display:inline-block}<\/style>\t\t\t\t\t\t\t\t\t\t\t\t<img loading=\"lazy\" decoding=\"async\" width=\"604\" height=\"755\" src=\"https:\/\/baldim.mg.gov.br\/wsite\/wp-content\/uploads\/2025\/06\/Alertas-defesa-civil-768x960.png\" class=\"attachment-medium_large size-medium_large\" alt=\"\" srcset=\"https:\/\/baldim.mg.gov.br\/wsite\/wp-content\/uploads\/2025\/06\/Alertas-defesa-civil-768x960.png 768w, https:\/\/baldim.mg.gov.br\/wsite\/wp-content\/uploads\/2025\/06\/Alertas-defesa-civil-240x300.png 240w, https:\/\/baldim.mg.gov.br\/wsite\/wp-content\/uploads\/2025\/06\/Alertas-defesa-civil-819x1024.png 819w, https:\/\/baldim.mg.gov.br\/wsite\/wp-content\/uploads\/2025\/06\/Alertas-defesa-civil-1229x1536.png 1229w, https:\/\/baldim.mg.gov.br\/wsite\/wp-content\/uploads\/2025\/06\/Alertas-defesa-civil-1638x2048.png 1638w, https:\/\/baldim.mg.gov.br\/wsite\/wp-content\/uploads\/2025\/06\/Alertas-defesa-civil-scaled.png 2048w\" sizes=\"auto, (max-width: 604px) 100vw, 604px\" \/>\t\t\t\t\t\t\t\t\t\t\t\t\t\t\t<\/div>\n\t\t\t\t<\/div>\n\t\t\t\t\t<\/div>\n\t\t<\/div>\n\t\t\t\t\t\t\t<\/div>\n\t\t<\/section>\n\t\t\t\t<section class=\"elementor-section elementor-top-section elementor-element elementor-element-c8e6ac1 elementor-section-boxed elementor-section-height-default elementor-section-height-default wpr-particle-no wpr-jarallax-no wpr-parallax-no wpr-sticky-section-no\" data-id=\"c8e6ac1\" data-element_type=\"section\">\n\t\t\t\t\t\t<div class=\"elementor-container elementor-column-gap-default\">\n\t\t\t\t\t<div class=\"elementor-column elementor-col-100 elementor-top-column elementor-element elementor-element-361b8b9\" data-id=\"361b8b9\" data-element_type=\"column\">\n\t\t\t<div class=\"elementor-widget-wrap elementor-element-populated\">\n\t\t\t\t\t\t\t\t<div class=\"elementor-element elementor-element-eb1d76c elementor-widget elementor-widget-text-editor\" data-id=\"eb1d76c\" data-element_type=\"widget\" data-widget_type=\"text-editor.default\">\n\t\t\t\t<div class=\"elementor-widget-container\">\n\t\t\t\t\t\t\t<p><strong>&#8220;Plano de Conting\u00eancia da Defesa Civil de Baldim<\/strong><\/p><p>O Plano de Conting\u00eancia da Defesa Civil de Baldim \u00e9 um documento que apresenta as a\u00e7\u00f5es e procedimentos a serem adotados em situa\u00e7\u00f5es de emerg\u00eancia, visando proteger a popula\u00e7\u00e3o e minimizar os impactos de desastres naturais ou acidentes.<\/p><p>&#8211; Objetivo: Garantir a seguran\u00e7a e a prote\u00e7\u00e3o da popula\u00e7\u00e3o de Baldim em situa\u00e7\u00f5es de emerg\u00eancia.<br \/>&#8211; A\u00e7\u00f5es: Preven\u00e7\u00e3o, prepara\u00e7\u00e3o, resposta e recupera\u00e7\u00e3o em situa\u00e7\u00f5es de desastres.<br \/>&#8211; Contato: Defesa Civil de Baldim &#8211;<\/p><h4>Contato: (31)98336-0405<br \/>24 HORAS<\/h4><p>Acesse o plano completo clicando no \u00edcone abaixo:\u00a0<\/p>\t\t\t\t\t\t<\/div>\n\t\t\t\t<\/div>\n\t\t\t\t\t<\/div>\n\t\t<\/div>\n\t\t\t\t\t\t\t<\/div>\n\t\t<\/section>\n\t\t\t\t<section class=\"elementor-section elementor-top-section elementor-element elementor-element-46eb67c elementor-section-boxed elementor-section-height-default elementor-section-height-default wpr-particle-no wpr-jarallax-no wpr-parallax-no wpr-sticky-section-no\" data-id=\"46eb67c\" data-element_type=\"section\">\n\t\t\t\t\t\t<div class=\"elementor-container elementor-column-gap-default\">\n\t\t\t\t\t<div class=\"elementor-column elementor-col-100 elementor-top-column elementor-element elementor-element-df30804\" data-id=\"df30804\" data-element_type=\"column\">\n\t\t\t<div class=\"elementor-widget-wrap elementor-element-populated\">\n\t\t\t\t\t\t\t\t<div class=\"elementor-element elementor-element-e961dc2 elementor-widget elementor-widget-image\" data-id=\"e961dc2\" data-element_type=\"widget\" data-widget_type=\"image.default\">\n\t\t\t\t<div class=\"elementor-widget-container\">\n\t\t\t\t\t\t\t\t\t\t\t\t\t\t\t\t<a href=\"https:\/\/baldim.mg.gov.br\/wsite\/wp-content\/uploads\/2025\/11\/PLANO-CON-FINALIZADO.pdf\">\n\t\t\t\t\t\t\t<img loading=\"lazy\" decoding=\"async\" width=\"300\" height=\"117\" src=\"https:\/\/baldim.mg.gov.br\/wsite\/wp-content\/uploads\/2025\/11\/WhatsApp-Image-2025-11-04-at-10.08.32-300x117.jpeg\" class=\"attachment-medium size-medium\" alt=\"\" srcset=\"https:\/\/baldim.mg.gov.br\/wsite\/wp-content\/uploads\/2025\/11\/WhatsApp-Image-2025-11-04-at-10.08.32-300x117.jpeg 300w, https:\/\/baldim.mg.gov.br\/wsite\/wp-content\/uploads\/2025\/11\/WhatsApp-Image-2025-11-04-at-10.08.32.jpeg 769w\" sizes=\"auto, (max-width: 300px) 100vw, 300px\" \/>\t\t\t\t\t\t\t\t<\/a>\n\t\t\t\t\t\t\t\t\t\t\t\t\t\t\t<\/div>\n\t\t\t\t<\/div>\n\t\t\t\t<div class=\"elementor-element elementor-element-e202c94 elementor-widget elementor-widget-text-editor\" data-id=\"e202c94\" data-element_type=\"widget\" data-widget_type=\"text-editor.default\">\n\t\t\t\t<div class=\"elementor-widget-container\">\n\t\t\t\t\t\t\t<h5 class=\"sppb-addon-title\">ATENDIMENTO ADMINISTRATIVO<br \/>07:00 \u00e0s 16:00 horas<\/h5><div class=\"sppb-addon-content\"><h5>Contato: (31)98336-0405<br \/>24 HORAS<\/h5><p>Email: defesacivil@baldim.mg.gov.br<\/p><\/div>\t\t\t\t\t\t<\/div>\n\t\t\t\t<\/div>\n\t\t\t\t\t<\/div>\n\t\t<\/div>\n\t\t\t\t\t\t\t<\/div>\n\t\t<\/section>\n\t\t\t\t<section class=\"elementor-section elementor-top-section elementor-element elementor-element-67ff59e elementor-section-boxed elementor-section-height-default elementor-section-height-default wpr-particle-no wpr-jarallax-no wpr-parallax-no wpr-sticky-section-no\" data-id=\"67ff59e\" data-element_type=\"section\">\n\t\t\t\t\t\t<div class=\"elementor-container elementor-column-gap-default\">\n\t\t\t\t\t<div class=\"elementor-column elementor-col-100 elementor-top-column elementor-element elementor-element-a8ddd0a\" data-id=\"a8ddd0a\" data-element_type=\"column\">\n\t\t\t<div class=\"elementor-widget-wrap\">\n\t\t\t\t\t\t\t\t\t<\/div>\n\t\t<\/div>\n\t\t\t\t\t\t\t<\/div>\n\t\t<\/section>\n\t\t\t\t\t\t<\/div>\n\t\t\t\t\t<\/div>\n\t\t","protected":false},"excerpt":{"rendered":"<p>DEFESA CIVIL BALDIM A Defesa Civil consiste em um conjunto de a\u00e7\u00f5es preventivas, de socorro, assistenciais e reconstrutivas destinadas a evitar ou minimizar os desastres naturais e os incidentes tecnol\u00f3gicos, preservar o<a class=\"moretag\" href=\"https:\/\/baldim.mg.gov.br\/wsite\/?page_id=701\">leia mais<\/a><\/p>\n","protected":false},"author":1,"featured_media":0,"parent":0,"menu_order":0,"comment_status":"closed","ping_status":"closed","template":"","meta":{"footnotes":""},"class_list":["post-701","page","type-page","status-publish","hentry"],"_links":{"self":[{"href":"https:\/\/baldim.mg.gov.br\/wsite\/index.php?rest_route=\/wp\/v2\/pages\/701","targetHints":{"allow":["GET"]}}],"collection":[{"href":"https:\/\/baldim.mg.gov.br\/wsite\/index.php?rest_route=\/wp\/v2\/pages"}],"about":[{"href":"https:\/\/baldim.mg.gov.br\/wsite\/index.php?rest_route=\/wp\/v2\/types\/page"}],"author":[{"embeddable":true,"href":"https:\/\/baldim.mg.gov.br\/wsite\/index.php?rest_route=\/wp\/v2\/users\/1"}],"replies":[{"embeddable":true,"href":"https:\/\/baldim.mg.gov.br\/wsite\/index.php?rest_route=%2Fwp%2Fv2%2Fcomments&post=701"}],"version-history":[{"count":53,"href":"https:\/\/baldim.mg.gov.br\/wsite\/index.php?rest_route=\/wp\/v2\/pages\/701\/revisions"}],"predecessor-version":[{"id":4146,"href":"https:\/\/baldim.mg.gov.br\/wsite\/index.php?rest_route=\/wp\/v2\/pages\/701\/revisions\/4146"}],"wp:attachment":[{"href":"https:\/\/baldim.mg.gov.br\/wsite\/index.php?rest_route=%2Fwp%2Fv2%2Fmedia&parent=701"}],"curies":[{"name":"wp","href":"https:\/\/api.w.org\/{rel}","templated":true}]}}