{"id":577,"date":"2025-05-25T09:49:40","date_gmt":"2025-05-25T09:49:40","guid":{"rendered":"https:\/\/baldim.mg.gov.br\/wsite\/?page_id=577"},"modified":"2025-06-23T13:02:31","modified_gmt":"2025-06-23T13:02:31","slug":"cursos-profissinalizantes-gratis","status":"publish","type":"page","link":"https:\/\/baldim.mg.gov.br\/wsite\/?page_id=577","title":{"rendered":"CURSOS PROFISSINALIZANTES GR\u00c1TIS"},"content":{"rendered":"\t\t<div data-elementor-type=\"wp-page\" data-elementor-id=\"577\" class=\"elementor elementor-577\" data-elementor-settings=\"[]\">\n\t\t\t\t\t\t\t<div class=\"elementor-section-wrap\">\n\t\t\t\t\t\t\t<section class=\"elementor-section elementor-top-section elementor-element elementor-element-9ca2012 elementor-section-boxed elementor-section-height-default elementor-section-height-default wpr-particle-no wpr-jarallax-no wpr-parallax-no wpr-sticky-section-no\" data-id=\"9ca2012\" data-element_type=\"section\">\n\t\t\t\t\t\t<div class=\"elementor-container elementor-column-gap-default\">\n\t\t\t\t\t<div class=\"elementor-column elementor-col-50 elementor-top-column elementor-element elementor-element-a3cbb29\" data-id=\"a3cbb29\" data-element_type=\"column\">\n\t\t\t<div class=\"elementor-widget-wrap elementor-element-populated\">\n\t\t\t\t\t\t\t\t<div class=\"elementor-element elementor-element-1e02d03 elementor-widget elementor-widget-image\" data-id=\"1e02d03\" data-element_type=\"widget\" data-widget_type=\"image.default\">\n\t\t\t\t<div class=\"elementor-widget-container\">\n\t\t\t<style>\/*! elementor - v3.5.4 - 23-01-2022 *\/\n.elementor-widget-image{text-align:center}.elementor-widget-image a{display:inline-block}.elementor-widget-image a img[src$=\".svg\"]{width:48px}.elementor-widget-image img{vertical-align:middle;display:inline-block}<\/style>\t\t\t\t\t\t\t\t\t\t\t\t<img loading=\"lazy\" decoding=\"async\" width=\"604\" height=\"285\" src=\"https:\/\/baldim.mg.gov.br\/wsite\/wp-content\/uploads\/2025\/06\/cursos-gratis.png\" class=\"attachment-large size-large\" alt=\"\" srcset=\"https:\/\/baldim.mg.gov.br\/wsite\/wp-content\/uploads\/2025\/06\/cursos-gratis.png 735w, https:\/\/baldim.mg.gov.br\/wsite\/wp-content\/uploads\/2025\/06\/cursos-gratis-300x142.png 300w\" sizes=\"auto, (max-width: 604px) 100vw, 604px\" \/>\t\t\t\t\t\t\t\t\t\t\t\t\t\t\t<\/div>\n\t\t\t\t<\/div>\n\t\t\t\t\t<\/div>\n\t\t<\/div>\n\t\t\t\t<div class=\"elementor-column elementor-col-50 elementor-top-column elementor-element elementor-element-79e7ea3\" data-id=\"79e7ea3\" data-element_type=\"column\">\n\t\t\t<div class=\"elementor-widget-wrap elementor-element-populated\">\n\t\t\t\t\t\t\t\t<div class=\"elementor-element elementor-element-a2176ae elementor-widget elementor-widget-image\" data-id=\"a2176ae\" data-element_type=\"widget\" data-widget_type=\"image.default\">\n\t\t\t\t<div class=\"elementor-widget-container\">\n\t\t\t\t\t\t\t\t\t\t\t\t\t\t\t<img loading=\"lazy\" decoding=\"async\" width=\"604\" height=\"618\" src=\"https:\/\/baldim.mg.gov.br\/wsite\/wp-content\/uploads\/2025\/06\/contorno-branco-1000x1024.png\" class=\"attachment-large size-large\" alt=\"\" srcset=\"https:\/\/baldim.mg.gov.br\/wsite\/wp-content\/uploads\/2025\/06\/contorno-branco-1000x1024.png 1000w, https:\/\/baldim.mg.gov.br\/wsite\/wp-content\/uploads\/2025\/06\/contorno-branco-293x300.png 293w, https:\/\/baldim.mg.gov.br\/wsite\/wp-content\/uploads\/2025\/06\/contorno-branco-768x787.png 768w, https:\/\/baldim.mg.gov.br\/wsite\/wp-content\/uploads\/2025\/06\/contorno-branco-1500x1536.png 1500w, https:\/\/baldim.mg.gov.br\/wsite\/wp-content\/uploads\/2025\/06\/contorno-branco-1999x2048.png 1999w\" sizes=\"auto, (max-width: 604px) 100vw, 604px\" \/>\t\t\t\t\t\t\t\t\t\t\t\t\t\t\t<\/div>\n\t\t\t\t<\/div>\n\t\t\t\t\t<\/div>\n\t\t<\/div>\n\t\t\t\t\t\t\t<\/div>\n\t\t<\/section>\n\t\t\t\t<section class=\"elementor-section elementor-top-section elementor-element elementor-element-6143770 elementor-section-boxed elementor-section-height-default elementor-section-height-default wpr-particle-no wpr-jarallax-no wpr-parallax-no wpr-sticky-section-no\" data-id=\"6143770\" data-element_type=\"section\">\n\t\t\t\t\t\t<div class=\"elementor-container elementor-column-gap-default\">\n\t\t\t\t\t<div class=\"elementor-column elementor-col-100 elementor-top-column elementor-element elementor-element-8db9c73\" data-id=\"8db9c73\" data-element_type=\"column\">\n\t\t\t<div class=\"elementor-widget-wrap elementor-element-populated\">\n\t\t\t\t\t\t\t\t<div class=\"elementor-element elementor-element-a00f99b elementor-widget elementor-widget-heading\" data-id=\"a00f99b\" data-element_type=\"widget\" data-widget_type=\"heading.default\">\n\t\t\t\t<div class=\"elementor-widget-container\">\n\t\t\t<style>\/*! elementor - v3.5.4 - 23-01-2022 *\/\n.elementor-heading-title{padding:0;margin:0;line-height:1}.elementor-widget-heading .elementor-heading-title[class*=elementor-size-]>a{color:inherit;font-size:inherit;line-height:inherit}.elementor-widget-heading .elementor-heading-title.elementor-size-small{font-size:15px}.elementor-widget-heading .elementor-heading-title.elementor-size-medium{font-size:19px}.elementor-widget-heading .elementor-heading-title.elementor-size-large{font-size:29px}.elementor-widget-heading .elementor-heading-title.elementor-size-xl{font-size:39px}.elementor-widget-heading .elementor-heading-title.elementor-size-xxl{font-size:59px}<\/style><h2 class=\"elementor-heading-title elementor-size-default\">Curso Encerrado<\/h2>\t\t<\/div>\n\t\t\t\t<\/div>\n\t\t\t\t\t<\/div>\n\t\t<\/div>\n\t\t\t\t\t\t\t<\/div>\n\t\t<\/section>\n\t\t\t\t<section class=\"elementor-section elementor-top-section elementor-element elementor-element-997163f elementor-section-boxed elementor-section-height-default elementor-section-height-default wpr-particle-no wpr-jarallax-no wpr-parallax-no wpr-sticky-section-no\" data-id=\"997163f\" data-element_type=\"section\">\n\t\t\t\t\t\t<div class=\"elementor-container elementor-column-gap-default\">\n\t\t\t\t\t<div class=\"elementor-column elementor-col-100 elementor-top-column elementor-element elementor-element-5de0961\" data-id=\"5de0961\" data-element_type=\"column\">\n\t\t\t<div class=\"elementor-widget-wrap elementor-element-populated\">\n\t\t\t\t\t\t\t\t<div class=\"elementor-element elementor-element-8b6dc24 elementor-widget elementor-widget-text-editor\" data-id=\"8b6dc24\" data-element_type=\"widget\" data-widget_type=\"text-editor.default\">\n\t\t\t\t<div class=\"elementor-widget-container\">\n\t\t\t<style>\/*! elementor - v3.5.4 - 23-01-2022 *\/\n.elementor-widget-text-editor.elementor-drop-cap-view-stacked .elementor-drop-cap{background-color:#818a91;color:#fff}.elementor-widget-text-editor.elementor-drop-cap-view-framed .elementor-drop-cap{color:#818a91;border:3px solid;background-color:transparent}.elementor-widget-text-editor:not(.elementor-drop-cap-view-default) .elementor-drop-cap{margin-top:8px}.elementor-widget-text-editor:not(.elementor-drop-cap-view-default) .elementor-drop-cap-letter{width:1em;height:1em}.elementor-widget-text-editor .elementor-drop-cap{float:left;text-align:center;line-height:1;font-size:50px}.elementor-widget-text-editor .elementor-drop-cap-letter{display:inline-block}<\/style>\t\t\t\t<section id=\"section-id-1625836564884\"><div><div><div><div id=\"column-id-1625836564883\"><div><div id=\"sppb-addon-1625836650344\"><div><h2>A Prefeitura Municipal, em parceria com a Escola Ceditec, ir\u00e1 oferecer cursos profissionalizantes gratuitos. Os interessados ter\u00e3o direito a um cr\u00e9dito educativo no valor de R$ 1200,00 para realizar UM dos seguintes cursos EAD dispon\u00edveis:<\/h2><h2>\u00a0<\/h2><\/div><\/div><\/div><\/div><\/div><\/div><\/div><\/section><div><div><div><div id=\"column-id-1625836565062\"><div><div id=\"sppb-addon-1625836565152\"><div><div><p>\u2714 Supervis\u00e3o Pedag\u00f3gica.\u00a0<\/p><p>\u2714 Log\u00edstica 4.0.<\/p><p>\u2714Maquiagem.<\/p><p>\u2714Almoxarifado.<\/p><p>\u2714Libras.<\/p><p>\u2714PhotoShop CC.<\/p><p>\u2714Ilustrador CS6.\u00a0<\/p><p>\u2714Cria\u00e7\u00e3o de App Android.<\/p><p>\u2714Montagem e Manuten\u00e7\u00e3o de PC.<\/p><p>\u2714Seguran\u00e7a na Internet.\u00a0<\/p><p>\u2714Linux.<\/p><p>\u2714Edi\u00e7\u00e3o de V\u00eddeo Premiere.<\/p><p>\u2714Java.<\/p><p>\u2714Google Drive.\u00a0<\/p><\/div><\/div><\/div><\/div><\/div><\/div><div><div id=\"column-id-1625836565066\"><div><div id=\"sppb-addon-1625836565155\"><div><div><p>\u2714Windows 10.\u00a0<\/p><p>\u2714Cria\u00e7\u00e3o de Game I.<\/p><p>\u2714Como ser Youtuber.\u00a0<\/p><p>\u2714Access 2016.\u00a0<\/p><p>\u2714Blender 3D.<\/p><p>\u2714Programa\u00e7\u00e3o de Sites WordPress.\u00a0<\/p><p>\u2714Bitcoin.<\/p><p>\u2714InDesign 2017.\u00a0<\/p><p>\u2714Introdu\u00e7\u00e3o a Inform\u00e1tica.\u00a0<\/p><p>\u27143D Studio Max B\u00e1sico.\u00a0<\/p><p>\u2714After Effects.<\/p><p>\u2714L\u00f3gica de Programa\u00e7\u00e3o.\u00a0<\/p><p>\u2714 Google Adwords.\u00a0<\/p><p>\u2714Cria\u00e7\u00e3o de loja Virtual.\u00a0<\/p><\/div><\/div><\/div><\/div><\/div><\/div><div><div id=\"column-id-1625836565067\"><div><div id=\"sppb-addon-1625836565158\"><div><div><p>\u2714Sketchup.\u00a0<\/p><p>\u2714Administra\u00e7\u00e3o Mercado de Trabalho.\u00a0<\/p><p>\u2714Elabora\u00e7\u00e3o de Curr\u00edculo.\u00a0<\/p><p>\u2714Atendente de F\u00e1rmacia.\u00a0<\/p><p>\u2714T\u00e9cnicas de Vendas.\u00a0<\/p><p>\u2714Contabilidade.\u00a0<\/p><p>\u2714Empreendedorismo.\u00a0<\/p><p>\u2714Departamento Pessoal.\u00a0<\/p><p>\u2714Marketing Digital.<\/p><p>\u2714Vendas.<\/p><p>\u2714Gest\u00e3o em RH.\u00a0<\/p><p>\u2714Instagram para Vendas.<\/p><p>\u2714Telemarketing.\u00a0<\/p><p>\u2714M\u00eddias Sociais.\u00a0<\/p><\/div><\/div><\/div><\/div><\/div><\/div><div><div id=\"column-id-1625836565068\"><div><div id=\"sppb-addon-1625837197838\"><div><div><p>\u2714Operador de Caixa.\u00a0<\/p><p>\u2714T\u00e9cnicas de Reda\u00e7\u00e3o.\u00a0<\/p><p>\u2714Matem\u00e1tica para Enem.\u00a0<\/p><p>\u2714Hist\u00f3ria.\u00a0<\/p><p>\u2714Geografia.\u00a0<\/p><p>\u2714Biologia.\u00a0<\/p><p>\u2714F\u00edsica.\u00a0<\/p><p>\u2714Portugu\u00eas.\u00a0<\/p><p>\u2714Qu\u00edmica.\u00a0<\/p><p>\u2714Cuidador de Idoso.\u00a0<\/p><p>\u2714Massagem Modeladora.\u00a0<\/p><p>\u2714Auxiliar de Necropsia.\u00a0<\/p><p>\u2714Socorrista APH.\u00a0<\/p><p>\u2714Design de C\u00edlios e Sobrancelhas.<\/p><p>\u2714 Auxiliar de Veterin\u00e1ria.<\/p><\/div><\/div><\/div><\/div><\/div><\/div><\/div><\/div><section id=\"section-id-1625836565183\"><div><div><div><div id=\"column-id-1625836565182\"><div><div id=\"sppb-addon-1625837627433\"><div><h2>Atendimento em 24\/07: Escola S\u00e3o Bernardo<\/h2><div><h2>Rua Pe Teodorico, 126, Centro.<\/h2><h2>Baldim &#8211; MG<\/h2><\/div><\/div><\/div><\/div><\/div><\/div><\/div><\/div><\/section>\t\t\t\t\t\t<\/div>\n\t\t\t\t<\/div>\n\t\t\t\t\t<\/div>\n\t\t<\/div>\n\t\t\t\t\t\t\t<\/div>\n\t\t<\/section>\n\t\t\t\t\t\t<\/div>\n\t\t\t\t\t<\/div>\n\t\t","protected":false},"excerpt":{"rendered":"<p>Curso Encerrado A Prefeitura Municipal, em parceria com a Escola Ceditec, ir\u00e1 oferecer cursos profissionalizantes gratuitos. Os interessados ter\u00e3o direito a um cr\u00e9dito educativo no valor de R$ 1200,00 para realizar UM<a class=\"moretag\" href=\"https:\/\/baldim.mg.gov.br\/wsite\/?page_id=577\">leia mais<\/a><\/p>\n","protected":false},"author":1,"featured_media":0,"parent":0,"menu_order":0,"comment_status":"closed","ping_status":"closed","template":"","meta":{"footnotes":""},"class_list":["post-577","page","type-page","status-publish","hentry"],"_links":{"self":[{"href":"https:\/\/baldim.mg.gov.br\/wsite\/index.php?rest_route=\/wp\/v2\/pages\/577","targetHints":{"allow":["GET"]}}],"collection":[{"href":"https:\/\/baldim.mg.gov.br\/wsite\/index.php?rest_route=\/wp\/v2\/pages"}],"about":[{"href":"https:\/\/baldim.mg.gov.br\/wsite\/index.php?rest_route=\/wp\/v2\/types\/page"}],"author":[{"embeddable":true,"href":"https:\/\/baldim.mg.gov.br\/wsite\/index.php?rest_route=\/wp\/v2\/users\/1"}],"replies":[{"embeddable":true,"href":"https:\/\/baldim.mg.gov.br\/wsite\/index.php?rest_route=%2Fwp%2Fv2%2Fcomments&post=577"}],"version-history":[{"count":13,"href":"https:\/\/baldim.mg.gov.br\/wsite\/index.php?rest_route=\/wp\/v2\/pages\/577\/revisions"}],"predecessor-version":[{"id":2134,"href":"https:\/\/baldim.mg.gov.br\/wsite\/index.php?rest_route=\/wp\/v2\/pages\/577\/revisions\/2134"}],"wp:attachment":[{"href":"https:\/\/baldim.mg.gov.br\/wsite\/index.php?rest_route=%2Fwp%2Fv2%2Fmedia&parent=577"}],"curies":[{"name":"wp","href":"https:\/\/api.w.org\/{rel}","templated":true}]}}