{"id":573,"date":"2025-05-25T09:49:40","date_gmt":"2025-05-25T09:49:40","guid":{"rendered":"https:\/\/baldim.mg.gov.br\/wsite\/?page_id=573"},"modified":"2025-06-04T14:50:30","modified_gmt":"2025-06-04T14:50:30","slug":"plano-saneamento-basico","status":"publish","type":"page","link":"https:\/\/baldim.mg.gov.br\/wsite\/?page_id=573","title":{"rendered":"PLANO SANEAMENTO B\u00c1SICO"},"content":{"rendered":"<p><strong>PLANO DE SANEAMENTO\u00a0B\u00c1SICO<br \/>\n<\/strong>Acesse aos arquivos:<strong><br \/>\n(Arquivos no formato .pdf)<br \/>\n<\/strong><a href=\"https:\/\/www.baldim.mg.gov.br\/pdiretor\/produto1.pdf\" target=\"_blank\" rel=\"noopener\"><\/p>\n<p>Produto 1 Plano de Trabalho<\/a><\/p>\n<p><a href=\"https:\/\/www.baldim.mg.gov.br\/pdiretor\/prod4jabo2baldimsvicente.pdf\" target=\"_blank\" rel=\"noopener\">Produto 2 Diagn\u00f3stico<\/a><\/p>\n<p><a href=\"https:\/\/www.baldim.mg.gov.br\/pdiretor\/prod3jabo1baldimsede.pdf\" target=\"_blank\" rel=\"noopener\">Produto 3 RELAT\u00d3RIO T\u00c9CNICO PRELIMINAR I<\/a><\/p>\n<p><a href=\"https:\/\/www.baldim.mg.gov.br\/pdiretor\/prod3jabo2baldimsvicente.pdf\" target=\"_blank\" rel=\"noopener\">Produto 3 RELAT\u00d3RIO T\u00c9CNICO PRELIMINAR II<\/a><\/p>\n<p><a href=\"https:\/\/www.baldim.mg.gov.br\/pdiretor\/prod3jabo3baldimsvicente.pdf\" target=\"_blank\" rel=\"noopener\">Produto 3 RELAT\u00d3RIO T\u00c9CNICO PRELIMINAR III<\/a><\/p>\n<p><a href=\"https:\/\/www.baldim.mg.gov.br\/pdiretor\/prod4jabo1baldimssede.pdf\" target=\"_blank\" rel=\"noopener\">Produto 4 PROJETO B\u00c1SICO I<\/a><\/p>\n<p><a href=\"https:\/\/www.baldim.mg.gov.br\/pdiretor\/prod4jabo2baldimsvicente.pdf\" target=\"_blank\" rel=\"noopener\">Produto 4 PROJETO B\u00c1SICO IU<\/a><\/p>\n<p><a href=\"https:\/\/www.baldim.mg.gov.br\/pdiretor\/prod4jabo3baldimsvicente.pdf\" target=\"_blank\" rel=\"noopener\">Produto 4 PROJETO B\u00c1SICO III<\/a><\/p>\n<p><strong>(Arquivos no formato .zip)<\/strong><\/p>\n<p><a href=\"https:\/\/www.baldim.mg.gov.br\/pdiretor\/reltecprelimbaldim.zip\" target=\"_blank\" rel=\"noopener\">RELAT\u00d3RIO T\u00c9CNICO PRELIMINAR BALDIM<\/a><\/p>\n<p><a href=\"https:\/\/www.baldim.mg.gov.br\/pdiretor\/reltecprelimsvicente.zip\" target=\"_blank\" rel=\"noopener\">RELAT\u00d3RIO T\u00c9CNICO PRELIMINAR S\u00c3O VICENTE<\/a><\/p>\n<p><a href=\"https:\/\/www.baldim.mg.gov.br\/pdiretor\/reltecprelimvamanda.zip\" target=\"_blank\" rel=\"noopener\">RELAT\u00d3RIO T\u00c9CNICO PRELIMINAR VILA AMANDA<\/a><\/p>\n","protected":false},"excerpt":{"rendered":"<p>PLANO DE SANEAMENTO\u00a0B\u00c1SICO Acesse aos arquivos: (Arquivos no formato .pdf) Produto 1 Plano de Trabalho Produto 2 Diagn\u00f3stico Produto 3 RELAT\u00d3RIO T\u00c9CNICO PRELIMINAR I Produto 3 RELAT\u00d3RIO T\u00c9CNICO PRELIMINAR II Produto 3<a class=\"moretag\" href=\"https:\/\/baldim.mg.gov.br\/wsite\/?page_id=573\">leia mais<\/a><\/p>\n","protected":false},"author":1,"featured_media":0,"parent":0,"menu_order":0,"comment_status":"closed","ping_status":"closed","template":"","meta":{"footnotes":""},"class_list":["post-573","page","type-page","status-publish","hentry"],"_links":{"self":[{"href":"https:\/\/baldim.mg.gov.br\/wsite\/index.php?rest_route=\/wp\/v2\/pages\/573","targetHints":{"allow":["GET"]}}],"collection":[{"href":"https:\/\/baldim.mg.gov.br\/wsite\/index.php?rest_route=\/wp\/v2\/pages"}],"about":[{"href":"https:\/\/baldim.mg.gov.br\/wsite\/index.php?rest_route=\/wp\/v2\/types\/page"}],"author":[{"embeddable":true,"href":"https:\/\/baldim.mg.gov.br\/wsite\/index.php?rest_route=\/wp\/v2\/users\/1"}],"replies":[{"embeddable":true,"href":"https:\/\/baldim.mg.gov.br\/wsite\/index.php?rest_route=%2Fwp%2Fv2%2Fcomments&post=573"}],"version-history":[{"count":2,"href":"https:\/\/baldim.mg.gov.br\/wsite\/index.php?rest_route=\/wp\/v2\/pages\/573\/revisions"}],"predecessor-version":[{"id":692,"href":"https:\/\/baldim.mg.gov.br\/wsite\/index.php?rest_route=\/wp\/v2\/pages\/573\/revisions\/692"}],"wp:attachment":[{"href":"https:\/\/baldim.mg.gov.br\/wsite\/index.php?rest_route=%2Fwp%2Fv2%2Fmedia&parent=573"}],"curies":[{"name":"wp","href":"https:\/\/api.w.org\/{rel}","templated":true}]}}