{"id":569,"date":"2025-05-25T09:49:41","date_gmt":"2025-05-25T09:49:41","guid":{"rendered":"https:\/\/baldim.mg.gov.br\/wsite\/?page_id=569"},"modified":"2025-06-04T14:44:34","modified_gmt":"2025-06-04T14:44:34","slug":"turismo","status":"publish","type":"page","link":"https:\/\/baldim.mg.gov.br\/wsite\/?page_id=569","title":{"rendered":"TURISMO"},"content":{"rendered":"<h2 class=\"sppb-addon-title\">O TURISMO<\/h2>\n<div class=\"sppb-addon-content\">\n<p>&nbsp;<\/p>\n<p>O munic\u00edpio de Baldim, conhecido como a cidade do doce, possui um potencial tur\u00edstico incr\u00edvel. Al\u00e9m das escava\u00e7\u00f5es rochosas, grutas e sumidouros, a regi\u00e3o tamb\u00e9m preserva fragmentos da passagem do desbravador Manuel de Borba Gato, como escava\u00e7\u00f5es e aquedutos que eram utilizados para conduzir \u00e1gua nas minas do Rio das Velhas, datados de aproximadamente 1711.<\/p>\n<p>Baldim \u00e9 um verdadeiro para\u00edso para os amantes da gastronomia e do artesanato. A cidade abriga in\u00fameras feiras que s\u00e3o realizadas em alguns finais de semana, onde os visitantes podem saborear deliciosos doces t\u00edpicos e apreciar a variedade de produtos artesanais dispon\u00edveis. Os quitutes locais s\u00e3o conhecidos por sua qualidade e sabor irresist\u00edvel, encantando os paladares mais exigentes.<\/p>\n<p>Al\u00e9m das belezas naturais e da riqueza hist\u00f3rica, Baldim oferece uma experi\u00eancia tur\u00edstica completa. Os visitantes t\u00eam a oportunidade de explorar as escava\u00e7\u00f5es, admirar as forma\u00e7\u00f5es rochosas e explorar as misteriosas grutas. A cidade tamb\u00e9m se destaca pelo acolhimento caloroso de sua popula\u00e7\u00e3o, que recebe os turistas de bra\u00e7os abertos, compartilhando suas tradi\u00e7\u00f5es e oferecendo uma estadia agrad\u00e1vel e enriquecedora.<\/p>\n<p>Seja para os amantes da natureza, apreciadores da cultura local ou simplesmente para aqueles que desejam desfrutar de uma escapada tranquila, Baldim \u00e9 o destino perfeito. Com sua gastronomia de primeira, artesanato encantador e uma atmosfera acolhedora, essa cidade encanta e conquista os cora\u00e7\u00f5es de todos os visitantes.<\/p>\n<p>Al\u00e9m disso, Baldim \u00e9 palco de muitas festas tradicionais ao longo do ano, proporcionando aos visitantes uma imers\u00e3o na cultura local. Essas festividades celebram tradi\u00e7\u00f5es e s\u00e3o marcadas por m\u00fasica, dan\u00e7as t\u00edpicas e diversas formas de express\u00e3o cultural.<\/p>\n<p><img loading=\"lazy\" decoding=\"async\" class=\"alignnone wp-image-624 size-large\" src=\"https:\/\/baldim.mg.gov.br\/wsite\/wp-content\/uploads\/2025\/06\/bann-1024x683.jpg\" alt=\"\" width=\"604\" height=\"403\" srcset=\"https:\/\/baldim.mg.gov.br\/wsite\/wp-content\/uploads\/2025\/06\/bann-1024x683.jpg 1024w, https:\/\/baldim.mg.gov.br\/wsite\/wp-content\/uploads\/2025\/06\/bann-300x200.jpg 300w, https:\/\/baldim.mg.gov.br\/wsite\/wp-content\/uploads\/2025\/06\/bann-768x512.jpg 768w, https:\/\/baldim.mg.gov.br\/wsite\/wp-content\/uploads\/2025\/06\/bann-1536x1024.jpg 1536w, https:\/\/baldim.mg.gov.br\/wsite\/wp-content\/uploads\/2025\/06\/bann-2048x1365.jpg 2048w\" sizes=\"auto, (max-width: 604px) 100vw, 604px\" \/><\/p>\n<\/div>\n","protected":false},"excerpt":{"rendered":"<p>O TURISMO &nbsp; O munic\u00edpio de Baldim, conhecido como a cidade do doce, possui um potencial tur\u00edstico incr\u00edvel. Al\u00e9m das escava\u00e7\u00f5es rochosas, grutas e sumidouros, a regi\u00e3o tamb\u00e9m preserva fragmentos da passagem<a class=\"moretag\" href=\"https:\/\/baldim.mg.gov.br\/wsite\/?page_id=569\">leia mais<\/a><\/p>\n","protected":false},"author":1,"featured_media":0,"parent":0,"menu_order":0,"comment_status":"closed","ping_status":"closed","template":"","meta":{"footnotes":""},"class_list":["post-569","page","type-page","status-publish","hentry"],"_links":{"self":[{"href":"https:\/\/baldim.mg.gov.br\/wsite\/index.php?rest_route=\/wp\/v2\/pages\/569","targetHints":{"allow":["GET"]}}],"collection":[{"href":"https:\/\/baldim.mg.gov.br\/wsite\/index.php?rest_route=\/wp\/v2\/pages"}],"about":[{"href":"https:\/\/baldim.mg.gov.br\/wsite\/index.php?rest_route=\/wp\/v2\/types\/page"}],"author":[{"embeddable":true,"href":"https:\/\/baldim.mg.gov.br\/wsite\/index.php?rest_route=\/wp\/v2\/users\/1"}],"replies":[{"embeddable":true,"href":"https:\/\/baldim.mg.gov.br\/wsite\/index.php?rest_route=%2Fwp%2Fv2%2Fcomments&post=569"}],"version-history":[{"count":2,"href":"https:\/\/baldim.mg.gov.br\/wsite\/index.php?rest_route=\/wp\/v2\/pages\/569\/revisions"}],"predecessor-version":[{"id":684,"href":"https:\/\/baldim.mg.gov.br\/wsite\/index.php?rest_route=\/wp\/v2\/pages\/569\/revisions\/684"}],"wp:attachment":[{"href":"https:\/\/baldim.mg.gov.br\/wsite\/index.php?rest_route=%2Fwp%2Fv2%2Fmedia&parent=569"}],"curies":[{"name":"wp","href":"https:\/\/api.w.org\/{rel}","templated":true}]}}