{"id":567,"date":"2025-05-25T09:49:41","date_gmt":"2025-05-25T09:49:41","guid":{"rendered":"https:\/\/baldim.mg.gov.br\/wsite\/?page_id=567"},"modified":"2026-05-06T08:29:36","modified_gmt":"2026-05-06T11:29:36","slug":"secretarias","status":"publish","type":"page","link":"https:\/\/baldim.mg.gov.br\/wsite\/?page_id=567","title":{"rendered":"SECRETARIAS"},"content":{"rendered":"\t\t<div data-elementor-type=\"wp-page\" data-elementor-id=\"567\" class=\"elementor elementor-567\" data-elementor-settings=\"[]\">\n\t\t\t\t\t\t\t<div class=\"elementor-section-wrap\">\n\t\t\t\t\t\t\t<section class=\"elementor-section elementor-top-section elementor-element elementor-element-e9884ac elementor-section-boxed elementor-section-height-default elementor-section-height-default wpr-particle-no wpr-jarallax-no wpr-parallax-no wpr-sticky-section-no\" data-id=\"e9884ac\" data-element_type=\"section\">\n\t\t\t\t\t\t<div class=\"elementor-container elementor-column-gap-default\">\n\t\t\t\t\t<div class=\"elementor-column elementor-col-50 elementor-top-column elementor-element elementor-element-4e629fd\" data-id=\"4e629fd\" data-element_type=\"column\">\n\t\t\t<div class=\"elementor-widget-wrap elementor-element-populated\">\n\t\t\t\t\t\t\t\t<div class=\"elementor-element elementor-element-6e8fed5 elementor-widget elementor-widget-toggle\" data-id=\"6e8fed5\" data-element_type=\"widget\" data-widget_type=\"toggle.default\">\n\t\t\t\t<div class=\"elementor-widget-container\">\n\t\t\t<style>\/*! elementor - v3.5.4 - 23-01-2022 *\/\n.elementor-toggle{text-align:left}.elementor-toggle .elementor-tab-title{font-weight:700;line-height:1;margin:0;padding:15px;border-bottom:1px solid #d4d4d4;cursor:pointer;outline:none}.elementor-toggle .elementor-tab-title .elementor-toggle-icon{display:inline-block;width:1em}.elementor-toggle .elementor-tab-title .elementor-toggle-icon svg{-webkit-margin-start:-5px;margin-inline-start:-5px;width:1em;height:1em}.elementor-toggle .elementor-tab-title .elementor-toggle-icon.elementor-toggle-icon-right{float:right;text-align:right}.elementor-toggle .elementor-tab-title .elementor-toggle-icon.elementor-toggle-icon-left{float:left;text-align:left}.elementor-toggle .elementor-tab-title .elementor-toggle-icon .elementor-toggle-icon-closed{display:block}.elementor-toggle .elementor-tab-title .elementor-toggle-icon .elementor-toggle-icon-opened{display:none}.elementor-toggle .elementor-tab-title.elementor-active{border-bottom:none}.elementor-toggle .elementor-tab-title.elementor-active .elementor-toggle-icon-closed{display:none}.elementor-toggle .elementor-tab-title.elementor-active .elementor-toggle-icon-opened{display:block}.elementor-toggle .elementor-tab-content{padding:15px;border-bottom:1px solid #d4d4d4;display:none}@media (max-width:767px){.elementor-toggle .elementor-tab-title{padding:12px}.elementor-toggle .elementor-tab-content{padding:12px 10px}}<\/style>\t\t<div class=\"elementor-toggle\" role=\"tablist\">\n\t\t\t\t\t\t\t<div class=\"elementor-toggle-item\">\n\t\t\t\t\t<div id=\"elementor-tab-title-1151\" class=\"elementor-tab-title\" data-tab=\"1\" role=\"tab\" aria-controls=\"elementor-tab-content-1151\" aria-expanded=\"false\">\n\t\t\t\t\t\t\t\t\t\t\t\t<span class=\"elementor-toggle-icon elementor-toggle-icon-left\" aria-hidden=\"true\">\n\t\t\t\t\t\t\t\t\t\t\t\t\t\t\t<span class=\"elementor-toggle-icon-closed\"><i class=\"fas fa-caret-right\"><\/i><\/span>\n\t\t\t\t\t\t\t\t<span class=\"elementor-toggle-icon-opened\"><i class=\"elementor-toggle-icon-opened fas fa-caret-up\"><\/i><\/span>\n\t\t\t\t\t\t\t\t\t\t\t\t\t<\/span>\n\t\t\t\t\t\t\t\t\t\t\t\t<a href=\"\" class=\"elementor-toggle-title\">CHEFE DE GABINETE<\/a>\n\t\t\t\t\t<\/div>\n\n\t\t\t\t\t<div id=\"elementor-tab-content-1151\" class=\"elementor-tab-content elementor-clearfix\" data-tab=\"1\" role=\"tabpanel\" aria-labelledby=\"elementor-tab-title-1151\"><p><img loading=\"lazy\" decoding=\"async\" class=\"size-medium wp-image-3115 alignright\" src=\"https:\/\/baldim.mg.gov.br\/wsite\/wp-content\/uploads\/2025\/07\/Leandro-300x300.png\" alt=\"\" width=\"300\" height=\"300\" srcset=\"https:\/\/baldim.mg.gov.br\/wsite\/wp-content\/uploads\/2025\/07\/Leandro-300x300.png 300w, https:\/\/baldim.mg.gov.br\/wsite\/wp-content\/uploads\/2025\/07\/Leandro-1024x1024.png 1024w, https:\/\/baldim.mg.gov.br\/wsite\/wp-content\/uploads\/2025\/07\/Leandro-150x150.png 150w, https:\/\/baldim.mg.gov.br\/wsite\/wp-content\/uploads\/2025\/07\/Leandro-768x768.png 768w, https:\/\/baldim.mg.gov.br\/wsite\/wp-content\/uploads\/2025\/07\/Leandro.png 1200w\" sizes=\"auto, (max-width: 300px) 100vw, 300px\" \/><\/p><p><strong>LEANDRO AUGUSTO MARQUES MELO<\/strong><\/p><p>gabinete@baldim.mg.gov.br<\/p><\/div>\n\t\t\t\t<\/div>\n\t\t\t\t\t\t\t<div class=\"elementor-toggle-item\">\n\t\t\t\t\t<div id=\"elementor-tab-title-1152\" class=\"elementor-tab-title\" data-tab=\"2\" role=\"tab\" aria-controls=\"elementor-tab-content-1152\" aria-expanded=\"false\">\n\t\t\t\t\t\t\t\t\t\t\t\t<span class=\"elementor-toggle-icon elementor-toggle-icon-left\" aria-hidden=\"true\">\n\t\t\t\t\t\t\t\t\t\t\t\t\t\t\t<span class=\"elementor-toggle-icon-closed\"><i class=\"fas fa-caret-right\"><\/i><\/span>\n\t\t\t\t\t\t\t\t<span class=\"elementor-toggle-icon-opened\"><i class=\"elementor-toggle-icon-opened fas fa-caret-up\"><\/i><\/span>\n\t\t\t\t\t\t\t\t\t\t\t\t\t<\/span>\n\t\t\t\t\t\t\t\t\t\t\t\t<a href=\"\" class=\"elementor-toggle-title\">PROCURADORA GERAL<\/a>\n\t\t\t\t\t<\/div>\n\n\t\t\t\t\t<div id=\"elementor-tab-content-1152\" class=\"elementor-tab-content elementor-clearfix\" data-tab=\"2\" role=\"tabpanel\" aria-labelledby=\"elementor-tab-title-1152\"><p><img loading=\"lazy\" decoding=\"async\" class=\"wp-image-2085 size-medium alignright\" src=\"https:\/\/baldim.mg.gov.br\/wsite\/wp-content\/uploads\/2025\/06\/Clarice-300x300.png\" alt=\"\" width=\"300\" height=\"300\" srcset=\"https:\/\/baldim.mg.gov.br\/wsite\/wp-content\/uploads\/2025\/06\/Clarice-300x300.png 300w, https:\/\/baldim.mg.gov.br\/wsite\/wp-content\/uploads\/2025\/06\/Clarice-1024x1024.png 1024w, https:\/\/baldim.mg.gov.br\/wsite\/wp-content\/uploads\/2025\/06\/Clarice-150x150.png 150w, https:\/\/baldim.mg.gov.br\/wsite\/wp-content\/uploads\/2025\/06\/Clarice-768x768.png 768w, https:\/\/baldim.mg.gov.br\/wsite\/wp-content\/uploads\/2025\/06\/Clarice.png 1200w\" sizes=\"auto, (max-width: 300px) 100vw, 300px\" \/><\/p><p><strong>CLARICE HELENA NUNES SOARES<\/strong><\/p><p>procuradoria@baldim.mg.gov.br<\/p><\/div>\n\t\t\t\t<\/div>\n\t\t\t\t\t\t\t<div class=\"elementor-toggle-item\">\n\t\t\t\t\t<div id=\"elementor-tab-title-1153\" class=\"elementor-tab-title\" data-tab=\"3\" role=\"tab\" aria-controls=\"elementor-tab-content-1153\" aria-expanded=\"false\">\n\t\t\t\t\t\t\t\t\t\t\t\t<span class=\"elementor-toggle-icon elementor-toggle-icon-left\" aria-hidden=\"true\">\n\t\t\t\t\t\t\t\t\t\t\t\t\t\t\t<span class=\"elementor-toggle-icon-closed\"><i class=\"fas fa-caret-right\"><\/i><\/span>\n\t\t\t\t\t\t\t\t<span class=\"elementor-toggle-icon-opened\"><i class=\"elementor-toggle-icon-opened fas fa-caret-up\"><\/i><\/span>\n\t\t\t\t\t\t\t\t\t\t\t\t\t<\/span>\n\t\t\t\t\t\t\t\t\t\t\t\t<a href=\"\" class=\"elementor-toggle-title\">SEC\u00aa. DE SA\u00daDE<\/a>\n\t\t\t\t\t<\/div>\n\n\t\t\t\t\t<div id=\"elementor-tab-content-1153\" class=\"elementor-tab-content elementor-clearfix\" data-tab=\"3\" role=\"tabpanel\" aria-labelledby=\"elementor-tab-title-1153\"><p><img loading=\"lazy\" decoding=\"async\" class=\"size-medium wp-image-5719 alignright\" src=\"https:\/\/baldim.mg.gov.br\/wsite\/wp-content\/uploads\/2026\/03\/paulaa-300x300.png\" alt=\"\" width=\"300\" height=\"300\" srcset=\"https:\/\/baldim.mg.gov.br\/wsite\/wp-content\/uploads\/2026\/03\/paulaa-300x300.png 300w, https:\/\/baldim.mg.gov.br\/wsite\/wp-content\/uploads\/2026\/03\/paulaa-1024x1024.png 1024w, https:\/\/baldim.mg.gov.br\/wsite\/wp-content\/uploads\/2026\/03\/paulaa-150x150.png 150w, https:\/\/baldim.mg.gov.br\/wsite\/wp-content\/uploads\/2026\/03\/paulaa-768x768.png 768w, https:\/\/baldim.mg.gov.br\/wsite\/wp-content\/uploads\/2026\/03\/paulaa.png 1200w\" sizes=\"auto, (max-width: 300px) 100vw, 300px\" \/><\/p><p><b>PAULA REIS NOGUEIRA GARCIA<\/b><\/p><p>secretariadesaude@baldim.mg.gov.br<\/p><\/div>\n\t\t\t\t<\/div>\n\t\t\t\t\t\t\t<div class=\"elementor-toggle-item\">\n\t\t\t\t\t<div id=\"elementor-tab-title-1154\" class=\"elementor-tab-title\" data-tab=\"4\" role=\"tab\" aria-controls=\"elementor-tab-content-1154\" aria-expanded=\"false\">\n\t\t\t\t\t\t\t\t\t\t\t\t<span class=\"elementor-toggle-icon elementor-toggle-icon-left\" aria-hidden=\"true\">\n\t\t\t\t\t\t\t\t\t\t\t\t\t\t\t<span class=\"elementor-toggle-icon-closed\"><i class=\"fas fa-caret-right\"><\/i><\/span>\n\t\t\t\t\t\t\t\t<span class=\"elementor-toggle-icon-opened\"><i class=\"elementor-toggle-icon-opened fas fa-caret-up\"><\/i><\/span>\n\t\t\t\t\t\t\t\t\t\t\t\t\t<\/span>\n\t\t\t\t\t\t\t\t\t\t\t\t<a href=\"\" class=\"elementor-toggle-title\">SEC. DE EDUCA\u00c7\u00c3O<\/a>\n\t\t\t\t\t<\/div>\n\n\t\t\t\t\t<div id=\"elementor-tab-content-1154\" class=\"elementor-tab-content elementor-clearfix\" data-tab=\"4\" role=\"tabpanel\" aria-labelledby=\"elementor-tab-title-1154\"><p><img loading=\"lazy\" decoding=\"async\" class=\"wp-image-2065 size-medium alignright\" src=\"https:\/\/baldim.mg.gov.br\/wsite\/wp-content\/uploads\/2025\/06\/Denis-300x300.png\" alt=\"\" width=\"300\" height=\"300\" srcset=\"https:\/\/baldim.mg.gov.br\/wsite\/wp-content\/uploads\/2025\/06\/Denis-300x300.png 300w, https:\/\/baldim.mg.gov.br\/wsite\/wp-content\/uploads\/2025\/06\/Denis-1024x1024.png 1024w, https:\/\/baldim.mg.gov.br\/wsite\/wp-content\/uploads\/2025\/06\/Denis-150x150.png 150w, https:\/\/baldim.mg.gov.br\/wsite\/wp-content\/uploads\/2025\/06\/Denis-768x768.png 768w, https:\/\/baldim.mg.gov.br\/wsite\/wp-content\/uploads\/2025\/06\/Denis.png 1200w\" sizes=\"auto, (max-width: 300px) 100vw, 300px\" \/><\/p><p><strong>DENIS AUGUSTO CANDIDO BASTOS<\/strong><\/p><p>educacao@baldim.mg.gov.br<\/p><\/div>\n\t\t\t\t<\/div>\n\t\t\t\t\t\t\t<div class=\"elementor-toggle-item\">\n\t\t\t\t\t<div id=\"elementor-tab-title-1155\" class=\"elementor-tab-title\" data-tab=\"5\" role=\"tab\" aria-controls=\"elementor-tab-content-1155\" aria-expanded=\"false\">\n\t\t\t\t\t\t\t\t\t\t\t\t<span class=\"elementor-toggle-icon elementor-toggle-icon-left\" aria-hidden=\"true\">\n\t\t\t\t\t\t\t\t\t\t\t\t\t\t\t<span class=\"elementor-toggle-icon-closed\"><i class=\"fas fa-caret-right\"><\/i><\/span>\n\t\t\t\t\t\t\t\t<span class=\"elementor-toggle-icon-opened\"><i class=\"elementor-toggle-icon-opened fas fa-caret-up\"><\/i><\/span>\n\t\t\t\t\t\t\t\t\t\t\t\t\t<\/span>\n\t\t\t\t\t\t\t\t\t\t\t\t<a href=\"\" class=\"elementor-toggle-title\">SEC\u00aa. DE ASSIST\u00caNCIA SOCIAL<\/a>\n\t\t\t\t\t<\/div>\n\n\t\t\t\t\t<div id=\"elementor-tab-content-1155\" class=\"elementor-tab-content elementor-clearfix\" data-tab=\"5\" role=\"tabpanel\" aria-labelledby=\"elementor-tab-title-1155\"><p><img loading=\"lazy\" decoding=\"async\" class=\"wp-image-2167 size-medium alignright\" src=\"https:\/\/baldim.mg.gov.br\/wsite\/wp-content\/uploads\/2025\/06\/Carla-1-300x300.png\" alt=\"\" width=\"300\" height=\"300\" srcset=\"https:\/\/baldim.mg.gov.br\/wsite\/wp-content\/uploads\/2025\/06\/Carla-1-300x300.png 300w, https:\/\/baldim.mg.gov.br\/wsite\/wp-content\/uploads\/2025\/06\/Carla-1-1024x1024.png 1024w, https:\/\/baldim.mg.gov.br\/wsite\/wp-content\/uploads\/2025\/06\/Carla-1-150x150.png 150w, https:\/\/baldim.mg.gov.br\/wsite\/wp-content\/uploads\/2025\/06\/Carla-1-768x768.png 768w, https:\/\/baldim.mg.gov.br\/wsite\/wp-content\/uploads\/2025\/06\/Carla-1.png 1200w\" sizes=\"auto, (max-width: 300px) 100vw, 300px\" \/><\/p><p><strong>CARLA SILVA ALVES<\/strong><\/p><p>assistenciasocial@baldim.mg.gov.br<\/p><\/div>\n\t\t\t\t<\/div>\n\t\t\t\t\t\t\t<div class=\"elementor-toggle-item\">\n\t\t\t\t\t<div id=\"elementor-tab-title-1156\" class=\"elementor-tab-title\" data-tab=\"6\" role=\"tab\" aria-controls=\"elementor-tab-content-1156\" aria-expanded=\"false\">\n\t\t\t\t\t\t\t\t\t\t\t\t<span class=\"elementor-toggle-icon elementor-toggle-icon-left\" aria-hidden=\"true\">\n\t\t\t\t\t\t\t\t\t\t\t\t\t\t\t<span class=\"elementor-toggle-icon-closed\"><i class=\"fas fa-caret-right\"><\/i><\/span>\n\t\t\t\t\t\t\t\t<span class=\"elementor-toggle-icon-opened\"><i class=\"elementor-toggle-icon-opened fas fa-caret-up\"><\/i><\/span>\n\t\t\t\t\t\t\t\t\t\t\t\t\t<\/span>\n\t\t\t\t\t\t\t\t\t\t\t\t<a href=\"\" class=\"elementor-toggle-title\">SEC. DE INFRAESTRUTURA<\/a>\n\t\t\t\t\t<\/div>\n\n\t\t\t\t\t<div id=\"elementor-tab-content-1156\" class=\"elementor-tab-content elementor-clearfix\" data-tab=\"6\" role=\"tabpanel\" aria-labelledby=\"elementor-tab-title-1156\"><p><img loading=\"lazy\" decoding=\"async\" class=\"wp-image-2090 size-medium alignright\" src=\"https:\/\/baldim.mg.gov.br\/wsite\/wp-content\/uploads\/2025\/06\/Rangel-300x300.png\" alt=\"\" width=\"300\" height=\"300\" srcset=\"https:\/\/baldim.mg.gov.br\/wsite\/wp-content\/uploads\/2025\/06\/Rangel-300x300.png 300w, https:\/\/baldim.mg.gov.br\/wsite\/wp-content\/uploads\/2025\/06\/Rangel-1024x1024.png 1024w, https:\/\/baldim.mg.gov.br\/wsite\/wp-content\/uploads\/2025\/06\/Rangel-150x150.png 150w, https:\/\/baldim.mg.gov.br\/wsite\/wp-content\/uploads\/2025\/06\/Rangel-768x768.png 768w, https:\/\/baldim.mg.gov.br\/wsite\/wp-content\/uploads\/2025\/06\/Rangel.png 1200w\" sizes=\"auto, (max-width: 300px) 100vw, 300px\" \/><\/p><p><strong>RANGEL FELIPE GONCALVES MACHADO<\/strong><\/p><p>infraestrutura@baldim.mg.gov.br<\/p><\/div>\n\t\t\t\t<\/div>\n\t\t\t\t\t\t\t<div class=\"elementor-toggle-item\">\n\t\t\t\t\t<div id=\"elementor-tab-title-1157\" class=\"elementor-tab-title\" data-tab=\"7\" role=\"tab\" aria-controls=\"elementor-tab-content-1157\" aria-expanded=\"false\">\n\t\t\t\t\t\t\t\t\t\t\t\t<span class=\"elementor-toggle-icon elementor-toggle-icon-left\" aria-hidden=\"true\">\n\t\t\t\t\t\t\t\t\t\t\t\t\t\t\t<span class=\"elementor-toggle-icon-closed\"><i class=\"fas fa-caret-right\"><\/i><\/span>\n\t\t\t\t\t\t\t\t<span class=\"elementor-toggle-icon-opened\"><i class=\"elementor-toggle-icon-opened fas fa-caret-up\"><\/i><\/span>\n\t\t\t\t\t\t\t\t\t\t\t\t\t<\/span>\n\t\t\t\t\t\t\t\t\t\t\t\t<a href=\"\" class=\"elementor-toggle-title\">SEC. DE CULTURA<\/a>\n\t\t\t\t\t<\/div>\n\n\t\t\t\t\t<div id=\"elementor-tab-content-1157\" class=\"elementor-tab-content elementor-clearfix\" data-tab=\"7\" role=\"tabpanel\" aria-labelledby=\"elementor-tab-title-1157\"><p><img loading=\"lazy\" decoding=\"async\" class=\"wp-image-2094 size-medium alignright\" src=\"https:\/\/baldim.mg.gov.br\/wsite\/wp-content\/uploads\/2025\/06\/Joao-paulo-300x300.png\" alt=\"\" width=\"300\" height=\"300\" srcset=\"https:\/\/baldim.mg.gov.br\/wsite\/wp-content\/uploads\/2025\/06\/Joao-paulo-300x300.png 300w, https:\/\/baldim.mg.gov.br\/wsite\/wp-content\/uploads\/2025\/06\/Joao-paulo-1024x1024.png 1024w, https:\/\/baldim.mg.gov.br\/wsite\/wp-content\/uploads\/2025\/06\/Joao-paulo-150x150.png 150w, https:\/\/baldim.mg.gov.br\/wsite\/wp-content\/uploads\/2025\/06\/Joao-paulo-768x768.png 768w, https:\/\/baldim.mg.gov.br\/wsite\/wp-content\/uploads\/2025\/06\/Joao-paulo.png 1200w\" sizes=\"auto, (max-width: 300px) 100vw, 300px\" \/><\/p><p><strong>JO\u00c3O PAULO PEREIRA CORREA<\/strong><\/p><p>cultura@baldim.mg.gov.br<\/p><p>turismo@baldim.mg.gov.br<\/p><p>eventos@baldim.mg.gov.br<\/p><\/div>\n\t\t\t\t<\/div>\n\t\t\t\t\t\t\t<div class=\"elementor-toggle-item\">\n\t\t\t\t\t<div id=\"elementor-tab-title-1158\" class=\"elementor-tab-title\" data-tab=\"8\" role=\"tab\" aria-controls=\"elementor-tab-content-1158\" aria-expanded=\"false\">\n\t\t\t\t\t\t\t\t\t\t\t\t<span class=\"elementor-toggle-icon elementor-toggle-icon-left\" aria-hidden=\"true\">\n\t\t\t\t\t\t\t\t\t\t\t\t\t\t\t<span class=\"elementor-toggle-icon-closed\"><i class=\"fas fa-caret-right\"><\/i><\/span>\n\t\t\t\t\t\t\t\t<span class=\"elementor-toggle-icon-opened\"><i class=\"elementor-toggle-icon-opened fas fa-caret-up\"><\/i><\/span>\n\t\t\t\t\t\t\t\t\t\t\t\t\t<\/span>\n\t\t\t\t\t\t\t\t\t\t\t\t<a href=\"\" class=\"elementor-toggle-title\">SEC. DE ADMINISTRA\u00c7\u00c3O E FAZENDA<\/a>\n\t\t\t\t\t<\/div>\n\n\t\t\t\t\t<div id=\"elementor-tab-content-1158\" class=\"elementor-tab-content elementor-clearfix\" data-tab=\"8\" role=\"tabpanel\" aria-labelledby=\"elementor-tab-title-1158\"><p>\u00a0<\/p><p><img loading=\"lazy\" decoding=\"async\" class=\"size-medium wp-image-6801 alignright\" src=\"https:\/\/baldim.mg.gov.br\/wsite\/wp-content\/uploads\/2026\/05\/gracieleepng-300x300.png\" alt=\"\" width=\"300\" height=\"300\" srcset=\"https:\/\/baldim.mg.gov.br\/wsite\/wp-content\/uploads\/2026\/05\/gracieleepng-300x300.png 300w, https:\/\/baldim.mg.gov.br\/wsite\/wp-content\/uploads\/2026\/05\/gracieleepng-1024x1024.png 1024w, https:\/\/baldim.mg.gov.br\/wsite\/wp-content\/uploads\/2026\/05\/gracieleepng-150x150.png 150w, https:\/\/baldim.mg.gov.br\/wsite\/wp-content\/uploads\/2026\/05\/gracieleepng-768x768.png 768w, https:\/\/baldim.mg.gov.br\/wsite\/wp-content\/uploads\/2026\/05\/gracieleepng.png 1200w\" sizes=\"auto, (max-width: 300px) 100vw, 300px\" \/><\/p><p><strong>Graciele Jaqueline Barbosa<\/strong><br \/>financas@baldim.mg.gov.br<\/p><\/div>\n\t\t\t\t<\/div>\n\t\t\t\t\t\t\t<div class=\"elementor-toggle-item\">\n\t\t\t\t\t<div id=\"elementor-tab-title-1159\" class=\"elementor-tab-title\" data-tab=\"9\" role=\"tab\" aria-controls=\"elementor-tab-content-1159\" aria-expanded=\"false\">\n\t\t\t\t\t\t\t\t\t\t\t\t<span class=\"elementor-toggle-icon elementor-toggle-icon-left\" aria-hidden=\"true\">\n\t\t\t\t\t\t\t\t\t\t\t\t\t\t\t<span class=\"elementor-toggle-icon-closed\"><i class=\"fas fa-caret-right\"><\/i><\/span>\n\t\t\t\t\t\t\t\t<span class=\"elementor-toggle-icon-opened\"><i class=\"elementor-toggle-icon-opened fas fa-caret-up\"><\/i><\/span>\n\t\t\t\t\t\t\t\t\t\t\t\t\t<\/span>\n\t\t\t\t\t\t\t\t\t\t\t\t<a href=\"\" class=\"elementor-toggle-title\">SEC. DE AGRIC. & MEIO AMBIENTE<\/a>\n\t\t\t\t\t<\/div>\n\n\t\t\t\t\t<div id=\"elementor-tab-content-1159\" class=\"elementor-tab-content elementor-clearfix\" data-tab=\"9\" role=\"tabpanel\" aria-labelledby=\"elementor-tab-title-1159\"><p><img loading=\"lazy\" decoding=\"async\" class=\"size-full wp-image-4689 alignright\" src=\"https:\/\/baldim.mg.gov.br\/wsite\/wp-content\/uploads\/2026\/01\/monique.png\" alt=\"\" width=\"300\" height=\"300\" srcset=\"https:\/\/baldim.mg.gov.br\/wsite\/wp-content\/uploads\/2026\/01\/monique.png 300w, https:\/\/baldim.mg.gov.br\/wsite\/wp-content\/uploads\/2026\/01\/monique-150x150.png 150w\" sizes=\"auto, (max-width: 300px) 100vw, 300px\" \/>\u00a0<\/p><p><strong>MONIQUE DE CASTRO BASTOS<\/strong><\/p><p>agricultura@baldim.mg.gov.br<\/p><p>m.ambiente@baldim.mg.gov.br<\/p><\/div>\n\t\t\t\t<\/div>\n\t\t\t\t\t\t\t\t<\/div>\n\t\t\t\t<\/div>\n\t\t\t\t<\/div>\n\t\t\t\t\t<\/div>\n\t\t<\/div>\n\t\t\t\t<div class=\"elementor-column elementor-col-50 elementor-top-column elementor-element elementor-element-0ebef01\" data-id=\"0ebef01\" data-element_type=\"column\">\n\t\t\t<div class=\"elementor-widget-wrap elementor-element-populated\">\n\t\t\t\t\t\t\t\t<div class=\"elementor-element elementor-element-ed99ee6 elementor-widget elementor-widget-image\" data-id=\"ed99ee6\" data-element_type=\"widget\" data-widget_type=\"image.default\">\n\t\t\t\t<div class=\"elementor-widget-container\">\n\t\t\t<style>\/*! elementor - v3.5.4 - 23-01-2022 *\/\n.elementor-widget-image{text-align:center}.elementor-widget-image a{display:inline-block}.elementor-widget-image a img[src$=\".svg\"]{width:48px}.elementor-widget-image img{vertical-align:middle;display:inline-block}<\/style>\t\t\t\t\t\t\t\t\t\t\t\t<img loading=\"lazy\" decoding=\"async\" width=\"512\" height=\"512\" src=\"https:\/\/baldim.mg.gov.br\/wsite\/wp-content\/uploads\/2025\/06\/cropped-LOGO-PREFEITURA-BALDIM.png\" class=\"attachment-large size-large\" alt=\"\" srcset=\"https:\/\/baldim.mg.gov.br\/wsite\/wp-content\/uploads\/2025\/06\/cropped-LOGO-PREFEITURA-BALDIM.png 512w, https:\/\/baldim.mg.gov.br\/wsite\/wp-content\/uploads\/2025\/06\/cropped-LOGO-PREFEITURA-BALDIM-300x300.png 300w, https:\/\/baldim.mg.gov.br\/wsite\/wp-content\/uploads\/2025\/06\/cropped-LOGO-PREFEITURA-BALDIM-150x150.png 150w, https:\/\/baldim.mg.gov.br\/wsite\/wp-content\/uploads\/2025\/06\/cropped-LOGO-PREFEITURA-BALDIM-270x270.png 270w, https:\/\/baldim.mg.gov.br\/wsite\/wp-content\/uploads\/2025\/06\/cropped-LOGO-PREFEITURA-BALDIM-192x192.png 192w, https:\/\/baldim.mg.gov.br\/wsite\/wp-content\/uploads\/2025\/06\/cropped-LOGO-PREFEITURA-BALDIM-180x180.png 180w, https:\/\/baldim.mg.gov.br\/wsite\/wp-content\/uploads\/2025\/06\/cropped-LOGO-PREFEITURA-BALDIM-32x32.png 32w\" sizes=\"auto, (max-width: 512px) 100vw, 512px\" \/>\t\t\t\t\t\t\t\t\t\t\t\t\t\t\t<\/div>\n\t\t\t\t<\/div>\n\t\t\t\t\t<\/div>\n\t\t<\/div>\n\t\t\t\t\t\t\t<\/div>\n\t\t<\/section>\n\t\t\t\t\t\t<\/div>\n\t\t\t\t\t<\/div>\n\t\t","protected":false},"excerpt":{"rendered":"<p>CHEFE DE GABINETE LEANDRO AUGUSTO MARQUES MELO gabinete@baldim.mg.gov.br PROCURADORA GERAL CLARICE HELENA NUNES SOARES procuradoria@baldim.mg.gov.br SEC\u00aa. DE SA\u00daDE PAULA REIS NOGUEIRA GARCIA secretariadesaude@baldim.mg.gov.br SEC. DE EDUCA\u00c7\u00c3O DENIS AUGUSTO CANDIDO BASTOS educacao@baldim.mg.gov.br SEC\u00aa.<a class=\"moretag\" href=\"https:\/\/baldim.mg.gov.br\/wsite\/?page_id=567\">leia mais<\/a><\/p>\n","protected":false},"author":1,"featured_media":0,"parent":0,"menu_order":0,"comment_status":"closed","ping_status":"closed","template":"","meta":{"footnotes":""},"class_list":["post-567","page","type-page","status-publish","hentry"],"_links":{"self":[{"href":"https:\/\/baldim.mg.gov.br\/wsite\/index.php?rest_route=\/wp\/v2\/pages\/567","targetHints":{"allow":["GET"]}}],"collection":[{"href":"https:\/\/baldim.mg.gov.br\/wsite\/index.php?rest_route=\/wp\/v2\/pages"}],"about":[{"href":"https:\/\/baldim.mg.gov.br\/wsite\/index.php?rest_route=\/wp\/v2\/types\/page"}],"author":[{"embeddable":true,"href":"https:\/\/baldim.mg.gov.br\/wsite\/index.php?rest_route=\/wp\/v2\/users\/1"}],"replies":[{"embeddable":true,"href":"https:\/\/baldim.mg.gov.br\/wsite\/index.php?rest_route=%2Fwp%2Fv2%2Fcomments&post=567"}],"version-history":[{"count":103,"href":"https:\/\/baldim.mg.gov.br\/wsite\/index.php?rest_route=\/wp\/v2\/pages\/567\/revisions"}],"predecessor-version":[{"id":6804,"href":"https:\/\/baldim.mg.gov.br\/wsite\/index.php?rest_route=\/wp\/v2\/pages\/567\/revisions\/6804"}],"wp:attachment":[{"href":"https:\/\/baldim.mg.gov.br\/wsite\/index.php?rest_route=%2Fwp%2Fv2%2Fmedia&parent=567"}],"curies":[{"name":"wp","href":"https:\/\/api.w.org\/{rel}","templated":true}]}}