{"id":4758,"date":"2026-01-13T09:16:17","date_gmt":"2026-01-13T12:16:17","guid":{"rendered":"https:\/\/baldim.mg.gov.br\/wsite\/?page_id=4758"},"modified":"2026-05-11T11:32:42","modified_gmt":"2026-05-11T14:32:42","slug":"licitacoes-2026","status":"publish","type":"page","link":"https:\/\/baldim.mg.gov.br\/wsite\/?page_id=4758","title":{"rendered":"Licita\u00e7\u00f5es 2026"},"content":{"rendered":"\t\t<div data-elementor-type=\"wp-page\" data-elementor-id=\"4758\" class=\"elementor elementor-4758\" data-elementor-settings=\"[]\">\n\t\t\t\t\t\t\t<div class=\"elementor-section-wrap\">\n\t\t\t\t\t\t\t<section class=\"elementor-section elementor-top-section elementor-element elementor-element-909a0ca elementor-section-boxed elementor-section-height-default elementor-section-height-default wpr-particle-no wpr-jarallax-no wpr-parallax-no wpr-sticky-section-no\" data-id=\"909a0ca\" data-element_type=\"section\">\n\t\t\t\t\t\t<div class=\"elementor-container elementor-column-gap-default\">\n\t\t\t\t\t<div class=\"elementor-column elementor-col-100 elementor-top-column elementor-element elementor-element-78d0079\" data-id=\"78d0079\" data-element_type=\"column\">\n\t\t\t<div class=\"elementor-widget-wrap\">\n\t\t\t\t\t\t\t\t\t<\/div>\n\t\t<\/div>\n\t\t\t\t\t\t\t<\/div>\n\t\t<\/section>\n\t\t\t\t<section class=\"elementor-section elementor-top-section elementor-element elementor-element-4d13c8c elementor-section-boxed elementor-section-height-default elementor-section-height-default wpr-particle-no wpr-jarallax-no wpr-parallax-no wpr-sticky-section-no\" data-id=\"4d13c8c\" data-element_type=\"section\">\n\t\t\t\t\t\t<div class=\"elementor-container elementor-column-gap-default\">\n\t\t\t\t\t<div class=\"elementor-column elementor-col-100 elementor-top-column elementor-element elementor-element-ffc7c6b\" data-id=\"ffc7c6b\" data-element_type=\"column\">\n\t\t\t<div class=\"elementor-widget-wrap elementor-element-populated\">\n\t\t\t\t\t\t\t\t<div class=\"elementor-element elementor-element-ae5953e elementor-widget elementor-widget-text-editor\" data-id=\"ae5953e\" data-element_type=\"widget\" data-widget_type=\"text-editor.default\">\n\t\t\t\t<div class=\"elementor-widget-container\">\n\t\t\t<style>\/*! elementor - v3.5.4 - 23-01-2022 *\/\n.elementor-widget-text-editor.elementor-drop-cap-view-stacked .elementor-drop-cap{background-color:#818a91;color:#fff}.elementor-widget-text-editor.elementor-drop-cap-view-framed .elementor-drop-cap{color:#818a91;border:3px solid;background-color:transparent}.elementor-widget-text-editor:not(.elementor-drop-cap-view-default) .elementor-drop-cap{margin-top:8px}.elementor-widget-text-editor:not(.elementor-drop-cap-view-default) .elementor-drop-cap-letter{width:1em;height:1em}.elementor-widget-text-editor .elementor-drop-cap{float:left;text-align:center;line-height:1;font-size:50px}.elementor-widget-text-editor .elementor-drop-cap-letter{display:inline-block}<\/style>\t\t\t\t<p data-start=\"53\" data-end=\"152\">Neste espa\u00e7o ser\u00e3o publicadas as licita\u00e7\u00f5es do exerc\u00edcio de 2026 da Prefeitura Municipal de Baldim.<\/p><p data-start=\"154\" data-end=\"324\">Os editais e demais documentos ser\u00e3o divulgados conforme a legisla\u00e7\u00e3o vigente, garantindo transpar\u00eancia e acesso \u00e0s informa\u00e7\u00f5es sobre os processos de contrata\u00e7\u00e3o p\u00fablica.<\/p>\t\t\t\t\t\t<\/div>\n\t\t\t\t<\/div>\n\t\t\t\t\t<\/div>\n\t\t<\/div>\n\t\t\t\t\t\t\t<\/div>\n\t\t<\/section>\n\t\t\t\t<section class=\"elementor-section elementor-top-section elementor-element elementor-element-2cdc3a9 elementor-section-boxed elementor-section-height-default elementor-section-height-default wpr-particle-no wpr-jarallax-no wpr-parallax-no wpr-sticky-section-no\" data-id=\"2cdc3a9\" data-element_type=\"section\">\n\t\t\t\t\t\t<div class=\"elementor-container elementor-column-gap-default\">\n\t\t\t\t\t<div class=\"elementor-column elementor-col-100 elementor-top-column elementor-element elementor-element-281e7ec\" data-id=\"281e7ec\" data-element_type=\"column\">\n\t\t\t<div class=\"elementor-widget-wrap elementor-element-populated\">\n\t\t\t\t\t\t\t\t<div class=\"elementor-element elementor-element-c5fe5aa elementor-widget elementor-widget-toggle\" data-id=\"c5fe5aa\" data-element_type=\"widget\" data-widget_type=\"toggle.default\">\n\t\t\t\t<div class=\"elementor-widget-container\">\n\t\t\t<style>\/*! elementor - v3.5.4 - 23-01-2022 *\/\n.elementor-toggle{text-align:left}.elementor-toggle .elementor-tab-title{font-weight:700;line-height:1;margin:0;padding:15px;border-bottom:1px solid #d4d4d4;cursor:pointer;outline:none}.elementor-toggle .elementor-tab-title .elementor-toggle-icon{display:inline-block;width:1em}.elementor-toggle .elementor-tab-title .elementor-toggle-icon svg{-webkit-margin-start:-5px;margin-inline-start:-5px;width:1em;height:1em}.elementor-toggle .elementor-tab-title .elementor-toggle-icon.elementor-toggle-icon-right{float:right;text-align:right}.elementor-toggle .elementor-tab-title .elementor-toggle-icon.elementor-toggle-icon-left{float:left;text-align:left}.elementor-toggle .elementor-tab-title .elementor-toggle-icon .elementor-toggle-icon-closed{display:block}.elementor-toggle .elementor-tab-title .elementor-toggle-icon .elementor-toggle-icon-opened{display:none}.elementor-toggle .elementor-tab-title.elementor-active{border-bottom:none}.elementor-toggle .elementor-tab-title.elementor-active .elementor-toggle-icon-closed{display:none}.elementor-toggle .elementor-tab-title.elementor-active .elementor-toggle-icon-opened{display:block}.elementor-toggle .elementor-tab-content{padding:15px;border-bottom:1px solid #d4d4d4;display:none}@media (max-width:767px){.elementor-toggle .elementor-tab-title{padding:12px}.elementor-toggle .elementor-tab-content{padding:12px 10px}}<\/style>\t\t<div class=\"elementor-toggle\" role=\"tablist\">\n\t\t\t\t\t\t\t<div class=\"elementor-toggle-item\">\n\t\t\t\t\t<div id=\"elementor-tab-title-2071\" class=\"elementor-tab-title\" data-tab=\"1\" role=\"tab\" aria-controls=\"elementor-tab-content-2071\" aria-expanded=\"false\">\n\t\t\t\t\t\t\t\t\t\t\t\t<span class=\"elementor-toggle-icon elementor-toggle-icon-left\" aria-hidden=\"true\">\n\t\t\t\t\t\t\t\t\t\t\t\t\t\t\t<span class=\"elementor-toggle-icon-closed\"><i class=\"fas fa-caret-right\"><\/i><\/span>\n\t\t\t\t\t\t\t\t<span class=\"elementor-toggle-icon-opened\"><i class=\"elementor-toggle-icon-opened fas fa-caret-up\"><\/i><\/span>\n\t\t\t\t\t\t\t\t\t\t\t\t\t<\/span>\n\t\t\t\t\t\t\t\t\t\t\t\t<a href=\"\" class=\"elementor-toggle-title\">PROCESSO LICITAT\u00d3RIO N\u00ba 031.2026 CONCORR\u00caNCIA P\u00daBLICA ELETR\u00d4NICA N\u00b0 005.2026<\/a>\n\t\t\t\t\t<\/div>\n\n\t\t\t\t\t<div id=\"elementor-tab-content-2071\" class=\"elementor-tab-content elementor-clearfix\" data-tab=\"1\" role=\"tabpanel\" aria-labelledby=\"elementor-tab-title-2071\"><p>Contrata\u00e7\u00e3o de empresa especializada para pavimenta\u00e7\u00e3o em Bloquete Intertravado do Morro da Cuia, localizado na Estrada Vicinal que interliga os Distritos de Vila Amanda e Vargem Grande \u00e0 Comunidade da Cuia no Munic\u00edpio de Baldim-MG<br \/><a href=\"https:\/\/baldim.mg.gov.br\/wsite\/wp-content\/uploads\/2026\/05\/EditalProcesso-0312026-Concorrencia-0052026-Pavi-MorrodaCuia.pdf\">Clique Aqui<\/a><\/p><\/div>\n\t\t\t\t<\/div>\n\t\t\t\t\t\t\t<div class=\"elementor-toggle-item\">\n\t\t\t\t\t<div id=\"elementor-tab-title-2072\" class=\"elementor-tab-title\" data-tab=\"2\" role=\"tab\" aria-controls=\"elementor-tab-content-2072\" aria-expanded=\"false\">\n\t\t\t\t\t\t\t\t\t\t\t\t<span class=\"elementor-toggle-icon elementor-toggle-icon-left\" aria-hidden=\"true\">\n\t\t\t\t\t\t\t\t\t\t\t\t\t\t\t<span class=\"elementor-toggle-icon-closed\"><i class=\"fas fa-caret-right\"><\/i><\/span>\n\t\t\t\t\t\t\t\t<span class=\"elementor-toggle-icon-opened\"><i class=\"elementor-toggle-icon-opened fas fa-caret-up\"><\/i><\/span>\n\t\t\t\t\t\t\t\t\t\t\t\t\t<\/span>\n\t\t\t\t\t\t\t\t\t\t\t\t<a href=\"\" class=\"elementor-toggle-title\">Edital Processo 032.2026 chamada publica 002.2026 g\u00eaneros aliment\u00edcios direto da agricultura familiar<\/a>\n\t\t\t\t\t<\/div>\n\n\t\t\t\t\t<div id=\"elementor-tab-content-2072\" class=\"elementor-tab-content elementor-clearfix\" data-tab=\"2\" role=\"tabpanel\" aria-labelledby=\"elementor-tab-title-2072\"><p>EDITAL DE CHAMADA P\u00daBLICA PARA AQUISI\u00c7\u00c3O DE G\u00caNEROS ALIMENT\u00cdCIOS, DIRETAMENTE DA AGRICULTURA FAMILIAR E DO EMPREENDEDOR FAMILIAR RURAL, DESTINADOS \u00c0 MERENDA ESCOLAR.<br \/>EM ATENDIMENTO AO PROGRAMA NACIONAL DE ALIMENTA\u00c7\u00c3O ESCOLAR \u2013 PNAE.<br \/><a href=\"https:\/\/baldim.mg.gov.br\/wsite\/wp-content\/uploads\/2026\/05\/Edital-Processo-032.2026-chamada-publica-002.2026-generos-alimenticos-direto-da-agricultura-familiar.pdf\">Clique Aqui<\/a><\/p><\/div>\n\t\t\t\t<\/div>\n\t\t\t\t\t\t\t<div class=\"elementor-toggle-item\">\n\t\t\t\t\t<div id=\"elementor-tab-title-2073\" class=\"elementor-tab-title\" data-tab=\"3\" role=\"tab\" aria-controls=\"elementor-tab-content-2073\" aria-expanded=\"false\">\n\t\t\t\t\t\t\t\t\t\t\t\t<span class=\"elementor-toggle-icon elementor-toggle-icon-left\" aria-hidden=\"true\">\n\t\t\t\t\t\t\t\t\t\t\t\t\t\t\t<span class=\"elementor-toggle-icon-closed\"><i class=\"fas fa-caret-right\"><\/i><\/span>\n\t\t\t\t\t\t\t\t<span class=\"elementor-toggle-icon-opened\"><i class=\"elementor-toggle-icon-opened fas fa-caret-up\"><\/i><\/span>\n\t\t\t\t\t\t\t\t\t\t\t\t\t<\/span>\n\t\t\t\t\t\t\t\t\t\t\t\t<a href=\"\" class=\"elementor-toggle-title\">PROCESSO LICITAT\u00d3RIO N\u00ba 030.2026 CONCORR\u00caNCIA P\u00daBLICA ELETR\u00d4NICA N\u00b0 004\/2026<\/a>\n\t\t\t\t\t<\/div>\n\n\t\t\t\t\t<div id=\"elementor-tab-content-2073\" class=\"elementor-tab-content elementor-clearfix\" data-tab=\"3\" role=\"tabpanel\" aria-labelledby=\"elementor-tab-title-2073\"><p>CONTRATA\u00c7\u00c3O DE EMPRESA ESPECIALIZADA PARA OBRA DE CONSTRU\u00c7\u00c3O DE UMA QUADRA<br \/>POLIESPORTIVA PARA ESCOLA MUNICIPAL NELSON RIBEIRO DA SILVA, DISTRITO DE S\u00c3O VICENTE, MUNIC\u00cdPIO DE BALDIM-MG (QUADRA TIPO 3 &#8211;<br \/>504M\u00b2 &#8211; PROGRAMA DE FORTALECIMENTO DAS ESCOLAS MUNICIPAIS, no Munic\u00edpio de Baldim <a href=\"https:\/\/baldim.mg.gov.br\/wsite\/wp-content\/uploads\/2026\/05\/EditalProcesso0302026Concorrencia0042026QuadraNelsonRibeiro.pdf\">Clique Aqui<\/a><\/p><\/div>\n\t\t\t\t<\/div>\n\t\t\t\t\t\t\t<div class=\"elementor-toggle-item\">\n\t\t\t\t\t<div id=\"elementor-tab-title-2074\" class=\"elementor-tab-title\" data-tab=\"4\" role=\"tab\" aria-controls=\"elementor-tab-content-2074\" aria-expanded=\"false\">\n\t\t\t\t\t\t\t\t\t\t\t\t<span class=\"elementor-toggle-icon elementor-toggle-icon-left\" aria-hidden=\"true\">\n\t\t\t\t\t\t\t\t\t\t\t\t\t\t\t<span class=\"elementor-toggle-icon-closed\"><i class=\"fas fa-caret-right\"><\/i><\/span>\n\t\t\t\t\t\t\t\t<span class=\"elementor-toggle-icon-opened\"><i class=\"elementor-toggle-icon-opened fas fa-caret-up\"><\/i><\/span>\n\t\t\t\t\t\t\t\t\t\t\t\t\t<\/span>\n\t\t\t\t\t\t\t\t\t\t\t\t<a href=\"\" class=\"elementor-toggle-title\">PROCESSO LICITAT\u00d3RIO N\u00ba 029.2026 CONCORR\u00caNCIA P\u00daBLICA ELETR\u00d4NICA N\u00b0 003\/2026<\/a>\n\t\t\t\t\t<\/div>\n\n\t\t\t\t\t<div id=\"elementor-tab-content-2074\" class=\"elementor-tab-content elementor-clearfix\" data-tab=\"4\" role=\"tabpanel\" aria-labelledby=\"elementor-tab-title-2074\"><p>CONTRATA\u00c7\u00c3O DE EMPRESA<br \/>ESPECIALIZADA PARA CONSTRU\u00c7\u00c3O DE UMA QUADRA POLIESPORTIVA PARA<br \/>ESCOLA MUNICIPAL S\u00c3O BERNARDO NA SEDE DO MUNIC\u00cdPIO DE BALDIM-MG<br \/>(QUADRA TIPO 3 &#8211; 504M\u00b2 &#8211; PROGRAMA DE FORTALECIMENTO DAS ESCOLAS<br \/>MUNICIPAIS), no Munic\u00edpio de Baldim-MG\u00a0 <a href=\"https:\/\/baldim.mg.gov.br\/wsite\/wp-content\/uploads\/2026\/05\/EditalretificadoProcesso0292026Concorrencia002026QuadraEscolaSaoBernardo.pdf\">Clique Aqui<\/a><\/p><\/div>\n\t\t\t\t<\/div>\n\t\t\t\t\t\t\t<div class=\"elementor-toggle-item\">\n\t\t\t\t\t<div id=\"elementor-tab-title-2075\" class=\"elementor-tab-title\" data-tab=\"5\" role=\"tab\" aria-controls=\"elementor-tab-content-2075\" aria-expanded=\"false\">\n\t\t\t\t\t\t\t\t\t\t\t\t<span class=\"elementor-toggle-icon elementor-toggle-icon-left\" aria-hidden=\"true\">\n\t\t\t\t\t\t\t\t\t\t\t\t\t\t\t<span class=\"elementor-toggle-icon-closed\"><i class=\"fas fa-caret-right\"><\/i><\/span>\n\t\t\t\t\t\t\t\t<span class=\"elementor-toggle-icon-opened\"><i class=\"elementor-toggle-icon-opened fas fa-caret-up\"><\/i><\/span>\n\t\t\t\t\t\t\t\t\t\t\t\t\t<\/span>\n\t\t\t\t\t\t\t\t\t\t\t\t<a href=\"\" class=\"elementor-toggle-title\">EDITAL DE PREG\u00c3O ELETR\u00d4NICO N\u00ba 006.2026 PROCESSO LICITATORIO n\u00ba 028.2026<\/a>\n\t\t\t\t\t<\/div>\n\n\t\t\t\t\t<div id=\"elementor-tab-content-2075\" class=\"elementor-tab-content elementor-clearfix\" data-tab=\"5\" role=\"tabpanel\" aria-labelledby=\"elementor-tab-title-2075\"><p>Registro de pre\u00e7os de insumos, materiais e<br \/>equipamentos hospitalares para todas as Unidades de Sa\u00fade do Munic\u00edpio de<br \/>Baldim\/MG. <a href=\"https:\/\/baldim.mg.gov.br\/wsite\/wp-content\/uploads\/2026\/04\/edital-pregao-006.2026.pdf\">Clique Aqui<\/a><\/p><\/div>\n\t\t\t\t<\/div>\n\t\t\t\t\t\t\t<div class=\"elementor-toggle-item\">\n\t\t\t\t\t<div id=\"elementor-tab-title-2076\" class=\"elementor-tab-title\" data-tab=\"6\" role=\"tab\" aria-controls=\"elementor-tab-content-2076\" aria-expanded=\"false\">\n\t\t\t\t\t\t\t\t\t\t\t\t<span class=\"elementor-toggle-icon elementor-toggle-icon-left\" aria-hidden=\"true\">\n\t\t\t\t\t\t\t\t\t\t\t\t\t\t\t<span class=\"elementor-toggle-icon-closed\"><i class=\"fas fa-caret-right\"><\/i><\/span>\n\t\t\t\t\t\t\t\t<span class=\"elementor-toggle-icon-opened\"><i class=\"elementor-toggle-icon-opened fas fa-caret-up\"><\/i><\/span>\n\t\t\t\t\t\t\t\t\t\t\t\t\t<\/span>\n\t\t\t\t\t\t\t\t\t\t\t\t<a href=\"\" class=\"elementor-toggle-title\">EDITAL N\u00ba 005.2026  PROCESSO LICITAT\u00d3RIO N\u00ba 027.2026<\/a>\n\t\t\t\t\t<\/div>\n\n\t\t\t\t\t<div id=\"elementor-tab-content-2076\" class=\"elementor-tab-content elementor-clearfix\" data-tab=\"6\" role=\"tabpanel\" aria-labelledby=\"elementor-tab-title-2076\"><p>\u00a0Aquisi\u00e7\u00e3o de ve\u00edculo para atender a necessidade<br \/>da Secretaria Municipal de Infraestrutura do munic\u00edpio de Baldim-MG. <a href=\"https:\/\/baldim.mg.gov.br\/wsite\/wp-content\/uploads\/2026\/04\/edital-pregao-005.2026.pdf\">Clique Aqui<\/a><\/p><\/div>\n\t\t\t\t<\/div>\n\t\t\t\t\t\t\t<div class=\"elementor-toggle-item\">\n\t\t\t\t\t<div id=\"elementor-tab-title-2077\" class=\"elementor-tab-title\" data-tab=\"7\" role=\"tab\" aria-controls=\"elementor-tab-content-2077\" aria-expanded=\"false\">\n\t\t\t\t\t\t\t\t\t\t\t\t<span class=\"elementor-toggle-icon elementor-toggle-icon-left\" aria-hidden=\"true\">\n\t\t\t\t\t\t\t\t\t\t\t\t\t\t\t<span class=\"elementor-toggle-icon-closed\"><i class=\"fas fa-caret-right\"><\/i><\/span>\n\t\t\t\t\t\t\t\t<span class=\"elementor-toggle-icon-opened\"><i class=\"elementor-toggle-icon-opened fas fa-caret-up\"><\/i><\/span>\n\t\t\t\t\t\t\t\t\t\t\t\t\t<\/span>\n\t\t\t\t\t\t\t\t\t\t\t\t<a href=\"\" class=\"elementor-toggle-title\">EDITAL DE PREG\u00c3O ELETR\u00d4NICO PARA REGISTRO DE PRE\u00c7OS N\u00ba 004\/2026  PROCESSO LICITAT\u00d3RIO n\u00ba 026\/2026<\/a>\n\t\t\t\t\t<\/div>\n\n\t\t\t\t\t<div id=\"elementor-tab-content-2077\" class=\"elementor-tab-content elementor-clearfix\" data-tab=\"7\" role=\"tabpanel\" aria-labelledby=\"elementor-tab-title-2077\"><p>Registro de pre\u00e7os para eventual aquisi\u00e7\u00e3o de<br \/>F\u00f3rmulas \/ Dietas Enterais para concess\u00e3o \u00e0 pacientes da Secretaria Municipal de Sa\u00fade<br \/>de Baldim. <a href=\"https:\/\/baldim.mg.gov.br\/wsite\/wp-content\/uploads\/2026\/04\/edital-pregao-004.2026-dietas.pdf\">Clique Aqui<\/a><\/p><\/div>\n\t\t\t\t<\/div>\n\t\t\t\t\t\t\t<div class=\"elementor-toggle-item\">\n\t\t\t\t\t<div id=\"elementor-tab-title-2078\" class=\"elementor-tab-title\" data-tab=\"8\" role=\"tab\" aria-controls=\"elementor-tab-content-2078\" aria-expanded=\"false\">\n\t\t\t\t\t\t\t\t\t\t\t\t<span class=\"elementor-toggle-icon elementor-toggle-icon-left\" aria-hidden=\"true\">\n\t\t\t\t\t\t\t\t\t\t\t\t\t\t\t<span class=\"elementor-toggle-icon-closed\"><i class=\"fas fa-caret-right\"><\/i><\/span>\n\t\t\t\t\t\t\t\t<span class=\"elementor-toggle-icon-opened\"><i class=\"elementor-toggle-icon-opened fas fa-caret-up\"><\/i><\/span>\n\t\t\t\t\t\t\t\t\t\t\t\t\t<\/span>\n\t\t\t\t\t\t\t\t\t\t\t\t<a href=\"\" class=\"elementor-toggle-title\">EDITAL RETIFICADO DO PREG\u00c3O ELETR\u00d4NICO PARA REGISTRO DE PRE\u00c7OS  N\u00ba 002\/2026<\/a>\n\t\t\t\t\t<\/div>\n\n\t\t\t\t\t<div id=\"elementor-tab-content-2078\" class=\"elementor-tab-content elementor-clearfix\" data-tab=\"8\" role=\"tabpanel\" aria-labelledby=\"elementor-tab-title-2078\"><p>\u00a0A presente licita\u00e7\u00e3o tem por objeto Registro de pre\u00e7os para o fornecimento de gases <br \/>medicinais (oxig\u00eanio medicinal), com o fornecimento de cilindros em regime de comodato, <br \/>\u00e0s unidades b\u00e1sicas de sa\u00fade do Munic\u00edpio de Baldim\/MG.<a href=\"https:\/\/baldim.mg.gov.br\/wsite\/wp-content\/uploads\/2026\/03\/Baldim-edital-retificado-processo-018.2026-pregao-eletronico-002.2026-Copia.pdf\"> Clique Aqui<\/a><\/p><\/div>\n\t\t\t\t<\/div>\n\t\t\t\t\t\t\t<div class=\"elementor-toggle-item\">\n\t\t\t\t\t<div id=\"elementor-tab-title-2079\" class=\"elementor-tab-title\" data-tab=\"9\" role=\"tab\" aria-controls=\"elementor-tab-content-2079\" aria-expanded=\"false\">\n\t\t\t\t\t\t\t\t\t\t\t\t<span class=\"elementor-toggle-icon elementor-toggle-icon-left\" aria-hidden=\"true\">\n\t\t\t\t\t\t\t\t\t\t\t\t\t\t\t<span class=\"elementor-toggle-icon-closed\"><i class=\"fas fa-caret-right\"><\/i><\/span>\n\t\t\t\t\t\t\t\t<span class=\"elementor-toggle-icon-opened\"><i class=\"elementor-toggle-icon-opened fas fa-caret-up\"><\/i><\/span>\n\t\t\t\t\t\t\t\t\t\t\t\t\t<\/span>\n\t\t\t\t\t\t\t\t\t\t\t\t<a href=\"\" class=\"elementor-toggle-title\">EDITAL DE PREG\u00c3O ELETR\u00d4NICO PARA REGISTRO DE PRE\u00c7OS N\u00ba 002\/2026 PROCESSO LICITATORIO n\u00ba 018\/2026<\/a>\n\t\t\t\t\t<\/div>\n\n\t\t\t\t\t<div id=\"elementor-tab-content-2079\" class=\"elementor-tab-content elementor-clearfix\" data-tab=\"9\" role=\"tabpanel\" aria-labelledby=\"elementor-tab-title-2079\"><p>A presente licita\u00e7\u00e3o tem por objeto Registro para fornecimento de gases medicinais <br \/>\u00e0s unidades de saude e a pacientes em atendimento domiciliar do municipio de Baldim<br \/>MG.<br \/><a href=\"https:\/\/baldim.mg.gov.br\/wsite\/wp-content\/uploads\/2026\/02\/Edital-Processo-018.2026-pregao-eletronico-002.2026-oxigenio-medicinal.pdf\">Clique Aqui Para Baixar<\/a><\/p><\/div>\n\t\t\t\t<\/div>\n\t\t\t\t\t\t\t<div class=\"elementor-toggle-item\">\n\t\t\t\t\t<div id=\"elementor-tab-title-20710\" class=\"elementor-tab-title\" data-tab=\"10\" role=\"tab\" aria-controls=\"elementor-tab-content-20710\" aria-expanded=\"false\">\n\t\t\t\t\t\t\t\t\t\t\t\t<span class=\"elementor-toggle-icon elementor-toggle-icon-left\" aria-hidden=\"true\">\n\t\t\t\t\t\t\t\t\t\t\t\t\t\t\t<span class=\"elementor-toggle-icon-closed\"><i class=\"fas fa-caret-right\"><\/i><\/span>\n\t\t\t\t\t\t\t\t<span class=\"elementor-toggle-icon-opened\"><i class=\"elementor-toggle-icon-opened fas fa-caret-up\"><\/i><\/span>\n\t\t\t\t\t\t\t\t\t\t\t\t\t<\/span>\n\t\t\t\t\t\t\t\t\t\t\t\t<a href=\"\" class=\"elementor-toggle-title\">PROCESSO LICITAT\u00d3RIO N\u00ba 019\/2026 DISPENSA DE LICITA\u00c7\u00c3O N\u00ba 001\/2026 CHAMADA P\u00daBLICA N\u00ba 001\/2026<\/a>\n\t\t\t\t\t<\/div>\n\n\t\t\t\t\t<div id=\"elementor-tab-content-20710\" class=\"elementor-tab-content elementor-clearfix\" data-tab=\"10\" role=\"tabpanel\" aria-labelledby=\"elementor-tab-title-20710\"><p>EDITAL DE CHAMADA P\u00daBLICA PARA AQUISI\u00c7\u00c3O DE G\u00caNEROS <br \/>ALIMENT\u00cdCIOS, DIRETAMENTE DA AGRICULTURA FAMILIAR E DO <br \/>EMPREENDEDOR FAMILIAR RURAL, DESTINADOS \u00c0 MERENDA ESCOLAR. <br \/>EM ATENDIMENTO AO PROGRAMA NACIONAL DE ALIMENTA\u00c7\u00c3O ESCOLAR \u2013 <br \/>PNAE.<br \/><a href=\"https:\/\/baldim.mg.gov.br\/wsite\/wp-content\/uploads\/2026\/02\/Edital-Processo-019.2026-chamada-publica-001.2026-generos-alimenticos-direto-da-agricultura-familiar.pdf\">Clique Aqui Para Baixar<\/a><\/p><\/div>\n\t\t\t\t<\/div>\n\t\t\t\t\t\t\t<div class=\"elementor-toggle-item\">\n\t\t\t\t\t<div id=\"elementor-tab-title-20711\" class=\"elementor-tab-title\" data-tab=\"11\" role=\"tab\" aria-controls=\"elementor-tab-content-20711\" aria-expanded=\"false\">\n\t\t\t\t\t\t\t\t\t\t\t\t<span class=\"elementor-toggle-icon elementor-toggle-icon-left\" aria-hidden=\"true\">\n\t\t\t\t\t\t\t\t\t\t\t\t\t\t\t<span class=\"elementor-toggle-icon-closed\"><i class=\"fas fa-caret-right\"><\/i><\/span>\n\t\t\t\t\t\t\t\t<span class=\"elementor-toggle-icon-opened\"><i class=\"elementor-toggle-icon-opened fas fa-caret-up\"><\/i><\/span>\n\t\t\t\t\t\t\t\t\t\t\t\t\t<\/span>\n\t\t\t\t\t\t\t\t\t\t\t\t<a href=\"\" class=\"elementor-toggle-title\">PROCESSO LICITAT\u00d3RIO N\u00ba 013\/2026 CONCORR\u00caNCIA P\u00daBLICA ELETR\u00d4NICA N\u00b0 002\/2026<\/a>\n\t\t\t\t\t<\/div>\n\n\t\t\t\t\t<div id=\"elementor-tab-content-20711\" class=\"elementor-tab-content elementor-clearfix\" data-tab=\"11\" role=\"tabpanel\" aria-labelledby=\"elementor-tab-title-20711\"><p>Licita\u00e7\u00e3o do tipo MENOR PRE\u00c7O para <br \/>Contrata\u00e7\u00e3o de Empresa especializada para a <br \/>Obra de Reforma da Pra\u00e7a Pedro Sabino, <br \/>localizada na sede do Munic\u00edpio de Baldim-MG.<br \/><span style=\"color: #000080;\"><strong>Clique Aqui Para Baixar<\/strong><\/span><\/p><\/div>\n\t\t\t\t<\/div>\n\t\t\t\t\t\t\t<div class=\"elementor-toggle-item\">\n\t\t\t\t\t<div id=\"elementor-tab-title-20712\" class=\"elementor-tab-title\" data-tab=\"12\" role=\"tab\" aria-controls=\"elementor-tab-content-20712\" aria-expanded=\"false\">\n\t\t\t\t\t\t\t\t\t\t\t\t<span class=\"elementor-toggle-icon elementor-toggle-icon-left\" aria-hidden=\"true\">\n\t\t\t\t\t\t\t\t\t\t\t\t\t\t\t<span class=\"elementor-toggle-icon-closed\"><i class=\"fas fa-caret-right\"><\/i><\/span>\n\t\t\t\t\t\t\t\t<span class=\"elementor-toggle-icon-opened\"><i class=\"elementor-toggle-icon-opened fas fa-caret-up\"><\/i><\/span>\n\t\t\t\t\t\t\t\t\t\t\t\t\t<\/span>\n\t\t\t\t\t\t\t\t\t\t\t\t<a href=\"\" class=\"elementor-toggle-title\">EDITAL DE PREG\u00c3O ELETR\u00d4NICO PARA REGISTRO DE PRE\u00c7OS N\u00ba 001\/2026 - PROCESSO LICITAT\u00d3RIO n\u00ba 001\/2026<\/a>\n\t\t\t\t\t<\/div>\n\n\t\t\t\t\t<div id=\"elementor-tab-content-20712\" class=\"elementor-tab-content elementor-clearfix\" data-tab=\"12\" role=\"tabpanel\" aria-labelledby=\"elementor-tab-title-20712\"><p>\u00a0A presente licita\u00e7\u00e3o tem por objeto o Registro de pre\u00e7os de Equipamentos de <br \/>Prote\u00e7\u00e3o Individual (EPIs), equipamentos e materiais de combate a inc\u00eandio, destinados a <br \/>atender \u00e0s necessidades operacionais e de seguran\u00e7a do Gabinete do Prefeito, para <br \/>atendimento \u00e0 Defesa Civil Municipal\u00a0<br \/><strong><a href=\"https:\/\/baldim.mg.gov.br\/wsite\/wp-content\/uploads\/2026\/01\/EditalProcessoLicitatorio0012026PEletronico0012026EPIS.pdf\">CLIQUE AQUI PARA BAIXAR<\/a><\/strong><\/p><\/div>\n\t\t\t\t<\/div>\n\t\t\t\t\t\t\t<div class=\"elementor-toggle-item\">\n\t\t\t\t\t<div id=\"elementor-tab-title-20713\" class=\"elementor-tab-title\" data-tab=\"13\" role=\"tab\" aria-controls=\"elementor-tab-content-20713\" aria-expanded=\"false\">\n\t\t\t\t\t\t\t\t\t\t\t\t<span class=\"elementor-toggle-icon elementor-toggle-icon-left\" aria-hidden=\"true\">\n\t\t\t\t\t\t\t\t\t\t\t\t\t\t\t<span class=\"elementor-toggle-icon-closed\"><i class=\"fas fa-caret-right\"><\/i><\/span>\n\t\t\t\t\t\t\t\t<span class=\"elementor-toggle-icon-opened\"><i class=\"elementor-toggle-icon-opened fas fa-caret-up\"><\/i><\/span>\n\t\t\t\t\t\t\t\t\t\t\t\t\t<\/span>\n\t\t\t\t\t\t\t\t\t\t\t\t<a href=\"\" class=\"elementor-toggle-title\">PROCESSO LICITAT\u00d3RIO N\u00ba 004\/2026 CONCORR\u00caNCIA P\u00daBLICA ELETR\u00d4NICA N\u00b0 001\/2026<\/a>\n\t\t\t\t\t<\/div>\n\n\t\t\t\t\t<div id=\"elementor-tab-content-20713\" class=\"elementor-tab-content elementor-clearfix\" data-tab=\"13\" role=\"tabpanel\" aria-labelledby=\"elementor-tab-title-20713\"><p>Licita\u00e7\u00e3o do tipo MENOR PRE\u00c7O para Contrata\u00e7\u00e3o de Empresa especializada para execu\u00e7\u00e3o da Obra de Ilumina\u00e7\u00e3o P\u00fablica do Trecho da Rodovia LMG-511 entre o Trevo com a Rodovia MG-323 e a Sede do Munic\u00edpio de\u00a0Baldim.<\/p><p><a href=\"https:\/\/baldim.mg.gov.br\/wsite\/?p=4926\"><strong>Clique Aqui Para Baixar<\/strong><\/a><\/p><\/div>\n\t\t\t\t<\/div>\n\t\t\t\t\t\t\t\t<\/div>\n\t\t\t\t<\/div>\n\t\t\t\t<\/div>\n\t\t\t\t\t<\/div>\n\t\t<\/div>\n\t\t\t\t\t\t\t<\/div>\n\t\t<\/section>\n\t\t\t\t\t\t<\/div>\n\t\t\t\t\t<\/div>\n\t\t","protected":false},"excerpt":{"rendered":"<p>Neste espa\u00e7o ser\u00e3o publicadas as licita\u00e7\u00f5es do exerc\u00edcio de 2026 da Prefeitura Municipal de Baldim. Os editais e demais documentos ser\u00e3o divulgados conforme a legisla\u00e7\u00e3o vigente, garantindo transpar\u00eancia e acesso \u00e0s informa\u00e7\u00f5es<a class=\"moretag\" href=\"https:\/\/baldim.mg.gov.br\/wsite\/?page_id=4758\">leia mais<\/a><\/p>\n","protected":false},"author":2,"featured_media":0,"parent":0,"menu_order":0,"comment_status":"closed","ping_status":"closed","template":"","meta":{"footnotes":""},"class_list":["post-4758","page","type-page","status-publish","hentry"],"_links":{"self":[{"href":"https:\/\/baldim.mg.gov.br\/wsite\/index.php?rest_route=\/wp\/v2\/pages\/4758","targetHints":{"allow":["GET"]}}],"collection":[{"href":"https:\/\/baldim.mg.gov.br\/wsite\/index.php?rest_route=\/wp\/v2\/pages"}],"about":[{"href":"https:\/\/baldim.mg.gov.br\/wsite\/index.php?rest_route=\/wp\/v2\/types\/page"}],"author":[{"embeddable":true,"href":"https:\/\/baldim.mg.gov.br\/wsite\/index.php?rest_route=\/wp\/v2\/users\/2"}],"replies":[{"embeddable":true,"href":"https:\/\/baldim.mg.gov.br\/wsite\/index.php?rest_route=%2Fwp%2Fv2%2Fcomments&post=4758"}],"version-history":[{"count":76,"href":"https:\/\/baldim.mg.gov.br\/wsite\/index.php?rest_route=\/wp\/v2\/pages\/4758\/revisions"}],"predecessor-version":[{"id":6828,"href":"https:\/\/baldim.mg.gov.br\/wsite\/index.php?rest_route=\/wp\/v2\/pages\/4758\/revisions\/6828"}],"wp:attachment":[{"href":"https:\/\/baldim.mg.gov.br\/wsite\/index.php?rest_route=%2Fwp%2Fv2%2Fmedia&parent=4758"}],"curies":[{"name":"wp","href":"https:\/\/api.w.org\/{rel}","templated":true}]}}