{"id":3753,"date":"2025-08-22T14:13:49","date_gmt":"2025-08-22T14:13:49","guid":{"rendered":"https:\/\/baldim.mg.gov.br\/wsite\/?page_id=3753"},"modified":"2025-08-22T14:13:50","modified_gmt":"2025-08-22T14:13:50","slug":"concurso-publico-termo-de-homologacao","status":"publish","type":"page","link":"https:\/\/baldim.mg.gov.br\/wsite\/?page_id=3753","title":{"rendered":"CONCURSO P\u00daBLICO &#8211; TERMO DE HOMOLOGA\u00c7\u00c3O"},"content":{"rendered":"\n<div data-wp-interactive=\"core\/file\" class=\"wp-block-file\"><object data-wp-bind--hidden=\"!state.hasPdfPreview\" hidden class=\"wp-block-file__embed\" data=\"https:\/\/baldim.mg.gov.br\/wsite\/wp-content\/uploads\/2025\/08\/Termo-de-homologacao-concurso-.pdf\" type=\"application\/pdf\" style=\"width:100%;height:600px\" aria-label=\"Incorporado de Termo de homologa\u00e7\u00e3o concurso.\"><\/object><a id=\"wp-block-file--media-10f921e7-5af7-4c12-a993-3972fba86e2e\" href=\"https:\/\/baldim.mg.gov.br\/wsite\/wp-content\/uploads\/2025\/08\/Termo-de-homologacao-concurso-.pdf\">Termo de homologa\u00e7\u00e3o concurso<\/a><a href=\"https:\/\/baldim.mg.gov.br\/wsite\/wp-content\/uploads\/2025\/08\/Termo-de-homologacao-concurso-.pdf\" class=\"wp-block-file__button wp-element-button\" download aria-describedby=\"wp-block-file--media-10f921e7-5af7-4c12-a993-3972fba86e2e\">Baixar<\/a><\/div>\n","protected":false},"excerpt":{"rendered":"","protected":false},"author":2,"featured_media":0,"parent":0,"menu_order":0,"comment_status":"closed","ping_status":"closed","template":"","meta":{"footnotes":""},"class_list":["post-3753","page","type-page","status-publish","hentry"],"_links":{"self":[{"href":"https:\/\/baldim.mg.gov.br\/wsite\/index.php?rest_route=\/wp\/v2\/pages\/3753","targetHints":{"allow":["GET"]}}],"collection":[{"href":"https:\/\/baldim.mg.gov.br\/wsite\/index.php?rest_route=\/wp\/v2\/pages"}],"about":[{"href":"https:\/\/baldim.mg.gov.br\/wsite\/index.php?rest_route=\/wp\/v2\/types\/page"}],"author":[{"embeddable":true,"href":"https:\/\/baldim.mg.gov.br\/wsite\/index.php?rest_route=\/wp\/v2\/users\/2"}],"replies":[{"embeddable":true,"href":"https:\/\/baldim.mg.gov.br\/wsite\/index.php?rest_route=%2Fwp%2Fv2%2Fcomments&post=3753"}],"version-history":[{"count":1,"href":"https:\/\/baldim.mg.gov.br\/wsite\/index.php?rest_route=\/wp\/v2\/pages\/3753\/revisions"}],"predecessor-version":[{"id":3756,"href":"https:\/\/baldim.mg.gov.br\/wsite\/index.php?rest_route=\/wp\/v2\/pages\/3753\/revisions\/3756"}],"wp:attachment":[{"href":"https:\/\/baldim.mg.gov.br\/wsite\/index.php?rest_route=%2Fwp%2Fv2%2Fmedia&parent=3753"}],"curies":[{"name":"wp","href":"https:\/\/api.w.org\/{rel}","templated":true}]}}