{"id":3003,"date":"2025-07-01T01:13:18","date_gmt":"2025-07-01T01:13:18","guid":{"rendered":"https:\/\/baldim.mg.gov.br\/wsite\/?page_id=3003"},"modified":"2025-07-01T01:46:51","modified_gmt":"2025-07-01T01:46:51","slug":"portarias-2019","status":"publish","type":"page","link":"https:\/\/baldim.mg.gov.br\/wsite\/?page_id=3003","title":{"rendered":"Portarias 2019"},"content":{"rendered":"\t\t<div data-elementor-type=\"wp-page\" data-elementor-id=\"3003\" class=\"elementor elementor-3003\" data-elementor-settings=\"[]\">\n\t\t\t\t\t\t\t<div class=\"elementor-section-wrap\">\n\t\t\t\t\t\t\t<section class=\"elementor-section elementor-top-section elementor-element elementor-element-c213715 elementor-section-boxed elementor-section-height-default elementor-section-height-default wpr-particle-no wpr-jarallax-no wpr-parallax-no wpr-sticky-section-no\" data-id=\"c213715\" data-element_type=\"section\">\n\t\t\t\t\t\t<div class=\"elementor-container elementor-column-gap-default\">\n\t\t\t\t\t<div class=\"elementor-column elementor-col-100 elementor-top-column elementor-element elementor-element-57166db\" data-id=\"57166db\" data-element_type=\"column\">\n\t\t\t<div class=\"elementor-widget-wrap elementor-element-populated\">\n\t\t\t\t\t\t\t\t\t<\/div>\n\t\t<\/div>\n\t\t\t\t\t\t\t<\/div>\n\t\t<\/section>\n\t\t\t\t<section class=\"elementor-section elementor-top-section elementor-element elementor-element-1500865 elementor-section-boxed elementor-section-height-default elementor-section-height-default wpr-particle-no wpr-jarallax-no wpr-parallax-no wpr-sticky-section-no\" data-id=\"1500865\" data-element_type=\"section\">\n\t\t\t\t\t\t<div class=\"elementor-container elementor-column-gap-default\">\n\t\t\t\t\t<div class=\"elementor-column elementor-col-100 elementor-top-column elementor-element elementor-element-0bb986c\" data-id=\"0bb986c\" data-element_type=\"column\">\n\t\t\t<div class=\"elementor-widget-wrap elementor-element-populated\">\n\t\t\t\t\t\t\t\t<div class=\"elementor-element elementor-element-7c176bd elementor-widget elementor-widget-text-editor\" data-id=\"7c176bd\" data-element_type=\"widget\" data-widget_type=\"text-editor.default\">\n\t\t\t\t<div class=\"elementor-widget-container\">\n\t\t\t<style>\/*! elementor - v3.5.4 - 23-01-2022 *\/\n.elementor-widget-text-editor.elementor-drop-cap-view-stacked .elementor-drop-cap{background-color:#818a91;color:#fff}.elementor-widget-text-editor.elementor-drop-cap-view-framed .elementor-drop-cap{color:#818a91;border:3px solid;background-color:transparent}.elementor-widget-text-editor:not(.elementor-drop-cap-view-default) .elementor-drop-cap{margin-top:8px}.elementor-widget-text-editor:not(.elementor-drop-cap-view-default) .elementor-drop-cap-letter{width:1em;height:1em}.elementor-widget-text-editor .elementor-drop-cap{float:left;text-align:center;line-height:1;font-size:50px}.elementor-widget-text-editor .elementor-drop-cap-letter{display:inline-block}<\/style>\t\t\t\t<p>Portarias 2019<\/p>\n<table style=\"border: 2px solid #000000; margin-left: auto; margin-right: auto;\" rules=\"all\">\n<tbody>\n<tr>\n<td><a href=\"portaltransparencia2019\/portarias2019\/024.pdf\">024<\/a><\/td>\n<td>\n<p>Designa comiss\u00e3o respons\u00e1vel para acompanhar o processo seletivo simplificado do Edital 01\/2019.<\/p>\n<\/td>\n<\/tr>\n<tr>\n<td><a href=\"portaltransparencia2019\/portarias2019\/023.pdf\">023<\/a><\/td>\n<td>Designa comiss\u00e3o respons\u00e1vel para analisar a qualidade das amostras dos objetos de distribui\u00e7\u00e3o gratuita que comp\u00f5e o kit escolar.<\/td>\n<\/tr>\n<tr>\n<td><a href=\"portaltransparencia2019\/portarias2019\/022.pdf\">022<\/a><\/td>\n<td>\n<p>Disp\u00f5e sobre exonera\u00e7\u00e3o de servidor por motivo de aposentadoria.<\/p>\n<\/td>\n<\/tr>\n<tr>\n<td><a href=\"portaltransparencia2019\/portarias2019\/021.pdf\">021<\/a><\/td>\n<td>Nomeia comiss\u00e3o para proceder \u00e0 avalia\u00e7\u00e3o dos trabalhos constantes do edital do concurso de desenho, poesia e m\u00fasica em participa\u00e7\u00e3o no \u201cProjeto Festa do doce 2019\u201d.<\/td>\n<\/tr>\n<tr>\n<td><a href=\"portaltransparencia2019\/portarias2019\/019.pdf\">019<\/a><\/td>\n<td>Designa servidor para exercer a fun\u00e7\u00e3o de Coordenador da Escola Municipal de Vargem Grande.<\/td>\n<\/tr>\n<tr>\n<td><a href=\"portaltransparencia2019\/portarias2019\/018.pdf\">018<\/a><\/td>\n<td>\n<p>Disp\u00f5e sobre designa\u00e7\u00e3o de servidor para a Secretaria Municipal de Educa\u00e7\u00e3o.<\/p>\n<\/td>\n<\/tr>\n<tr>\n<td><a href=\"portaltransparencia2019\/portarias2019\/017.pdf\">017<\/a><\/td>\n<td>Disp\u00f5e sobre designa\u00e7\u00e3o de servidor para a Secretaria Municipal de Agricultura.<\/td>\n<\/tr>\n<tr>\n<td><a href=\"portaltransparencia2019\/portarias2019\/016A.pdf\">016A<\/a><\/td>\n<td>\n<p>Disp\u00f5e sobre exonera\u00e7\u00e3o de servidor por motivo de aposentadoria.<\/p>\n<\/td>\n<\/tr>\n<tr>\n<td><a href=\"portaltransparencia2019\/portarias2019\/016.pdf\">016<\/a><\/td>\n<td>\n<p>Designa comiss\u00e3o respons\u00e1vel para analisar a qualidade das amostras de kits escolares destinados aos alunos da rede Municipal de ensino de Baldim-MG.<\/p>\n<\/td>\n<\/tr>\n<tr>\n<td><a href=\"portaltransparencia2019\/portarias2019\/014.pdf\">014<\/a><\/td>\n<td>\n<p>Disp\u00f5e sobre designa\u00e7\u00e3o de servidor para a secretaria Municipal de Agricultura.<\/p>\n<\/td>\n<\/tr>\n<tr>\n<td><a href=\"portaltransparencia2019\/portarias2019\/013.pdf\">013<\/a><\/td>\n<td>\n<p>Disp\u00f5e sobre a interrup\u00e7\u00e3o da licen\u00e7a para tratar de assuntos de interesse particular.<\/p>\n<\/td>\n<\/tr>\n<tr>\n<td><a href=\"portaltransparencia2019\/portarias2019\/012.pdf\">012<\/a><\/td>\n<td>\n<p>Designa servidores para constitu\u00edrem a comiss\u00e3o permanente de Licita\u00e7\u00e3o.<\/p>\n<\/td>\n<\/tr>\n<tr>\n<td><a href=\"portaltransparencia2019\/portarias2019\/011.pdf\">011<\/a><\/td>\n<td>Designa Comiss\u00e3o respons\u00e1vel para analisar a qualidade das amostras de material de limpeza e prote\u00e7\u00e3o individual.<\/td>\n<\/tr>\n<tr>\n<td><a href=\"portaltransparencia2019\/portarias2019\/010A.pdf\">010A<\/a><\/td>\n<td>Designa servidor para exercer fun\u00e7\u00f5es do cargo de Diretor de Turismo e d\u00e1 outras provid\u00eancias.<\/td>\n<\/tr>\n<tr>\n<td><a href=\"portaltransparencia2019\/portarias2019\/010.pdf\">010<\/a><\/td>\n<td>\n<p>Disp\u00f5e sobre exonera\u00e7\u00e3o de servidor por motivo de aposentadoria.<\/p>\n<\/td>\n<\/tr>\n<tr>\n<td><a href=\"portaltransparencia2019\/portarias2019\/009.pdf\">009<\/a><\/td>\n<td>Nomeia Pregoeiro e Respectiva Equipe de Apoio.<\/td>\n<\/tr>\n<tr>\n<td><a href=\"portaltransparencia2019\/portarias2019\/007.pdf\">007<\/a><\/td>\n<td>\n<p>Disp\u00f5e sobre designa\u00e7\u00e3o de servidor para a Secretaria Municipal de Desenvolvimento Econ\u00f4mico<\/p>\n<\/td>\n<\/tr>\n<tr>\n<td><a href=\"portaltransparencia2019\/portarias2019\/006.pdf\">006<\/a><\/td>\n<td>Disp\u00f5e sobre a concess\u00e3o da licen\u00e7a para tratar de assuntos de interesse particular.<\/td>\n<\/tr>\n<tr>\n<td><a href=\"portaltransparencia2019\/portarias2019\/005.pdf\">005<\/a><\/td>\n<td>\n<p>Disp\u00f5e sobre designa\u00e7\u00e3o de servidor para a Secretaria Municipal de Sa\u00fade.<\/p>\n<\/td>\n<\/tr>\n<tr>\n<td><a href=\"portaltransparencia2019\/portarias2019\/004.pdf\">004<\/a><\/td>\n<td>\n<p>Disp\u00f5e sobre designa\u00e7\u00e3o de servidor para a Secretaria Municipal de Agricultura.<\/p>\n<\/td>\n<\/tr>\n<tr>\n<td><a href=\"portaltransparencia2019\/portarias2019\/003.pdf\">003<\/a><\/td>\n<td>Nomeia pregoeiro e respectiva equipe de apoio.<\/td>\n<\/tr>\n<tr>\n<td><a href=\"portaltransparencia2019\/portarias2019\/002.pdf\">002<\/a><\/td>\n<td>\n<p>Disp\u00f5e sobre designa\u00e7\u00e3o de servidor para a Secretaria Municipal de Sa\u00fade.<\/p>\n<\/td>\n<\/tr>\n<tr>\n<td><a href=\"portaltransparencia2019\/portarias2019\/001.pdf\">001<\/a><\/td>\n<td>Designa Comiss\u00e3o respons\u00e1vel para an\u00e1lise das amostras das pr\u00f3teses dent\u00e1rias.<\/td>\n<\/tr>\n<\/tbody>\n<\/table>\n<p>&nbsp;<\/p>\t\t\t\t\t\t<\/div>\n\t\t\t\t<\/div>\n\t\t\t\t\t<\/div>\n\t\t<\/div>\n\t\t\t\t\t\t\t<\/div>\n\t\t<\/section>\n\t\t\t\t\t\t<\/div>\n\t\t\t\t\t<\/div>\n\t\t","protected":false},"excerpt":{"rendered":"<p>Portarias 2019 024 Designa comiss\u00e3o respons\u00e1vel para acompanhar o processo seletivo simplificado do Edital 01\/2019. 023 Designa comiss\u00e3o respons\u00e1vel para analisar a qualidade das amostras dos objetos de distribui\u00e7\u00e3o gratuita que comp\u00f5e<a class=\"moretag\" href=\"https:\/\/baldim.mg.gov.br\/wsite\/?page_id=3003\">leia mais<\/a><\/p>\n","protected":false},"author":2,"featured_media":0,"parent":0,"menu_order":0,"comment_status":"closed","ping_status":"closed","template":"","meta":{"footnotes":""},"class_list":["post-3003","page","type-page","status-publish","hentry"],"_links":{"self":[{"href":"https:\/\/baldim.mg.gov.br\/wsite\/index.php?rest_route=\/wp\/v2\/pages\/3003","targetHints":{"allow":["GET"]}}],"collection":[{"href":"https:\/\/baldim.mg.gov.br\/wsite\/index.php?rest_route=\/wp\/v2\/pages"}],"about":[{"href":"https:\/\/baldim.mg.gov.br\/wsite\/index.php?rest_route=\/wp\/v2\/types\/page"}],"author":[{"embeddable":true,"href":"https:\/\/baldim.mg.gov.br\/wsite\/index.php?rest_route=\/wp\/v2\/users\/2"}],"replies":[{"embeddable":true,"href":"https:\/\/baldim.mg.gov.br\/wsite\/index.php?rest_route=%2Fwp%2Fv2%2Fcomments&post=3003"}],"version-history":[{"count":4,"href":"https:\/\/baldim.mg.gov.br\/wsite\/index.php?rest_route=\/wp\/v2\/pages\/3003\/revisions"}],"predecessor-version":[{"id":3095,"href":"https:\/\/baldim.mg.gov.br\/wsite\/index.php?rest_route=\/wp\/v2\/pages\/3003\/revisions\/3095"}],"wp:attachment":[{"href":"https:\/\/baldim.mg.gov.br\/wsite\/index.php?rest_route=%2Fwp%2Fv2%2Fmedia&parent=3003"}],"curies":[{"name":"wp","href":"https:\/\/api.w.org\/{rel}","templated":true}]}}