{"id":2997,"date":"2025-07-01T01:12:47","date_gmt":"2025-07-01T01:12:47","guid":{"rendered":"https:\/\/baldim.mg.gov.br\/wsite\/?page_id=2997"},"modified":"2025-07-01T01:45:55","modified_gmt":"2025-07-01T01:45:55","slug":"portarias-2018","status":"publish","type":"page","link":"https:\/\/baldim.mg.gov.br\/wsite\/?page_id=2997","title":{"rendered":"Portarias 2018"},"content":{"rendered":"\t\t<div data-elementor-type=\"wp-page\" data-elementor-id=\"2997\" class=\"elementor elementor-2997\" data-elementor-settings=\"[]\">\n\t\t\t\t\t\t\t<div class=\"elementor-section-wrap\">\n\t\t\t\t\t\t\t<section class=\"elementor-section elementor-top-section elementor-element elementor-element-a6b0dfb elementor-section-boxed elementor-section-height-default elementor-section-height-default wpr-particle-no wpr-jarallax-no wpr-parallax-no wpr-sticky-section-no\" data-id=\"a6b0dfb\" data-element_type=\"section\">\n\t\t\t\t\t\t<div class=\"elementor-container elementor-column-gap-default\">\n\t\t\t\t\t<div class=\"elementor-column elementor-col-100 elementor-top-column elementor-element elementor-element-8621dc2\" data-id=\"8621dc2\" data-element_type=\"column\">\n\t\t\t<div class=\"elementor-widget-wrap elementor-element-populated\">\n\t\t\t\t\t\t\t\t\t<\/div>\n\t\t<\/div>\n\t\t\t\t\t\t\t<\/div>\n\t\t<\/section>\n\t\t\t\t<section class=\"elementor-section elementor-top-section elementor-element elementor-element-32c69c8 elementor-section-boxed elementor-section-height-default elementor-section-height-default wpr-particle-no wpr-jarallax-no wpr-parallax-no wpr-sticky-section-no\" data-id=\"32c69c8\" data-element_type=\"section\">\n\t\t\t\t\t\t<div class=\"elementor-container elementor-column-gap-default\">\n\t\t\t\t\t<div class=\"elementor-column elementor-col-100 elementor-top-column elementor-element elementor-element-06a3404\" data-id=\"06a3404\" data-element_type=\"column\">\n\t\t\t<div class=\"elementor-widget-wrap elementor-element-populated\">\n\t\t\t\t\t\t\t\t<div class=\"elementor-element elementor-element-dd48fd3 elementor-widget elementor-widget-text-editor\" data-id=\"dd48fd3\" data-element_type=\"widget\" data-widget_type=\"text-editor.default\">\n\t\t\t\t<div class=\"elementor-widget-container\">\n\t\t\t<style>\/*! elementor - v3.5.4 - 23-01-2022 *\/\n.elementor-widget-text-editor.elementor-drop-cap-view-stacked .elementor-drop-cap{background-color:#818a91;color:#fff}.elementor-widget-text-editor.elementor-drop-cap-view-framed .elementor-drop-cap{color:#818a91;border:3px solid;background-color:transparent}.elementor-widget-text-editor:not(.elementor-drop-cap-view-default) .elementor-drop-cap{margin-top:8px}.elementor-widget-text-editor:not(.elementor-drop-cap-view-default) .elementor-drop-cap-letter{width:1em;height:1em}.elementor-widget-text-editor .elementor-drop-cap{float:left;text-align:center;line-height:1;font-size:50px}.elementor-widget-text-editor .elementor-drop-cap-letter{display:inline-block}<\/style>\t\t\t\t<p>Portarias 2018<\/p>\n<table style=\"border: 2px solid #000000; margin-left: auto; margin-right: auto;\" rules=\"all\">\n<tbody>\n<tr>\n<td><a href=\"portaltransparencia2018\/portarias2018\/038.pdf\">038<\/a><\/td>\n<td>\n<p>&nbsp;Disp\u00f5e sobre exonera\u00e7\u00e3o de servidor por motivo de aposentadoria.<\/p>\n<\/td>\n<\/tr>\n<tr>\n<td><a href=\"portaltransparencia2018\/portarias2018\/037.pdf\">037<\/a><\/td>\n<td>\n<p>&nbsp;Disp\u00f5e sobre designa\u00e7\u00e3o de servidor para a Secretaria Municipal de Sa\u00fade.<\/p>\n<\/td>\n<\/tr>\n<tr>\n<td><a href=\"portaltransparencia2018\/portarias2018\/036.pdf\">036<\/a><\/td>\n<td>\n<p>&nbsp;Designa comiss\u00e3o respons\u00e1vel para acompanhar o Processo seletivo simplificado do Edital 01\/2018.<\/p>\n<\/td>\n<\/tr>\n<tr>\n<td><a href=\"portaltransparencia2018\/portarias2018\/035.pdf\">035<\/a><\/td>\n<td>\n<p>&nbsp;Disp\u00f5e sobre designa\u00e7\u00e3o de servidor para a Secretaria Municipal de Infraestrutura.<\/p>\n<\/td>\n<\/tr>\n<tr>\n<td><a href=\"portaltransparencia2018\/portarias2018\/034.pdf\">034<\/a><\/td>\n<td>\n<p>&nbsp;Disp\u00f5e sobre exonera\u00e7\u00e3o de Servidor por motivo de aposentadoria.<\/p>\n<\/td>\n<\/tr>\n<tr>\n<td><a href=\"portaltransparencia2018\/portarias2018\/033.pdf\">033<\/a><\/td>\n<td>\n<p>&nbsp;Disp\u00f5e sobre exonera\u00e7\u00e3o de servidor por motivo de aposentadoria.<\/p>\n<\/td>\n<\/tr>\n<tr>\n<td><a href=\"portaltransparencia2018\/portarias2018\/032.pdf\">032<\/a><\/td>\n<td>\n<p>&nbsp;Disp\u00f5e sobre exonera\u00e7\u00e3o de servidor por motivo de aposentadoria.<\/p>\n<\/td>\n<\/tr>\n<tr>\n<td><a href=\"portaltransparencia2018\/portarias2018\/031.pdf\">031<\/a><\/td>\n<td>\n<p>&nbsp;Disp\u00f5e sobre a prorroga\u00e7\u00e3o da licen\u00e7a para tratar de assuntos de interesse particular.<\/p>\n<\/td>\n<\/tr>\n<tr>\n<td><a href=\"portaltransparencia2018\/portarias2018\/030.pdf\">030<\/a><\/td>\n<td>\n<p>&nbsp;Nomeia comiss\u00e3o para proceder a avalia\u00e7\u00e3o dos trabalhos constantes do edital do Concurso de Desenho, Poesia e Reda\u00e7\u00e3o em participa\u00e7\u00e3o no \u201cProjeto Festa do Doce 2018\u201d.<\/p>\n<\/td>\n<\/tr>\n<tr>\n<td><a href=\"portaltransparencia2018\/portarias2018\/029.pdf\">029<\/a><\/td>\n<td>\n<p>&nbsp;Nomeia Pregoeiro e respectiva equipe de Apoio.<\/p>\n<\/td>\n<\/tr>\n<tr>\n<td><a href=\"portaltransparencia2018\/portarias2018\/028.pdf\">028<\/a><\/td>\n<td>\n<p>&nbsp;Nomeia comiss\u00e3o permanente de Licita\u00e7\u00e3o.<\/p>\n<\/td>\n<\/tr>\n<tr>\n<td><a href=\"portaltransparencia2018\/portarias2018\/027.pdf\">027<\/a><\/td>\n<td>\n<p>&nbsp;Disp\u00f5e sobre exonera\u00e7\u00e3o de servidor por motivo de aposentadoria.<\/p>\n<\/td>\n<\/tr>\n<tr>\n<td><a href=\"portaltransparencia2018\/portarias2018\/026.pdf\">026<\/a><\/td>\n<td>\n<p>Disp\u00f5e sobre a prorroga\u00e7\u00e3o da licen\u00e7a para tratar de assuntos de interesse particular.<\/p>\n<\/td>\n<\/tr>\n<tr>\n<td><a href=\"portaltransparencia2018\/portarias2018\/025.pdf\">025<\/a><\/td>\n<td>\n<p>&nbsp;Nomeia comiss\u00e3o para proceder a avalia\u00e7\u00e3o pr\u00e9via.<\/p>\n<\/td>\n<\/tr>\n<tr>\n<td><a href=\"portaltransparencia2018\/portarias2018\/024.pdf\">024<\/a><\/td>\n<td>\n<p>&nbsp;Disp\u00f5e sobre exonera\u00e7\u00e3o de servidor por motivo de aposentadoria.<\/p>\n<\/td>\n<\/tr>\n<tr>\n<td><a href=\"portaltransparencia2018\/portarias2018\/023.pdf\">023<\/a><\/td>\n<td>\n<p>&nbsp;Designa comiss\u00e3o respons\u00e1vel para organizar o concurso garota doce 2018.<\/p>\n<\/td>\n<\/tr>\n<tr>\n<td><a href=\"portaltransparencia2018\/portarias2018\/022.pdf\">022<\/a><\/td>\n<td>\n<p>&nbsp;Disp\u00f5e sobre exonera\u00e7\u00e3o de servidor a pedido.<\/p>\n<\/td>\n<\/tr>\n<tr>\n<td><a href=\"portaltransparencia2018\/portarias2018\/021.pdf\">021<\/a><\/td>\n<td>\n<p>&nbsp;Nomeia servidores Municipais para retirar folha de cheque junto ao Banco do Brasil.<\/p>\n<\/td>\n<\/tr>\n<tr>\n<td><a href=\"portaltransparencia2018\/portarias2018\/020.pdf\">020<\/a><\/td>\n<td>\n<p>&nbsp;Designa comiss\u00e3o respons\u00e1vel para analisar a qualidade das amostras dos produtos aliment\u00edcios destinados \u00e0 alimenta\u00e7\u00e3o escolar.<\/p>\n<\/td>\n<\/tr>\n<tr>\n<td><a href=\"portaltransparencia2018\/portarias2018\/019.pdf\">019<\/a><\/td>\n<td>\n<p>&nbsp;Afasta servidor a pedido para candidatar nas elei\u00e7\u00f5es de 2018.<\/p>\n<\/td>\n<\/tr>\n<tr>\n<td><a href=\"portaltransparencia2018\/portarias2018\/017.pdf\">017<\/a><\/td>\n<td>\n<p>Designa servidor para exercer a fun\u00e7\u00e3o de coordenador da Escola Municipal de Mucambo.<\/p>\n<\/td>\n<\/tr>\n<tr>\n<td><a href=\"portaltransparencia2018\/portarias2018\/016.pdf\">016<\/a><\/td>\n<td>\n<p>&nbsp;Cancela designa\u00e7\u00e3o para exercer a fun\u00e7\u00e3o de Coordenador (a) de Escola Municipal.<\/p>\n<\/td>\n<\/tr>\n<tr>\n<td><a href=\"portaltransparencia2018\/portarias2018\/015.pdf\">015<\/a><\/td>\n<td>\n<p>&nbsp;Disp\u00f5e sobre a concess\u00e3o da licen\u00e7a para tratar de assuntos de interesse particular.<\/p>\n<\/td>\n<\/tr>\n<tr>\n<td><a href=\"portaltransparencia2018\/portarias2018\/014A.pdf\">014 A<\/a><\/td>\n<td>\n<p>&nbsp;Nomeia pregoeiro e respectiva equipe de apoio.<\/p>\n<\/td>\n<\/tr>\n<tr>\n<td><a href=\"portaltransparencia2018\/portarias2018\/014.pdf\">014<\/a><\/td>\n<td>\n<p>Nomeia pregoeiro e respectiva equipe de apoio.<\/p>\n<\/td>\n<\/tr>\n<tr>\n<td><a href=\"portaltransparencia2018\/portarias2018\/013.pdf\">013<\/a><\/td>\n<td>\n<p>Nomeia equipe t\u00e9cnica do PMDE.<\/p>\n<\/td>\n<\/tr>\n<tr>\n<td><a href=\"portaltransparencia2018\/portarias2018\/012.pdf\">012<\/a><\/td>\n<td>\n<p>&nbsp;Disp\u00f5e sobre exonera\u00e7\u00e3o de servidor por motivo de aposentadoria.<\/p>\n<\/td>\n<\/tr>\n<tr>\n<td><a href=\"portaltransparencia2018\/portarias2018\/011.pdf\">011<\/a><\/td>\n<td>\n<p>&nbsp;Nomeia comiss\u00e3o permanente de monitoramento e avalia\u00e7\u00e3o e d\u00e1 outras provid\u00eancias.<\/p>\n<\/td>\n<\/tr>\n<tr>\n<td><a href=\"portaltransparencia2018\/portarias2018\/010.pdf\">010<\/a><\/td>\n<td>\n<p>&nbsp;Nomeia comiss\u00e3o permanente de sele\u00e7\u00e3o e d\u00e1 outras provid\u00eancias.<\/p>\n<\/td>\n<\/tr>\n<tr>\n<td><a href=\"portaltransparencia2018\/portarias2018\/009.pdf\">009<\/a><\/td>\n<td>\n<p>&nbsp;Nomeia o gestor das parcerias com as organiza\u00e7\u00f5es da sociedade civil celebradas pelo Munic\u00edpio de Baldim e d\u00e1 outras provid\u00eancias.<\/p>\n<\/td>\n<\/tr>\n<tr>\n<td><a href=\"portaltransparencia2018\/portarias2018\/008.pdf\">008<\/a><\/td>\n<td>\n<p>&nbsp;Disp\u00f5e sobre a cess\u00e3o de pens\u00e3o vital\u00edcia a pensionista por motivo de falecimento.<\/p>\n<\/td>\n<\/tr>\n<tr>\n<td><a href=\"portaltransparencia2018\/portarias2018\/007.pdf\">007<\/a><\/td>\n<td>\n<p>&nbsp;Nomeia comiss\u00e3o para Proceder a Avalia\u00e7\u00e3o Pr\u00e9via.<\/p>\n<\/td>\n<\/tr>\n<tr>\n<td><a href=\"portaltransparencia2018\/portarias2018\/006.pdf\">006<\/a><\/td>\n<td>\n<p>Disp\u00f5e sobre a interrup\u00e7\u00e3o da licen\u00e7a para tratar de assuntos de interesse particular.<\/p>\n<\/td>\n<\/tr>\n<tr>\n<td><a href=\"portaltransparencia2018\/portarias2018\/005.pdf\">005<\/a><\/td>\n<td>\n<p>&nbsp;Designa servidor para exercer a fun\u00e7\u00e3o gratificada de Coordenador da Escola Municipal Dona Emerenciana Augusta da Silva Xavier- Vila Amanda.<\/p>\n<\/td>\n<\/tr>\n<tr>\n<td><a href=\"portaltransparencia2018\/portarias2018\/004.pdf\">004<\/a><\/td>\n<td>\n<p>&nbsp;Designa servidor para exercer a fun\u00e7\u00e3o de Coordenador da Escola Municipal de Sumidouro do R\u00f3tulo.<\/p>\n<\/td>\n<\/tr>\n<tr>\n<td><a href=\"portaltransparencia2018\/portarias2018\/003.pdf\">003<\/a><\/td>\n<td>\n<p>&nbsp;Cancela designa\u00e7\u00e3o para exercer a fun\u00e7\u00e3o gratificada de Coordenadores das Escolas Municipais.<\/p>\n<\/td>\n<\/tr>\n<tr>\n<td><a href=\"portaltransparencia2018\/portarias2018\/002.pdf\">002<\/a><\/td>\n<td>\n<p>&nbsp;Disp\u00f5e sobre interrup\u00e7\u00e3o da licen\u00e7a para tratar de assuntos de interesse particular.<\/p>\n<\/td>\n<\/tr>\n<tr>\n<td><a href=\"portaltransparencia2018\/portarias2018\/001.pdf\">001<\/a><\/td>\n<td>\n<p>Nomeia comiss\u00e3o Municipal de Defesa Civil do Munic\u00edpio de Baldim.&nbsp;<\/p>\n<\/td>\n<\/tr>\n<\/tbody>\n<\/table>\n<p>&nbsp;<\/p>\t\t\t\t\t\t<\/div>\n\t\t\t\t<\/div>\n\t\t\t\t\t<\/div>\n\t\t<\/div>\n\t\t\t\t\t\t\t<\/div>\n\t\t<\/section>\n\t\t\t\t\t\t<\/div>\n\t\t\t\t\t<\/div>\n\t\t","protected":false},"excerpt":{"rendered":"<p>Portarias 2018 038 &nbsp;Disp\u00f5e sobre exonera\u00e7\u00e3o de servidor por motivo de aposentadoria. 037 &nbsp;Disp\u00f5e sobre designa\u00e7\u00e3o de servidor para a Secretaria Municipal de Sa\u00fade. 036 &nbsp;Designa comiss\u00e3o respons\u00e1vel para acompanhar o Processo<a class=\"moretag\" href=\"https:\/\/baldim.mg.gov.br\/wsite\/?page_id=2997\">leia mais<\/a><\/p>\n","protected":false},"author":2,"featured_media":0,"parent":0,"menu_order":0,"comment_status":"closed","ping_status":"closed","template":"","meta":{"footnotes":""},"class_list":["post-2997","page","type-page","status-publish","hentry"],"_links":{"self":[{"href":"https:\/\/baldim.mg.gov.br\/wsite\/index.php?rest_route=\/wp\/v2\/pages\/2997","targetHints":{"allow":["GET"]}}],"collection":[{"href":"https:\/\/baldim.mg.gov.br\/wsite\/index.php?rest_route=\/wp\/v2\/pages"}],"about":[{"href":"https:\/\/baldim.mg.gov.br\/wsite\/index.php?rest_route=\/wp\/v2\/types\/page"}],"author":[{"embeddable":true,"href":"https:\/\/baldim.mg.gov.br\/wsite\/index.php?rest_route=\/wp\/v2\/users\/2"}],"replies":[{"embeddable":true,"href":"https:\/\/baldim.mg.gov.br\/wsite\/index.php?rest_route=%2Fwp%2Fv2%2Fcomments&post=2997"}],"version-history":[{"count":4,"href":"https:\/\/baldim.mg.gov.br\/wsite\/index.php?rest_route=\/wp\/v2\/pages\/2997\/revisions"}],"predecessor-version":[{"id":3092,"href":"https:\/\/baldim.mg.gov.br\/wsite\/index.php?rest_route=\/wp\/v2\/pages\/2997\/revisions\/3092"}],"wp:attachment":[{"href":"https:\/\/baldim.mg.gov.br\/wsite\/index.php?rest_route=%2Fwp%2Fv2%2Fmedia&parent=2997"}],"curies":[{"name":"wp","href":"https:\/\/api.w.org\/{rel}","templated":true}]}}