{"id":2991,"date":"2025-07-01T01:12:25","date_gmt":"2025-07-01T01:12:25","guid":{"rendered":"https:\/\/baldim.mg.gov.br\/wsite\/?page_id=2991"},"modified":"2025-07-01T01:44:58","modified_gmt":"2025-07-01T01:44:58","slug":"portarias-2017","status":"publish","type":"page","link":"https:\/\/baldim.mg.gov.br\/wsite\/?page_id=2991","title":{"rendered":"Portarias 2017"},"content":{"rendered":"\t\t<div data-elementor-type=\"wp-page\" data-elementor-id=\"2991\" class=\"elementor elementor-2991\" data-elementor-settings=\"[]\">\n\t\t\t\t\t\t\t<div class=\"elementor-section-wrap\">\n\t\t\t\t\t\t\t<section class=\"elementor-section elementor-top-section elementor-element elementor-element-a8dcaf7 elementor-section-boxed elementor-section-height-default elementor-section-height-default wpr-particle-no wpr-jarallax-no wpr-parallax-no wpr-sticky-section-no\" data-id=\"a8dcaf7\" data-element_type=\"section\">\n\t\t\t\t\t\t<div class=\"elementor-container elementor-column-gap-default\">\n\t\t\t\t\t<div class=\"elementor-column elementor-col-100 elementor-top-column elementor-element elementor-element-18219a9\" data-id=\"18219a9\" data-element_type=\"column\">\n\t\t\t<div class=\"elementor-widget-wrap elementor-element-populated\">\n\t\t\t\t\t\t\t\t\t<\/div>\n\t\t<\/div>\n\t\t\t\t\t\t\t<\/div>\n\t\t<\/section>\n\t\t\t\t<section class=\"elementor-section elementor-top-section elementor-element elementor-element-3a9cf67 elementor-section-boxed elementor-section-height-default elementor-section-height-default wpr-particle-no wpr-jarallax-no wpr-parallax-no wpr-sticky-section-no\" data-id=\"3a9cf67\" data-element_type=\"section\">\n\t\t\t\t\t\t<div class=\"elementor-container elementor-column-gap-default\">\n\t\t\t\t\t<div class=\"elementor-column elementor-col-100 elementor-top-column elementor-element elementor-element-1894730\" data-id=\"1894730\" data-element_type=\"column\">\n\t\t\t<div class=\"elementor-widget-wrap elementor-element-populated\">\n\t\t\t\t\t\t\t\t<div class=\"elementor-element elementor-element-2f41cdd elementor-widget elementor-widget-text-editor\" data-id=\"2f41cdd\" data-element_type=\"widget\" data-widget_type=\"text-editor.default\">\n\t\t\t\t<div class=\"elementor-widget-container\">\n\t\t\t<style>\/*! elementor - v3.5.4 - 23-01-2022 *\/\n.elementor-widget-text-editor.elementor-drop-cap-view-stacked .elementor-drop-cap{background-color:#818a91;color:#fff}.elementor-widget-text-editor.elementor-drop-cap-view-framed .elementor-drop-cap{color:#818a91;border:3px solid;background-color:transparent}.elementor-widget-text-editor:not(.elementor-drop-cap-view-default) .elementor-drop-cap{margin-top:8px}.elementor-widget-text-editor:not(.elementor-drop-cap-view-default) .elementor-drop-cap-letter{width:1em;height:1em}.elementor-widget-text-editor .elementor-drop-cap{float:left;text-align:center;line-height:1;font-size:50px}.elementor-widget-text-editor .elementor-drop-cap-letter{display:inline-block}<\/style>\t\t\t\t<p>Portarias 2017<\/p>\n<table style=\"border: 2px solid #000000; margin-left: auto; margin-right: auto;\" rules=\"all\">\n<tbody>\n<tr>\n<td><a href=\"portaltransparencia2017\/portarias2017\/036.pdf\">036<\/a><\/td>\n<td>\n<p>Designa comiss\u00e3o respons\u00e1vel para acompanhar o processo seletivo simplificado do edital 01\/2017.<\/p>\n<\/td>\n<\/tr>\n<tr>\n<td><a href=\"portaltransparencia2017\/portarias2017\/035.pdf\">035<\/a><\/td>\n<td>Designa comiss\u00e3o respons\u00e1vel para analisar a qualidade das amostras de material de limpeza e prote\u00e7\u00e3o individual.<\/td>\n<\/tr>\n<tr>\n<td><a href=\"portaltransparencia2017\/portarias2017\/034.pdf\">034<\/a><\/td>\n<td>\n<p>Disp\u00f5e sobre exonera\u00e7\u00e3o de servidor por motivo de aposentadoria.<\/p>\n<\/td>\n<\/tr>\n<tr>\n<td><a href=\"portaltransparencia2017\/portarias2017\/033.pdf\">033<\/a><\/td>\n<td>\n<p>Nomeia comiss\u00e3o permanente de licita\u00e7\u00e3o.<\/p>\n<\/td>\n<\/tr>\n<tr>\n<td><a href=\"portaltransparencia2017\/portarias2017\/032.pdf\">032<\/a><\/td>\n<td>\n<p>Disp\u00f5e sobre interrup\u00e7\u00e3o da licen\u00e7a para tratar de assuntos de interesse particular.<\/p>\n<\/td>\n<\/tr>\n<tr>\n<td><a href=\"portaltransparencia2017\/portarias2017\/031.pdf\">031<\/a><\/td>\n<td>Disp\u00f5e sobre exonera\u00e7\u00e3o de servidor por motivo de aposentadoria.<\/td>\n<\/tr>\n<tr>\n<td><a href=\"portaltransparencia2017\/portarias2017\/030.pdf\">030<\/a><\/td>\n<td>\n<p>Disp\u00f5e sobre exonera\u00e7\u00e3o de servidor por motivo de aposentadoria.<\/p>\n<\/td>\n<\/tr>\n<tr>\n<td><a href=\"portaltransparencia2017\/portarias2017\/029.pdf\">029<\/a><\/td>\n<td>Disp\u00f5e sobre exonera\u00e7\u00e3o de servidor por motivo de aposentadoria.<\/td>\n<\/tr>\n<tr>\n<td><a href=\"portaltransparencia2017\/portarias2017\/028.pdf\">028<\/a><\/td>\n<td>\n<p>Disp\u00f5e sobre concess\u00e3o da licen\u00e7a para tratar de assuntos de interesse particular.<\/p>\n<\/td>\n<\/tr>\n<tr>\n<td><a href=\"portaltransparencia2017\/portarias2017\/027.pdf\">027<\/a><\/td>\n<td>Disp\u00f5e sobre exonera\u00e7\u00e3o de servidor por motivo de aposentadoria.<\/td>\n<\/tr>\n<tr>\n<td><a href=\"portaltransparencia2017\/portarias2017\/026.pdf\">026<\/a><\/td>\n<td>\n<p>Nomeia comiss\u00e3o para proceder analise de amostras.<\/p>\n<\/td>\n<\/tr>\n<tr>\n<td><a href=\"portaltransparencia2017\/portarias2017\/025.pdf\">025<\/a><\/td>\n<td>\n<p>Nomeia equipe t\u00e9cnica do PMDE.<\/p>\n<\/td>\n<\/tr>\n<tr>\n<td><a href=\"portaltransparencia2017\/portarias2017\/024.pdf\">024<\/a><\/td>\n<td>\n<p>Nomeia comiss\u00e3o permanente de licita\u00e7\u00e3o.<\/p>\n<\/td>\n<\/tr>\n<tr>\n<td><a href=\"portaltransparencia2017\/portarias2017\/023.pdf\">023<\/a><\/td>\n<td>\n<p>Disp\u00f5e sobre exonera\u00e7\u00e3o de servidor por motivo de aposentadoria.<\/p>\n<\/td>\n<\/tr>\n<tr>\n<td><a href=\"portaltransparencia2017\/portarias2017\/022.pdf\">022<\/a><\/td>\n<td>Nomeia comiss\u00e3o para proceder a avalia\u00e7\u00e3o pr\u00e9via.<\/td>\n<\/tr>\n<tr>\n<td><a href=\"portaltransparencia2017\/portarias2017\/021.pdf\">021<\/a><\/td>\n<td>\n<p>Nomeia pregoeiro e respectiva equipe de apoio.<\/p>\n<\/td>\n<\/tr>\n<tr>\n<td><a href=\"portaltransparencia2017\/portarias2017\/020.pdf\">020<\/a><\/td>\n<td>\n<p>Nomeia comiss\u00e3o permanente de licita\u00e7\u00e3o.<\/p>\n<\/td>\n<\/tr>\n<tr>\n<td><a href=\"portaltransparencia2017\/portarias2017\/019.pdf\">019<\/a><\/td>\n<td>\n<p>Nomeia pregoeiro e respectiva equipe de apoio.<\/p>\n<\/td>\n<\/tr>\n<tr>\n<td><a href=\"portaltransparencia2017\/portarias2017\/018.pdf\">018<\/a><\/td>\n<td>\n<p>Nomeia comiss\u00e3o para proceder a avalia\u00e7\u00e3o pr\u00e9via.<\/p>\n<\/td>\n<\/tr>\n<tr>\n<td><a href=\"portaltransparencia2017\/portarias2017\/017.pdf\">017<\/a><\/td>\n<td>\n<p>Disp\u00f5e sobre designa\u00e7\u00e3o de servidor para a Secretaria Municipal de Sa\u00fade.<\/p>\n<\/td>\n<\/tr>\n<tr>\n<td><a href=\"portaltransparencia2017\/portarias2017\/016.pdf\">016<\/a><\/td>\n<td>Disp\u00f5e sobre designa\u00e7\u00e3o de servidora para a Secretaria Municipal de Educa\u00e7\u00e3o.<\/td>\n<\/tr>\n<tr>\n<td><a href=\"portaltransparencia2017\/portarias2017\/015.pdf\">015<\/a><\/td>\n<td>\n<p>Disp\u00f5e sobre designa\u00e7\u00e3o de servidora para gestora do programa Bolsa Fam\u00edlia.<\/p>\n<\/td>\n<\/tr>\n<tr>\n<td><a href=\"portaltransparencia2017\/portarias2017\/014.pdf\">014<\/a><\/td>\n<td>\n<p>Nomeia comiss\u00e3o para proceder a avalia\u00e7\u00e3o pr\u00e9via.<\/p>\n<\/td>\n<\/tr>\n<tr>\n<td><a href=\"portaltransparencia2017\/portarias2017\/013.pdf\">013<\/a><\/td>\n<td>\n<p>Disp\u00f5e sobre exonera\u00e7\u00e3o de servidor por motivo de aposentadoria.<\/p>\n<\/td>\n<\/tr>\n<tr>\n<td><a href=\"portaltransparencia2017\/portarias2017\/012.pdf\">012<\/a><\/td>\n<td>\n<p>Disp\u00f5e sobre exonera\u00e7\u00e3o de servidor por motivo de aposentadoria.<\/p>\n<\/td>\n<\/tr>\n<tr>\n<td><a href=\"portaltransparencia2017\/portarias2017\/011.pdf\">011<\/a><\/td>\n<td>Disp\u00f5e sobre exonera\u00e7\u00e3o de servidor por motivo de aposentadoria.<\/td>\n<\/tr>\n<tr>\n<td><a href=\"portaltransparencia2017\/portarias2017\/010.pdf\">010<\/a><\/td>\n<td>\n<p>Disp\u00f5e sobre exonera\u00e7\u00e3o de servidor por motivo de aposentadoria.<\/p>\n<\/td>\n<\/tr>\n<tr>\n<td><a href=\"portaltransparencia2017\/portarias2017\/009.pdf\">009<\/a><\/td>\n<td>Disp\u00f5e sobre exonera\u00e7\u00e3o de servidor por motivo de aposentadoria.<\/td>\n<\/tr>\n<tr>\n<td><a href=\"portaltransparencia2017\/portarias2017\/008.pdf\">008<\/a><\/td>\n<td>Disp\u00f5e sobre a prorroga\u00e7\u00e3o da licen\u00e7a para tratar de assuntos de interesse particular.<\/td>\n<\/tr>\n<tr>\n<td><a href=\"portaltransparencia2017\/portarias2017\/007.pdf\">007<\/a><\/td>\n<td>Disp\u00f5e sobre exonera\u00e7\u00e3o de servidor por motivo de aposentadoria.<\/td>\n<\/tr>\n<tr>\n<td><a href=\"portaltransparencia2017\/portarias2017\/006.pdf\">006<\/a><\/td>\n<td>Disp\u00f5e sobre a prorroga\u00e7\u00e3o da licen\u00e7a para tratar de assuntos de interesse particular.<\/td>\n<\/tr>\n<tr>\n<td><a href=\"portaltransparencia2017\/portarias2017\/005.pdf\">005<\/a><\/td>\n<td>\n<p>Designa comiss\u00e3o respons\u00e1vel para analisar a qualidade das amostras de kits escolares destinados aos alunos da rede Municipal de ensino de Baldim-MG.<\/p>\n<\/td>\n<\/tr>\n<tr>\n<td><a href=\"portaltransparencia2017\/portarias2017\/004.pdf\">004<\/a><\/td>\n<td>Disp\u00f5e sobre exonera\u00e7\u00e3o de servidor por motivo de aposentadoria.<\/td>\n<\/tr>\n<tr>\n<td><a href=\"portaltransparencia2017\/portarias2017\/003.pdf\">003<\/a><\/td>\n<td>Nomeia pregoeiro e respectiva equipe de apoio.<\/td>\n<\/tr>\n<tr>\n<td><a href=\"portaltransparencia2017\/portarias2017\/002.pdf\">002<\/a><\/td>\n<td>\n<p>Disp\u00f5e sobre concess\u00e3o da licen\u00e7a para tratar de assuntos de interesse particular.<\/p>\n<\/td>\n<\/tr>\n<\/tbody>\n<\/table>\n<p>&nbsp;<\/p>\t\t\t\t\t\t<\/div>\n\t\t\t\t<\/div>\n\t\t\t\t\t<\/div>\n\t\t<\/div>\n\t\t\t\t\t\t\t<\/div>\n\t\t<\/section>\n\t\t\t\t\t\t<\/div>\n\t\t\t\t\t<\/div>\n\t\t","protected":false},"excerpt":{"rendered":"<p>Portarias 2017 036 Designa comiss\u00e3o respons\u00e1vel para acompanhar o processo seletivo simplificado do edital 01\/2017. 035 Designa comiss\u00e3o respons\u00e1vel para analisar a qualidade das amostras de material de limpeza e prote\u00e7\u00e3o individual.<a class=\"moretag\" href=\"https:\/\/baldim.mg.gov.br\/wsite\/?page_id=2991\">leia mais<\/a><\/p>\n","protected":false},"author":2,"featured_media":0,"parent":0,"menu_order":0,"comment_status":"closed","ping_status":"closed","template":"","meta":{"footnotes":""},"class_list":["post-2991","page","type-page","status-publish","hentry"],"_links":{"self":[{"href":"https:\/\/baldim.mg.gov.br\/wsite\/index.php?rest_route=\/wp\/v2\/pages\/2991","targetHints":{"allow":["GET"]}}],"collection":[{"href":"https:\/\/baldim.mg.gov.br\/wsite\/index.php?rest_route=\/wp\/v2\/pages"}],"about":[{"href":"https:\/\/baldim.mg.gov.br\/wsite\/index.php?rest_route=\/wp\/v2\/types\/page"}],"author":[{"embeddable":true,"href":"https:\/\/baldim.mg.gov.br\/wsite\/index.php?rest_route=\/wp\/v2\/users\/2"}],"replies":[{"embeddable":true,"href":"https:\/\/baldim.mg.gov.br\/wsite\/index.php?rest_route=%2Fwp%2Fv2%2Fcomments&post=2991"}],"version-history":[{"count":4,"href":"https:\/\/baldim.mg.gov.br\/wsite\/index.php?rest_route=\/wp\/v2\/pages\/2991\/revisions"}],"predecessor-version":[{"id":3089,"href":"https:\/\/baldim.mg.gov.br\/wsite\/index.php?rest_route=\/wp\/v2\/pages\/2991\/revisions\/3089"}],"wp:attachment":[{"href":"https:\/\/baldim.mg.gov.br\/wsite\/index.php?rest_route=%2Fwp%2Fv2%2Fmedia&parent=2991"}],"curies":[{"name":"wp","href":"https:\/\/api.w.org\/{rel}","templated":true}]}}