{"id":2985,"date":"2025-07-01T01:11:51","date_gmt":"2025-07-01T01:11:51","guid":{"rendered":"https:\/\/baldim.mg.gov.br\/wsite\/?page_id=2985"},"modified":"2025-07-01T01:43:59","modified_gmt":"2025-07-01T01:43:59","slug":"portarias-2016","status":"publish","type":"page","link":"https:\/\/baldim.mg.gov.br\/wsite\/?page_id=2985","title":{"rendered":"Portarias 2016"},"content":{"rendered":"\t\t<div data-elementor-type=\"wp-page\" data-elementor-id=\"2985\" class=\"elementor elementor-2985\" data-elementor-settings=\"[]\">\n\t\t\t\t\t\t\t<div class=\"elementor-section-wrap\">\n\t\t\t\t\t\t\t<section class=\"elementor-section elementor-top-section elementor-element elementor-element-e01d99e elementor-section-boxed elementor-section-height-default elementor-section-height-default wpr-particle-no wpr-jarallax-no wpr-parallax-no wpr-sticky-section-no\" data-id=\"e01d99e\" data-element_type=\"section\">\n\t\t\t\t\t\t<div class=\"elementor-container elementor-column-gap-default\">\n\t\t\t\t\t<div class=\"elementor-column elementor-col-100 elementor-top-column elementor-element elementor-element-0864eba\" data-id=\"0864eba\" data-element_type=\"column\">\n\t\t\t<div class=\"elementor-widget-wrap elementor-element-populated\">\n\t\t\t\t\t\t\t\t\t<\/div>\n\t\t<\/div>\n\t\t\t\t\t\t\t<\/div>\n\t\t<\/section>\n\t\t\t\t<section class=\"elementor-section elementor-top-section elementor-element elementor-element-e7788a2 elementor-section-boxed elementor-section-height-default elementor-section-height-default wpr-particle-no wpr-jarallax-no wpr-parallax-no wpr-sticky-section-no\" data-id=\"e7788a2\" data-element_type=\"section\">\n\t\t\t\t\t\t<div class=\"elementor-container elementor-column-gap-default\">\n\t\t\t\t\t<div class=\"elementor-column elementor-col-100 elementor-top-column elementor-element elementor-element-5fc78b8\" data-id=\"5fc78b8\" data-element_type=\"column\">\n\t\t\t<div class=\"elementor-widget-wrap elementor-element-populated\">\n\t\t\t\t\t\t\t\t<div class=\"elementor-element elementor-element-e5bd5fd elementor-widget elementor-widget-text-editor\" data-id=\"e5bd5fd\" data-element_type=\"widget\" data-widget_type=\"text-editor.default\">\n\t\t\t\t<div class=\"elementor-widget-container\">\n\t\t\t<style>\/*! elementor - v3.5.4 - 23-01-2022 *\/\n.elementor-widget-text-editor.elementor-drop-cap-view-stacked .elementor-drop-cap{background-color:#818a91;color:#fff}.elementor-widget-text-editor.elementor-drop-cap-view-framed .elementor-drop-cap{color:#818a91;border:3px solid;background-color:transparent}.elementor-widget-text-editor:not(.elementor-drop-cap-view-default) .elementor-drop-cap{margin-top:8px}.elementor-widget-text-editor:not(.elementor-drop-cap-view-default) .elementor-drop-cap-letter{width:1em;height:1em}.elementor-widget-text-editor .elementor-drop-cap{float:left;text-align:center;line-height:1;font-size:50px}.elementor-widget-text-editor .elementor-drop-cap-letter{display:inline-block}<\/style>\t\t\t\t<p>Portarias 2016<\/p>\n<p>&nbsp;<\/p>\n<table style=\"border: 2px solid #000000; margin-left: auto; margin-right: auto;\" rules=\"all\">\n<tbody>\n<tr>\n<td>&nbsp;<a href=\"portaltransparencia2016\/portarias2016\/031.pdf\">031<\/a><\/td>\n<td>Disp\u00f5e sobre exonera\u00e7\u00e3o de servidor por motivo de aposentadoria.<\/td>\n<\/tr>\n<tr>\n<td>&nbsp;<a href=\"portaltransparencia2016\/portarias2016\/030.pdf\">030<\/a><\/td>\n<td>Designa comiss\u00e3o respons\u00e1vel para acompanhar o processo seletivo simplificado do edital 02\/2016.<\/td>\n<\/tr>\n<tr>\n<td>&nbsp;<a href=\"portaltransparencia2016\/portarias2016\/029.pdf\">029<\/a><\/td>\n<td>Designa comiss\u00e3o respons\u00e1vel para analisar a qualidade das amostras de material de limpeza e prote\u00e7\u00e3o individual.<\/td>\n<\/tr>\n<tr>\n<td>&nbsp;<a href=\"portaltransparencia2016\/portarias2016\/028.pdf\">028<\/a><\/td>\n<td>\n<p>Disp\u00f5e sobre exonera\u00e7\u00e3o de servidor por motivo de aposentadoria.<\/p>\n<\/td>\n<\/tr>\n<tr>\n<td>&nbsp;<a href=\"portaltransparencia2016\/portarias2016\/027.pdf\">027<\/a><\/td>\n<td>\n<p>Nomeia comiss\u00e3o para realiza\u00e7\u00e3o de processo disciplinar.<\/p>\n<\/td>\n<\/tr>\n<tr>\n<td>&nbsp;<a href=\"portaltransparencia2016\/portarias2016\/026.pdf\">026<\/a><\/td>\n<td>Disp\u00f5e sobre exonera\u00e7\u00e3o de servidor por motivo de aposentadoria.<\/td>\n<\/tr>\n<tr>\n<td>&nbsp;<a href=\"portaltransparencia2016\/portarias2016\/025.pdf\">025<\/a><\/td>\n<td>\n<p>Disp\u00f5e sobre exonera\u00e7\u00e3o de servidor por motivo de aposentadoria.<\/p>\n<\/td>\n<\/tr>\n<tr>\n<td>&nbsp;<a href=\"portaltransparencia2016\/portarias2016\/024.pdf\">024<\/a><\/td>\n<td>Disp\u00f5e sobre a prorroga\u00e7\u00e3o da licen\u00e7a para tratar de assuntos de interesse particular.<\/td>\n<\/tr>\n<tr>\n<td>&nbsp;<a href=\"portaltransparencia2016\/portarias2016\/023.pdf\">023<\/a><\/td>\n<td>Disp\u00f5e sobre concess\u00e3o da licen\u00e7a para tratar de assuntos de interesse particular.<\/td>\n<\/tr>\n<tr>\n<td>&nbsp;<a href=\"portaltransparencia2016\/portarias2016\/022.pdf\">022<\/a><\/td>\n<td>\n<p>Retorno de servidores que se afastaram para candidatar nas elei\u00e7\u00f5es de 2016.<\/p>\n<\/td>\n<\/tr>\n<tr>\n<td>&nbsp;<a href=\"portaltransparencia2016\/portarias2016\/021.pdf\">021<\/a><\/td>\n<td>Disp\u00f5e sobre exonera\u00e7\u00e3o de Servidor por motivo de aposentadoria. &nbsp;<\/td>\n<\/tr>\n<tr>\n<td>&nbsp;<a href=\"portaltransparencia2016\/portarias2016\/020.pdf\">020<\/a><\/td>\n<td>\n<p>Transfer\u00eancia de funcion\u00e1ria.<\/p>\n<\/td>\n<\/tr>\n<tr>\n<td>&nbsp;<a href=\"portaltransparencia2016\/portarias2016\/019.pdf\">019<\/a><\/td>\n<td>Disp\u00f5e altera\u00e7\u00e3o na layout da Nota Fiscal Eletr\u00f4nica de Servi\u00e7os- NFS- e d\u00e1 outras provid\u00eancias.<\/td>\n<\/tr>\n<tr>\n<td>&nbsp;<a href=\"portaltransparencia2016\/portarias2016\/018.pdf\">018<\/a><\/td>\n<td>Disp\u00f5e sobre interrup\u00e7\u00e3o da licen\u00e7a para tratar de assuntos de interesse particular.<\/td>\n<\/tr>\n<tr>\n<td>&nbsp;<a href=\"portaltransparencia2016\/portarias2016\/017.pdf\">017<\/a><\/td>\n<td>Disp\u00f5e sobre interrup\u00e7\u00e3o da licen\u00e7a para tratar de assuntos de interesse particular.<\/td>\n<\/tr>\n<tr>\n<td>&nbsp;<a href=\"portaltransparencia2016\/portarias2016\/016.pdf\">016<\/a><\/td>\n<td>Afasta servidores a pedido para candidatar nas elei\u00e7\u00f5es de 2016.&nbsp;<\/td>\n<\/tr>\n<tr>\n<td>&nbsp;<a href=\"portaltransparencia2016\/portarias2016\/015.pdf\">015<\/a><\/td>\n<td>Disp\u00f5e sobre exonera\u00e7\u00e3o de Servidor por motivo de aposentadoria.<\/td>\n<\/tr>\n<tr>\n<td>&nbsp;<a href=\"portaltransparencia2016\/portarias2016\/014.pdf\">014<\/a><\/td>\n<td>\n<p>Disp\u00f5e sobre prorroga\u00e7\u00e3o da licen\u00e7a para tratar de assuntos de interesse particular.<\/p>\n<\/td>\n<\/tr>\n<tr>\n<td>&nbsp;<a href=\"portaltransparencia2016\/portarias2016\/013.pdf\">013<\/a><\/td>\n<td>\n<p>Disp\u00f5e sobre concess\u00e3o da licen\u00e7a para tratar de assuntos de interesse particular.<\/p>\n<\/td>\n<\/tr>\n<tr>\n<td>&nbsp;<a href=\"portaltransparencia2016\/portarias2016\/012.pdf\">012<\/a><\/td>\n<td>\n<p>Disp\u00f5e sobre concess\u00e3o da licen\u00e7a para tratar de assuntos de interesse particular.<\/p>\n<\/td>\n<\/tr>\n<tr>\n<td>&nbsp;<a href=\"portaltransparencia2016\/portarias2016\/011.pdf\">011<\/a><\/td>\n<td>\n<p>Disp\u00f5e sobre interrup\u00e7\u00e3o da licen\u00e7a para tratar de assuntos de interesse particular.<\/p>\n<\/td>\n<\/tr>\n<tr>\n<td>&nbsp;<a href=\"portaltransparencia2016\/portarias2016\/010.pdf\">010<\/a><\/td>\n<td>Disp\u00f5e sobre exonera\u00e7\u00e3o de servidor por motivo de aposentadoria.<\/td>\n<\/tr>\n<tr>\n<td>&nbsp;<a href=\"portaltransparencia2016\/portarias2016\/009.pdf\">009<\/a><\/td>\n<td>\n<p>Disp\u00f5e sobre concess\u00e3o da licen\u00e7a para tratar de assuntos de interesse particular.<\/p>\n<\/td>\n<\/tr>\n<tr>\n<td>&nbsp;<a href=\"portaltransparencia2016\/portarias2016\/008.pdf\">008<\/a><\/td>\n<td>\n<p>Disp\u00f5e sobre interrup\u00e7\u00e3o da licen\u00e7a para tratar de assuntos de interesse particular.<\/p>\n<\/td>\n<\/tr>\n<tr>\n<td>&nbsp;<a href=\"portaltransparencia2016\/portarias2016\/007.pdf\">007<\/a><\/td>\n<td>\n<p>Disp\u00f5e sobre interrup\u00e7\u00e3o da licen\u00e7a para tratar de assuntos de interesse particular.<\/p>\n<\/td>\n<\/tr>\n<tr>\n<td>&nbsp;<a href=\"portaltransparencia2016\/portarias2016\/006.pdf\">006<\/a><\/td>\n<td>\n<p>Disp\u00f5e sobre interrup\u00e7\u00e3o da licen\u00e7a para tratar de assuntos de interesse particular.<\/p>\n<\/td>\n<\/tr>\n<tr>\n<td>&nbsp;<a href=\"portaltransparencia2016\/portarias2016\/005.pdf\">005<\/a>&nbsp;<\/td>\n<td>Nomeia pregoeiro e respectiva equipe de apoio.<\/td>\n<\/tr>\n<tr>\n<td>&nbsp;<a href=\"portaltransparencia2016\/portarias2016\/002.pdf\">002<\/a><\/td>\n<td>Disp\u00f5e sobre interrup\u00e7\u00e3o da licen\u00e7a para tratar de assuntos de interesse particular.<\/td>\n<\/tr>\n<tr>\n<td>&nbsp;<a href=\"portaltransparencia2016\/portarias2016\/001.pdf\">001<\/a><\/td>\n<td>Disp\u00f5e sobre interrup\u00e7\u00e3o da licen\u00e7a para tratar de assuntos de interesse particular.<\/td>\n<\/tr>\n<\/tbody>\n<\/table>\n<p>&nbsp;<\/p>\t\t\t\t\t\t<\/div>\n\t\t\t\t<\/div>\n\t\t\t\t\t<\/div>\n\t\t<\/div>\n\t\t\t\t\t\t\t<\/div>\n\t\t<\/section>\n\t\t\t\t\t\t<\/div>\n\t\t\t\t\t<\/div>\n\t\t","protected":false},"excerpt":{"rendered":"<p>Portarias 2016 &nbsp; &nbsp;031 Disp\u00f5e sobre exonera\u00e7\u00e3o de servidor por motivo de aposentadoria. &nbsp;030 Designa comiss\u00e3o respons\u00e1vel para acompanhar o processo seletivo simplificado do edital 02\/2016. &nbsp;029 Designa comiss\u00e3o respons\u00e1vel para analisar<a class=\"moretag\" href=\"https:\/\/baldim.mg.gov.br\/wsite\/?page_id=2985\">leia mais<\/a><\/p>\n","protected":false},"author":2,"featured_media":0,"parent":0,"menu_order":0,"comment_status":"closed","ping_status":"closed","template":"","meta":{"footnotes":""},"class_list":["post-2985","page","type-page","status-publish","hentry"],"_links":{"self":[{"href":"https:\/\/baldim.mg.gov.br\/wsite\/index.php?rest_route=\/wp\/v2\/pages\/2985","targetHints":{"allow":["GET"]}}],"collection":[{"href":"https:\/\/baldim.mg.gov.br\/wsite\/index.php?rest_route=\/wp\/v2\/pages"}],"about":[{"href":"https:\/\/baldim.mg.gov.br\/wsite\/index.php?rest_route=\/wp\/v2\/types\/page"}],"author":[{"embeddable":true,"href":"https:\/\/baldim.mg.gov.br\/wsite\/index.php?rest_route=\/wp\/v2\/users\/2"}],"replies":[{"embeddable":true,"href":"https:\/\/baldim.mg.gov.br\/wsite\/index.php?rest_route=%2Fwp%2Fv2%2Fcomments&post=2985"}],"version-history":[{"count":4,"href":"https:\/\/baldim.mg.gov.br\/wsite\/index.php?rest_route=\/wp\/v2\/pages\/2985\/revisions"}],"predecessor-version":[{"id":3086,"href":"https:\/\/baldim.mg.gov.br\/wsite\/index.php?rest_route=\/wp\/v2\/pages\/2985\/revisions\/3086"}],"wp:attachment":[{"href":"https:\/\/baldim.mg.gov.br\/wsite\/index.php?rest_route=%2Fwp%2Fv2%2Fmedia&parent=2985"}],"curies":[{"name":"wp","href":"https:\/\/api.w.org\/{rel}","templated":true}]}}