{"id":2976,"date":"2025-07-01T01:11:23","date_gmt":"2025-07-01T01:11:23","guid":{"rendered":"https:\/\/baldim.mg.gov.br\/wsite\/?page_id=2976"},"modified":"2025-07-01T01:42:54","modified_gmt":"2025-07-01T01:42:54","slug":"portarias-2015","status":"publish","type":"page","link":"https:\/\/baldim.mg.gov.br\/wsite\/?page_id=2976","title":{"rendered":"Portarias 2015"},"content":{"rendered":"\t\t<div data-elementor-type=\"wp-page\" data-elementor-id=\"2976\" class=\"elementor elementor-2976\" data-elementor-settings=\"[]\">\n\t\t\t\t\t\t\t<div class=\"elementor-section-wrap\">\n\t\t\t\t\t\t\t<section class=\"elementor-section elementor-top-section elementor-element elementor-element-f75700b elementor-section-boxed elementor-section-height-default elementor-section-height-default wpr-particle-no wpr-jarallax-no wpr-parallax-no wpr-sticky-section-no\" data-id=\"f75700b\" data-element_type=\"section\">\n\t\t\t\t\t\t<div class=\"elementor-container elementor-column-gap-default\">\n\t\t\t\t\t<div class=\"elementor-column elementor-col-100 elementor-top-column elementor-element elementor-element-cf0e70c\" data-id=\"cf0e70c\" data-element_type=\"column\">\n\t\t\t<div class=\"elementor-widget-wrap elementor-element-populated\">\n\t\t\t\t\t\t\t\t\t<\/div>\n\t\t<\/div>\n\t\t\t\t\t\t\t<\/div>\n\t\t<\/section>\n\t\t\t\t<section class=\"elementor-section elementor-top-section elementor-element elementor-element-f1c95fb elementor-section-boxed elementor-section-height-default elementor-section-height-default wpr-particle-no wpr-jarallax-no wpr-parallax-no wpr-sticky-section-no\" data-id=\"f1c95fb\" data-element_type=\"section\">\n\t\t\t\t\t\t<div class=\"elementor-container elementor-column-gap-default\">\n\t\t\t\t\t<div class=\"elementor-column elementor-col-100 elementor-top-column elementor-element elementor-element-fa286bc\" data-id=\"fa286bc\" data-element_type=\"column\">\n\t\t\t<div class=\"elementor-widget-wrap elementor-element-populated\">\n\t\t\t\t\t\t\t\t<div class=\"elementor-element elementor-element-847e295 elementor-widget elementor-widget-text-editor\" data-id=\"847e295\" data-element_type=\"widget\" data-widget_type=\"text-editor.default\">\n\t\t\t\t<div class=\"elementor-widget-container\">\n\t\t\t<style>\/*! elementor - v3.5.4 - 23-01-2022 *\/\n.elementor-widget-text-editor.elementor-drop-cap-view-stacked .elementor-drop-cap{background-color:#818a91;color:#fff}.elementor-widget-text-editor.elementor-drop-cap-view-framed .elementor-drop-cap{color:#818a91;border:3px solid;background-color:transparent}.elementor-widget-text-editor:not(.elementor-drop-cap-view-default) .elementor-drop-cap{margin-top:8px}.elementor-widget-text-editor:not(.elementor-drop-cap-view-default) .elementor-drop-cap-letter{width:1em;height:1em}.elementor-widget-text-editor .elementor-drop-cap{float:left;text-align:center;line-height:1;font-size:50px}.elementor-widget-text-editor .elementor-drop-cap-letter{display:inline-block}<\/style>\t\t\t\t<p>Portarias 2015<\/p>\n<table style=\"border: 2px solid #000000; margin-left: auto; margin-right: auto;\" rules=\"all\">\n<tbody>\n<tr>\n<td>&nbsp;<a href=\"portaltransparencia2015\/portarias2015\/038.pdf\">038<\/a>&nbsp;&nbsp;<\/td>\n<td>Disp\u00f5e sobre exonera\u00e7\u00e3o de Servidor por motivo de aposentadoria.<\/td>\n<\/tr>\n<tr>\n<td>&nbsp;<a href=\"portaltransparencia2015\/portarias2015\/037.pdf\">037<\/a><\/td>\n<td>\n<p>Disp\u00f5e sobre interrup\u00e7\u00e3o da licen\u00e7a para tratar de assuntos de interesse particular.<\/p>\n<\/td>\n<\/tr>\n<tr>\n<td>&nbsp;<a href=\"portaltransparencia2015\/portarias2015\/035.pdf\">035<\/a><\/td>\n<td>Disp\u00f5e sobre exonera\u00e7\u00e3o de Servidor por motivo de aposentadoria.<\/td>\n<\/tr>\n<tr>\n<td>&nbsp;<a href=\"portaltransparencia2015\/portarias2015\/034.pdf\">034<\/a><\/td>\n<td>Disp\u00f5e sobre exonera\u00e7\u00e3o de Servidor por motivo de aposentadoria.<\/td>\n<\/tr>\n<tr>\n<td>&nbsp;<a href=\"portaltransparencia2015\/portarias2015\/033.pdf\">033<\/a><\/td>\n<td>Disp\u00f5e sobre prorroga\u00e7\u00e3o de licen\u00e7a para tratar de assuntos de interesse particular.<\/td>\n<\/tr>\n<tr>\n<td>&nbsp;<a href=\"portaltransparencia2015\/portarias2015\/032.pdf\">032<\/a><\/td>\n<td>Disp\u00f5e sobre exonera\u00e7\u00e3o de Servidor por motivo de aposentadoria.<\/td>\n<\/tr>\n<tr>\n<td>&nbsp;<a href=\"portaltransparencia2015\/portarias2015\/031.pdf\">031<\/a><\/td>\n<td>\n<p>Altera a lota\u00e7\u00e3o de servidor e d\u00e1 outras provid\u00eancias.<\/p>\n<\/td>\n<\/tr>\n<tr>\n<td>&nbsp;<a href=\"portaltransparencia2015\/portarias2015\/030.pdf\">030<\/a><\/td>\n<td>\n<p>Disp\u00f5e sobre prorroga\u00e7\u00e3o de licen\u00e7a para tratar de assuntos de interesse particular.<\/p>\n<\/td>\n<\/tr>\n<tr>\n<td>&nbsp;<a href=\"portaltransparencia2015\/portarias2015\/029.pdf\">029<\/a><\/td>\n<td>Concede pens\u00e3o por morte, em car\u00e1ter integral e vital\u00edcio, a dependente do servidor inativo falecido, Sr. Jo\u00e3o Rosa Martins, nos termos do Art.227, da Lei Municipal 597\/1997 de 30\/06\/1997 que disp\u00f5e sobre o estatuto dos servidores do Munic\u00edpio de Baldim-MG, e d\u00e1 outras provid\u00eancias.<\/td>\n<\/tr>\n<tr>\n<td>&nbsp;<a href=\"portaltransparencia2015\/portarias2015\/028.pdf\">028<\/a><\/td>\n<td>\n<p>Designa servidor na Secretaria Municipal de Educa\u00e7\u00e3o no Munic\u00edpio de Baldim.<\/p>\n<\/td>\n<\/tr>\n<tr>\n<td>&nbsp;<a href=\"portaltransparencia2015\/portarias2015\/027.pdf\">027<\/a><\/td>\n<td>\n<p>Cancela designa\u00e7\u00e3o para exercer a un\u00e7\u00e3o gratificada na Secretaria da Escola Municipal S\u00e3o Bernardo-Baldim\/MG.<\/p>\n<\/td>\n<\/tr>\n<tr>\n<td>&nbsp;<a href=\"portaltransparencia2015\/portarias2015\/026.pdf\">026<\/a><\/td>\n<td>Disp\u00f5e sobre interrup\u00e7\u00e3o da licen\u00e7a para tratar de assuntos de interesse particular.<\/td>\n<\/tr>\n<tr>\n<td>&nbsp;<a href=\"portaltransparencia2015\/portarias2015\/025.pdf\">025<\/a><\/td>\n<td>Disp\u00f5e sobre interrup\u00e7\u00e3o da licen\u00e7a para tratar de assuntos de interesse particular.<\/td>\n<\/tr>\n<tr>\n<td>&nbsp;<a href=\"portaltransparencia2015\/portarias2015\/024.pdf\">024<\/a><\/td>\n<td>\n<p>Disp\u00f5e sobre concess\u00e3o da licen\u00e7a para tratar de assuntos de interesse particular.<\/p>\n<\/td>\n<\/tr>\n<tr>\n<td>&nbsp;<a href=\"portaltransparencia2015\/portarias2015\/023.pdf\">023<\/a><\/td>\n<td>\n<p>Disp\u00f5e sobre prorroga\u00e7\u00e3o da licen\u00e7a para tratar de assuntos de interesse particular.<\/p>\n<\/td>\n<\/tr>\n<tr>\n<td>&nbsp;<a href=\"portaltransparencia2015\/portarias2015\/022.pdf\">022<\/a><\/td>\n<td>Disp\u00f5e sobre prorroga\u00e7\u00e3o da licen\u00e7a para tratar de assuntos de interesse particular.<\/td>\n<\/tr>\n<tr>\n<td>&nbsp;<a href=\"portaltransparencia2015\/portarias2015\/021.pdf\">021<\/a><\/td>\n<td>Nomeia comiss\u00e3o para proceder a avalia\u00e7\u00e3o pr\u00e9via.<\/td>\n<\/tr>\n<tr>\n<td><a href=\"portaltransparencia2015\/portarias2015\/020.pdf\">&nbsp;020<\/a><\/td>\n<td>\n<p>Disp\u00f5e sobre prorroga\u00e7\u00e3o da licen\u00e7a para tratar de assuntos de interesse particular.<\/p>\n<\/td>\n<\/tr>\n<tr>\n<td>&nbsp;<a href=\"portaltransparencia2015\/portarias2015\/019.pdf\">019<\/a><\/td>\n<td>\n<p>Disp\u00f5e sobre prorroga\u00e7\u00e3o da licen\u00e7a para tratar de assuntos de interesse particular.<\/p>\n<\/td>\n<\/tr>\n<tr>\n<td>&nbsp;<a href=\"portaltransparencia2015\/portarias2015\/018.pdf\">018<\/a><\/td>\n<td>\n<p>Disp\u00f5e sobre prorroga\u00e7\u00e3o da licen\u00e7a para tratar de assuntos de interesse particular.<\/p>\n<\/td>\n<\/tr>\n<tr>\n<td>&nbsp;<a href=\"portaltransparencia2015\/portarias2015\/017.pdf\">017<\/a><\/td>\n<td>Disp\u00f5e sobre concess\u00e3o da licen\u00e7a para tratar de assuntos de interesse particular.<\/td>\n<\/tr>\n<tr>\n<td>&nbsp;<a href=\"portaltransparencia2015\/portarias2015\/016.pdf\">016<\/a><\/td>\n<td>\n<p>Disp\u00f5e sobre prorroga\u00e7\u00e3o da licen\u00e7a para tratar de assuntos de interesse particular.<\/p>\n<\/td>\n<\/tr>\n<tr>\n<td>&nbsp;<a href=\"portaltransparencia2015\/portarias2015\/015.pdf\">015<\/a><\/td>\n<td>Disp\u00f5e sobre licen\u00e7a para tratar de assuntos de interesse particular.<\/td>\n<\/tr>\n<tr>\n<td>&nbsp;<a href=\"portaltransparencia2015\/portarias2015\/014.pdf\">014<\/a><\/td>\n<td>Disp\u00f5e sobre prorroga\u00e7\u00e3o da licen\u00e7a para tratar de assuntos de interesse particular.<\/td>\n<\/tr>\n<tr>\n<td>&nbsp;<a href=\"portaltransparencia2015\/portarias2015\/013.pdf\">013<\/a><\/td>\n<td>\n<p>Designa comiss\u00e3o respons\u00e1vel para analisar a qualidade das amostras dos itens dos Processos de Odontologia e Pr\u00f3teses dent\u00e1rias.<\/p>\n<\/td>\n<\/tr>\n<tr>\n<td>&nbsp;<a href=\"portaltransparencia2015\/portarias2015\/012.pdf\">012<\/a><\/td>\n<td>Disp\u00f5e sobre interrup\u00e7\u00e3o da licen\u00e7a para tratar de assuntos de interesse particular.<\/td>\n<\/tr>\n<tr>\n<td>&nbsp;<a href=\"portaltransparencia2015\/portarias2015\/011.pdf\">011<\/a><\/td>\n<td>\n<p>Disp\u00f5e sobre concess\u00e3o da licen\u00e7a para tratar de assuntos de interesse particular.<\/p>\n<\/td>\n<\/tr>\n<tr>\n<td>&nbsp;<a href=\"portaltransparencia2015\/portarias2015\/010.pdf\">010<\/a><\/td>\n<td>\n<p>Designa servidora para ser respons\u00e1vel pela Tesouraria da Prefeitura Municipal de Baldim.<\/p>\n<\/td>\n<\/tr>\n<tr>\n<td>&nbsp;<a href=\"portaltransparencia2015\/portarias2015\/009.pdf\">009<\/a><\/td>\n<td>\n<p>Disp\u00f5e sobre prorroga\u00e7\u00e3o de licen\u00e7a para tratar de assuntos de interesse particular.<\/p>\n<\/td>\n<\/tr>\n<tr>\n<td>&nbsp;<a href=\"portaltransparencia2015\/portarias2015\/008.pdf\">008<\/a><\/td>\n<td>\n<p>Designa servidor para exercer a fun\u00e7\u00e3o gratificada de Coordenador da Escola Municipal de Vargem Grande.<\/p>\n<\/td>\n<\/tr>\n<tr>\n<td>&nbsp;<a href=\"portaltransparencia2015\/portarias2015\/007.pdf\">007<\/a><\/td>\n<td>Cancela designa\u00e7\u00e3o para exercer a fun\u00e7\u00e3o gratificada de Coordenador da Escola Municipal de Vargem Grande.<\/td>\n<\/tr>\n<tr>\n<td>&nbsp;<a href=\"portaltransparencia2015\/portarias2015\/006.pdf\">006<\/a><\/td>\n<td>\n<p>Disp\u00f5e sobre interrup\u00e7\u00e3o da licen\u00e7a para tratar de assuntos de interesse particular.<\/p>\n<\/td>\n<\/tr>\n<tr>\n<td>&nbsp;<a href=\"portaltransparencia2015\/portarias2015\/004.pdf\">004<\/a><\/td>\n<td>\n<p>Designa comiss\u00e3o respons\u00e1vel para analisar a qualidade das amostras dos itens dos processos de odontologia e pr\u00f3teses dent\u00e1rias.<\/p>\n<\/td>\n<\/tr>\n<tr>\n<td>&nbsp;<a href=\"portaltransparencia2015\/portarias2015\/003.pdf\">003<\/a><\/td>\n<td>\n<p>Nomeia pregoeiro e respectiva equipe de apoio.<\/p>\n<\/td>\n<\/tr>\n<tr>\n<td>&nbsp;<a href=\"portaltransparencia2015\/portarias2015\/002.pdf\">002<\/a><\/td>\n<td>\n<p>Disp\u00f5e sobre continua\u00e7\u00e3o da licen\u00e7a para tratar de assuntos de interesse particular.<\/p>\n<\/td>\n<\/tr>\n<tr>\n<td>&nbsp;<a href=\"portaltransparencia2015\/portarias2015\/001.pdf\">001<\/a><\/td>\n<td>\n<p>Disp\u00f5e sobre concess\u00e3o de licen\u00e7a para tratar de assuntos de interesse particular.<\/p>\n<\/td>\n<\/tr>\n<\/tbody>\n<\/table>\n<p>&nbsp;<\/p>\t\t\t\t\t\t<\/div>\n\t\t\t\t<\/div>\n\t\t\t\t\t<\/div>\n\t\t<\/div>\n\t\t\t\t\t\t\t<\/div>\n\t\t<\/section>\n\t\t\t\t\t\t<\/div>\n\t\t\t\t\t<\/div>\n\t\t","protected":false},"excerpt":{"rendered":"<p>Portarias 2015 &nbsp;038&nbsp;&nbsp; Disp\u00f5e sobre exonera\u00e7\u00e3o de Servidor por motivo de aposentadoria. &nbsp;037 Disp\u00f5e sobre interrup\u00e7\u00e3o da licen\u00e7a para tratar de assuntos de interesse particular. &nbsp;035 Disp\u00f5e sobre exonera\u00e7\u00e3o de Servidor por<a class=\"moretag\" href=\"https:\/\/baldim.mg.gov.br\/wsite\/?page_id=2976\">leia mais<\/a><\/p>\n","protected":false},"author":2,"featured_media":0,"parent":0,"menu_order":0,"comment_status":"closed","ping_status":"closed","template":"","meta":{"footnotes":""},"class_list":["post-2976","page","type-page","status-publish","hentry"],"_links":{"self":[{"href":"https:\/\/baldim.mg.gov.br\/wsite\/index.php?rest_route=\/wp\/v2\/pages\/2976","targetHints":{"allow":["GET"]}}],"collection":[{"href":"https:\/\/baldim.mg.gov.br\/wsite\/index.php?rest_route=\/wp\/v2\/pages"}],"about":[{"href":"https:\/\/baldim.mg.gov.br\/wsite\/index.php?rest_route=\/wp\/v2\/types\/page"}],"author":[{"embeddable":true,"href":"https:\/\/baldim.mg.gov.br\/wsite\/index.php?rest_route=\/wp\/v2\/users\/2"}],"replies":[{"embeddable":true,"href":"https:\/\/baldim.mg.gov.br\/wsite\/index.php?rest_route=%2Fwp%2Fv2%2Fcomments&post=2976"}],"version-history":[{"count":4,"href":"https:\/\/baldim.mg.gov.br\/wsite\/index.php?rest_route=\/wp\/v2\/pages\/2976\/revisions"}],"predecessor-version":[{"id":3083,"href":"https:\/\/baldim.mg.gov.br\/wsite\/index.php?rest_route=\/wp\/v2\/pages\/2976\/revisions\/3083"}],"wp:attachment":[{"href":"https:\/\/baldim.mg.gov.br\/wsite\/index.php?rest_route=%2Fwp%2Fv2%2Fmedia&parent=2976"}],"curies":[{"name":"wp","href":"https:\/\/api.w.org\/{rel}","templated":true}]}}