{"id":2964,"date":"2025-07-01T01:10:26","date_gmt":"2025-07-01T01:10:26","guid":{"rendered":"https:\/\/baldim.mg.gov.br\/wsite\/?page_id=2964"},"modified":"2025-07-01T01:48:24","modified_gmt":"2025-07-01T01:48:24","slug":"portarias-2020","status":"publish","type":"page","link":"https:\/\/baldim.mg.gov.br\/wsite\/?page_id=2964","title":{"rendered":"Portarias 2020"},"content":{"rendered":"\t\t<div data-elementor-type=\"wp-page\" data-elementor-id=\"2964\" class=\"elementor elementor-2964\" data-elementor-settings=\"[]\">\n\t\t\t\t\t\t\t<div class=\"elementor-section-wrap\">\n\t\t\t\t\t\t\t<section class=\"elementor-section elementor-top-section elementor-element elementor-element-1f9be29 elementor-section-boxed elementor-section-height-default elementor-section-height-default wpr-particle-no wpr-jarallax-no wpr-parallax-no wpr-sticky-section-no\" data-id=\"1f9be29\" data-element_type=\"section\">\n\t\t\t\t\t\t<div class=\"elementor-container elementor-column-gap-default\">\n\t\t\t\t\t<div class=\"elementor-column elementor-col-100 elementor-top-column elementor-element elementor-element-b64c156\" data-id=\"b64c156\" data-element_type=\"column\">\n\t\t\t<div class=\"elementor-widget-wrap elementor-element-populated\">\n\t\t\t\t\t\t\t\t\t<\/div>\n\t\t<\/div>\n\t\t\t\t\t\t\t<\/div>\n\t\t<\/section>\n\t\t\t\t<section class=\"elementor-section elementor-top-section elementor-element elementor-element-b8c9854 elementor-section-boxed elementor-section-height-default elementor-section-height-default wpr-particle-no wpr-jarallax-no wpr-parallax-no wpr-sticky-section-no\" data-id=\"b8c9854\" data-element_type=\"section\">\n\t\t\t\t\t\t<div class=\"elementor-container elementor-column-gap-default\">\n\t\t\t\t\t<div class=\"elementor-column elementor-col-100 elementor-top-column elementor-element elementor-element-ddfd1cb\" data-id=\"ddfd1cb\" data-element_type=\"column\">\n\t\t\t<div class=\"elementor-widget-wrap elementor-element-populated\">\n\t\t\t\t\t\t\t\t<div class=\"elementor-element elementor-element-43e52c8 elementor-widget elementor-widget-text-editor\" data-id=\"43e52c8\" data-element_type=\"widget\" data-widget_type=\"text-editor.default\">\n\t\t\t\t<div class=\"elementor-widget-container\">\n\t\t\t<style>\/*! elementor - v3.5.4 - 23-01-2022 *\/\n.elementor-widget-text-editor.elementor-drop-cap-view-stacked .elementor-drop-cap{background-color:#818a91;color:#fff}.elementor-widget-text-editor.elementor-drop-cap-view-framed .elementor-drop-cap{color:#818a91;border:3px solid;background-color:transparent}.elementor-widget-text-editor:not(.elementor-drop-cap-view-default) .elementor-drop-cap{margin-top:8px}.elementor-widget-text-editor:not(.elementor-drop-cap-view-default) .elementor-drop-cap-letter{width:1em;height:1em}.elementor-widget-text-editor .elementor-drop-cap{float:left;text-align:center;line-height:1;font-size:50px}.elementor-widget-text-editor .elementor-drop-cap-letter{display:inline-block}<\/style>\t\t\t\t<p>Portarias 2020<\/p><table style=\"background-color: #f5f5f5; border: 2px solid #000000; margin-left: auto; margin-right: auto;\" rules=\"all\"><tbody><tr><td><strong><em>Portaria N\u00ba<\/em><\/strong><\/td><td><strong><em>Ementa<\/em><\/strong><\/td><\/tr><tr><td><a href=\"portaltransparencia2020\/portaria2020\/035.pdf\">035\/2020<\/a><\/td><td><p>NOMEIA\u00a0 COMISS\u00c3O PARA PROCEDER A AVALIA\u00c7\u00c3O PR\u00c9VIA<\/p><\/td><\/tr><tr><td><a href=\"portaltransparencia2020\/portaria2020\/034.pdf\">034\/2020<\/a><\/td><td><p>DISPOE SABRE A HOMOLAGA\u00c7\u00c3O DA ADESAO DO MUNICIPIO\u00a0 DE BALDIM AO CURRICULO REFERENCIA DE MINAS GERAIS, E DA\u00a0 OUTRAS PROVIDENCIAS.<\/p><\/td><\/tr><tr><td><a href=\"portaltransparencia2020\/portaria2020\/033.pdf\">033\/2020<\/a><\/td><td><p>DISP\u00d5E SOBRE DESIGNA\u00c7\u00c3O DE SERVIDOR PARA A SECRETARIA MUNICIPAL DE INFRAESTRURA.<\/p><\/td><\/tr><tr><td><a href=\"portaltransparencia2020\/portaria2020\/032.pdf\">032\/2020<\/a><\/td><td><p>CONCEDE PENS\u00c3O POR MORTE, EM CAE\u00c1TER INTEGRAL E VITAL\u00cdCIO, A DEPENDENTE DA SERVIDORA INATIVA FALECIDA, SRA. LOURDES DE SENA SANTOS, NOS TERMOS DO ART. 227, DA LEI MUNICIPAL N\u00b0 597\/1997, DE 30\/09\/1997 QUE DISP\u00d5E SOBRE O ESTATUTO DOS SERVIDORES DO MUNIC\u00cdOPIO DE BALDIM-MG., E D\u00c1 OUTRAS PROVID\u00caNCIAS.<\/p><\/td><\/tr><tr><td><a href=\"portaltransparencia2020\/portaria2020\/031.pdf\">031\/2020<\/a><\/td><td><p>DISP\u00d5E SOBRE EXONERA\u00c7\u00c3O DE SERVIDOR POR MOTIVO DE FALECIMENTO.<\/p><\/td><\/tr><tr><td><a href=\"portaltransparencia2020\/portaria2020\/030.pdf\">030\/2020<\/a><\/td><td><p>DISP\u00d5E\u00a0 SOBRE EXONERA\u00c7\u00c3O DE SERVIDOR POR MOTIVO DE FALECIMENTO.<\/p><\/td><\/tr><tr><td><a href=\"portaltransparencia2020\/portaria2020\/029.pdf\">029\/2020<\/a><\/td><td><p>PISP\u00d5E SOBRE EXONERA\u00c7\u00c3O DE SERVIDOR POR MOTIVO DE APOSENTADORIA.<\/p><\/td><\/tr><tr><td><a href=\"portaltransparencia2020\/portaria2020\/028.pdf\">028\/2020<\/a><\/td><td><p>DESIGNA SERVIDOR PARA A LIQUIDA\u00c7\u00c3O DE EMPENHO NA SECRETARIA MUNICIPAL DE SA\u00daDE.<\/p><\/td><\/tr><tr><td><a href=\"portaltransparencia2020\/portaria2020\/027.pdf\">027\/2020<\/a><\/td><td><p>AFASTA SERVIDOR A PEDIDO PARA CANDIDATAR NAS ELEI\u00c7\u00d5ES DE 2020.<\/p><\/td><\/tr><tr><td><a href=\"portaltransparencia2020\/portaria2020\/026.pdf\">026\/2020<\/a><\/td><td><p>AFASTA SERVIDOR A PEDIDO PARA CANDIDATAR NAS ELEI\u00c7\u00d5ES DE 2020.<\/p><\/td><\/tr><tr><td><a href=\"portaltransparencia2020\/portaria2020\/025.pdf\">025\/2020<\/a><\/td><td><p>AFASTA SERVIDOR A PEDIDO PARA CANDIDATAR NAS ELEI\u00c7\u00d5ES \u00a0DE 2020.<\/p><\/td><\/tr><tr><td><a href=\"portaltransparencia2020\/portaria2020\/024.pdf\">024\/2020<\/a><\/td><td><p>AFASTA SERVIDOR A PEDIDO PARA CANDIDATAR NAS ELEI\u00c7\u00d5ES DE 2020.<\/p><\/td><\/tr><tr><td><a href=\"portaltransparencia2020\/portaria2020\/023.pdf\">023\/2020<\/a><\/td><td><p>AFASTA SERVIDOR A PEDIDO PARA CANDIDATAR NAS ELEI\u00c7\u00d5ES DE 2020.<\/p><\/td><\/tr><tr><td><a href=\"portaltransparencia2020\/portaria2020\/022.pdf\">022\/2020<\/a><\/td><td><p>AFASTA SERVIDOR A PEDIDO PARA CANDIDATAR NAS ELEI\u00c7\u00d5ES DE 2020.<\/p><\/td><\/tr><tr><td><a href=\"portaltransparencia2020\/portaria2020\/021.pdf\">021\/2020<\/a><\/td><td><p>AFASTA SERVIDOR A PEDIDO PARA CANDIDATAR NAS ELEI\u00c7\u00d5ES DE 2020.<\/p><\/td><\/tr><tr><td><a href=\"portaltransparencia2020\/portaria2020\/019.pdf\">019\/2020<\/a><\/td><td><p>CONSTITUI A COMISS\u00c3O ESPECIAL PARA ORGANIZA\u00c7\u00c3O, ACOMPANHAMENTO E FISCALIZA\u00c7\u00c3O DO CONCURSO P\u00daBLICO\/PROCESSO SELETIVO N\u00b0 001\/2020 DESTINADO A CONTRATA\u00c7\u00c3O DO QUADRO DE PESSOAL DO MUNIC\u00cdPIO DE BALDIM.<\/p><\/td><\/tr><tr><td><a href=\"portaltransparencia2020\/portaria2020\/018.pdf\">018\/2020<\/a><\/td><td><p>DESIGNA COMISS\u00c3O RESPONS\u00c1VEL PARA ANALISAR A QUALIDADE DAS AMOSTRAS DE MATERIAL DE LIMPEZA E PROTE\u00c7\u00c3O INDIVIDUAL.<\/p><\/td><\/tr><tr><td><a href=\"portaltransparencia2020\/portaria2020\/0172.pdf\">017\/2020<\/a><\/td><td>DISP\u00d5E SOBRE DESIGNA\u00c7\u00c3O DE SERVIDOR E D\u00c1 OUTRAS PROVID\u00caNCIAS.<\/td><\/tr><tr><td><a href=\"portaltransparencia2020\/portaria2020\/017.pdf\">017\/2020<\/a><\/td><td>DISP\u00d5E SOBRE DESIGNA\u00c7\u00c3O DE SERVIDOR E D\u00c1 OUTRAS PROVID\u00caNCIAS.<\/td><\/tr><tr><td><a href=\"portaltransparencia2020\/portaria2020\/016.pdf\">016\/2020<\/a><\/td><td><p>NOMEIA\u00a0 COMISS\u00c3O PERMAMENTE DE LICITA\u00c7\u00c3O.<\/p><\/td><\/tr><tr><td><a href=\"portaltransparencia2020\/portaria2020\/015.pdf\">015\/2020<\/a><\/td><td><p>NOMEIA PREGOEIRO E RESPECTIVA EQUIPE DE APOIO.<\/p><\/td><\/tr><tr><td><a href=\"portaltransparencia2020\/portaria2020\/014.pdf\">014\/2020<\/a><\/td><td><p>DISP\u00d5E SOBRE DESIGNA\u00c7\u00c3O DE SERVIDOR\u00a0 PARA\u00a0 A SECRETARIA MUNICIPALO DE INFRAESTRUTURA .<\/p><\/td><\/tr><tr><td><a href=\"portaltransparencia2020\/portaria2020\/011.pdf\">011\/2020<\/a><\/td><td>DISP\u00d5E SOBRE DESIGNA\u00c7\u00c3O DE SERVIDOR E D\u00c1 OUTRAS PROVID\u00caNCIAS.<\/td><\/tr><tr><td><p><a href=\"portaltransparencia2020\/portaria2020\/0102.pdf\">010A\/2020<\/a><\/p><\/td><td>\u2019DISP\u00d5E SOBRE A CONSTITUI\u00c7\u00c3O DE COMISS\u00c3O PARA ELABORA\u00c7\u00c3O DO INVET\u00c1RIO\u00a0 F\u00cdSICO E FINANCEIRO DOS ATOS POTENCIAIS ATIVOS E PASSIVOS.<\/td><\/tr><tr><td><a href=\"portaltransparencia2020\/portaria2020\/010.pdf\">010\/2020<\/a><\/td><td><p>DISP\u00d5E SOBRE EXONERA\u00c7\u00c3O DE SERVIDOR POR MOTIVO DE APOSENTADORIA.<\/p><\/td><\/tr><tr><td><a href=\"portaltransparencia2020\/portaria2020\/009.pdf\">009\/2020<\/a><\/td><td><p>DESIGNA SERVIDOR PARA EXERCER A FUN\u00c7\u00c3O DE COORDENADOR DA ESCOLA MUNICIPAL DE MUCAMBO.<\/p><\/td><\/tr><tr><td><a href=\"portaltransparencia2020\/portaria2020\/008.pdf\">008\/2020<\/a><\/td><td><p>DISP\u00d5E SOBRE EXONERA\u00c7\u00c3O DE SERVIDOR POR MOTIVO DE APOSENTADORIA.<\/p><\/td><\/tr><tr><td><a href=\"portaltransparencia2020\/portaria2020\/007.pdf\">007\/2020<\/a><\/td><td><p>DESIGNA SERVIDOR\u00a0 PARA EXERCER A FUN\u00c7\u00c3O DE COORDENADOR DA CRECHE MUNICIPAL DO DISTRITO DE S\u00c3O VICENTE.<\/p><\/td><\/tr><tr><td><a href=\"portaltransparencia2020\/portaria2020\/006.pdf\">006\/2020<\/a><\/td><td><p>DISP\u00d5E SOBRE EXONERA\u00c7\u00c3O DE SERVIDOR POR MOTIVO DE APOSENTADORIA.<\/p><\/td><\/tr><tr><td><a href=\"portaltransparencia2020\/portaria2020\/005.pdf\">005\/2020<\/a><\/td><td><p>DISP\u00d5E\u00a0 SOBRE EXONERA\u00c7\u00c3O DE SERVIDOR POR MOTIVO DE APOSENTADORIA.<\/p><\/td><\/tr><tr><td><a href=\"portaltransparencia2020\/portaria2020\/004.pdf\">004\/2020<\/a><\/td><td><p>DISP\u00d5E SOBRE EXONERA\u00c7\u00c3O DE SERVIDOR POR MOTIVO DE APOSENTADORIA.<\/p><\/td><\/tr><tr><td><a href=\"portaltransparencia2020\/portaria2020\/003.pdf\">003\/2020<\/a><\/td><td><p>DISP\u00d5E SOBRE EXONERA\u00c7\u00c3O DE SERVIDOR POR MOTIVO DE APOSENTADORIA.<\/p><\/td><\/tr><tr><td><a href=\"portaltransparencia2020\/portaria2020\/002.pdf\">002\/2020<\/a><\/td><td><p>NOMEIA COMISS\u00c3O PERMANENTE DE LICITA\u00c7\u00c3O.<\/p><\/td><\/tr><tr><td><a href=\"portaltransparencia2020\/portaria2020\/001.pdf\">001\/2020<\/a><\/td><td>DISP\u00d5E SOBRE EXONERA\u00c7\u00c3O DE SERVIDOR POR MOTIVO DE APOSENTADORIA<\/td><\/tr><\/tbody><\/table><p>\u00a0<\/p>\t\t\t\t\t\t<\/div>\n\t\t\t\t<\/div>\n\t\t\t\t\t<\/div>\n\t\t<\/div>\n\t\t\t\t\t\t\t<\/div>\n\t\t<\/section>\n\t\t\t\t\t\t<\/div>\n\t\t\t\t\t<\/div>\n\t\t","protected":false},"excerpt":{"rendered":"<p>Portarias 2020 Portaria N\u00ba Ementa 035\/2020 NOMEIA\u00a0 COMISS\u00c3O PARA PROCEDER A AVALIA\u00c7\u00c3O PR\u00c9VIA 034\/2020 DISPOE SABRE A HOMOLAGA\u00c7\u00c3O DA ADESAO DO MUNICIPIO\u00a0 DE BALDIM AO CURRICULO REFERENCIA DE MINAS GERAIS, E DA\u00a0<a class=\"moretag\" href=\"https:\/\/baldim.mg.gov.br\/wsite\/?page_id=2964\">leia mais<\/a><\/p>\n","protected":false},"author":2,"featured_media":0,"parent":0,"menu_order":0,"comment_status":"closed","ping_status":"closed","template":"","meta":{"footnotes":""},"class_list":["post-2964","page","type-page","status-publish","hentry"],"_links":{"self":[{"href":"https:\/\/baldim.mg.gov.br\/wsite\/index.php?rest_route=\/wp\/v2\/pages\/2964","targetHints":{"allow":["GET"]}}],"collection":[{"href":"https:\/\/baldim.mg.gov.br\/wsite\/index.php?rest_route=\/wp\/v2\/pages"}],"about":[{"href":"https:\/\/baldim.mg.gov.br\/wsite\/index.php?rest_route=\/wp\/v2\/types\/page"}],"author":[{"embeddable":true,"href":"https:\/\/baldim.mg.gov.br\/wsite\/index.php?rest_route=\/wp\/v2\/users\/2"}],"replies":[{"embeddable":true,"href":"https:\/\/baldim.mg.gov.br\/wsite\/index.php?rest_route=%2Fwp%2Fv2%2Fcomments&post=2964"}],"version-history":[{"count":4,"href":"https:\/\/baldim.mg.gov.br\/wsite\/index.php?rest_route=\/wp\/v2\/pages\/2964\/revisions"}],"predecessor-version":[{"id":3098,"href":"https:\/\/baldim.mg.gov.br\/wsite\/index.php?rest_route=\/wp\/v2\/pages\/2964\/revisions\/3098"}],"wp:attachment":[{"href":"https:\/\/baldim.mg.gov.br\/wsite\/index.php?rest_route=%2Fwp%2Fv2%2Fmedia&parent=2964"}],"curies":[{"name":"wp","href":"https:\/\/api.w.org\/{rel}","templated":true}]}}