{"id":2958,"date":"2025-07-01T01:10:00","date_gmt":"2025-07-01T01:10:00","guid":{"rendered":"https:\/\/baldim.mg.gov.br\/wsite\/?page_id=2958"},"modified":"2025-07-01T01:50:30","modified_gmt":"2025-07-01T01:50:30","slug":"portarias-2022","status":"publish","type":"page","link":"https:\/\/baldim.mg.gov.br\/wsite\/?page_id=2958","title":{"rendered":"Portarias 2022"},"content":{"rendered":"\t\t<div data-elementor-type=\"wp-page\" data-elementor-id=\"2958\" class=\"elementor elementor-2958\" data-elementor-settings=\"[]\">\n\t\t\t\t\t\t\t<div class=\"elementor-section-wrap\">\n\t\t\t\t\t\t\t<section class=\"elementor-section elementor-top-section elementor-element elementor-element-0673e7f elementor-section-boxed elementor-section-height-default elementor-section-height-default wpr-particle-no wpr-jarallax-no wpr-parallax-no wpr-sticky-section-no\" data-id=\"0673e7f\" data-element_type=\"section\">\n\t\t\t\t\t\t<div class=\"elementor-container elementor-column-gap-default\">\n\t\t\t\t\t<div class=\"elementor-column elementor-col-100 elementor-top-column elementor-element elementor-element-7ffcf1e\" data-id=\"7ffcf1e\" data-element_type=\"column\">\n\t\t\t<div class=\"elementor-widget-wrap elementor-element-populated\">\n\t\t\t\t\t\t\t\t\t<\/div>\n\t\t<\/div>\n\t\t\t\t\t\t\t<\/div>\n\t\t<\/section>\n\t\t\t\t<section class=\"elementor-section elementor-top-section elementor-element elementor-element-ee9ff80 elementor-section-boxed elementor-section-height-default elementor-section-height-default wpr-particle-no wpr-jarallax-no wpr-parallax-no wpr-sticky-section-no\" data-id=\"ee9ff80\" data-element_type=\"section\">\n\t\t\t\t\t\t<div class=\"elementor-container elementor-column-gap-default\">\n\t\t\t\t\t<div class=\"elementor-column elementor-col-100 elementor-top-column elementor-element elementor-element-1b2ad2a\" data-id=\"1b2ad2a\" data-element_type=\"column\">\n\t\t\t<div class=\"elementor-widget-wrap elementor-element-populated\">\n\t\t\t\t\t\t\t\t<div class=\"elementor-element elementor-element-225a40d elementor-widget elementor-widget-text-editor\" data-id=\"225a40d\" data-element_type=\"widget\" data-widget_type=\"text-editor.default\">\n\t\t\t\t<div class=\"elementor-widget-container\">\n\t\t\t<style>\/*! elementor - v3.5.4 - 23-01-2022 *\/\n.elementor-widget-text-editor.elementor-drop-cap-view-stacked .elementor-drop-cap{background-color:#818a91;color:#fff}.elementor-widget-text-editor.elementor-drop-cap-view-framed .elementor-drop-cap{color:#818a91;border:3px solid;background-color:transparent}.elementor-widget-text-editor:not(.elementor-drop-cap-view-default) .elementor-drop-cap{margin-top:8px}.elementor-widget-text-editor:not(.elementor-drop-cap-view-default) .elementor-drop-cap-letter{width:1em;height:1em}.elementor-widget-text-editor .elementor-drop-cap{float:left;text-align:center;line-height:1;font-size:50px}.elementor-widget-text-editor .elementor-drop-cap-letter{display:inline-block}<\/style>\t\t\t\t<p>Portarias 2022<\/p><table style=\"background-color: #efebeb; border: 2px solid #000000; margin-left: auto; margin-right: auto;\" rules=\"all\"><tbody><tr><td><strong><em>Portaria N\u00ba<\/em><\/strong><\/td><td><strong><em>Ementa<\/em><\/strong><\/td><\/tr><tr><td><a href=\"portaltransparencia2022\/portarias2022\/113.pdf\">113<\/a><\/td><td>\u00a0Institui a Comiss\u00e3o de Avalia\u00e7\u00e3o e Fiscaliza\u00e7\u00e3o- CAF da parceria celebrada com o Instituto de Desenvolvimento Social do Brasil- IDS BRASIL SERVI\u00c7OS ESPECIALIZADOS.<\/td><\/tr><tr><td><a href=\"portaltransparencia2022\/portarias2022\/103.pdf\">103<\/a><\/td><td>Disp\u00f5e sobre a transfer\u00eancia do Ve\u00edculo placa RTN3E67 da Secretaria Municipal de Agricultura.<\/td><\/tr><tr><td><a href=\"portaltransparencia2022\/portarias2022\/095.pdf\">095<\/a><\/td><td>Autoriza pagamento.<\/td><\/tr><tr><td><a href=\"portaltransparencia2022\/portarias2022\/116.pdf\">116<\/a><\/td><td>Nomeia comiss\u00e3o permanente de licita\u00e7\u00e3o.<\/td><\/tr><tr><td><a href=\"portaltransparencia2022\/portarias2022\/115.pdf\">115<\/a><\/td><td>Renomeia pregoeiro e respectiva equipe de apoio.<\/td><\/tr><tr><td><a href=\"portaltransparencia2022\/portarias2022\/112.pdf\">112<\/a><\/td><td>Institui a comiss\u00e3o de valores imobili\u00e1rios do municipio de Baldim-MG.<\/td><\/tr><tr><td><a href=\"portaltransparencia2022\/portarias2022\/107.pdf\">107<\/a><\/td><td>Lei Org\u00e2nica do Munic\u00edpio.<\/td><\/tr><tr><td><a href=\"portaltransparencia2022\/portarias2022\/096.pdf\">096<\/a><\/td><td><p>Disp\u00f5e sobre a nomea\u00e7\u00e3o dos membros da comiss\u00e3o respons\u00e1vel pelos assuntos de parcelamento do solo referente \u00e0 regulariza\u00e7\u00e3o fundi\u00e1ria no Munic\u00edpio de Baldim\/MG.<\/p><\/td><\/tr><tr><td><a href=\"portaltransparencia2022\/portarias2022\/094.pdf\">094<\/a><\/td><td><p>Portaria de revis\u00e3o do processo Administrativo Disciplinar manuten\u00e7\u00e3o da decis\u00e3o proferida nos autos do Processo Administrativo Disciplinar n\u00ba001\/2021.<\/p><\/td><\/tr><tr><td><a href=\"portaltransparencia2022\/portarias2022\/093.pdf\">093<\/a><\/td><td><p>Designa servidores para exercer fun\u00e7\u00f5es gratificadas nas escolas municipais do Munic\u00edpio de Baldim.<\/p><\/td><\/tr><tr><td><a href=\"portaltransparencia2022\/portarias2022\/91.pdf\">091<\/a><\/td><td><p>Disp\u00f5e sobre a transfer\u00eancia do ve\u00edculo Renault\/Sandero- Placa OQM8593, Cor: Branca, Chassi: 93YBSR6 RHEJ77477 lotado na Secretaria Municipal de Sa\u00fade\u00a0 para a Secretaria de Administra\u00e7\u00e3o e Fazenda do Munic\u00edpio de Baldim\/MG.<\/p><\/td><\/tr><tr><td><a href=\"portaltransparencia2022\/portarias2022\/90.pdf\">090<\/a><\/td><td><p>Autoriza o pagamento.<\/p><\/td><\/tr><tr><td><a href=\"portaltransparencia2022\/portarias2022\/89.pdf\">089<\/a><\/td><td><p>Autoriza o pagamento.<\/p><\/td><\/tr><tr><td><a href=\"portaltransparencia2022\/portarias2022\/88.pdf\">088<\/a><\/td><td><p>Nomeia e institui comiss\u00e3o representativa das Escolas Municipais para tratar de assuntos inerentes a \u00e1rea da Educa\u00e7\u00e3o no Munic\u00edpio de Baldim\/MG e d\u00e1 outras provid\u00eancias.<\/p><\/td><\/tr><tr><td><a href=\"portaltransparencia2022\/portarias2022\/86.pdf\">086<\/a><\/td><td><p>Autoriza pagamento.<\/p><\/td><\/tr><tr><td><a href=\"portaltransparencia2022\/portarias2022\/85.pdf\">085<\/a><\/td><td><p>Institui a comiss\u00e3o de sele\u00e7\u00e3o de parcerias nos termos da Lei Federal N\u00b0 13.019 de 31 de julho de 2014 para acompanhamento dos procedimentos de chamamentos P\u00fablicos para a realiza\u00e7\u00e3o de termos de colabora\u00e7\u00e3o, fomento e de acordos de coopera\u00e7\u00e3o da Secretaria Municipal de Sa\u00fade do Munic\u00edpio de Baldim\/MG.<\/p><\/td><\/tr><tr><td><a href=\"portaltransparencia2022\/portarias2022\/84.pdf\">084<\/a><\/td><td><p>Institui a comiss\u00e3o de sele\u00e7\u00e3o de parcerias nos termos da Lei Federal N\u00b0 13.019 de 31 de julho de 2014 para acompanhamento dos procedimentos de chamamentos P\u00fablicos para a realiza\u00e7\u00e3o de termos de colabora\u00e7\u00e3o, fomento e de acordos de coopera\u00e7\u00e3o da Secretaria Municipal de Infraestrutura e Secretaria Municipal de Educa\u00e7\u00e3o do Munic\u00edpio de Baldim\/MG.<\/p><\/td><\/tr><tr><td><a href=\"portaltransparencia2022\/portarias2022\/81.pdf\">081<\/a><\/td><td><p>Nomeia agente de contrata\u00e7\u00e3o e respectiva equipa de apoio.<\/p><\/td><\/tr><tr><td><a href=\"portaltransparencia2022\/portarias2022\/80.pdf\">080<\/a><\/td><td><p>Autoriza pagamento.<\/p><\/td><\/tr><tr><td><a href=\"portaltransparencia2022\/portarias2022\/79.pdf\">079<\/a><\/td><td><p>Autoriza o pagamento.<\/p><\/td><\/tr><tr><td><a href=\"portaltransparencia2022\/portarias2022\/78.pdf\">078<\/a><\/td><td>Disp\u00f5e sobre dispensa de Fun\u00e7\u00e3o Gratificada- Educa\u00e7\u00e3o.<\/td><\/tr><tr><td><a href=\"portaltransparencia2022\/portarias2022\/77.pdf\">077<\/a><\/td><td><p>Nomeia a comiss\u00e3o de atualiza\u00e7\u00e3o do plano de cargos e carreiras dos profissionais do magist\u00e9rio do Munic\u00edpio de Baldim\/MG.<\/p><\/td><\/tr><tr><td><a href=\"portaltransparencia2022\/portarias2022\/76.pdf\">076<\/a><\/td><td>Autoriza pagamento.<\/td><\/tr><tr><td><a href=\"portaltransparencia2022\/portarias2022\/75.pdf\">075<\/a><\/td><td>Autoriza pagamento.<\/td><\/tr><tr><td><a href=\"portaltransparencia2022\/portarias2022\/74.pdf\">074<\/a><\/td><td>Autoriza pagamento.<\/td><\/tr><tr><td><a href=\"portaltransparencia2022\/portarias2022\/73.pdf\">073<\/a><\/td><td><p>Autoriza pagamento.<\/p><\/td><\/tr><tr><td><a href=\"portaltransparencia2022\/portarias2022\/72.pdf\">072<\/a><\/td><td>Disp\u00f5e sobre a Prorroga\u00e7\u00e3o da Licen\u00e7a Maternidade de Servidora Publica Municipal.<\/td><\/tr><tr><td><a href=\"portaltransparencia2022\/portarias2022\/69.pdf\">069<\/a><\/td><td><p>Disp\u00f5e Sobre Os Procedimentos Relativos \u00c0 An\u00e1lise Dos Processos Administrativos Em Mat\u00e9ria De Licita\u00e7\u00f5es, Contratos E Demais Ajustes Pela Procuradoria Jur\u00eddica E D\u00e1 Outras Provid\u00eancias.<\/p><\/td><\/tr><tr><td><a href=\"portaltransparencia2022\/portarias2022\/68.pdf\">068<\/a><\/td><td>Disp\u00f5e sobre a licen\u00e7a Maternidade \u00e0 Servidora P\u00fablica Municipal.<\/td><\/tr><tr><td><a href=\"portaltransparencia2022\/portarias2022\/67.pdf\">067<\/a><\/td><td><p>Autoriza o pagamento.<\/p><\/td><\/tr><tr><td><a href=\"portaltransparencia2022\/portarias2022\/66D.pdf\">066<\/a><\/td><td>Disp\u00f5e sobre designa\u00e7\u00e3o de servidor para a Secretaria Municipal de Sa\u00fade.<\/td><\/tr><tr><td><a href=\"portaltransparencia2022\/portarias2022\/65.pdf\">065<\/a><\/td><td>Disp\u00f5e sobre designa\u00e7\u00f5es para a Secretaria Municipal de Educa\u00e7\u00e3o.<\/td><\/tr><tr><td><a href=\"portaltransparencia2022\/portarias2022\/62.pdf\">062<\/a><\/td><td><p>Disp\u00f5e a Prorroga\u00e7\u00e3o da Licen\u00e7a Maternidade \u00e0 Servidora P\u00fablica Municipal.<\/p><\/td><\/tr><tr><td><a href=\"portaltransparencia2022\/portarias2022\/063.pdf\">063<\/a><\/td><td>Disp\u00f5e sobre a licen\u00e7a Maternidade \u00e0 Servidora P\u00fablica Municipal.<\/td><\/tr><tr><td><a href=\"portaltransparencia2022\/portarias2022\/079.pdf\">079<\/a><\/td><td>Autoriza o pagamento.<\/td><\/tr><tr><td><a href=\"portaltransparencia2022\/portarias2022\/84.pdf\">084<\/a><\/td><td><p>Institui a Comiss\u00e3o de Sele\u00e7\u00e3o de Parcerias, nos Termos da Lei Federal N\u00b0 13.019,de 31 de julho de 2014 para acompanhamento dos procedimentos de Chamamentos P\u00fablicos para realiza\u00e7\u00e3o de Termos de Colabora\u00e7\u00e3o, Fomento e de Acordos de Coopera\u00e7\u00e3o da Secretaria Municipal de Infraestrutura e Secretaria Municipal de Educa\u00e7\u00e3o do Munic\u00edpio de Baldim\/MG.<\/p><\/td><\/tr><tr><td><a href=\"portaltransparencia2022\/portarias2022\/85.pdf\">085<\/a><\/td><td><p>Institui a Comiss\u00e3o de Sele\u00e7\u00e3o de Parcerias, nos Termos da Lei FederalN\u00b013.019,de 31 de julho de 2014 para acompanhamento dos procedimentos de Chamamentos P\u00fablicos para realiza\u00e7\u00e3o de Termos de Colabora\u00e7\u00e3o, Fomento e de Acordos de Coopera\u00e7\u00e3o da Secretaria Municipal de Sa\u00fade do Munic\u00edpio de Baldim\/MG.<\/p><\/td><\/tr><tr><td><a href=\"portaltransparencia2022\/portarias2022\/057.pdf\">057<\/a><\/td><td>Instaura o Procedimento de Revis\u00e3o do PAD do ex-Servidor Municipal Nilton Correa da Silva.<\/td><\/tr><tr><td><a href=\"portaltransparencia2022\/portarias2022\/056.pdf\">056<\/a><\/td><td><p>Nomeia Institui Comiss\u00e3o Permanente de Sindic\u00e2ncia e Processo Administrativo Disciplinar e d\u00e1 outras provid\u00eancias.<\/p><\/td><\/tr><tr><td><a href=\"portaltransparencia2022\/portarias2022\/053.pdf\">053<\/a><\/td><td>Disp\u00f5e sobre Dispensa de Fun\u00e7\u00e3o Gratificada- Educa\u00e7\u00e3o.<\/td><\/tr><tr><td><a href=\"portaltransparencia2022\/portarias2022\/051.pdf\">051<\/a><\/td><td>Autoriza o pagamento.<\/td><\/tr><tr><td><a href=\"portaltransparencia2022\/portarias2022\/049.pdf\">049<\/a><\/td><td>Autoriza o pagamento.<\/td><\/tr><tr><td><a href=\"portaltransparencia2022\/portarias2022\/048.pdf\">048<\/a><\/td><td>Nomeia Pregoeiro e Respectiva Equipe de Apoio.<\/td><\/tr><tr><td><a href=\"portaltransparencia2022\/portarias2022\/046a3.pdf\">046<\/a><\/td><td>Disp\u00f5e sobre autoriza\u00e7\u00e3o de uso de bem p\u00fablico,\u00a0 \u00f4nibus, a t\u00edtulo prec\u00e1rio gratuito e cont\u00e9m outras provid\u00eancias.<\/td><\/tr><tr><td><a href=\"portaltransparencia2022\/portarias2022\/045.pdf\">045<\/a><\/td><td>Autoriza o pagamento.<\/td><\/tr><tr><td><a href=\"portaltransparencia2022\/portarias2022\/026.pdf\">026<\/a><\/td><td><p>Ret\u00edfica o edital n\u00famero 002\/2022 referente \u00e0 comiss\u00e3o respons\u00e1vel pelo processo seletivo simplificado n: 002\/2022 para contrata\u00e7\u00e3o tempor\u00e1ria de excepcional interesse p\u00fablico para atua\u00e7\u00e3o na Secretaria Municipal de Sa\u00fade do Munic\u00edpio Baldim\/MG.<\/p><\/td><\/tr><tr><td><a href=\"portaltransparencia2022\/portarias2022\/044.pdf\">044<\/a><\/td><td>Autoriza o pagamento.<\/td><\/tr><tr><td><a href=\"portaltransparencia2022\/portarias2022\/043.pdf\">043<\/a><\/td><td><p>Disp\u00f5e sobre autoriza\u00e7\u00e3o de uso de bem p\u00fablico, a t\u00edtulo prec\u00e1rio gratuito e cont\u00e9m outras provid\u00eancias.<\/p><\/td><\/tr><tr><td><a href=\"portaltransparencia2022\/portarias2022\/042.pdf\">042<\/a><\/td><td>Autoriza o pagamento.<\/td><\/tr><tr><td><a href=\"portaltransparencia2022\/portarias2022\/041.pdf\">041<\/a><\/td><td><p>Autoriza o pagamento.<\/p><\/td><\/tr><tr><td><a href=\"portaltransparencia2022\/portarias2022\/040.pdf\">040<\/a><\/td><td>Autoriza o pagamento.<\/td><\/tr><tr><td><a href=\"portaltransparencia2022\/portarias2022\/039.pdf\">039<\/a><\/td><td><p>Disp\u00f5e sobre a prorroga\u00e7\u00e3o da licen\u00e7a para tratar de assuntos de interesse particular.<\/p><\/td><\/tr><tr><td><a href=\"portaltransparencia2022\/portarias2022\/038.pdf\">038<\/a><\/td><td>Autoriza o pagamento.<\/td><\/tr><tr><td><a href=\"portaltransparencia2022\/portarias2022\/037.pdf\">037<\/a><\/td><td>Disp\u00f5e sobre a Constitui\u00e7\u00e3o de comiss\u00e3o para elabora\u00e7\u00e3o do invent\u00e1rio f\u00edsico e financeiro dos atos potenciais ativos e passivos.<\/td><\/tr><tr><td><a href=\"portaltransparencia2022\/portarias2022\/036.pdf\">036<\/a><\/td><td>Disp\u00f5e sobre a Constitui\u00e7\u00e3o de comiss\u00e3o para elabora\u00e7\u00e3o do invent\u00e1rio f\u00edsico e financeiro do passivo circulante n\u00e3o circulante.<\/td><\/tr><tr><td><a href=\"portaltransparencia2022\/portarias2022\/035.pdf\">035<\/a><\/td><td>Disp\u00f5e sobre a Constitui\u00e7\u00e3o de comiss\u00e3o para elabora\u00e7\u00e3o do invent\u00e1rio f\u00edsico e financeiro dos bens patrimoniais em uso, estocados, cedidos e recebidos em cess\u00e3o, inclusive m\u00f3veis da prefeitura Municipal de Baldim.<\/td><\/tr><tr><td><a href=\"portaltransparencia2022\/portarias2022\/034.pdf\">034<\/a><\/td><td><p>Disp\u00f5e sobre a Constitui\u00e7\u00e3o de comiss\u00e3o para elabora\u00e7\u00e3o do invent\u00e1rio f\u00edsico e financeiro dos materiais em almoxarifado.<\/p><\/td><\/tr><tr><td><a href=\"portaltransparencia2022\/portarias2022\/033.pdf\">033<\/a><\/td><td>Disp\u00f5e sobre a Constitui\u00e7\u00e3o de comiss\u00e3o para elabora\u00e7\u00e3o do invent\u00e1rio f\u00edsico e financeiro dos valores em tesouraria.<\/td><\/tr><tr><td><a href=\"portaltransparencia2022\/portarias2022\/032.pdf\">032<\/a><\/td><td><p>DISP\u00d5E SOBRE A TRANSFER\u00caNCIA DO VE\u00cdCULO OXJ0820 PARA USO DO TRANSPORTE UNIVERSIT\u00c1RIO.<\/p><\/td><\/tr><tr><td><a href=\"portaltransparencia2022\/portarias2022\/032.pdf\">031<\/a><\/td><td><p>Disp\u00f5e sobre autoriza\u00e7\u00e3o de uso de espa\u00e7o p\u00fablico par a coloca\u00e7\u00e3o de &#8220;outdoors&#8221;, a t\u00edtulo prec\u00e1rio e gratuito cont\u00e9m outras provid\u00eancias.<\/p><\/td><\/tr><tr><td><a href=\"portaltransparencia2022\/portarias2022\/030.pdf\">030<\/a><\/td><td><p>Disp\u00f5e sobre autoriza\u00e7\u00e3o de uso de bem p\u00fablico, a t\u00edtulo prec\u00e1rio e gratuito e cont\u00e9m outras provid\u00eancias.<\/p><\/td><\/tr><tr><td><a href=\"portaltransparencia2022\/portarias2022\/029.pdf\">029<\/a><\/td><td><p>Disp\u00f5e sobre autoriza\u00e7\u00e3o de uso de bem p\u00fablico, t\u00edtulo prec\u00e1rio e gratuito e cont\u00e9m e d\u00e1 outras provid\u00eancias.<\/p><\/td><\/tr><tr><td><a href=\"portaltransparencia2022\/portarias2022\/028.pdf\">028<\/a><\/td><td><p>&#8220;Disp\u00f5e sobre a nomea\u00e7\u00e3o da comiss\u00e3o respons\u00e1vel pela gest\u00e3o de compras da prefeitura municipal de baldim\/mg.&#8221;<\/p><\/td><\/tr><tr><td><a href=\"portaltransparencia2022\/portarias2022\/027.pdf\">027<\/a><\/td><td><p>Disp\u00f5e sobre a nomea\u00e7\u00e3o da Comiss\u00e3o de Acompanhamento e Fiscaliza\u00e7\u00e3o do novo Coronavirus (COVID-19) no Munic\u00edpio de Baldim, Distritos e Comunidades e d\u00e1 outras provid\u00eancias.<\/p><\/td><\/tr><tr><td><a href=\"portaltransparencia2022\/portarias2022\/025.pdf\">025<\/a><\/td><td><p>Nomeia Institui Comiss\u00e3o Permanente de Sindic\u00e2ncia e Processo Administrativo Disciplinar e d\u00e1 outras provid\u00eancias.<\/p><\/td><\/tr><tr><td><a href=\"portaltransparencia2022\/portarias2022\/024.pdf\">024<\/a><\/td><td><p>Disp\u00f5e sobre autoriza\u00e7\u00e3o de uso de bem p\u00fablico a t\u00edtulo prec\u00e1rio e gratuito e cont\u00e9m outras provid\u00eancias.<\/p><\/td><\/tr><tr><td><a href=\"portaltransparencia2022\/portarias2022\/023.pdf\">023<\/a><\/td><td><p>Disp\u00f5e sobre autoriza\u00e7\u00e3o de uso de bem p\u00fablico, a t\u00edtulo prec\u00e1rio e gratuito e cont\u00e9m outras provid\u00eancias.<\/p><\/td><\/tr><tr><td><a href=\"portaltransparencia2022\/portarias2022\/022.pdf\">022<\/a><\/td><td><p>Autoriza\u00e7\u00e3o de pagamento<\/p><\/td><\/tr><tr><td><a href=\"portaltransparencia2022\/portarias2022\/021.pdf\">021<\/a><\/td><td>Autoriza o pagamento da rescis\u00e3o contratual do show art\u00edstico de Nath\u00e1lia Luize ac\u00fastico.<\/td><\/tr><tr><td><a href=\"portaltransparencia2022\/portarias2022\/020.pdf\">020<\/a><\/td><td>Disp\u00f5e sobre a transfer\u00eancia do ve\u00edculo oxj 0820 para uso do transporte universit\u00e1rio. <span style=\"color: #ff0000;\"><strong>REVOGADO<\/strong><\/span><\/td><\/tr><tr><td>\u00a0<a href=\"portaltransparencia2022\/portarias2022\/019.pdf\">019<\/a><\/td><td><p>Disp\u00f5e sobre exonera\u00e7\u00f5es de servidores efetivos.<\/p><\/td><\/tr><tr><td>\u00a0<a href=\"portaltransparencia2022\/portarias2022\/018.pdf\">018<\/a><\/td><td><p>Nomeia Cleide Augusta Teixeira Bauer como Secret\u00e1ria Executiva do Conselho Municipal de sa\u00fade.<\/p><\/td><\/tr><tr><td><a href=\"portaltransparencia2022\/portarias2022\/017.pdf\">017<\/a><\/td><td>Autoriza o pagamento do per\u00edodo de f\u00e9rias n\u00e3o gozadas pelo EX servidor Municipal Nilton Correa Da Silva.<\/td><\/tr><tr><td><a href=\"portaltransparencia2022\/portarias2022\/016.pdf\">016<\/a><\/td><td>Nomeia os membros para compor a comiss\u00e3o de avalia\u00e7\u00e3o de desempenho dos funcion\u00e1rios efetivos da Prefeitura Municipal de Baldim\/MG.<\/td><\/tr><tr><td><a href=\"portaltransparencia2022\/portarias2022\/015.pdf\">015<\/a><\/td><td>Disp\u00f5e sobre autoriza\u00e7\u00e3o de uso de bem p\u00fablico, \u00f4nibus, a t\u00edtulo prec\u00e1rio e gratuito e cont\u00e9m outras provid\u00eancias.<\/td><\/tr><tr><td><a href=\"portaltransparencia2022\/portarias2022\/014.pdf\">014<\/a><\/td><td><p>Disp\u00f5e sobre autoriza\u00e7\u00e3o de uso de bem p\u00fablico, \u00f4nibus, a t\u00edtulo prec\u00e1rio e gratuito e cont\u00e9m outras provid\u00eancias.<\/p><\/td><\/tr><tr><td><a href=\"portaltransparencia2022\/portarias2022\/006.pdf\">006<\/a><\/td><td>Autoriza\u00e7\u00e3o de pagamento.<\/td><\/tr><tr><td><a href=\"portaltransparencia2022\/portarias2022\/005.pdf\">005<\/a><\/td><td><p>Autoriza\u00e7\u00e3o de pagamento.<\/p><\/td><\/tr><tr><td><a href=\"portaltransparencia2022\/portarias2022\/003.pdf\">003<\/a><\/td><td>Disp\u00f5e sobre autoriza\u00e7\u00e3o de uso de bem p\u00fablico, \u00f4nibus, a t\u00edtulo prec\u00e1rio e gratuito e cont\u00e9m outras providencias.<\/td><\/tr><tr><td><a href=\"portaltransparencia2022\/portarias2022\/002.pdf\">002<\/a><\/td><td>Disp\u00f5e sobre a concess\u00e3o da licen\u00e7a para tratar de assuntos de interesse particular.<\/td><\/tr><tr><td><a href=\"portaltransparencia2022\/portarias2022\/001.pdf\">001<\/a><\/td><td><p>Nomeia\u00a0comiss\u00e3o permanente de licita\u00e7\u00e3o.<\/p><\/td><\/tr><\/tbody><\/table><p>\u00a0<\/p>\t\t\t\t\t\t<\/div>\n\t\t\t\t<\/div>\n\t\t\t\t\t<\/div>\n\t\t<\/div>\n\t\t\t\t\t\t\t<\/div>\n\t\t<\/section>\n\t\t\t\t\t\t<\/div>\n\t\t\t\t\t<\/div>\n\t\t","protected":false},"excerpt":{"rendered":"<p>Portarias 2022 Portaria N\u00ba Ementa 113 \u00a0Institui a Comiss\u00e3o de Avalia\u00e7\u00e3o e Fiscaliza\u00e7\u00e3o- CAF da parceria celebrada com o Instituto de Desenvolvimento Social do Brasil- IDS BRASIL SERVI\u00c7OS ESPECIALIZADOS. 103 Disp\u00f5e sobre<a class=\"moretag\" href=\"https:\/\/baldim.mg.gov.br\/wsite\/?page_id=2958\">leia mais<\/a><\/p>\n","protected":false},"author":2,"featured_media":0,"parent":0,"menu_order":0,"comment_status":"closed","ping_status":"closed","template":"","meta":{"footnotes":""},"class_list":["post-2958","page","type-page","status-publish","hentry"],"_links":{"self":[{"href":"https:\/\/baldim.mg.gov.br\/wsite\/index.php?rest_route=\/wp\/v2\/pages\/2958","targetHints":{"allow":["GET"]}}],"collection":[{"href":"https:\/\/baldim.mg.gov.br\/wsite\/index.php?rest_route=\/wp\/v2\/pages"}],"about":[{"href":"https:\/\/baldim.mg.gov.br\/wsite\/index.php?rest_route=\/wp\/v2\/types\/page"}],"author":[{"embeddable":true,"href":"https:\/\/baldim.mg.gov.br\/wsite\/index.php?rest_route=\/wp\/v2\/users\/2"}],"replies":[{"embeddable":true,"href":"https:\/\/baldim.mg.gov.br\/wsite\/index.php?rest_route=%2Fwp%2Fv2%2Fcomments&post=2958"}],"version-history":[{"count":4,"href":"https:\/\/baldim.mg.gov.br\/wsite\/index.php?rest_route=\/wp\/v2\/pages\/2958\/revisions"}],"predecessor-version":[{"id":3104,"href":"https:\/\/baldim.mg.gov.br\/wsite\/index.php?rest_route=\/wp\/v2\/pages\/2958\/revisions\/3104"}],"wp:attachment":[{"href":"https:\/\/baldim.mg.gov.br\/wsite\/index.php?rest_route=%2Fwp%2Fv2%2Fmedia&parent=2958"}],"curies":[{"name":"wp","href":"https:\/\/api.w.org\/{rel}","templated":true}]}}