{"id":2898,"date":"2025-07-01T01:02:04","date_gmt":"2025-07-01T01:02:04","guid":{"rendered":"https:\/\/baldim.mg.gov.br\/wsite\/?page_id=2898"},"modified":"2025-07-01T01:34:55","modified_gmt":"2025-07-01T01:34:55","slug":"decretos-2019","status":"publish","type":"page","link":"https:\/\/baldim.mg.gov.br\/wsite\/?page_id=2898","title":{"rendered":"Decretos 2019"},"content":{"rendered":"\t\t<div data-elementor-type=\"wp-page\" data-elementor-id=\"2898\" class=\"elementor elementor-2898\" data-elementor-settings=\"[]\">\n\t\t\t\t\t\t\t<div class=\"elementor-section-wrap\">\n\t\t\t\t\t\t\t<section class=\"elementor-section elementor-top-section elementor-element elementor-element-de74ba9 elementor-section-boxed elementor-section-height-default elementor-section-height-default wpr-particle-no wpr-jarallax-no wpr-parallax-no wpr-sticky-section-no\" data-id=\"de74ba9\" data-element_type=\"section\">\n\t\t\t\t\t\t<div class=\"elementor-container elementor-column-gap-default\">\n\t\t\t\t\t<div class=\"elementor-column elementor-col-100 elementor-top-column elementor-element elementor-element-e06e060\" data-id=\"e06e060\" data-element_type=\"column\">\n\t\t\t<div class=\"elementor-widget-wrap elementor-element-populated\">\n\t\t\t\t\t\t\t\t<div class=\"elementor-element elementor-element-3f0b2bd elementor-widget elementor-widget-text-editor\" data-id=\"3f0b2bd\" data-element_type=\"widget\" data-widget_type=\"text-editor.default\">\n\t\t\t\t<div class=\"elementor-widget-container\">\n\t\t\t<style>\/*! elementor - v3.5.4 - 23-01-2022 *\/\n.elementor-widget-text-editor.elementor-drop-cap-view-stacked .elementor-drop-cap{background-color:#818a91;color:#fff}.elementor-widget-text-editor.elementor-drop-cap-view-framed .elementor-drop-cap{color:#818a91;border:3px solid;background-color:transparent}.elementor-widget-text-editor:not(.elementor-drop-cap-view-default) .elementor-drop-cap{margin-top:8px}.elementor-widget-text-editor:not(.elementor-drop-cap-view-default) .elementor-drop-cap-letter{width:1em;height:1em}.elementor-widget-text-editor .elementor-drop-cap{float:left;text-align:center;line-height:1;font-size:50px}.elementor-widget-text-editor .elementor-drop-cap-letter{display:inline-block}<\/style>\t\t\t\t\t\t\t\t\t\t<\/div>\n\t\t\t\t<\/div>\n\t\t\t\t\t<\/div>\n\t\t<\/div>\n\t\t\t\t\t\t\t<\/div>\n\t\t<\/section>\n\t\t\t\t<section class=\"elementor-section elementor-top-section elementor-element elementor-element-717a9b9 elementor-section-boxed elementor-section-height-default elementor-section-height-default wpr-particle-no wpr-jarallax-no wpr-parallax-no wpr-sticky-section-no\" data-id=\"717a9b9\" data-element_type=\"section\">\n\t\t\t\t\t\t<div class=\"elementor-container elementor-column-gap-default\">\n\t\t\t\t\t<div class=\"elementor-column elementor-col-100 elementor-top-column elementor-element elementor-element-7f80791\" data-id=\"7f80791\" data-element_type=\"column\">\n\t\t\t<div class=\"elementor-widget-wrap elementor-element-populated\">\n\t\t\t\t\t\t\t\t<div class=\"elementor-element elementor-element-f8ae27e elementor-widget elementor-widget-text-editor\" data-id=\"f8ae27e\" data-element_type=\"widget\" data-widget_type=\"text-editor.default\">\n\t\t\t\t<div class=\"elementor-widget-container\">\n\t\t\t\t\t\t\t<p>Decretos municipais 2019<\/p>\n<table style=\"border: 2px solid #000000; margin-left: auto; margin-right: auto;\" rules=\"all\">\n<tbody>\n<tr>\n<td>&nbsp;<a href=\"portaltransparencia2019\/decretos2019\/105.pdf\">105<\/a><\/td>\n<td>Disp\u00f5e sobre exonera\u00e7\u00e3o de servidor afetivo do cargo em comiss\u00e3o.<\/td>\n<\/tr>\n<tr>\n<td>&nbsp;<a href=\"portaltransparencia2019\/decretos2019\/098.pdf\">098<\/a><\/td>\n<td>\n<p>Declara ponto facultativo nas reparti\u00e7\u00f5es p\u00fablicas Municipais comemora\u00e7\u00f5es Natal e Ano Novo.<\/p>\n<\/td>\n<\/tr>\n<tr>\n<td>&nbsp;<a href=\"portaltransparencia2019\/decretos2019\/097.pdf\">097<\/a><\/td>\n<td>\n<p>Disp\u00f5e sobre exonera\u00e7\u00e3o de cargo efetivo em comiss\u00e3o- chefe de Divis\u00e3o de tesouraria.<\/p>\n<\/td>\n<\/tr>\n<tr>\n<td>&nbsp;<a href=\"portaltransparencia2019\/decretos2019\/089.pdf\">089<\/a><\/td>\n<td>\n<p>Disp\u00f5e sobre o expediente nas reparti\u00e7\u00f5es p\u00fablicas em comemora\u00e7\u00e3o ao dia do Servidor P\u00fablico.<\/p>\n<\/td>\n<\/tr>\n<tr>\n<td>&nbsp;<a href=\"portaltransparencia2019\/decretos2019\/088A.pdf\">088A<\/a><\/td>\n<td>Suspende a realiza\u00e7\u00e3o e o pagamento de horas extras na administra\u00e7\u00e3o direta e indireta do Munic\u00edpio e d\u00e1 outras provid\u00eancias.<\/td>\n<\/tr>\n<tr>\n<td>&nbsp;<a href=\"portaltransparencia2019\/decretos2019\/088.pdf\">088<\/a><\/td>\n<td>\n<p>Disp\u00f5e sobre nomea\u00e7\u00e3o de cargo em comiss\u00e3o- Diretor de Departamento de Recursos Humanos.<\/p>\n<\/td>\n<\/tr>\n<tr>\n<td>&nbsp;<a href=\"portaltransparencia2019\/decretos2019\/081.pdf\">081<\/a>&nbsp;<\/td>\n<td>Disp\u00f5e sobre nomea\u00e7\u00e3o de cargo em comiss\u00e3o- Diretor de Departamento de Agricultura.<\/td>\n<\/tr>\n<tr>\n<td><a href=\"portaltransparencia2019\/decretos2019\/081A.pdf\">081A<\/a><\/td>\n<td>\n<p>Disp\u00f5e sobre exonera\u00e7\u00e3o de cargo em comiss\u00e3o- Diretor de Departamento de Recursos Humanos.<\/p>\n<\/td>\n<\/tr>\n<tr>\n<td>&nbsp;<a href=\"portaltransparencia2019\/decretos2019\/081.pdf\">081<\/a><\/td>\n<td>\n<p>Declara ponto facultativo nas reparti\u00e7\u00f5es P\u00fablicas Municipais.<\/p>\n<\/td>\n<\/tr>\n<tr>\n<td>&nbsp;<a href=\"portaltransparencia2019\/decretos2019\/078.pdf\">078<\/a><\/td>\n<td>Disp\u00f5e sobre nomea\u00e7\u00e3o de carga em comiss\u00e3o- Chefe de Divis\u00e3o de alimenta\u00e7\u00e3o Escolar e Nutri\u00e7\u00e3o.<\/td>\n<\/tr>\n<tr>\n<td>&nbsp;<a href=\"portaltransparencia2019\/decretos2019\/077.pdf\">077<\/a><\/td>\n<td>&nbsp;Interdita logradouros e vias p\u00fablicas durante os festejos de 7 de setembro e d\u00e1 outras provid\u00eancias.<\/td>\n<\/tr>\n<tr>\n<td>&nbsp;<a href=\"portaltransparencia2019\/decretos2019\/072.pdf\">072<\/a><\/td>\n<td>Declara de utilidade p\u00fablica, para fins de desapropria\u00e7\u00e3o de pleno dom\u00ednio e constitui\u00e7\u00e3o de servid\u00e3o, terrenos situados no Distrito de S\u00e3o Vicente Munic\u00edpio de Baldim\/MG, para implanta\u00e7\u00e3o do po\u00e7o artesiano C- 01 e seu acesso, ambos necess\u00e1rios ao sistema de abastecimento de \u00e1gua da campanha de saneamento de Minas Gerais- Copasa.<\/td>\n<\/tr>\n<tr>\n<td>&nbsp;<a href=\"portaltransparencia2019\/decretos2019\/071.pdf\">071<\/a><\/td>\n<td>\n<p>Disp\u00f5e sobre a cria\u00e7\u00e3o da &#8220;Creche Municipal do Distrito de S\u00e3o Vicente, e d\u00e1 outras provid\u00eancias.<\/p>\n<\/td>\n<\/tr>\n<tr>\n<td>&nbsp;<a href=\"portaltransparencia2019\/decretos2019\/070.pdf\">070<\/a><\/td>\n<td>\n<p>Declara Feriado Municipal nas reparti\u00e7\u00f5es p\u00fablicas Municipais.<\/p>\n<\/td>\n<\/tr>\n<tr>\n<td>&nbsp;<a href=\"portaltransparencia2019\/decretos2019\/061.pdf\">061<\/a><\/td>\n<td>Disp\u00f5e sobre destina\u00e7\u00e3o e&nbsp; funcionamento de pr\u00e9dio p\u00fablico Municipal e d\u00e1 outras provid\u00eancias.<\/td>\n<\/tr>\n<tr>\n<td>&nbsp;<a href=\"portaltransparencia2019\/decretos2019\/060.pdf\">060<\/a><\/td>\n<td>\n<p>Disp\u00f5e sobre nomea\u00e7\u00e3o de cargo em comiss\u00e3o- Chefe de Divis\u00e3o de Administra\u00e7\u00e3o de Recursos Humanos e materiais- Sa\u00fade.<\/p>\n<\/td>\n<\/tr>\n<tr>\n<td>&nbsp;<a href=\"portaltransparencia2019\/decretos2019\/059.pdf\">059<\/a><\/td>\n<td>\n<p>Declara ponto facultativo nas reparti\u00e7\u00f5es P\u00fablicas Municipais- Feriado de Corpus Christi.<\/p>\n<\/td>\n<\/tr>\n<tr>\n<td>&nbsp;<a href=\"portaltransparencia2019\/decretos2019\/058.pdf\">058<\/a><\/td>\n<td>Disp\u00f5e sobre a prorroga\u00e7\u00e3o de vencimento do IPTU 2019 e d\u00e1 outras provid\u00eancias.<\/td>\n<\/tr>\n<tr>\n<td>&nbsp;<a href=\"portaltransparencia2019\/decretos2019\/053.pdf\">053<\/a><\/td>\n<td>Disp\u00f5e sobre nomea\u00e7\u00e3o de servidor efetivo do cargo em&nbsp; comiss\u00e3o.<\/td>\n<\/tr>\n<tr>\n<td>&nbsp;<a href=\"portaltransparencia2019\/decretos2019\/052.pdf\">052<\/a><\/td>\n<td>Disp\u00f5e sobre exonera\u00e7\u00e3o de servidor efetivo do cargo em comiss\u00e3o.<\/td>\n<\/tr>\n<tr>\n<td>&nbsp;<a href=\"portaltransparencia2019\/decretos2019\/051.pdf\">051<\/a><\/td>\n<td>\n<p>Institui o grupo de trabalho intersetorial- GTI, e conforme portaria interministerial N\u00b0 1055 ,de 24 de abril de 2017, que estabelece crit\u00e9rios para ades\u00e3o ao programa Sa\u00fade na escola- PSE.<\/p>\n<\/td>\n<\/tr>\n<tr>\n<td>&nbsp;<a href=\"portaltransparencia2019\/decretos2019\/049.pdf\">049<\/a><\/td>\n<td>Disp\u00f5e sobre nomea\u00e7\u00e3o de servidor do cargo em comiss\u00e3o- Assessor de contabilidade.<\/td>\n<\/tr>\n<tr>\n<td>&nbsp;<a href=\"portaltransparencia2019\/decretos2019\/048.pdf\">048<\/a><\/td>\n<td>Disp\u00f5e sobre exonera\u00e7\u00e3o de servidor do cargo em comiss\u00e3o- Assessor de comunica\u00e7\u00e3o e Rela\u00e7\u00f5es P\u00fablicas.<\/td>\n<\/tr>\n<tr>\n<td>&nbsp;<a href=\"portaltransparencia2019\/decretos2019\/042.pdf\">042<\/a><\/td>\n<td>Disp\u00f5e sobre nomea\u00e7\u00e3o de servidor do cargo em comiss\u00e3o- Assessor de comunica\u00e7\u00e3o e rela\u00e7\u00f5es p\u00fablicas.<\/td>\n<\/tr>\n<tr>\n<td>&nbsp;<a href=\"portaltransparencia2019\/decretos2019\/041.pdf\">041<\/a><\/td>\n<td>Disp\u00f5e sobre a composi\u00e7\u00e3o do codema- Conselho Municipal de Defesa e conserva\u00e7\u00e3o do Meio Ambiente de Baldim-MG 2019\/2021.<\/td>\n<\/tr>\n<tr>\n<td>&nbsp;<a href=\"portaltransparencia2019\/decretos2019\/040.pdf\">040<\/a><\/td>\n<td>Declara Ponto Facultativo nas reparti\u00e7\u00f5es P\u00fablicas Municipais.<\/td>\n<\/tr>\n<tr>\n<td>&nbsp;<a href=\"portaltransparencia2019\/decretos2019\/039.pdf\">039<\/a><\/td>\n<td>\n<p>Disp\u00f5e sobre nomea\u00e7\u00e3o de cargo em comiss\u00e3o-&nbsp; Diretor de Departamento de Servi\u00e7os rurais.<\/p>\n<\/td>\n<\/tr>\n<tr>\n<td>&nbsp;<a href=\"portaltransparencia2019\/decretos2019\/034A.pdf\">034A<\/a><\/td>\n<td>Disp\u00f5e sobre nomea\u00e7\u00e3o de cargo em comiss\u00e3o- Chefe de Divis\u00e3o de Pronto atendimento e laborat\u00f3rio.<\/td>\n<\/tr>\n<tr>\n<td>&nbsp;<a href=\"portaltransparencia2019\/decretos2019\/034.pdf\">034<\/a><\/td>\n<td>Disp\u00f5e sobre a atualiza\u00e7\u00e3o da planta gen\u00e9rica de valores e d\u00e1 outras provid\u00eancias.<\/td>\n<\/tr>\n<tr>\n<td>&nbsp;<a href=\"portaltransparencia2019\/decretos2019\/027.pdf\">027<\/a><\/td>\n<td>\n<p>Disp\u00f5e sobre exonera\u00e7\u00f5es de servidores de cargos em comiss\u00e3o.<\/p>\n<\/td>\n<\/tr>\n<tr>\n<td>&nbsp;<a href=\"portaltransparencia2019\/decretos2019\/026.pdf\">026<\/a><\/td>\n<td>Designa servidor e d\u00e1 outras provid\u00eancias.<\/td>\n<\/tr>\n<tr>\n<td>&nbsp;<a href=\"portaltransparencia2019\/decretos2019\/025.pdf\">025<\/a><\/td>\n<td>\n<p>Declara Ponto Facultativo nas reparti\u00e7\u00f5es P\u00fablicas Municipais- Carnaval 2019.<\/p>\n<\/td>\n<\/tr>\n<tr>\n<td>&nbsp;<a href=\"portaltransparencia2019\/decretos2019\/024.pdf\">024<\/a><\/td>\n<td>Disp\u00f5e sobre o fechamento de vias p\u00fablicas durante a realiza\u00e7\u00e3o das festividades do carnaval 2019 d\u00e1 outras provid\u00eancias.<\/td>\n<\/tr>\n<tr>\n<td>&nbsp;<a href=\"portaltransparencia2019\/decretos2019\/023.pdf\">023<\/a><\/td>\n<td>Disp\u00f5e sobre contrata\u00e7\u00e3o tempor\u00e1ria para atender programa de sa\u00fade da fam\u00edlia- PSF e d\u00e1 outras provid\u00eancias.<\/td>\n<\/tr>\n<tr>\n<td>&nbsp;<a href=\"portaltransparencia2019\/decretos2019\/022.pdf\">022<\/a><\/td>\n<td>Disp\u00f5e sobre o com\u00e9rcio de bebidas nas festividades carnavalescas no Distrito de S\u00e3o Vicente e d\u00e1 outras provid\u00eancias.<\/td>\n<\/tr>\n<tr>\n<td>&nbsp;<a href=\"portaltransparencia2019\/decretos2019\/021.pdf\">021<\/a><\/td>\n<td>\n<p>Disp\u00f5e sobre o com\u00e9rcio de bebidas nas festividades carnavalescas na Sede do Munic\u00edpio e d\u00e1 outras provid\u00eancias.<\/p>\n<\/td>\n<\/tr>\n<tr>\n<td>&nbsp;<a href=\"portaltransparencia2019\/decretos2019\/020.pdf\">020<\/a><\/td>\n<td>Disp\u00f5e sobre nomea\u00e7\u00e3o de cargo em comiss\u00e3o- Chefe de Divis\u00e3o de conv\u00eanios.<\/td>\n<\/tr>\n<tr>\n<td>&nbsp;<a href=\"portaltransparencia2019\/decretos2019\/013.pdf\">013<\/a><\/td>\n<td>\n<p>Disp\u00f5e sobre a notifica\u00e7\u00e3o para limpeza de lotes e terrenos Baldios no Munic\u00edpio de Baldim-MG, incluindo constru\u00e7\u00f5es de casas abandonadas com intuito de evitar a prolifera\u00e7\u00e3o do mosquito aedes aegypti d\u00e1 outras provid\u00eancias.<\/p>\n<\/td>\n<\/tr>\n<tr>\n<td>&nbsp;<a href=\"portaltransparencia2019\/decretos2019\/012.pdf\">012<\/a><\/td>\n<td>\n<p>Disp\u00f5e sobre exonera\u00e7\u00e3o de servidor do cargo em comiss\u00e3o- Assessor de comunica\u00e7\u00e3o e Rela\u00e7\u00f5es P\u00fablicas.<\/p>\n<\/td>\n<\/tr>\n<tr>\n<td>&nbsp;<a href=\"portaltransparencia2019\/decretos2019\/011.pdf\">011<\/a><\/td>\n<td>Nomeia servidora para a liquida\u00e7\u00e3o de empenho na Secretaria Municipal Agricultura.<\/td>\n<\/tr>\n<tr>\n<td>&nbsp;<a href=\"portaltransparencia2019\/decretos2019\/010.pdf\">010<\/a><\/td>\n<td>\n<p>Nomeia servidora para a liquida\u00e7\u00e3o de empenho na Secretaria Municipal de Infraestrutura.<\/p>\n<\/td>\n<\/tr>\n<tr>\n<td>&nbsp;<a href=\"portaltransparencia2019\/decretos2019\/009.pdf\">009<\/a>&nbsp;<\/td>\n<td>\n<p>Disp\u00f5e sobre nomea\u00e7\u00e3o de carga em comiss\u00e3o- Diretor de Departamento de Contabilidade e execu\u00e7\u00e3o or\u00e7ament\u00e1ria.<\/p>\n<\/td>\n<\/tr>\n<tr>\n<td>&nbsp;<a href=\"portaltransparencia2019\/decretos2019\/008.pdf\">008<\/a>&nbsp;<\/td>\n<td>Institui o calend\u00e1rio de feriados e pontos facultativos no Munic\u00edpio de Baldim\/MG referente ao exerc\u00edcio de 2019 e d\u00e1 outras provid\u00eancias.<\/td>\n<\/tr>\n<tr>\n<td>&nbsp;<a href=\"portaltransparencia2019\/decretos2019\/007.pdf\">007<\/a><\/td>\n<td>\n<p>Autoriza cancelamento de valores inscritos em restos a pagar.<\/p>\n<\/td>\n<\/tr>\n<\/tbody>\n<\/table>\n<p>&nbsp;<\/p>\t\t\t\t\t\t<\/div>\n\t\t\t\t<\/div>\n\t\t\t\t\t<\/div>\n\t\t<\/div>\n\t\t\t\t\t\t\t<\/div>\n\t\t<\/section>\n\t\t\t\t\t\t<\/div>\n\t\t\t\t\t<\/div>\n\t\t","protected":false},"excerpt":{"rendered":"<p>Decretos municipais 2019 &nbsp;105 Disp\u00f5e sobre exonera\u00e7\u00e3o de servidor afetivo do cargo em comiss\u00e3o. &nbsp;098 Declara ponto facultativo nas reparti\u00e7\u00f5es p\u00fablicas Municipais comemora\u00e7\u00f5es Natal e Ano Novo. &nbsp;097 Disp\u00f5e sobre exonera\u00e7\u00e3o de<a class=\"moretag\" href=\"https:\/\/baldim.mg.gov.br\/wsite\/?page_id=2898\">leia mais<\/a><\/p>\n","protected":false},"author":2,"featured_media":0,"parent":0,"menu_order":0,"comment_status":"closed","ping_status":"closed","template":"","meta":{"footnotes":""},"class_list":["post-2898","page","type-page","status-publish","hentry"],"_links":{"self":[{"href":"https:\/\/baldim.mg.gov.br\/wsite\/index.php?rest_route=\/wp\/v2\/pages\/2898","targetHints":{"allow":["GET"]}}],"collection":[{"href":"https:\/\/baldim.mg.gov.br\/wsite\/index.php?rest_route=\/wp\/v2\/pages"}],"about":[{"href":"https:\/\/baldim.mg.gov.br\/wsite\/index.php?rest_route=\/wp\/v2\/types\/page"}],"author":[{"embeddable":true,"href":"https:\/\/baldim.mg.gov.br\/wsite\/index.php?rest_route=\/wp\/v2\/users\/2"}],"replies":[{"embeddable":true,"href":"https:\/\/baldim.mg.gov.br\/wsite\/index.php?rest_route=%2Fwp%2Fv2%2Fcomments&post=2898"}],"version-history":[{"count":4,"href":"https:\/\/baldim.mg.gov.br\/wsite\/index.php?rest_route=\/wp\/v2\/pages\/2898\/revisions"}],"predecessor-version":[{"id":3062,"href":"https:\/\/baldim.mg.gov.br\/wsite\/index.php?rest_route=\/wp\/v2\/pages\/2898\/revisions\/3062"}],"wp:attachment":[{"href":"https:\/\/baldim.mg.gov.br\/wsite\/index.php?rest_route=%2Fwp%2Fv2%2Fmedia&parent=2898"}],"curies":[{"name":"wp","href":"https:\/\/api.w.org\/{rel}","templated":true}]}}