{"id":2892,"date":"2025-07-01T01:01:20","date_gmt":"2025-07-01T01:01:20","guid":{"rendered":"https:\/\/baldim.mg.gov.br\/wsite\/?page_id=2892"},"modified":"2025-07-01T01:34:02","modified_gmt":"2025-07-01T01:34:02","slug":"decretos-2018","status":"publish","type":"page","link":"https:\/\/baldim.mg.gov.br\/wsite\/?page_id=2892","title":{"rendered":"Decretos 2018"},"content":{"rendered":"\t\t<div data-elementor-type=\"wp-page\" data-elementor-id=\"2892\" class=\"elementor elementor-2892\" data-elementor-settings=\"[]\">\n\t\t\t\t\t\t\t<div class=\"elementor-section-wrap\">\n\t\t\t\t\t\t\t<section class=\"elementor-section elementor-top-section elementor-element elementor-element-7a673ea elementor-section-boxed elementor-section-height-default elementor-section-height-default wpr-particle-no wpr-jarallax-no wpr-parallax-no wpr-sticky-section-no\" data-id=\"7a673ea\" data-element_type=\"section\">\n\t\t\t\t\t\t<div class=\"elementor-container elementor-column-gap-default\">\n\t\t\t\t\t<div class=\"elementor-column elementor-col-100 elementor-top-column elementor-element elementor-element-1baf3e0\" data-id=\"1baf3e0\" data-element_type=\"column\">\n\t\t\t<div class=\"elementor-widget-wrap elementor-element-populated\">\n\t\t\t\t\t\t\t\t\t<\/div>\n\t\t<\/div>\n\t\t\t\t\t\t\t<\/div>\n\t\t<\/section>\n\t\t\t\t<section class=\"elementor-section elementor-top-section elementor-element elementor-element-7c22d67 elementor-section-boxed elementor-section-height-default elementor-section-height-default wpr-particle-no wpr-jarallax-no wpr-parallax-no wpr-sticky-section-no\" data-id=\"7c22d67\" data-element_type=\"section\">\n\t\t\t\t\t\t<div class=\"elementor-container elementor-column-gap-default\">\n\t\t\t\t\t<div class=\"elementor-column elementor-col-100 elementor-top-column elementor-element elementor-element-14c27b7\" data-id=\"14c27b7\" data-element_type=\"column\">\n\t\t\t<div class=\"elementor-widget-wrap elementor-element-populated\">\n\t\t\t\t\t\t\t\t<div class=\"elementor-element elementor-element-d62ff3b elementor-widget elementor-widget-text-editor\" data-id=\"d62ff3b\" data-element_type=\"widget\" data-widget_type=\"text-editor.default\">\n\t\t\t\t<div class=\"elementor-widget-container\">\n\t\t\t<style>\/*! elementor - v3.5.4 - 23-01-2022 *\/\n.elementor-widget-text-editor.elementor-drop-cap-view-stacked .elementor-drop-cap{background-color:#818a91;color:#fff}.elementor-widget-text-editor.elementor-drop-cap-view-framed .elementor-drop-cap{color:#818a91;border:3px solid;background-color:transparent}.elementor-widget-text-editor:not(.elementor-drop-cap-view-default) .elementor-drop-cap{margin-top:8px}.elementor-widget-text-editor:not(.elementor-drop-cap-view-default) .elementor-drop-cap-letter{width:1em;height:1em}.elementor-widget-text-editor .elementor-drop-cap{float:left;text-align:center;line-height:1;font-size:50px}.elementor-widget-text-editor .elementor-drop-cap-letter{display:inline-block}<\/style>\t\t\t\t<p>Decretos 2018<\/p>\n<table style=\"border: 2px solid #000000; margin-left: auto; margin-right: auto;\" rules=\"all\">\n<tbody>\n<tr>\n<td><a href=\"portaltransparencia2018\/decretos2018\/122.pdf\">122<\/a><\/td>\n<td>Declara Ponto Facultativo nas Reparti\u00e7\u00f5es P\u00fablicas Municipais.<\/td>\n<\/tr>\n<tr>\n<td><a href=\"portaltransparencia2018\/decretos2018\/113.pdf\">113<\/a><\/td>\n<td>\n<p>Disp\u00f5e sobre nomea\u00e7\u00e3o de cargo em comiss\u00e3o- Diretor de Departamento de Servi\u00e7os Urbanos.<\/p>\n<\/td>\n<\/tr>\n<tr>\n<td><a href=\"portaltransparencia2018\/decretos2018\/112.pdf\">112<\/a><\/td>\n<td>\n<p>&nbsp;Declara Ponto Facultativo nas Reparti\u00e7\u00f5es P\u00fablicas Municipais.<\/p>\n<\/td>\n<\/tr>\n<tr>\n<td><a href=\"portaltransparencia2018\/decretos2018\/111.pdf\">111<\/a><\/td>\n<td>\n<p>Nomeia Servidor para a liquida\u00e7\u00e3o de empenho na Secretaria Municipal de Infraestrutura.<\/p>\n<\/td>\n<\/tr>\n<tr>\n<td><a href=\"portaltransparencia2018\/decretos2018\/104.pdf\">104<\/a><\/td>\n<td>\n<p>&nbsp; Disp\u00f5e sobre o expediente nas reparti\u00e7\u00f5es p\u00fablicas em comemora\u00e7\u00e3o ao dia do Servidor P\u00fablico.<\/p>\n<\/td>\n<\/tr>\n<tr>\n<td><a href=\"portaltransparencia2018\/decretos2018\/103.pdf\">103<\/a><\/td>\n<td>\n<p>&nbsp;Nomeia conselho de alimenta\u00e7\u00e3o Escolar para o exerc\u00edcio 2018\/2022.<\/p>\n<\/td>\n<\/tr>\n<tr>\n<td><a href=\"portaltransparencia2018\/decretos2018\/102.pdf\">102<\/a><\/td>\n<td>\n<p>&nbsp;Autoriza cancelamento de valores inscritos em restos a pagar n\u00e3o processados.<\/p>\n<\/td>\n<\/tr>\n<tr>\n<td><a href=\"portaltransparencia2018\/decretos2018\/095.pdf\">095<\/a><\/td>\n<td>\n<p>&nbsp;Disp\u00f5e sobre nomea\u00e7\u00e3o de cargo em comiss\u00e3o- Diretor (a) de Departamento de Agricultura.<\/p>\n<\/td>\n<\/tr>\n<tr>\n<td><a href=\"portaltransparencia2018\/decretos2018\/094.pdf\">094<\/a><\/td>\n<td>\n<p>&nbsp;Disp\u00f5e sobre exonera\u00e7\u00e3o de cargo em comiss\u00e3o- Chefe de Divis\u00e3o de Administra\u00e7\u00e3o de Recursos Humanos e Materiais- Secretaria de Sa\u00fade.<\/p>\n<\/td>\n<\/tr>\n<tr>\n<td><a href=\"portaltransparencia2018\/decretos2018\/093.pdf\">093<\/a><\/td>\n<td>\n<p>&nbsp;Declara Ponto Facultativo nas Reparti\u00e7\u00f5es P\u00fablicas Municipais.<\/p>\n<\/td>\n<\/tr>\n<tr>\n<td><a href=\"portaltransparencia2018\/decretos2018\/092.pdf\">092<\/a><\/td>\n<td>\n<p>Disp\u00f5e sobre nomea\u00e7\u00f5es de cargos em comiss\u00e3o.<\/p>\n<\/td>\n<\/tr>\n<tr>\n<td><a href=\"portaltransparencia2018\/decretos2018\/091.pdf\">091<\/a><\/td>\n<td>\n<p>Convoca a popula\u00e7\u00e3o para o encontro Municipal do Curr\u00edculo de Minas Gerais de Baldim e d\u00e1 outras provid\u00eancias.<\/p>\n<\/td>\n<\/tr>\n<tr>\n<td><a href=\"portaltransparencia2018\/decretos2018\/090.pdf\">090<\/a><\/td>\n<td>\n<p>Disp\u00f5e sobre nomea\u00e7\u00e3o de cargo em comiss\u00e3o.<\/p>\n<\/td>\n<\/tr>\n<tr>\n<td><a href=\"portaltransparencia2018\/decretos2018\/089.pdf\">089<\/a><\/td>\n<td>\n<p>&nbsp;Disp\u00f5e sobre exonera\u00e7\u00e3o de cargo em comiss\u00e3o.<\/p>\n<\/td>\n<\/tr>\n<tr>\n<td><a href=\"portaltransparencia2018\/decretos2018\/088.pdf\">088<\/a><\/td>\n<td>\n<p>&nbsp;Autoriza cancelamento de valores inscritos em restos a pagar n\u00e3o processados.<\/p>\n<\/td>\n<\/tr>\n<tr>\n<td><a href=\"portaltransparencia2018\/decretos2018\/081.pdf\">081<\/a><\/td>\n<td>\n<p>Declara Feriado Municipal nas reparti\u00e7\u00f5es P\u00fablicas Municipais.<\/p>\n<\/td>\n<\/tr>\n<tr>\n<td><a href=\"portaltransparencia2018\/decretos2018\/079.pdf\">079<\/a><\/td>\n<td>\n<p>&nbsp;Autoriza cancelamento de valores inscritos em restos a pagar n\u00e3o processados.<\/p>\n<\/td>\n<\/tr>\n<tr>\n<td><a href=\"portaltransparencia2018\/decretos2018\/064.pdf\">064<\/a><\/td>\n<td>\n<p>&nbsp;Autoriza cancelamento de valores inscritos em restos a pagar n\u00e3o processados.<\/p>\n<\/td>\n<\/tr>\n<tr>\n<td><a href=\"portaltransparencia2018\/decretos2018\/063.pdf\">063<\/a><\/td>\n<td>\n<p>&nbsp;Autoriza cancelamento de valores inscritos em restos a pagar.<\/p>\n<\/td>\n<\/tr>\n<tr>\n<td><a href=\"portaltransparencia2018\/decretos2018\/062.pdf\">062<\/a><\/td>\n<td>\n<p>&nbsp;Disp\u00f5e sobre a nomea\u00e7\u00e3o de Equipe T\u00e9cnica respons\u00e1vel pelo Monitoramento e Avalia\u00e7\u00e3o do Plano Municipal de Educa\u00e7\u00e3o Lei N\u00ba 1156 de 11 de junho de 2015 do Munic\u00edpio de Baldim, e d\u00e1 outras provid\u00eancias.<\/p>\n<\/td>\n<\/tr>\n<tr>\n<td><a href=\"portaltransparencia2018\/decretos2018\/061.pdf\">061<\/a><\/td>\n<td>\n<p>Disp\u00f5e sobre o funcionamento das reparti\u00e7\u00f5es p\u00fablicas Municipais em dias de jogos do Brasil na Copa do Mundo FIFA 2018.<\/p>\n<\/td>\n<\/tr>\n<tr>\n<td><a href=\"portaltransparencia2018\/decretos2018\/058.pdf\">058<\/a><\/td>\n<td>\n<p>&nbsp;Disp\u00f5e sobre nomea\u00e7\u00e3o de cargo em comiss\u00e3o- Chefe de Divis\u00e3o de Administra\u00e7\u00e3o de Recursos Humanos e Materiais- Secretaria de Sa\u00fade.<\/p>\n<\/td>\n<\/tr>\n<tr>\n<td><a href=\"portaltransparencia2018\/decretos2018\/052.pdf\">052<\/a><\/td>\n<td>\n<p>&nbsp;Declara Ponto Facultativo nas reparti\u00e7\u00f5es P\u00fablicas Municipais- CORPUS CHRISTI.<\/p>\n<\/td>\n<\/tr>\n<tr>\n<td><a href=\"portaltransparencia2018\/decretos2018\/051.pdf\">051<\/a><\/td>\n<td>\n<p>&nbsp;\u201cAprova Manual de Presta\u00e7\u00f5es de Contas das Parcerias celebradas entre Administra\u00e7\u00e3o P\u00fablica e as Organiza\u00e7\u00f5es da Sociedade Civil- OSC na forma da Lei Federal N\u00ba 13.019\/2014 e Leis Municipais N\u00ba S 1.190\/2017 e 1.193\/2018\u201d.<\/p>\n<\/td>\n<\/tr>\n<tr>\n<td><a href=\"portaltransparencia2018\/decretos2018\/050.pdf\">050<\/a><\/td>\n<td>\n<p>&nbsp;Disp\u00f5e sobre contrata\u00e7\u00e3o tempor\u00e1ria para atender programa de sa\u00fade da fam\u00edlia- PSF e d\u00e1 outras provid\u00eancias.<\/p>\n<\/td>\n<\/tr>\n<tr>\n<td><a href=\"portaltransparencia2018\/decretos2018\/043.pdf\">043<\/a><\/td>\n<td>\n<p>&nbsp;O Prefeito Municipal de Baldim, Estado de Minas Gerais, nos termos da Lei N\u00ba 755\/2003; resolve designar para compor o Conselho Municipal dos Direitos da Crian\u00e7a e do Adolescente- CMDCA, gest\u00e3o 2018 a 2020, os seguintes conselheiros.<\/p>\n<\/td>\n<\/tr>\n<tr>\n<td><a href=\"portaltransparencia2018\/decretos2018\/042.pdf\">042<\/a><\/td>\n<td>\n<p>&nbsp;Autoriza cancelamento de valores inscritos em restos a pagar n\u00e3o processados.<\/p>\n<\/td>\n<\/tr>\n<tr>\n<td><a href=\"portaltransparencia2018\/decretos2018\/041.pdf\">041<\/a><\/td>\n<td>\n<p>&nbsp;Declara Ponto Facultativo nas Reparti\u00e7\u00f5es P\u00fablicas Municipais- 01\u00ba de maio- Dia do Trabalhador.<\/p>\n<\/td>\n<\/tr>\n<tr>\n<td><a href=\"portaltransparencia2018\/decretos2018\/038.pdf\">038<\/a><\/td>\n<td>\n<p>&nbsp;Nomeia o Conselho Municipal de Educa\u00e7\u00e3o.<\/p>\n<\/td>\n<\/tr>\n<tr>\n<td><a href=\"portaltransparencia2018\/decretos2018\/037.pdf\">037<\/a><\/td>\n<td>\n<p>Nomeia o conselho de acompanhamento e controle social do FUNDEB.<\/p>\n<\/td>\n<\/tr>\n<tr>\n<td><a href=\"portaltransparencia2018\/decretos2018\/030.pdf\">030<\/a><\/td>\n<td>\n<p>Declara Ponto Facultativo nas Reparti\u00e7\u00f5es P\u00fablicas Municipais.<\/p>\n<\/td>\n<\/tr>\n<tr>\n<td><a href=\"portaltransparencia2018\/decretos2018\/029.pdf\">029<\/a><\/td>\n<td>\n<p>Delega a compet\u00eancia de ordenador de despesas e gestor da Secretaria Municipal de Educa\u00e7\u00e3o e do Fundo Nacional de Desenvolvimento da Educa\u00e7\u00e3o B\u00e1sica- FUNDEB no \u00e2mbito do Munic\u00edpio de Baldim e d\u00e1 outras provid\u00eancias.<\/p>\n<\/td>\n<\/tr>\n<tr>\n<td><a href=\"portaltransparencia2018\/decretos2018\/022.pdf\">022<\/a><\/td>\n<td>\n<p>&nbsp;Disp\u00f5e sobre exonera\u00e7\u00e3o de cargo efetivo a pedido do servidor.<\/p>\n<\/td>\n<\/tr>\n<tr>\n<td><a href=\"portaltransparencia2018\/decretos2018\/021.pdf\">021<\/a><\/td>\n<td>\n<p>&nbsp;Disp\u00f5e sobre exonera\u00e7\u00e3o de servidor cargo em comiss\u00e3o.<\/p>\n<\/td>\n<\/tr>\n<tr>\n<td><a href=\"portaltransparencia2018\/decretos2018\/020.pdf\">020<\/a><\/td>\n<td>\n<p>Declara Ponto Facultativo nas Reparti\u00e7\u00f5es P\u00fablicas Municipais- Carnaval.<\/p>\n<\/td>\n<\/tr>\n<tr>\n<td><a href=\"portaltransparencia2018\/decretos2018\/019.pdf\">019<\/a><\/td>\n<td>\n<p>&nbsp;Disp\u00f5e sobre nomea\u00e7\u00f5es de cargos em comiss\u00e3o- Comissionado Efetivo.<\/p>\n<\/td>\n<\/tr>\n<tr>\n<td><a href=\"portaltransparencia2018\/decretos2018\/013.pdf\">013<\/a><\/td>\n<td>\n<p>&nbsp;Disp\u00f5e sobre exonera\u00e7\u00e3o de servidor efetivo por motivo de falecimento.<\/p>\n<\/td>\n<\/tr>\n<tr>\n<td><a href=\"portaltransparencia2018\/decretos2018\/012.pdf\">012<\/a><\/td>\n<td>\n<p>Disp\u00f5e sobre nomea\u00e7\u00f5es de cargo em comiss\u00e3o.<\/p>\n<\/td>\n<\/tr>\n<tr>\n<td><a href=\"portaltransparencia2018\/decretos2018\/011.pdf\">011<\/a><\/td>\n<td>\n<p>&nbsp;Disp\u00f5e sobre a atualiza\u00e7\u00e3o da Planta Gen\u00e9rica de valores e d\u00e1 outras provid\u00eancias.<\/p>\n<\/td>\n<\/tr>\n<tr>\n<td><a href=\"portaltransparencia2018\/decretos2018\/010.pdf\">010<\/a><\/td>\n<td>Disp\u00f5e sobre nomea\u00e7\u00e3o de fun\u00e7\u00e3o P\u00fablica- Conselheiro Tutelar Suplente.<\/td>\n<\/tr>\n<tr>\n<td><a href=\"portaltransparencia2018\/decretos2018\/009.pdf\">009<\/a><\/td>\n<td>\n<p>&nbsp;Disp\u00f5e sobre o com\u00e9rcio de bebidas nas festividades carnavalescas no Distrito de S\u00e3o Vicente e d\u00e1 outras provid\u00eancias.<\/p>\n<\/td>\n<\/tr>\n<tr>\n<td><a href=\"portaltransparencia2018\/decretos2018\/008.pdf\">008<\/a><\/td>\n<td>\n<p>&nbsp;Disp\u00f5e sobre o com\u00e9rcio de bebidas nas festividades carnavalescas na sede do Mun\u00edcipio e d\u00e1 outras provid\u00eancias.<\/p>\n<\/td>\n<\/tr>\n<tr>\n<td><a href=\"portaltransparencia2018\/decretos2018\/007.pdf\">007<\/a><\/td>\n<td>\n<p>&nbsp;Institui o calend\u00e1rio de Feriados e Pontos Facultativos no Munic\u00edpio de Baldim\/MG, referente ao exerc\u00edcio de 2018 e d\u00e1 outras provid\u00eancias.<\/p>\n<\/td>\n<\/tr>\n<tr>\n<td><a href=\"portaltransparencia2018\/decretos2018\/006.pdf\">006<\/a><\/td>\n<td>\n<p>Disp\u00f5e sobre nomea\u00e7\u00e3o de cargo em comiss\u00e3o- Diretor de Departamento Administrativo- Sa\u00fade.<\/p>\n<\/td>\n<\/tr>\n<\/tbody>\n<\/table>\t\t\t\t\t\t<\/div>\n\t\t\t\t<\/div>\n\t\t\t\t\t<\/div>\n\t\t<\/div>\n\t\t\t\t\t\t\t<\/div>\n\t\t<\/section>\n\t\t\t\t\t\t<\/div>\n\t\t\t\t\t<\/div>\n\t\t","protected":false},"excerpt":{"rendered":"<p>Decretos 2018 122 Declara Ponto Facultativo nas Reparti\u00e7\u00f5es P\u00fablicas Municipais. 113 Disp\u00f5e sobre nomea\u00e7\u00e3o de cargo em comiss\u00e3o- Diretor de Departamento de Servi\u00e7os Urbanos. 112 &nbsp;Declara Ponto Facultativo nas Reparti\u00e7\u00f5es P\u00fablicas Municipais.<a class=\"moretag\" href=\"https:\/\/baldim.mg.gov.br\/wsite\/?page_id=2892\">leia mais<\/a><\/p>\n","protected":false},"author":2,"featured_media":0,"parent":0,"menu_order":0,"comment_status":"closed","ping_status":"closed","template":"","meta":{"footnotes":""},"class_list":["post-2892","page","type-page","status-publish","hentry"],"_links":{"self":[{"href":"https:\/\/baldim.mg.gov.br\/wsite\/index.php?rest_route=\/wp\/v2\/pages\/2892","targetHints":{"allow":["GET"]}}],"collection":[{"href":"https:\/\/baldim.mg.gov.br\/wsite\/index.php?rest_route=\/wp\/v2\/pages"}],"about":[{"href":"https:\/\/baldim.mg.gov.br\/wsite\/index.php?rest_route=\/wp\/v2\/types\/page"}],"author":[{"embeddable":true,"href":"https:\/\/baldim.mg.gov.br\/wsite\/index.php?rest_route=\/wp\/v2\/users\/2"}],"replies":[{"embeddable":true,"href":"https:\/\/baldim.mg.gov.br\/wsite\/index.php?rest_route=%2Fwp%2Fv2%2Fcomments&post=2892"}],"version-history":[{"count":4,"href":"https:\/\/baldim.mg.gov.br\/wsite\/index.php?rest_route=\/wp\/v2\/pages\/2892\/revisions"}],"predecessor-version":[{"id":3059,"href":"https:\/\/baldim.mg.gov.br\/wsite\/index.php?rest_route=\/wp\/v2\/pages\/2892\/revisions\/3059"}],"wp:attachment":[{"href":"https:\/\/baldim.mg.gov.br\/wsite\/index.php?rest_route=%2Fwp%2Fv2%2Fmedia&parent=2892"}],"curies":[{"name":"wp","href":"https:\/\/api.w.org\/{rel}","templated":true}]}}