{"id":2886,"date":"2025-07-01T01:00:51","date_gmt":"2025-07-01T01:00:51","guid":{"rendered":"https:\/\/baldim.mg.gov.br\/wsite\/?page_id=2886"},"modified":"2025-07-01T01:33:02","modified_gmt":"2025-07-01T01:33:02","slug":"decretos-2017","status":"publish","type":"page","link":"https:\/\/baldim.mg.gov.br\/wsite\/?page_id=2886","title":{"rendered":"Decretos 2017"},"content":{"rendered":"\t\t<div data-elementor-type=\"wp-page\" data-elementor-id=\"2886\" class=\"elementor elementor-2886\" data-elementor-settings=\"[]\">\n\t\t\t\t\t\t\t<div class=\"elementor-section-wrap\">\n\t\t\t\t\t\t\t<section class=\"elementor-section elementor-top-section elementor-element elementor-element-df7c833 elementor-section-boxed elementor-section-height-default elementor-section-height-default wpr-particle-no wpr-jarallax-no wpr-parallax-no wpr-sticky-section-no\" data-id=\"df7c833\" data-element_type=\"section\">\n\t\t\t\t\t\t<div class=\"elementor-container elementor-column-gap-default\">\n\t\t\t\t\t<div class=\"elementor-column elementor-col-100 elementor-top-column elementor-element elementor-element-c0a01c1\" data-id=\"c0a01c1\" data-element_type=\"column\">\n\t\t\t<div class=\"elementor-widget-wrap elementor-element-populated\">\n\t\t\t\t\t\t\t\t\t<\/div>\n\t\t<\/div>\n\t\t\t\t\t\t\t<\/div>\n\t\t<\/section>\n\t\t\t\t<section class=\"elementor-section elementor-top-section elementor-element elementor-element-0f194cd elementor-section-boxed elementor-section-height-default elementor-section-height-default wpr-particle-no wpr-jarallax-no wpr-parallax-no wpr-sticky-section-no\" data-id=\"0f194cd\" data-element_type=\"section\">\n\t\t\t\t\t\t<div class=\"elementor-container elementor-column-gap-default\">\n\t\t\t\t\t<div class=\"elementor-column elementor-col-100 elementor-top-column elementor-element elementor-element-a595f30\" data-id=\"a595f30\" data-element_type=\"column\">\n\t\t\t<div class=\"elementor-widget-wrap elementor-element-populated\">\n\t\t\t\t\t\t\t\t<div class=\"elementor-element elementor-element-c31da14 elementor-widget elementor-widget-text-editor\" data-id=\"c31da14\" data-element_type=\"widget\" data-widget_type=\"text-editor.default\">\n\t\t\t\t<div class=\"elementor-widget-container\">\n\t\t\t<style>\/*! elementor - v3.5.4 - 23-01-2022 *\/\n.elementor-widget-text-editor.elementor-drop-cap-view-stacked .elementor-drop-cap{background-color:#818a91;color:#fff}.elementor-widget-text-editor.elementor-drop-cap-view-framed .elementor-drop-cap{color:#818a91;border:3px solid;background-color:transparent}.elementor-widget-text-editor:not(.elementor-drop-cap-view-default) .elementor-drop-cap{margin-top:8px}.elementor-widget-text-editor:not(.elementor-drop-cap-view-default) .elementor-drop-cap-letter{width:1em;height:1em}.elementor-widget-text-editor .elementor-drop-cap{float:left;text-align:center;line-height:1;font-size:50px}.elementor-widget-text-editor .elementor-drop-cap-letter{display:inline-block}<\/style>\t\t\t\t<p>Decretos 2017<\/p>\n<table style=\"border: 2px solid #000000; margin-left: auto; margin-right: auto;\" rules=\"all\">\n<tbody>\n<tr>\n<td><a href=\"portaltransparencia2017\/decretos2017\/174.pdf\">174<\/a><\/td>\n<td>\n<p>Disp\u00f5e sobre exonera\u00e7\u00e3o de cargo em comiss\u00e3o- Chefe de Divis\u00e3o de Pronto Atendimento e Laborat\u00f3rio- Sa\u00fade.<\/p>\n<\/td>\n<\/tr>\n<tr>\n<td><a href=\"portaltransparencia2017\/decretos2017\/173.pdf\">173<\/a><\/td>\n<td>\n<p>&nbsp;Disp\u00f5e sobre nomea\u00e7\u00e3o de fun\u00e7\u00e3o P\u00fablica- Conselheiro Tutelar Suplente.<\/p>\n<\/td>\n<\/tr>\n<tr>\n<td><a href=\"portaltransparencia2017\/decretos2017\/172.pdf\">172<\/a><\/td>\n<td>\n<p>&nbsp;Disp\u00f5e sobre exonera\u00e7\u00e3o- Conselheiro Tutelar Suplente.<\/p>\n<\/td>\n<\/tr>\n<tr>\n<td><a href=\"portaltransparencia2017\/decretos2017\/171.pdf\">171<\/a><\/td>\n<td>\n<p>&nbsp;Disp\u00f5e sobre a aprova\u00e7\u00e3o de projeto de parcelamento do solo, na modalidade de loteamento, denominado \u201cBairro Ana Luiza\u201d, situado neste Munic\u00edpio Baldim, na forma e condi\u00e7\u00f5es que especifica.<\/p>\n<\/td>\n<\/tr>\n<tr>\n<td><a href=\"portaltransparencia2017\/decretos2017\/164.pdf\">164<\/a><\/td>\n<td>\n<p>Disp\u00f5e sobre Ponto Facultativo no dia 08 de dezembro de 2017.<\/p>\n<\/td>\n<\/tr>\n<tr>\n<td><a href=\"portaltransparencia2017\/decretos2017\/163.pdf\">163<\/a><\/td>\n<td>\n<p>&nbsp;Disp\u00f5e sobre prorroga\u00e7\u00e3o da nomea\u00e7\u00e3o de fun\u00e7\u00e3o P\u00fablica- Conselheiro Tutelar Suplente.<\/p>\n<\/td>\n<\/tr>\n<tr>\n<td><a href=\"portaltransparencia2017\/decretos2017\/163A.pdf\">163 A<\/a><\/td>\n<td>\n<p>&nbsp;Nomeia Servidor para a liquida\u00e7\u00e3o de empenho na Secretaria Municipal de Agricultura.<\/p>\n<\/td>\n<\/tr>\n<tr>\n<td><a href=\"portaltransparencia2017\/decretos2017\/162.pdf\">162<\/a><\/td>\n<td>\n<p>&nbsp;Convoca a popula\u00e7\u00e3o para Confer\u00eancia de Educa\u00e7\u00e3o do Munic\u00edpio de Baldim e d\u00e1 outras provid\u00eancias.<\/p>\n<\/td>\n<\/tr>\n<tr>\n<td><a href=\"portaltransparencia2017\/decretos2017\/161.pdf\">161<\/a><\/td>\n<td>\n<p>&nbsp;Disp\u00f5e sobre nomea\u00e7\u00e3o de cargo em comiss\u00e3o- Diretor de Departamento de Cultura.<\/p>\n<\/td>\n<\/tr>\n<tr>\n<td><a href=\"portaltransparencia2017\/decretos2017\/151.pdf\">151<\/a><\/td>\n<td>\n<p>&nbsp;Disp\u00f5e sobre prorroga\u00e7\u00e3o da nomea\u00e7\u00e3o de fun\u00e7\u00e3o P\u00fablica- Conselheiro Tutelar Suplente.<\/p>\n<\/td>\n<\/tr>\n<tr>\n<td><a href=\"portaltransparencia2017\/decretos2017\/152.pdf\">152<\/a><\/td>\n<td>\n<p>Disp\u00f5e sobre o expediente nas reparti\u00e7\u00f5es p\u00fablicas em comemora\u00e7\u00e3o ao dia do Servidor P\u00fablico e Ponto Facultativo.<\/p>\n<\/td>\n<\/tr>\n<tr>\n<td><a href=\"portaltransparencia2017\/decretos2017\/150.pdf\">150<\/a><\/td>\n<td>\n<p>&nbsp;Disp\u00f5e sobre nomea\u00e7\u00e3o de fun\u00e7\u00e3o P\u00fablica- Conselheiro Tutelar Suplente.<\/p>\n<\/td>\n<\/tr>\n<tr>\n<td><a href=\"portaltransparencia2017\/decretos2017\/149.pdf\">149<\/a><\/td>\n<td>\n<p>&nbsp;Disp\u00f5e sobre o com\u00e9rcio de bebidas no dia Nacional da Juventude- DNJ, na Sede do Munic\u00edpio e d\u00e1 outras provid\u00eancias.<\/p>\n<\/td>\n<\/tr>\n<tr>\n<td><a href=\"portaltransparencia2017\/decretos2017\/147.pdf\">147<\/a><\/td>\n<td>\n<p>&nbsp;Declara Ponto Facultativo nas Reparti\u00e7\u00f5es P\u00fablicas Municipais.<\/p>\n<\/td>\n<\/tr>\n<tr>\n<td><a href=\"portaltransparencia2017\/decretos2017\/146.pdf\">146<\/a><\/td>\n<td>\n<p>&nbsp;Disp\u00f5e sobre nomea\u00e7\u00e3o de cargo em comiss\u00e3o.<\/p>\n<\/td>\n<\/tr>\n<tr>\n<td><a href=\"portaltransparencia2017\/decretos2017\/140.pdf\">140<\/a><\/td>\n<td>\n<p>&nbsp;Declara ponto facultativo nas reparti\u00e7\u00f5es P\u00fablicas Municipais.<\/p>\n<\/td>\n<\/tr>\n<tr>\n<td><a href=\"portaltransparencia2017\/decretos2017\/140A.pdf\">140 A<\/a><\/td>\n<td>\n<p>Disp\u00f5e sobre nomea\u00e7\u00e3o de fun\u00e7\u00e3o P\u00fablica- Conselheiro Tutelar Suplente.<\/p>\n<\/td>\n<\/tr>\n<tr>\n<td><a href=\"portaltransparencia2017\/decretos2017\/138.pdf\">138<\/a><\/td>\n<td>\n<p>&nbsp;Disp\u00f5e sobre contrata\u00e7\u00e3o tempor\u00e1ria para atender programa de sa\u00fade da fam\u00edlia- PSF e d\u00e1 outras provid\u00eancias.<\/p>\n<\/td>\n<\/tr>\n<tr>\n<td><a href=\"portaltransparencia2017\/decretos2017\/137.pdf\">137<\/a><\/td>\n<td>\n<p>&nbsp;Disp\u00f5e sobre exonera\u00e7\u00f5es de cargos em comiss\u00e3o, rescis\u00f5es contratuais e d\u00e1 outras provid\u00eancias.<\/p>\n<\/td>\n<\/tr>\n<tr>\n<td><a href=\"portaltransparencia2017\/decretos2017\/131.pdf\">131<\/a><\/td>\n<td>\n<p>&nbsp;Nomeia Conselho Municipal de Assist\u00eancia Social.<\/p>\n<\/td>\n<\/tr>\n<tr>\n<td><a href=\"portaltransparencia2017\/decretos2017\/130A.pdf\">131 A<\/a><\/td>\n<td>\n<p>Declara Ponto Facultativo nas Reparti\u00e7\u00f5es P\u00fablicas Municipais.<\/p>\n<\/td>\n<\/tr>\n<tr>\n<td><a href=\"portaltransparencia2017\/decretos2017\/130.pdf\">130<\/a><\/td>\n<td>\n<p>&nbsp;Disp\u00f5e sobre exonera\u00e7\u00e3o de cargo em comiss\u00e3o.<\/p>\n<\/td>\n<\/tr>\n<tr>\n<td><a href=\"portaltransparencia2017\/decretos2017\/129.pdf\">129<\/a><\/td>\n<td>\n<p>&nbsp;Institui comit\u00ea Municipal de enfrentamento da dengue, chikungunya e zica.<\/p>\n<\/td>\n<\/tr>\n<tr>\n<td><a href=\"portaltransparencia2017\/decretos2017\/127.pdf\">127<\/a><\/td>\n<td>\n<p>&nbsp;Disp\u00f5e sobre nomea\u00e7\u00e3o da comiss\u00e3o coordenadora respons\u00e1vel pelo monitoramento e avalia\u00e7\u00e3o do plano Municipal de Educa\u00e7\u00e3o Lei N\u00ba 1156 de 11 de junho de 2015 do Munic\u00edpio de Baldim, e d\u00e1 outras provid\u00eancias.<\/p>\n<\/td>\n<\/tr>\n<tr>\n<td><a href=\"portaltransparencia2017\/decretos2017\/126.pdf\">126<\/a><\/td>\n<td>\n<p>&nbsp;Institui o grupo de trabalho intersetorial- GTI, conforme portaria interministerial N\u00ba 1055, de 24 de Abril de 2017, que estabelece crit\u00e9rios para ades\u00e3o ao programa sa\u00fade na escola PSE.<\/p>\n<\/td>\n<\/tr>\n<tr>\n<td><a href=\"portaltransparencia2017\/decretos2017\/125.pdf\">125<\/a><\/td>\n<td>\n<p>Disp\u00f5e sobre a delega\u00e7\u00e3o da compet\u00eancia para autoriza\u00e7\u00e3o de concess\u00e3o de di\u00e1rias e uso do meio do Transporte em viagens.<\/p>\n<\/td>\n<\/tr>\n<tr>\n<td><a href=\"portaltransparencia2017\/decretos2017\/119.pdf\">119<\/a><\/td>\n<td>\n<p>&nbsp;Disp\u00f5e sobre nomea\u00e7\u00f5es e Movimenta\u00e7\u00f5es banc\u00e1rias da Prefeitura Municipal de Baldim.<\/p>\n<\/td>\n<\/tr>\n<tr>\n<td><a href=\"portaltransparencia2017\/decretos2017\/113.pdf\">113<\/a><\/td>\n<td>\n<p>&nbsp;Institui o grupo de trabalho intersetorial- GTI, conforme portaria interministerial N\u00ba 1055, de 24 de Abril de 2017, que estabelece crit\u00e9rios para ades\u00e3o ao programa sa\u00fade na escola PSE.<\/p>\n<\/td>\n<\/tr>\n<tr>\n<td><a href=\"portaltransparencia2017\/decretos2017\/112.pdf\">112<\/a><\/td>\n<td>\n<p>&nbsp;Nomeia servidora para a liquida\u00e7\u00e3o de empenho na Secretaria Municipal de Educa\u00e7\u00e3o.<\/p>\n<\/td>\n<\/tr>\n<tr>\n<td><a href=\"portaltransparencia2017\/decretos2017\/111.pdf\">111<\/a><\/td>\n<td>\n<p>&nbsp;Disp\u00f5e sobre nomea\u00e7\u00e3o de fun\u00e7\u00e3o P\u00fablica- Conselheiro Tutelar Suplente.<\/p>\n<\/td>\n<\/tr>\n<tr>\n<td><a href=\"portaltransparencia2017\/decretos2017\/109.pdf\">109<\/a><\/td>\n<td>\n<p>&nbsp;Aplica pena de impedimento de licitar e contratar com a administra\u00e7\u00e3o P\u00fablica, e d\u00e1 outras provid\u00eancias.<\/p>\n<\/td>\n<\/tr>\n<tr>\n<td><a href=\"portaltransparencia2017\/decretos2017\/103.pdf\">103<\/a><\/td>\n<td>\n<p>&nbsp;Disp\u00f5e sobre nomea\u00e7\u00e3o de cargo em comiss\u00e3o- Diretor de Departamento de Servi\u00e7os Rurais.<\/p>\n<\/td>\n<\/tr>\n<tr>\n<td><a href=\"portaltransparencia2017\/decretos2017\/102.pdf\">102<\/a><\/td>\n<td>\n<p>&nbsp;Nomeia servidora para a liquida\u00e7\u00e3o de empenho na Secretaria Municipal de Educa\u00e7\u00e3o.<\/p>\n<\/td>\n<\/tr>\n<tr>\n<td><a href=\"portaltransparencia2017\/decretos2017\/101.pdf\">101<\/a><\/td>\n<td>\n<p>&nbsp;Disp\u00f5e sobre exonera\u00e7\u00e3o de cargo em comiss\u00e3o- Diretor de Departamento de Servi\u00e7os Rurais.<\/p>\n<\/td>\n<\/tr>\n<tr>\n<td><a href=\"portaltransparencia2017\/decretos2017\/100.pdf\">100<\/a><\/td>\n<td>\n<p>&nbsp;Declara Ponto Facultativo nas reparti\u00e7\u00f5es P\u00fablicas Municipais.<\/p>\n<\/td>\n<\/tr>\n<tr>\n<td><a href=\"portaltransparencia2017\/decretos2017\/099.pdf\">099<\/a><\/td>\n<td>\n<p>&nbsp;Regulamenta a coleta e o transporte de entulho, terras, sobras de materiais de constru\u00e7\u00e3o e res\u00edduos de qualquer natureza, no per\u00edmetro urbano de Baldim-MG e d\u00e1 outras provid\u00eancias.<\/p>\n<\/td>\n<\/tr>\n<tr>\n<td><a href=\"portaltransparencia2017\/decretos2017\/096.pdf\">096<\/a><\/td>\n<td>\n<p>Autoriza cancelamento de valores inscritos em restos a pagar.<\/p>\n<\/td>\n<\/tr>\n<tr>\n<td><a href=\"portaltransparencia2017\/decretos2017\/090.pdf\">090<\/a><\/td>\n<td>\n<p>&nbsp;Regulamenta e constitui&nbsp; o grupo de acompanhamento de revis\u00e3o do Plano Diretor do Munic\u00edpio&nbsp; de Baldim\/MG.<\/p>\n<\/td>\n<\/tr>\n<tr>\n<td><a href=\"portaltransparencia2017\/decretos2017\/089.pdf\">089<\/a><\/td>\n<td>\n<p>Altera os Decretos 083\/2013 e 125\/2013 que disp\u00f5em sobre designa\u00e7\u00e3o dos membros da Comiss\u00e3o de Controle Interno da Prefeitura de Baldim e d\u00e1 outras provid\u00eancias.<\/p>\n<\/td>\n<\/tr>\n<tr>\n<td><a href=\"portaltransparencia2017\/decretos2017\/088.pdf\">088<\/a><\/td>\n<td>\n<p>&nbsp;Disp\u00f5e sobre nomea\u00e7\u00f5es de cargos em comiss\u00e3o.<\/p>\n<\/td>\n<\/tr>\n<tr>\n<td><a href=\"portaltransparencia2017\/decretos2017\/087.pdf\">087<\/a><\/td>\n<td>\n<p>Disp\u00f5e sobre nomea\u00e7\u00f5es de cargos em comiss\u00e3o.<\/p>\n<\/td>\n<\/tr>\n<tr>\n<td><a href=\"portaltransparencia2017\/decretos2017\/086.pdf\">086<\/a><\/td>\n<td>\n<p>&nbsp;Disp\u00f5e sobre contrata\u00e7\u00e3o tempor\u00e1ria para atender programa de Sa\u00fade da Fam\u00edlia- PSF e d\u00e1 outras provid\u00eancias.<\/p>\n<\/td>\n<\/tr>\n<tr>\n<td><a href=\"portaltransparencia2017\/decretos2017\/085.pdf\">085<\/a><\/td>\n<td>\n<p>&nbsp;Disp\u00f5e sobre nomea\u00e7\u00f5es de cargos efetivos em comiss\u00e3o.<\/p>\n<\/td>\n<\/tr>\n<tr>\n<td><a href=\"portaltransparencia2017\/decretos2017\/084.pdf\">084<\/a><\/td>\n<td>\n<p>&nbsp;Disp\u00f5e sobre exonera\u00e7\u00f5es de cargos efetivos em comiss\u00e3o.<\/p>\n<\/td>\n<\/tr>\n<tr>\n<td><a href=\"portaltransparencia2017\/decretos2017\/082.pdf\">082<\/a><\/td>\n<td>\n<p>&nbsp;Disp\u00f5e sobre nomea\u00e7\u00f5es de cargos em comiss\u00e3o.<\/p>\n<\/td>\n<\/tr>\n<tr>\n<td><a href=\"portaltransparencia2017\/decretos2017\/075.pdf\">075<\/a><\/td>\n<td>\n<p>&nbsp;Declara Ponto Facultativo nas Reparti\u00e7\u00f5es P\u00fablicas Municipais.<\/p>\n<\/td>\n<\/tr>\n<tr>\n<td><a href=\"portaltransparencia2017\/decretos2017\/069.pdf\">069<\/a><\/td>\n<td>\n<p>&nbsp;Disp\u00f5e sobre exonera\u00e7\u00f5es de cargos em comiss\u00e3o.<\/p>\n<\/td>\n<\/tr>\n<tr>\n<td><a href=\"portaltransparencia2017\/decretos2017\/065.pdf\">065<\/a><\/td>\n<td>\n<p>&nbsp;Disp\u00f5e sobre nomea\u00e7\u00e3o de cargo em comiss\u00e3o.<\/p>\n<\/td>\n<\/tr>\n<tr>\n<td><a href=\"portaltransparencia2017\/decretos2017\/060.pdf\">060<\/a><\/td>\n<td>\n<p>&nbsp;Disp\u00f5e sobre nomea\u00e7\u00e3o de cargo de Agente Politico- Secret\u00e1ria Municipal de Administra\u00e7\u00e3o e Finan\u00e7as.<\/p>\n<\/td>\n<\/tr>\n<tr>\n<td><a href=\"portaltransparencia2017\/decretos2017\/056.pdf\">056<\/a><\/td>\n<td>\n<p>Disp\u00f5e sobre exonera\u00e7\u00e3o de servidor efetivo a pedido.<\/p>\n<\/td>\n<\/tr>\n<tr>\n<td><a href=\"portaltransparencia2017\/decretos2017\/055.pdf\">055<\/a><\/td>\n<td>\n<p>&nbsp;Declara Ponto Facultativo nas Reparti\u00e7\u00f5es P\u00fablicas Municipais.<\/p>\n<\/td>\n<\/tr>\n<tr>\n<td><a href=\"portaltransparencia2017\/decretos2017\/052.pdf\">052<\/a><\/td>\n<td>\n<p>Disp\u00f5e sobre nomea\u00e7\u00e3o de cargo em comiss\u00e3o- Chefe de Divis\u00e3o de Pronto Atendimento e Laborat\u00f3rio- Sa\u00fade.&nbsp;<\/p>\n<\/td>\n<\/tr>\n<tr>\n<td><a href=\"portaltransparencia2017\/decretos2017\/051.pdf\">051<\/a><\/td>\n<td>\n<p>&nbsp;Disp\u00f5e sobre exonera\u00e7\u00e3o de cargo em comiss\u00e3o- Diretor de Departamento de Servi\u00e7os Rurais.<\/p>\n<\/td>\n<\/tr>\n<tr>\n<td><a href=\"portaltransparencia2017\/decretos2017\/050.pdf\">050<\/a><\/td>\n<td>\n<p>&nbsp;Nomeia Comiss\u00e3o Permanente de Licita\u00e7\u00e3o.<\/p>\n<\/td>\n<\/tr>\n<tr>\n<td><a href=\"portaltransparencia2017\/decretos2017\/049.pdf\">049<\/a><\/td>\n<td>\n<p>Disp\u00f5e sobre nomea\u00e7\u00f5es de cargos em comiss\u00e3o.<\/p>\n<\/td>\n<\/tr>\n<tr>\n<td><a href=\"portaltransparencia2017\/decretos2017\/048.pdf\">048<\/a><\/td>\n<td>\n<p>&nbsp;Estabelece medidas administrativas tempor\u00e1rias para conten\u00e7\u00e3o de despesas no \u00e2mbito do Poder Executivo de Baldim e disp\u00f5e sobre o expediente do Pa\u00e7o Municipal e d\u00e1 outras provid\u00eancias.<\/p>\n<\/td>\n<\/tr>\n<tr>\n<td><a href=\"portaltransparencia2017\/decretos2017\/044.pdf\">044<\/a><\/td>\n<td>\n<p>&nbsp;Disp\u00f5e sobre nomea\u00e7\u00e3o de cargo de Agente Pol\u00edtico- Secret\u00e1rio Municipal de Desenvolvimento Econ\u00f4mico.<\/p>\n<\/td>\n<\/tr>\n<tr>\n<td><a href=\"portaltransparencia2017\/decretos2017\/043.pdf\">043<\/a><\/td>\n<td>\n<p>Disp\u00f5e sobre exonera\u00e7\u00e3o de cargo em comiss\u00e3o- Diretor de Departamento de Contas, conv\u00eanios, programas e Projeto- Sa\u00fade.<\/p>\n<\/td>\n<\/tr>\n<tr>\n<td><a href=\"portaltransparencia2017\/decretos2017\/042.pdf\">042<\/a><\/td>\n<td>\n<p>&nbsp;Disp\u00f5e sobre exonera\u00e7\u00e3o de cargo em comiss\u00e3o.<\/p>\n<\/td>\n<\/tr>\n<tr>\n<td><a href=\"portaltransparencia2017\/decretos2017\/041.pdf\">041<\/a><\/td>\n<td>\n<p>&nbsp;Disp\u00f5e sobre exonera\u00e7\u00e3o de cargo de Agente Pol\u00edtico- Secret\u00e1rio Municipal de Desenvolvimento Econ\u00f4mico.<\/p>\n<\/td>\n<\/tr>\n<tr>\n<td><a href=\"portaltransparencia2017\/decretos2017\/040.pdf\">040<\/a><\/td>\n<td>\n<p>&nbsp;Disp\u00f5e sobre a atualiza\u00e7\u00e3o da Planta gen\u00e9rica de valores e d\u00e1 outras provid\u00eancias.<\/p>\n<\/td>\n<\/tr>\n<tr>\n<td><a href=\"portaltransparencia2017\/decretos2017\/039.pdf\">039<\/a><\/td>\n<td>\n<p>&nbsp;Disp\u00f5e sobre o com\u00e9rcio de bebidas nas festividades carnavalescas no Distrito de S\u00e3o Vicente e d\u00e1 outras provid\u00eancias.<\/p>\n<\/td>\n<\/tr>\n<tr>\n<td><a href=\"portaltransparencia2017\/decretos2017\/038.pdf\">038<\/a><\/td>\n<td>\n<p>Disp\u00f5e sobre o com\u00e9rcio de bebidas nas festividades carnavalescas na sede do Munic\u00edpio e d\u00e1 outras provid\u00eancias.<\/p>\n<\/td>\n<\/tr>\n<tr>\n<td><a href=\"portaltransparencia2017\/decretos2017\/037.pdf\">037<\/a><\/td>\n<td>\n<p>Disp\u00f5e sobre exonera\u00e7\u00e3o de servidor efetivo a pedido.<\/p>\n<\/td>\n<\/tr>\n<tr>\n<td><a href=\"portaltransparencia2017\/decretos2017\/036.pdf\">036<\/a><\/td>\n<td>\n<p>&nbsp;Disp\u00f5e sobre contrata\u00e7\u00e3o tempor\u00e1ria para atender o CRAS e d\u00e1 outras provid\u00eancias.<\/p>\n<\/td>\n<\/tr>\n<tr>\n<td><a href=\"portaltransparencia2017\/decretos2017\/035.pdf\">035<\/a><\/td>\n<td>\n<p>Disp\u00f5e sobre contrata\u00e7\u00e3o tempor\u00e1ria para atender programa de Sa\u00fade da fam\u00edlia- PSF e d\u00e1 outras provid\u00eancias.<\/p>\n<\/td>\n<\/tr>\n<tr>\n<td><a href=\"portaltransparencia2017\/decretos2017\/034.pdf\">034<\/a><\/td>\n<td>\n<p>&nbsp;Disp\u00f5e sobre nomea\u00e7\u00e3o de cargo em comiss\u00e3o- Chefe de divis\u00e3o de Administra\u00e7\u00e3o de Recursos Humanos e Materiais- Sa\u00fade.<\/p>\n<\/td>\n<\/tr>\n<tr>\n<td><a href=\"portaltransparencia2017\/decretos2017\/033.pdf\">033<\/a><\/td>\n<td>\n<p>&nbsp;Disp\u00f5e sobre nomea\u00e7\u00e3o de cargo em comiss\u00e3o- Chefe de Gabinete.<\/p>\n<\/td>\n<\/tr>\n<tr>\n<td><a href=\"portaltransparencia2017\/decretos2017\/031.pdf\">031<\/a><\/td>\n<td>\n<p>&nbsp;Designa a Secret\u00e1ria Municipal de Assist\u00eancia Social incluindo o Departamento de Assist\u00eancia Social incluindo o Departamento de Assist\u00eancia Social, o fundo Municipal de Assist\u00eancia Social e o Fundo Municipal da crian\u00e7a e do adolescente e d\u00e1 outras provid\u00eancias.<\/p>\n<\/td>\n<\/tr>\n<tr>\n<td><a href=\"portaltransparencia2017\/decretos2017\/030.pdf\">030<\/a><\/td>\n<td>\n<p>Institui o calend\u00e1rio de Feriados e Pontos Facultativos no Munic\u00edpio de Baldim\/MG, referente ao exerc\u00edcio de 2017 e d\u00e1 outras provid\u00eancias.<\/p>\n<\/td>\n<\/tr>\n<tr>\n<td><a href=\"portaltransparencia2017\/decretos2017\/029.pdf\">029<\/a><\/td>\n<td>\n<p>Disp\u00f5e sobre nomea\u00e7\u00e3o de cargo em comiss\u00e3o.<\/p>\n<\/td>\n<\/tr>\n<tr>\n<td><a href=\"portaltransparencia2017\/decretos2017\/028.pdf\">028<\/a><\/td>\n<td>\n<p>Disp\u00f5e sobre nomea\u00e7\u00f5es de cargo em comiss\u00e3o.<\/p>\n<\/td>\n<\/tr>\n<tr>\n<td><a href=\"portaltransparencia2017\/decretos2017\/027.pdf\">027<\/a><\/td>\n<td>\n<p>&nbsp;Disp\u00f5e sobre nomea\u00e7\u00e3o de cargo de Agente Pol\u00edtico- Secret\u00e1ria Municipal de Educa\u00e7\u00e3o, Cultura, Esporte e Lazer.<\/p>\n<\/td>\n<\/tr>\n<tr>\n<td><a href=\"portaltransparencia2017\/decretos2017\/026.pdf\">026<\/a><\/td>\n<td>\n<p>Cria e Nomeia comiss\u00e3o especial de sele\u00e7\u00e3o e normatiza processo de sele\u00e7\u00e3o simplificada de profissionais para prestarem servi\u00e7os \u00e0 Secretaria Municipal de Assist\u00eancia Social.<\/p>\n<\/td>\n<\/tr>\n<tr>\n<td><a href=\"portaltransparencia2017\/decretos2017\/025.pdf\">025<\/a><\/td>\n<td>\n<p>&nbsp;Designa o Secretario Municipal de Sa\u00fade como Ordenador de Despesas do Fundo Municipal de Sa\u00fade e d\u00e1 outras provid\u00eancias.<\/p>\n<\/td>\n<\/tr>\n<tr>\n<td><a href=\"portaltransparencia2017\/decretos2017\/023.pdf\">023<\/a><\/td>\n<td>\n<p>Disp\u00f5e sobre nomea\u00e7\u00f5es de cargo em comiss\u00e3o.<\/p>\n<\/td>\n<\/tr>\n<tr>\n<td><a href=\"portaltransparencia2017\/decretos2017\/022.pdf\">022<\/a><\/td>\n<td>\n<p>&nbsp;Disp\u00f5e sobre nomea\u00e7\u00f5es e Movimenta\u00e7\u00f5es banc\u00e1rias do Fundo Municipal de Sa\u00fade.<\/p>\n<\/td>\n<\/tr>\n<tr>\n<td><a href=\"portaltransparencia2017\/decretos2017\/018.pdf\">018<\/a><\/td>\n<td>\n<p>&nbsp;Cria e nomeia comiss\u00e3o especial de sele\u00e7\u00e3o e normatiza processo profissional para prestar servi\u00e7os \u00e0 Secretaria Municipal de Sa\u00fade no cargo de agente comunit\u00e1rio de sa\u00fade na localidade de Vargem Grande- Baldim\/MG.<\/p>\n<\/td>\n<\/tr>\n<tr>\n<td><a href=\"portaltransparencia2017\/decretos2017\/021.pdf\">021<\/a><\/td>\n<td>\n<p>Disp\u00f5e sobre nomea\u00e7\u00f5es e Movimenta\u00e7\u00f5es banc\u00e1ria do Fundo Municipal de Sa\u00fade.<\/p>\n<\/td>\n<\/tr>\n<tr>\n<td><a href=\"portaltransparencia2017\/decretos2017\/020.pdf\">020<\/a><\/td>\n<td>\n<p>Disp\u00f5e sobre nomea\u00e7\u00f5es e Movimenta\u00e7\u00f5es banc\u00e1ria da Prefeitura Municipal de Baldim.<\/p>\n<\/td>\n<\/tr>\n<tr>\n<td><a href=\"portaltransparencia2017\/decretos2017\/019.pdf\">019<\/a><\/td>\n<td>\n<p>&nbsp;Disp\u00f5e sobre nomea\u00e7\u00f5es e Movimenta\u00e7\u00f5es banc\u00e1ria do Fundo Municipal de Assist\u00eancia Social.<\/p>\n<\/td>\n<\/tr>\n<tr>\n<td><a href=\"portaltransparencia2017\/decretos2017\/017.pdf\">017<\/a><\/td>\n<td>\n<p>&nbsp;Nomeia servidora para a liquida\u00e7\u00e3o de empenho na Secretaria Municipal de Meio Ambiente.&nbsp;&nbsp;&nbsp;&nbsp;<\/p>\n<\/td>\n<\/tr>\n<tr>\n<td><a href=\"portaltransparencia2017\/decretos2017\/016.pdf\">016<\/a><\/td>\n<td>\n<p>Nomeia servidor para a liquida\u00e7\u00e3o de empenho na Secretaria Municipal de Desenvolvimento Econ\u00f4mico<\/p>\n<\/td>\n<\/tr>\n<tr>\n<td><a href=\"portaltransparencia2017\/decretos2017\/015.pdf\">015<\/a><\/td>\n<td>\n<p>Nomeia servidora para a liquida\u00e7\u00e3o de empenho na Secretaria Municipal de Agricultura.<\/p>\n<\/td>\n<\/tr>\n<tr>\n<td><a href=\"portaltransparencia2017\/decretos2017\/014.pdf\">014<\/a><\/td>\n<td>\n<p>14: Nomeia servidor para a liquida\u00e7\u00e3o de empenho na Secretaria Municipal de Infraestrutura.<\/p>\n<\/td>\n<\/tr>\n<tr>\n<td><a href=\"portaltransparencia2017\/decretos2017\/013.pdf\">013<\/a><\/td>\n<td>\n<p>&nbsp;Nomeia servidora para a liquida\u00e7\u00e3o de empenho na Secretaria Municipal de Assist\u00eancia Social.<\/p>\n<\/td>\n<\/tr>\n<tr>\n<td><a href=\"portaltransparencia2017\/decretos2017\/012.pdf\">012<\/a><\/td>\n<td>\n<p>&nbsp;Nomeia servidor para a liquida\u00e7\u00e3o de empenho na Secretaria Municipal de Sa\u00fade.<\/p>\n<\/td>\n<\/tr>\n<tr>\n<td><a href=\"portaltransparencia2017\/decretos2017\/011.pdf\">011<\/a><\/td>\n<td>\n<p>Nomeia servidora para a liquida\u00e7\u00e3o de empenho na Secretaria Municipal de Educa\u00e7\u00e3o.<\/p>\n<\/td>\n<\/tr>\n<tr>\n<td><a href=\"portaltransparencia2017\/decretos2017\/010.pdf\">010<\/a><\/td>\n<td>\n<p>&nbsp;Nomeia servidora para a liquida\u00e7\u00e3o de empenho na Secretaria Municipal de Administra\u00e7\u00e3o e Fazenda.<\/p>\n<\/td>\n<\/tr>\n<tr>\n<td><a href=\"portaltransparencia2017\/decretos2017\/009.pdf\">009<\/a><\/td>\n<td>\n<p>&nbsp;Nomeia servidor para a liquida\u00e7\u00e3o de empenho no Gabinete do Prefeito e na Procuradoria Geral.<\/p>\n<\/td>\n<\/tr>\n<tr>\n<td><a href=\"portaltransparencia2017\/decretos2017\/008.pdf\">008<\/a><\/td>\n<td>\n<p>&nbsp;Cria e Nomeia Comiss\u00e3o especial de Sele\u00e7\u00e3o e normatiza Processo de Sele\u00e7\u00e3o simplificado de profissionais para prestarem servi\u00e7os \u00e0 Secretaria Municipal de Sa\u00fade.<\/p>\n<\/td>\n<\/tr>\n<tr>\n<td><a href=\"portaltransparencia2017\/decretos2017\/007.pdf\">007<\/a><\/td>\n<td>\n<p>Disp\u00f5e sobre nomea\u00e7\u00e3o de cargo de Agente Pol\u00edtico- Secret\u00e1rio Municipal de Infraestrutura.<\/p>\n<\/td>\n<\/tr>\n<tr>\n<td><a href=\"portaltransparencia2017\/decretos2017\/003.pdf\">003<\/a><\/td>\n<td>\n<p>&nbsp;Disp\u00f5e sobre nomea\u00e7\u00e3o de cargo de Agente Pol\u00edtico- Secret\u00e1rio Municipal de Sa\u00fade.<\/p>\n<\/td>\n<\/tr>\n<tr>\n<td><a href=\"portaltransparencia2017\/decretos2017\/002.pdf\">002<\/a><\/td>\n<td>\n<p>&nbsp;Disp\u00f5e sobre nomea\u00e7\u00e3o de cargo de Agente Pol\u00edtico- Secret\u00e1ria Municipal de Administra\u00e7\u00e3o e Finan\u00e7as.<\/p>\n<\/td>\n<\/tr>\n<tr>\n<td><a href=\"portaltransparencia2017\/decretos2017\/001.pdf\">001<\/a><\/td>\n<td>\n<p>Disp\u00f5e sobre nomea\u00e7\u00e3o de cargo de Agente Pol\u00edtico- Secret\u00e1ria Municipal de Assist\u00eancia Social.<\/p>\n<\/td>\n<\/tr>\n<\/tbody>\n<\/table>\n<p>&nbsp;<\/p>\t\t\t\t\t\t<\/div>\n\t\t\t\t<\/div>\n\t\t\t\t\t<\/div>\n\t\t<\/div>\n\t\t\t\t\t\t\t<\/div>\n\t\t<\/section>\n\t\t\t\t\t\t<\/div>\n\t\t\t\t\t<\/div>\n\t\t","protected":false},"excerpt":{"rendered":"<p>Decretos 2017 174 Disp\u00f5e sobre exonera\u00e7\u00e3o de cargo em comiss\u00e3o- Chefe de Divis\u00e3o de Pronto Atendimento e Laborat\u00f3rio- Sa\u00fade. 173 &nbsp;Disp\u00f5e sobre nomea\u00e7\u00e3o de fun\u00e7\u00e3o P\u00fablica- Conselheiro Tutelar Suplente. 172 &nbsp;Disp\u00f5e sobre<a class=\"moretag\" href=\"https:\/\/baldim.mg.gov.br\/wsite\/?page_id=2886\">leia mais<\/a><\/p>\n","protected":false},"author":2,"featured_media":0,"parent":0,"menu_order":0,"comment_status":"closed","ping_status":"closed","template":"","meta":{"footnotes":""},"class_list":["post-2886","page","type-page","status-publish","hentry"],"_links":{"self":[{"href":"https:\/\/baldim.mg.gov.br\/wsite\/index.php?rest_route=\/wp\/v2\/pages\/2886","targetHints":{"allow":["GET"]}}],"collection":[{"href":"https:\/\/baldim.mg.gov.br\/wsite\/index.php?rest_route=\/wp\/v2\/pages"}],"about":[{"href":"https:\/\/baldim.mg.gov.br\/wsite\/index.php?rest_route=\/wp\/v2\/types\/page"}],"author":[{"embeddable":true,"href":"https:\/\/baldim.mg.gov.br\/wsite\/index.php?rest_route=\/wp\/v2\/users\/2"}],"replies":[{"embeddable":true,"href":"https:\/\/baldim.mg.gov.br\/wsite\/index.php?rest_route=%2Fwp%2Fv2%2Fcomments&post=2886"}],"version-history":[{"count":4,"href":"https:\/\/baldim.mg.gov.br\/wsite\/index.php?rest_route=\/wp\/v2\/pages\/2886\/revisions"}],"predecessor-version":[{"id":3056,"href":"https:\/\/baldim.mg.gov.br\/wsite\/index.php?rest_route=\/wp\/v2\/pages\/2886\/revisions\/3056"}],"wp:attachment":[{"href":"https:\/\/baldim.mg.gov.br\/wsite\/index.php?rest_route=%2Fwp%2Fv2%2Fmedia&parent=2886"}],"curies":[{"name":"wp","href":"https:\/\/api.w.org\/{rel}","templated":true}]}}