{"id":2880,"date":"2025-07-01T01:00:23","date_gmt":"2025-07-01T01:00:23","guid":{"rendered":"https:\/\/baldim.mg.gov.br\/wsite\/?page_id=2880"},"modified":"2025-07-01T01:32:07","modified_gmt":"2025-07-01T01:32:07","slug":"decretos-2016","status":"publish","type":"page","link":"https:\/\/baldim.mg.gov.br\/wsite\/?page_id=2880","title":{"rendered":"Decretos 2016"},"content":{"rendered":"\t\t<div data-elementor-type=\"wp-page\" data-elementor-id=\"2880\" class=\"elementor elementor-2880\" data-elementor-settings=\"[]\">\n\t\t\t\t\t\t\t<div class=\"elementor-section-wrap\">\n\t\t\t\t\t\t\t<section class=\"elementor-section elementor-top-section elementor-element elementor-element-78a5d15 elementor-section-boxed elementor-section-height-default elementor-section-height-default wpr-particle-no wpr-jarallax-no wpr-parallax-no wpr-sticky-section-no\" data-id=\"78a5d15\" data-element_type=\"section\">\n\t\t\t\t\t\t<div class=\"elementor-container elementor-column-gap-default\">\n\t\t\t\t\t<div class=\"elementor-column elementor-col-100 elementor-top-column elementor-element elementor-element-4588d76\" data-id=\"4588d76\" data-element_type=\"column\">\n\t\t\t<div class=\"elementor-widget-wrap elementor-element-populated\">\n\t\t\t\t\t\t\t\t\t<\/div>\n\t\t<\/div>\n\t\t\t\t\t\t\t<\/div>\n\t\t<\/section>\n\t\t\t\t<section class=\"elementor-section elementor-top-section elementor-element elementor-element-921856b elementor-section-boxed elementor-section-height-default elementor-section-height-default wpr-particle-no wpr-jarallax-no wpr-parallax-no wpr-sticky-section-no\" data-id=\"921856b\" data-element_type=\"section\">\n\t\t\t\t\t\t<div class=\"elementor-container elementor-column-gap-default\">\n\t\t\t\t\t<div class=\"elementor-column elementor-col-100 elementor-top-column elementor-element elementor-element-05b4d6c\" data-id=\"05b4d6c\" data-element_type=\"column\">\n\t\t\t<div class=\"elementor-widget-wrap elementor-element-populated\">\n\t\t\t\t\t\t\t\t<div class=\"elementor-element elementor-element-c47e9d9 elementor-widget elementor-widget-text-editor\" data-id=\"c47e9d9\" data-element_type=\"widget\" data-widget_type=\"text-editor.default\">\n\t\t\t\t<div class=\"elementor-widget-container\">\n\t\t\t<style>\/*! elementor - v3.5.4 - 23-01-2022 *\/\n.elementor-widget-text-editor.elementor-drop-cap-view-stacked .elementor-drop-cap{background-color:#818a91;color:#fff}.elementor-widget-text-editor.elementor-drop-cap-view-framed .elementor-drop-cap{color:#818a91;border:3px solid;background-color:transparent}.elementor-widget-text-editor:not(.elementor-drop-cap-view-default) .elementor-drop-cap{margin-top:8px}.elementor-widget-text-editor:not(.elementor-drop-cap-view-default) .elementor-drop-cap-letter{width:1em;height:1em}.elementor-widget-text-editor .elementor-drop-cap{float:left;text-align:center;line-height:1;font-size:50px}.elementor-widget-text-editor .elementor-drop-cap-letter{display:inline-block}<\/style>\t\t\t\t<p>Decretos 2016<\/p><table style=\"border: 2px solid #000000; margin-left: auto; margin-right: auto;\" rules=\"all\"><tbody><tr><td>\u00a0<a href=\"portaltransparencia2016\/decretos2016\/096.pdf\">096<\/a><\/td><td><p>Disp\u00f5e sobre exonera\u00e7\u00e3o de cargo em comiss\u00e3o- Chefe de Gabinete.<\/p><\/td><\/tr><tr><td>\u00a0<a href=\"portaltransparencia2016\/decretos2016\/095.pdf\">095<\/a><\/td><td>Disp\u00f5e sobre exonera\u00e7\u00f5es de cargos em comiss\u00e3o.<\/td><\/tr><tr><td>\u00a0<a href=\"portaltransparencia2016\/decretos2016\/094.pdf\">094<\/a><\/td><td><p>Disp\u00f5e sobre exonera\u00e7\u00e3o de Agente Pol\u00edtico- Secret\u00e1rio Municipal de Infraestrutura.<\/p><\/td><\/tr><tr><td>\u00a0<a href=\"portaltransparencia2016\/decretos2016\/093.pdf\">093<\/a><\/td><td>Disp\u00f5e sobre exonera\u00e7\u00e3o de cargo de Agente Pol\u00edtico- Secret\u00e1ria Municipal de Educa\u00e7\u00e3o, Cultura, Esporte e Lazer.<\/td><\/tr><tr><td>\u00a0<a href=\"portaltransparencia2016\/decretos2016\/092.pdf\">092<\/a><\/td><td><p>Disp\u00f5e sobre exonera\u00e7\u00f5es de cargo de Agente Pol\u00edtico.<\/p><\/td><\/tr><tr><td>\u00a0<a href=\"portaltransparencia2016\/decretos2016\/091.pdf\">091<\/a><\/td><td><p>Declara Funcionamento nas Reparti\u00e7\u00f5es P\u00fablicas Municipais.<\/p><\/td><\/tr><tr><td>\u00a0<a href=\"portaltransparencia2016\/decretos2016\/086.pdf\">086<\/a><\/td><td><p>Regulamenta e constitui o Grupo de Acompanhamento de Revis\u00e3o do Plano Diretor do Munic\u00edpio de Baldim-MG.<\/p><\/td><\/tr><tr><td>\u00a0<a href=\"portaltransparencia2016\/decretos2016\/087pdf\">087<\/a><\/td><td><p>Declara Funcionamento nas Reparti\u00e7\u00f5es P\u00fablicas Municipais.<\/p><\/td><\/tr><tr><td>\u00a0<a href=\"portaltransparencia2016\/decretos2016\/085.pdf\">085<\/a><\/td><td><p>Disp\u00f5e sobre exonera\u00e7\u00e3o de cargo em comiss\u00e3o.<\/p><\/td><\/tr><tr><td>\u00a0<a href=\"portaltransparencia2016\/decretos2016\/084.pdf\">084<\/a><\/td><td><p>Altera o Decreto N\u00ba 091\/2010, que disp\u00f5e sobre os atestados m\u00e9dicos apresentados pelos servidores Municipais.<\/p><\/td><\/tr><tr><td>\u00a0<a href=\"portaltransparencia2016\/decretos2016\/083.pdf\">083<\/a><\/td><td>Declara Funcionamento nas Reparti\u00e7\u00f5es P\u00fablicas Municipais.<\/td><\/tr><tr><td>\u00a0<a href=\"portaltransparencia2016\/decretos2016\/082.pdf\">082<\/a><\/td><td><p>Estabelece medidas administrativas tempor\u00e1rias para conten\u00e7\u00e3o de despesas no \u00e2mbito do Poder Executivo de Baldim e disp\u00f5e sobre o expediente do Pa\u00e7o Municipal e d\u00e1 outras provid\u00eancias.<\/p><\/td><\/tr><tr><td>\u00a0<a href=\"portaltransparencia2016\/decretos2016\/078.pdf\">078<\/a><\/td><td><p>Disp\u00f5e sobre nomea\u00e7\u00e3o de fun\u00e7\u00e3o p\u00fablica- Conselheiro Tutelar Suplente.<\/p><\/td><\/tr><tr><td>\u00a0<a href=\"portaltransparencia2016\/decretos2016\/077.pdf\">077<\/a><\/td><td><p>Autoriza o cancelamento de valores no SICONFI\/STN e SIACE\/LRF inscritos em restos a pagar processados em 2007, 2008 e 2009.<\/p><\/td><\/tr><tr><td>\u00a0<a href=\"portaltransparencia2016\/decretos2016\/076.pdf\">076<\/a><\/td><td><p>Disp\u00f5e sobre o expediente nas reparti\u00e7\u00f5es p\u00fablicas em comemora\u00e7\u00e3o ao dia do Servidor P\u00fablica.<\/p><\/td><\/tr><tr><td>\u00a0<a href=\"portaltransparencia2016\/decretos2016\/075.pdf\">075<\/a><\/td><td><p>Disp\u00f5e sobre afastamento de Conselheiras Tutelares por 30 dias.<\/p><\/td><\/tr><tr><td>\u00a0<a href=\"portaltransparencia2016\/decretos2016\/074.pdf\">074<\/a><\/td><td><p>Disp\u00f5e sobre exonera\u00e7\u00e3o de cargo em comiss\u00e3o.<\/p><\/td><\/tr><tr><td>\u00a0<a href=\"portaltransparencia2016\/decretos2016\/067.pdf\">067<\/a><\/td><td><p>Autoriza cancelamento de valores lan\u00e7ados na \u201cDivida Fundada Interna\u201d<\/p><\/td><\/tr><tr><td>\u00a0<a href=\"portaltransparencia2016\/decretos2016\/063.pdf\">063<\/a><\/td><td>Aplica pena de suspens\u00e3o tempor\u00e1ria de participa\u00e7\u00e3o em licita\u00e7\u00e3o e d\u00e1 outras provid\u00eancias.<\/td><\/tr><tr><td>\u00a0<a href=\"portaltransparencia2016\/decretos2016\/062A.pdf\">062 A\u00a0<\/a><\/td><td>Disp\u00f5e sobre prorroga\u00e7\u00e3o da nomea\u00e7\u00e3o de fun\u00e7\u00e3o p\u00fablica- Conselheiro Tutelar Suplente.<\/td><\/tr><tr><td>\u00a0<a href=\"portaltransparencia2016\/decretos2016\/062.pdf\">062<\/a><\/td><td><p>Declara Ponto Facultativo nas Reparti\u00e7\u00f5es P\u00fablicas Municipais.<\/p><\/td><\/tr><tr><td>\u00a0<a href=\"portaltransparencia2016\/decretos2016\/059.pdf\">059<\/a><\/td><td><p>Disp\u00f5e sobre nomea\u00e7\u00f5es de cargos de Agente Pol\u00edtico.<\/p><\/td><\/tr><tr><td>\u00a0<a href=\"portaltransparencia2016\/decretos2016\/058.pdf\">058<\/a><\/td><td><p>Disp\u00f5e sobre nomea\u00e7\u00e3o de cargo em comiss\u00e3o.<\/p><\/td><\/tr><tr><td>\u00a0<a href=\"portaltransparencia2016\/decretos2016\/057.pdf\">057<\/a><\/td><td>Disp\u00f5e sobre nomea\u00e7\u00e3o de fun\u00e7\u00e3o P\u00fablica- Conselheiro Tutelar Suplente.<\/td><\/tr><tr><td>\u00a0<a href=\"portaltransparencia2016\/decretos2016\/056.pdf\">056<\/a><\/td><td>Disp\u00f5e sobre exonera\u00e7\u00f5es de cargos de Agente Pol\u00edtico.<\/td><\/tr><tr><td>\u00a0<a href=\"portaltransparencia2016\/decretos2016\/052.pdf\">052<\/a><\/td><td>Disp\u00f5e sobre nomea\u00e7\u00e3o de cargo em comiss\u00e3o- Chefe de Divis\u00e3o de Contratos e Pagamentos.<\/td><\/tr><tr><td>\u00a0<a href=\"portaltransparencia2016\/decretos2016\/050.pdf\">050<\/a><\/td><td><p>Disp\u00f5e sobre exonera\u00e7\u00e3o de cargo em comiss\u00e3o.<\/p><\/td><\/tr><tr><td>\u00a0<a href=\"portaltransparencia2016\/decretos2016\/049.pdf\">049<\/a><\/td><td><p>Disp\u00f5e sobre nomea\u00e7\u00e3o de cargo de Agente Pol\u00edtico- Secret\u00e1ria Municipal de Agricultura.<\/p><\/td><\/tr><tr><td>\u00a0<a href=\"portaltransparencia2016\/decretos2016\/045.pdf\">045<\/a><\/td><td><p>Disp\u00f5e sobre nomea\u00e7\u00e3o de cargo em comiss\u00e3o- Chefe de Divis\u00e3o de Cultura.<\/p><\/td><\/tr><tr><td>\u00a0<a href=\"portaltransparencia2016\/decretos2016\/044.pdf\">044<\/a><\/td><td><p>Disp\u00f5e sobre exonera\u00e7\u00e3o de cargo de Agente Pol\u00edtico- Secret\u00e1ria Municipal de Agricultura.<\/p><\/td><\/tr><tr><td>\u00a0<a href=\"portaltransparencia2016\/decretos2016\/043.pdf\">043<\/a><\/td><td>Regulamenta a utiliza\u00e7\u00e3o do sistema de registro de pre\u00e7os disciplinado no art. 15 da Lei Federal no 8.666, de 21 de junho.<\/td><\/tr><tr><td>\u00a0<a href=\"portaltransparencia2016\/decretos2016\/042.pdf\">042<\/a><\/td><td>Disp\u00f5e sobre exonera\u00e7\u00e3o de cargo em comiss\u00e3o.<\/td><\/tr><tr><td>\u00a0<a href=\"portaltransparencia2016\/decretos2016\/041pdf\">041<\/a><\/td><td>Declara Ponto Facultativo nas Reparti\u00e7\u00f5es P\u00fablicas Municipais.<\/td><\/tr><tr><td>\u00a0<a href=\"portaltransparencia2016\/decretos2016\/040.pdf\">040<\/a><\/td><td>Disp\u00f5e sobre o com\u00e9rcio de bebidas na festividade do forroz\u00e3o de Baldim na sede do Munic\u00edpio e d\u00e1 outras provid\u00eancias.<\/td><\/tr><tr><td>\u00a0<a href=\"portaltransparencia2016\/decretos2016\/039.pdf\">039<\/a><\/td><td><p>Disp\u00f5e sobre nomea\u00e7\u00e3o de cargo em comiss\u00e3o e de agente pol\u00edtico.<\/p><\/td><\/tr><tr><td>\u00a0<a href=\"portaltransparencia2016\/decretos2016\/035.pdf\">035<\/a><\/td><td><p>Disp\u00f5e sobre nomea\u00e7\u00e3o de fun\u00e7\u00e3o p\u00fablica- Conselheiro Tutelar Suplente.<\/p><\/td><\/tr><tr><td>\u00a0<a href=\"portaltransparencia2016\/decretos2016\/034.pdf\">034<\/a><\/td><td><p>Nomeia o Conselho de Acompanhamento e Controle Social do FUNDEB.<\/p><\/td><\/tr><tr><td>\u00a0<a href=\"portaltransparencia2016\/decretos2016\/033.pdf\">033<\/a><\/td><td><p>Nomeia o conselho Municipal de Educa\u00e7\u00e3o.<\/p><\/td><\/tr><tr><td>\u00a0<a href=\"portaltransparencia2016\/decretos2016\/032.pdf\">032<\/a><\/td><td>Declara Ponto Facultativo nas Reparti\u00e7\u00f5es P\u00fablicas Municipais.<\/td><\/tr><tr><td><a href=\"portaltransparencia2016\/decretos2016\/028.pdf\">\u00a0028<\/a><\/td><td><p>: Disp\u00f5e sobre exonera\u00e7\u00e3o de cargo de Agente Pol\u00edtico.<\/p><\/td><\/tr><tr><td>\u00a0<a href=\"portaltransparencia2016\/decretos2016\/026.pdf\">026<\/a><\/td><td><p>Declara Ponto Facultativo nas Reparti\u00e7\u00f5es P\u00fablicas Municipais.<\/p><\/td><\/tr><tr><td>\u00a0<a href=\"portaltransparencia2016\/decretos2016\/021.pdf\">021<\/a><\/td><td><p>Disp\u00f5e sobre nomea\u00e7\u00e3o de cargo em comiss\u00e3o.<\/p><\/td><\/tr><tr><td>\u00a0<a href=\"portaltransparencia2016\/decretos2016\/020.pdf\">020<\/a><\/td><td>Nomeia Comiss\u00e3o permanente de Licita\u00e7\u00e3o.<\/td><\/tr><tr><td>\u00a0<a href=\"portaltransparencia2016\/decretos2016\/019.pdf\">019<\/a><\/td><td><p>Disp\u00f5e sobre contrata\u00e7\u00e3o tempor\u00e1ria para atender programa de sa\u00fade da fam\u00edlia- PSF e d\u00e1 outras provid\u00eancias.<\/p><\/td><\/tr><tr><td>\u00a0<a href=\"portaltransparencia2016\/decretos2016\/015.pdf\">015<\/a><\/td><td><p>Disp\u00f5e sobre nomea\u00e7\u00e3o de cargo de Agente Pol\u00edtico.<\/p><\/td><\/tr><tr><td>\u00a0<a href=\"portaltransparencia2016\/decretos2016\/014.pdf\">014<\/a><\/td><td><p>Disp\u00f5e sobre exonera\u00e7\u00e3o de cargo em comiss\u00e3o.<\/p><\/td><\/tr><tr><td>\u00a0<a href=\"portaltransparencia2016\/decretos2016\/013.pdf\">013<\/a><\/td><td><p>Disp\u00f5e sobre exonera\u00e7\u00e3o de cargo de Agente Pol\u00edtico.<\/p><\/td><\/tr><tr><td>\u00a0<a href=\"portaltransparencia2016\/decretos2016\/012.pdf\">012<\/a><\/td><td>Declara Ponto Facultativo nas Reparti\u00e7\u00f5es P\u00fablicas Municipais.<\/td><\/tr><tr><td>\u00a0<a href=\"portaltransparencia2016\/decretos2016\/011.pdf\">011<\/a><\/td><td><p>Disp\u00f5e sobre declara\u00e7\u00e3o de situa\u00e7\u00e3o excepcional de emerg\u00eancia com rela\u00e7\u00e3o a ponte localizada no povoado de Cara\u00edbas, para execu\u00e7\u00e3o das a\u00e7\u00f5es necess\u00e1rias e d\u00e1 outras provid\u00eancias.<\/p><\/td><\/tr><tr><td>\u00a0<a href=\"portaltransparencia2016\/decretos2016\/010.pdf\">010<\/a><\/td><td><p>Disp\u00f5e sobre declara\u00e7\u00e3o de situa\u00e7\u00e3o excepcional de emerg\u00eancia na sa\u00fade P\u00fablica de Baldim-MG, para execu\u00e7\u00e3o das a\u00e7\u00f5es necess\u00e1rias ao combate da prolifera\u00e7\u00e3o do mosquito AEDES AEGYPTI e d\u00e1 outras provid\u00eancias.<\/p><\/td><\/tr><tr><td>\u00a0<a href=\"portaltransparencia2016\/decretos2016\/009.pdf\">009<\/a><\/td><td><p>Disp\u00f5e sobre o com\u00e9rcio de bebidas nas festividades carnavalescas no Distrito de S\u00e3o Vicente e d\u00e1 outras provid\u00eancias.<\/p><\/td><\/tr><tr><td>\u00a0<a href=\"portaltransparencia2016\/decretos2016\/008.pdf\">008<\/a><\/td><td>Disp\u00f5e sobre o com\u00e9rcio de bebidas nas festividades carnavalescas na sede do Munic\u00edpio e d\u00e1 outras provid\u00eancias.<\/td><\/tr><tr><td>\u00a0<a href=\"portaltransparencia2016\/decretos2016\/007.pdf\">007<\/a><\/td><td>Institui o calend\u00e1rio de Feriados e Pontos Facultativos no Munic\u00edpio de Baldim\/MG, referente ao exerc\u00edcio de 2016 e d\u00e1 outras provid\u00eancias.<\/td><\/tr><tr><td>\u00a0<a href=\"portaltransparencia2016\/decretos2016\/006.pdf\">006<\/a><\/td><td><p>Disp\u00f5e sobre nomea\u00e7\u00e3o de cargo em comiss\u00e3o.<\/p><\/td><\/tr><tr><td>\u00a0<a href=\"portaltransparencia2016\/decretos2016\/005.pdf\">005<\/a><\/td><td><p>Disp\u00f5e sobre a posse dos membros eleitos para conselheiro (A) tutelar de Baldim\/MG.<\/p><\/td><\/tr><tr><td>\u00a0<a href=\"portaltransparencia2016\/decretos2016\/004.pdf\">004<\/a><\/td><td>Disp\u00f5e sobre exonera\u00e7\u00f5es de cargos em comiss\u00e3o e de fun\u00e7\u00e3o p\u00fablica.<\/td><\/tr><\/tbody><\/table><p>\u00a0<\/p>\t\t\t\t\t\t<\/div>\n\t\t\t\t<\/div>\n\t\t\t\t\t<\/div>\n\t\t<\/div>\n\t\t\t\t\t\t\t<\/div>\n\t\t<\/section>\n\t\t\t\t\t\t<\/div>\n\t\t\t\t\t<\/div>\n\t\t","protected":false},"excerpt":{"rendered":"<p>Decretos 2016 \u00a0096 Disp\u00f5e sobre exonera\u00e7\u00e3o de cargo em comiss\u00e3o- Chefe de Gabinete. \u00a0095 Disp\u00f5e sobre exonera\u00e7\u00f5es de cargos em comiss\u00e3o. \u00a0094 Disp\u00f5e sobre exonera\u00e7\u00e3o de Agente Pol\u00edtico- Secret\u00e1rio Municipal de Infraestrutura.<a class=\"moretag\" href=\"https:\/\/baldim.mg.gov.br\/wsite\/?page_id=2880\">leia mais<\/a><\/p>\n","protected":false},"author":2,"featured_media":0,"parent":0,"menu_order":0,"comment_status":"closed","ping_status":"closed","template":"","meta":{"footnotes":""},"class_list":["post-2880","page","type-page","status-publish","hentry"],"_links":{"self":[{"href":"https:\/\/baldim.mg.gov.br\/wsite\/index.php?rest_route=\/wp\/v2\/pages\/2880","targetHints":{"allow":["GET"]}}],"collection":[{"href":"https:\/\/baldim.mg.gov.br\/wsite\/index.php?rest_route=\/wp\/v2\/pages"}],"about":[{"href":"https:\/\/baldim.mg.gov.br\/wsite\/index.php?rest_route=\/wp\/v2\/types\/page"}],"author":[{"embeddable":true,"href":"https:\/\/baldim.mg.gov.br\/wsite\/index.php?rest_route=\/wp\/v2\/users\/2"}],"replies":[{"embeddable":true,"href":"https:\/\/baldim.mg.gov.br\/wsite\/index.php?rest_route=%2Fwp%2Fv2%2Fcomments&post=2880"}],"version-history":[{"count":4,"href":"https:\/\/baldim.mg.gov.br\/wsite\/index.php?rest_route=\/wp\/v2\/pages\/2880\/revisions"}],"predecessor-version":[{"id":3053,"href":"https:\/\/baldim.mg.gov.br\/wsite\/index.php?rest_route=\/wp\/v2\/pages\/2880\/revisions\/3053"}],"wp:attachment":[{"href":"https:\/\/baldim.mg.gov.br\/wsite\/index.php?rest_route=%2Fwp%2Fv2%2Fmedia&parent=2880"}],"curies":[{"name":"wp","href":"https:\/\/api.w.org\/{rel}","templated":true}]}}