{"id":2832,"date":"2025-07-01T00:52:05","date_gmt":"2025-07-01T00:52:05","guid":{"rendered":"https:\/\/baldim.mg.gov.br\/wsite\/?page_id=2832"},"modified":"2025-07-01T01:28:20","modified_gmt":"2025-07-01T01:28:20","slug":"leis-2024","status":"publish","type":"page","link":"https:\/\/baldim.mg.gov.br\/wsite\/?page_id=2832","title":{"rendered":"Leis 2024"},"content":{"rendered":"\t\t<div data-elementor-type=\"wp-page\" data-elementor-id=\"2832\" class=\"elementor elementor-2832\" data-elementor-settings=\"[]\">\n\t\t\t\t\t\t\t<div class=\"elementor-section-wrap\">\n\t\t\t\t\t\t\t<section class=\"elementor-section elementor-top-section elementor-element elementor-element-d460e67 elementor-section-boxed elementor-section-height-default elementor-section-height-default wpr-particle-no wpr-jarallax-no wpr-parallax-no wpr-sticky-section-no\" data-id=\"d460e67\" data-element_type=\"section\">\n\t\t\t\t\t\t<div class=\"elementor-container elementor-column-gap-default\">\n\t\t\t\t\t<div class=\"elementor-column elementor-col-100 elementor-top-column elementor-element elementor-element-e77cf5b\" data-id=\"e77cf5b\" data-element_type=\"column\">\n\t\t\t<div class=\"elementor-widget-wrap elementor-element-populated\">\n\t\t\t\t\t\t\t\t<div class=\"elementor-element elementor-element-df7a839 elementor-widget elementor-widget-spacer\" data-id=\"df7a839\" data-element_type=\"widget\" data-widget_type=\"spacer.default\">\n\t\t\t\t<div class=\"elementor-widget-container\">\n\t\t\t<style>\/*! elementor - v3.12.2 - 23-04-2023 *\/\r\n.elementor-column .elementor-spacer-inner{height:var(--spacer-size)}.e-con{--container-widget-width:100%}.e-con-inner>.elementor-widget-spacer,.e-con>.elementor-widget-spacer{width:var(--container-widget-width,var(--spacer-size));--align-self:var(--container-widget-align-self,initial);--flex-shrink:0}.e-con-inner>.elementor-widget-spacer>.elementor-widget-container,.e-con-inner>.elementor-widget-spacer>.elementor-widget-container>.elementor-spacer,.e-con>.elementor-widget-spacer>.elementor-widget-container,.e-con>.elementor-widget-spacer>.elementor-widget-container>.elementor-spacer{height:100%}.e-con-inner>.elementor-widget-spacer>.elementor-widget-container>.elementor-spacer>.elementor-spacer-inner,.e-con>.elementor-widget-spacer>.elementor-widget-container>.elementor-spacer>.elementor-spacer-inner{height:var(--container-widget-height,var(--spacer-size))}<\/style>\t\t<div class=\"elementor-spacer\">\n\t\t\t<div class=\"elementor-spacer-inner\"><\/div>\n\t\t<\/div>\n\t\t\t\t<\/div>\n\t\t\t\t<\/div>\n\t\t\t\t\t<\/div>\n\t\t<\/div>\n\t\t\t\t\t\t\t<\/div>\n\t\t<\/section>\n\t\t\t\t<section class=\"elementor-section elementor-top-section elementor-element elementor-element-aa6f13e elementor-section-boxed elementor-section-height-default elementor-section-height-default wpr-particle-no wpr-jarallax-no wpr-parallax-no wpr-sticky-section-no\" data-id=\"aa6f13e\" data-element_type=\"section\">\n\t\t\t\t\t\t<div class=\"elementor-container elementor-column-gap-default\">\n\t\t\t\t\t<div class=\"elementor-column elementor-col-100 elementor-top-column elementor-element elementor-element-d07e9f0\" data-id=\"d07e9f0\" data-element_type=\"column\">\n\t\t\t<div class=\"elementor-widget-wrap elementor-element-populated\">\n\t\t\t\t\t\t\t\t<div class=\"elementor-element elementor-element-6da5473 elementor-widget elementor-widget-text-editor\" data-id=\"6da5473\" data-element_type=\"widget\" data-widget_type=\"text-editor.default\">\n\t\t\t\t<div class=\"elementor-widget-container\">\n\t\t\t<style>\/*! elementor - v3.5.4 - 23-01-2022 *\/\n.elementor-widget-text-editor.elementor-drop-cap-view-stacked .elementor-drop-cap{background-color:#818a91;color:#fff}.elementor-widget-text-editor.elementor-drop-cap-view-framed .elementor-drop-cap{color:#818a91;border:3px solid;background-color:transparent}.elementor-widget-text-editor:not(.elementor-drop-cap-view-default) .elementor-drop-cap{margin-top:8px}.elementor-widget-text-editor:not(.elementor-drop-cap-view-default) .elementor-drop-cap-letter{width:1em;height:1em}.elementor-widget-text-editor .elementor-drop-cap{float:left;text-align:center;line-height:1;font-size:50px}.elementor-widget-text-editor .elementor-drop-cap-letter{display:inline-block}<\/style>\t\t\t\t<p>\u00a0<\/p><table style=\"border: 2px solid #000000;\" rules=\"all\"><tbody><tr><td><a href=\"portaltransparencia2024\/leis2024\/1379.pdf\"><strong>Lei n\u00b0 1379-2024<\/strong><\/a><\/td><td><p>Disp\u00f5e sobre a altera\u00e7\u00e3o da Lei Municipal n\u00b0 870, de 13 de abril de 2008 e d\u00e1 outras provid\u00eancias.<\/p><\/td><\/tr><tr><td><a href=\"portaltransparencia2024\/leis2024\/1372.pdf\"><strong>Lei n\u00b0 1372-2024<\/strong><\/a><\/td><td><p>Fixa o valor do subs\u00eddio mensal do prefeito, vice-prefeito e dos secret\u00e1rios municipais para o quadri\u00eanio 2025-2028.<\/p><\/td><\/tr><tr><td><a href=\"portaltransparencia2024\/leis2024\/1363.pdf\"><strong>Lei n\u00b0 1363-2024<\/strong><\/a><\/td><td><p>Disp\u00f5e sobre a altera\u00e7\u00e3o da Lei Complementar n\u00b0 1059, de 15 de dezembro de 2011 e d\u00e1 outras provid\u00eancias.<\/p><\/td><\/tr><tr><td><a href=\"portaltransparencia2024\/leis2024\/1360.pdf\"><strong>Lei n\u00b0 1360-2024<\/strong><\/a><\/td><td>Disp\u00f5e sobre a altera\u00e7\u00e3o da Lei Municipal n\u00b0 870, de 13 de abril de 2008 e d\u00e1 outras provid\u00eancias.<\/td><\/tr><tr><td><a href=\"portaltransparencia2024\/leis2024\/1356.pdf\"><strong>Lei n\u00b0 1356-2024<\/strong><\/a><\/td><td><p>Autoriza reajuste dos vencimentos dos servidores p\u00fablicos municipais do Poder Executivo e d\u00e1 outras provid\u00eancias.<\/p><\/td><\/tr><tr><td><a href=\"portaltransparencia2024\/leis2024\/1331.pdf\"><strong>Lei n\u00b0 1331-2023<\/strong><\/a><\/td><td><p>Altera a Lei Complementar n\u00b0 1059, de 15 de dezembro de 2011 e d\u00e1 outras provid\u00eancias.<\/p><\/td><\/tr><tr><td><a href=\"portaltransparencia2024\/leis2024\/1300.pdf\"><strong>Lei n\u00b0 1300-2022<\/strong><\/a><\/td><td><p>Concede revis\u00e3o geral anual aos subs\u00eddios dos agentes pol\u00edticos municiais \u2013 prefeito, vice-prefeito, vereadores e secret\u00e1rios municipais e d\u00e1 outras provid\u00eancias.<\/p><\/td><\/tr><tr><td><a href=\"portaltransparencia2024\/leis2024\/1200.pdf\"><strong>Lei n\u00b0 1200-2019<\/strong><\/a><\/td><td><p>Disp\u00f5e sobre a altera\u00e7\u00e3o da Lei Complementar n\u00b0 1059-2011 e d\u00e1 outras provid\u00eancias.<\/p><\/td><\/tr><tr><td><a href=\"portaltransparencia2024\/leis2024\/1181.pdf\"><strong>Lei n\u00b0 1181-2017<\/strong><\/a><\/td><td><p>Disp\u00f5e sobre a altera\u00e7\u00e3o da Lei Complementar n\u00b0 1059-2011 e d\u00e1 outras provid\u00eancias.<\/p><\/td><\/tr><tr><td><a href=\"portaltransparencia2024\/leis2024\/1175.pdf\"><strong>Lei n\u00b0 1175-2016<\/strong><\/a><\/td><td>Fixa os subs\u00eddios do prefeito e vice-prefeito para a gest\u00e3o 2017-2020 e d\u00e1 outras provid\u00eancias.<\/td><\/tr><tr><td><a href=\"portaltransparencia2024\/leis2024\/1088.pdf\"><strong>Lei n\u00b0 1088-2012<\/strong><\/a><\/td><td>Disp\u00f5e sobre a fixa\u00e7\u00e3o do subs\u00eddio do Prefeito Municipal, Vice-Prefeito, Secret\u00e1rio Municipal do Munic\u00edpio de Baldim-MG., para legislatura 2013\/2016, e d\u00e1 outras provid\u00eancias.<\/td><\/tr><tr><td><a href=\"portaltransparencia2024\/leis2024\/1085.pdf\"><strong>Lei n\u00b0 1085-2012<\/strong><\/a><\/td><td>Altera os anexos III e IV do Plano de Cargos, Carreiras e Vencimentos dos Servidores do Munic\u00edpio de Baldim e d\u00e1 outras provid\u00eancias.<\/td><\/tr><tr><td><a href=\"portaltransparencia2024\/leis2024\/1067.pdf\"><strong>Lei n\u00b0 1067-2012<\/strong><\/a><\/td><td><p>Altera os anexos do Plano de Cargos, Carreiras e Vencimentos dos Servidores do Munic\u00edpio de Baldim e d\u00e1 outras provid\u00eancias.<\/p><\/td><\/tr><tr><td><a href=\"portaltransparencia2024\/leis2024\/1059.pdf\"><strong>Lei n\u00b0 1059-2011<\/strong><\/a><\/td><td>Altera o Plano de Cargos, Carreiras e Vencimentos dos Servidores do Munic\u00edpio de Baldim.<\/td><\/tr><tr><td><a href=\"portaltransparencia2024\/leis2024\/870.pdf\"><strong>Lei n\u00b0 870-2008<\/strong><\/a><\/td><td><p>Institui o Plano de Cargos, Carreiras e Remunera\u00e7\u00e3o dos Profissionais de Educa\u00e7\u00e3o do Munic\u00edpio de Baldim.<\/p><\/td><\/tr><tr><td><a href=\"portaltransparencia2024\/leis2024\/597.pdf\"><strong>Lei n\u00b0 597-1997<\/strong><\/a><\/td><td><p>Disp\u00f5e sobre o Estatuto do Servidor P\u00fablico dos Poderes do Munic\u00edpio de Baldim e d\u00e1 outras provid\u00eancias.<\/p><\/td><\/tr><tr><td><a href=\"portaltransparencia2024\/leis2024\/501.pdf\"><strong>Lei n\u00b0 501-1994<\/strong><\/a><\/td><td><p>Institui o Regime Jur\u00eddico \u00fanico dos Servidores P\u00fablicos civis do Munic\u00edpio de Baldim.<\/p><\/td><\/tr><tr><td><a href=\"portaltransparencia2024\/leis2024\/1392.pdf\"><strong>Lei n\u00b0 1392<\/strong><\/a><\/td><td><p>Altera a Lei n\u00b0 1.386, de 27 de agosto de 2024.<\/p><\/td><\/tr><tr><td><a href=\"portaltransparencia2024\/leis2024\/1391.pdf\"><strong>1391 DE 30 DE AGOSTO DE 2024<\/strong><\/a><\/td><td><p>DENOMINA &#8220;ESTRADA RURAL MUNICIPAL ARI AUGUSTO DE OLIVEIRA&#8221;, A VIA P\u00daBLICA SEM DENOMINA\u00c7\u00c3O QUE ESPEC\u00cdFICA.<\/p><\/td><\/tr><tr><td><a href=\"portaltransparencia2024\/leis2024\/1390.pdf\"><strong>1390 DE 27 DE AGOSTO DE 2024<\/strong><\/a><\/td><td><p>DENOMINA VIA RURAL LOCALIZADA NO ALTO DA CUIA INICIANDO ONDE EST\u00c1 LOCALIZADA A IGREJA CAT\u00d3LICA CONTINUANDO NAS LATERAIS DO CAMPO DO ALTO DA CUIA E FINALIZANDO NAS RESID\u00caNCIAS EDIFICADAS EM DIRE\u00c7\u00c3O DA PROPRIEDADE CONHECIDA COMO FAZENDA BOCAINA DA GURITA FICA DENOMINADO O TRECHO &#8220;RUA BOCAINA DA GURITA&#8221; A VIA P\u00daBLICA SEM DENOMINA\u00c7\u00c3O QUE ESPEC\u00cdFICA.<\/p><\/td><\/tr><tr><td><a href=\"portaltransparencia2024\/leis2024\/1389.pdf\"><strong>1389 DE 27 DE AGOSTO DE 2024<\/strong><\/a><\/td><td><p>DENOMINA A RUA PRINCIPAL DO ALTO DA CUIA EM &#8220;RUA JO\u00c3O HENRIQUE DA SILVA&#8221; &#8220;IN MEMORIAM&#8221; QUE INICIA NO TRECHO AO LADO DO IM\u00d3VEL DA FAM\u00cdLIA DO SR. CIRINO FERNANDES DE CASTRO &#8220;IN MEMORIAM&#8221;, ESTENDENDO AT\u00c9 O FINAL DA RUA ONDE EST\u00c1 LOCALIZADA A RESID\u00caNCIA DA SRA. JOSEFA HENRIQUE DA SILVA.<\/p><\/td><\/tr><tr><td><a href=\"portaltransparencia2024\/leis2024\/1388.pdf\"><strong>1388 DE 27 DE AGOSTO DE 2024<\/strong><\/a><\/td><td><p>D\u00c1 DENOMINA\u00c7\u00c3O AO TRECHO DE RUA QUE INICIA ONDE EST\u00c1 LOCALIZADO O IM\u00d3VEL DE PROPRIEDADE DA FAM\u00cdLIA DO SR. SIRINO FERNANDES DE CASTRO &#8220;IN MEMORIAM&#8221;, ESTENDENDO AT\u00c9 O IN\u00cdCIO DA ESTRADA ENTRADA PARA TABOQUINHA, ZONA RURAL DE BALDIM EM &#8220;RUA SIRINO FERNANDES DE CASTRO&#8221;.<\/p><\/td><\/tr><tr><td><a href=\"portaltransparencia2024\/leis2024\/1387.pdf\"><strong>1387 DE 27 DE AGOSTO DE 2024<\/strong><\/a><\/td><td><p>D\u00c1 DENOMINA\u00c7\u00c3O A PRIMEIRA RUA DO ALTO DA CUIA EM &#8220;RUA JOAQUIM HENRIQUE&#8221; &#8220;IN MEMORIAM&#8221; ESTENDENDO AT\u00c9 O S\u00cdTIO DA TABOQUINHA, ZONA RURAL DO MUNIC\u00cdPIO DE BALDIM-MG.<\/p><\/td><\/tr><tr><td><a href=\"portaltransparencia2024\/leis2024\/1386.pdf\"><strong>1386 DE 27 DE AGOSTO DE 2024<\/strong><\/a><\/td><td><p>&#8220;AUTORIZA ABERTURA DE CR\u00c9DITO ESPECIAL NO OR\u00c7AMENTO DE 2024 E D\u00c1 OUTRAS PROVID\u00caNCIAS. &#8220;<\/p><\/td><\/tr><tr><td><a href=\"portaltransparencia2024\/leis2024\/1385.pdf\"><strong>1385 DE 16 DE JULHO DE 2024<\/strong><\/a><\/td><td><p>DENOMINA DE PONTE ARI FRAN\u00c7A BARBOSA, A PONTE SOBRE O C\u00d3RREGO QUE LIGA O DISTRITO DE S\u00c3O VICENTE A LOCALIDADE DE TIM\u00d3TEO MUNIC\u00cdPIO DE BALDIM\/MG.<\/p><\/td><\/tr><tr><td><a href=\"portaltransparencia2024\/leis2024\/1384.pdf\"><strong>1384 DE 16 DE JULHO DE 2024<\/strong><\/a><\/td><td><p>ALTERA O NOME DE RUA QUE ESPEC\u00cdFICA E D\u00c1 OUTRAS PROVID\u00caNCIAS.<\/p><\/td><\/tr><tr><td><a href=\"portaltransparencia2024\/leis2024\/1383.pdf\"><strong>1383 DE 16 DE JULHO DE 2024<\/strong><\/a><\/td><td><p>INSTITUI NO MUNIC\u00cdPIO DE BALDIM O &#8220;DIA MUNICIPAL DOS L\u00cdDERES RELIGIOSOS&#8221; E D\u00c1 OUTRAS PROVID\u00caNCIAS.<\/p><\/td><\/tr><tr><td><a href=\"portaltransparencia2024\/leis2024\/1382.pdf\"><strong>1382 DE 16 DE JULHO DE 2024<\/strong><\/a><\/td><td><p>AS LEIS MUNICIPAIS, AP\u00d3S SEREM SANCIONADAS OU PROMULGADAS, DEVEM CONSTAR O NOME DO VEREADOR AUTOR DO PROJETO DE LEI QUE LHES DEU ORIGEM.<\/p><\/td><\/tr><tr><td><a href=\"portaltransparencia2024\/leis2024\/1381.pdf\"><strong>1381 DE 15 DE JULHO DE 2024<\/strong><\/a><\/td><td><p>&#8220;Disp\u00f5e Sobre o Programa de Guarda Subsidiada, em Fam\u00edlia Extensa ou Ampliada, de Crian\u00e7as e Adolescentes em Situa\u00e7\u00e3o de Risco por Viola\u00e7\u00f5es de Direitos no Munic\u00edpio de Baldim\/MG e d\u00e1 outras provid\u00eancias.&#8221;<\/p><\/td><\/tr><tr><td><a href=\"portaltransparencia2024\/leis2024\/1380.pdf\"><strong>1380 DE 09 DE JULHO DE 2024<\/strong><\/a><\/td><td><p>RATIFICA A ALTERA\u00c7\u00c3O DO PROTOCOLO DE INTEN\u00c7\u00d5ES DO CONS\u00d3RCIO REGIONAL DE SANEAMENTO B\u00c1SICO CENTRAL DE MINAS &#8211; CORESAB E D\u00c1 OUTRAS PROVID\u00caNCIAS.<\/p><\/td><\/tr><tr><td><a href=\"portaltransparencia2024\/leis2024\/1379.pdf\"><strong>1379 DE 09 DE JULHO DE 2024<\/strong><\/a><\/td><td>DISP\u00d5E SOBRE A ALTERA\u00c7\u00c3O DA LEI MUNICIPAL NO 870, DE 13 DE ABRIL DE 2008 E D\u00c1 OUTRAS PROVID\u00caNCIAS.<\/td><\/tr><tr><td><a href=\"portaltransparencia2024\/leis2024\/1378.pdf\"><strong>1378 DE 09 DE JULHO DE 2024<\/strong><\/a><\/td><td><p>RETIFICA A FORMA\u00c7\u00c3O E OS REQUISITOS PREVISTOS PARA O CARGO DE COORDENADOR DO CENTRO DE REFER\u00caNCIA DE ASSIST\u00caNCIA CRAS, PREVISTO NO ANEXO 1 SOCIAL INTEGRANTE DA LEI MUNICIPAL NO 1.362 DE 20 DE MAR\u00c7O DE 2024 &#8211; QUE DISP\u00d5E SOBRE A CRIA\u00c7\u00c3O E REGULAMENTA\u00c7\u00c3O SOCIOASSISTENCIAIS, DE SERVI\u00c7OS CONTRATA\u00c7\u00c3O DE PESSOAL, CRIA\u00c7\u00c3O DE CARGOS NO \u00c2MBITO DO MUNIC\u00cdPIO DE BALDIM, VINCULADOS \u00c0 SECRETARIA MUNICIPAL DE ASSIST\u00caNCIA SOCIAL E D\u00c1 OUTRAS PROVID\u00caNCIAS.<\/p><\/td><\/tr><tr><td><a href=\"portaltransparencia2024\/leis2024\/1377.pdf\"><strong>1377 de 2024<\/strong><\/a>\u00a0<\/td><td><p>\u00a0Institui o &#8220;Programa Municipal de Equoterapia&#8221; no Munic\u00edpio de Baldim\/MG e d\u00e1 outras provid\u00eancias.<\/p><\/td><\/tr><tr><td><a href=\"portaltransparencia2024\/leis2024\/1376.pdf\"><strong>1376 de 2024<\/strong><\/a><\/td><td><p>\u00a0Autoriza a revers\u00e3o de im\u00f3vel ao patrim\u00f4nio do Munic\u00edpio.<\/p><\/td><\/tr><tr><td><a href=\"portaltransparencia2024\/leis2024\/1375.pdf\"><strong>1375 de 2024<\/strong><\/a>\u00a0<\/td><td><p>\u00a0Retifica a remunera\u00e7\u00e3o do cargo efetivo de agente administrativo do anexo I integrante da Lei Municipal n\u00b0 1362 de 20 de mar\u00e7o de 2024, que disp\u00f5e sobre a cria\u00e7\u00e3o e regulamenta\u00e7\u00e3o de servi\u00e7os socioassistenciais, contrata\u00e7\u00e3o de pessoal, cria\u00e7\u00e3o de cargos no \u00e2mbito do munic\u00edpio de Baldim, vinculados \u00e0 Secretaria Municipal de Assist\u00eancia Social e d\u00e1 outras provid\u00eancias.<\/p><\/td><\/tr><tr><td><a href=\"portaltransparencia2024\/leis2024\/1374.pdf\">1374 de 2024<\/a><\/td><td><strong>1374 DE 03 DE JUNHO DE 2024<\/strong> &#8211; Denomina &#8220;Rua Mario Raimundo Costa, a via p\u00fablica sem denomina\u00e7\u00e3o espec\u00edfica&#8221;.<\/td><\/tr><tr><td><a href=\"portaltransparencia2024\/leis2024\/1373.pdf\">1373 de 2024<\/a><\/td><td><p>Disp\u00f5e sobre a altera\u00e7\u00e3o da Lei Complementar n\u00b0 1059, de 15 de dezembro de 2011 e d\u00e1 outras provid\u00eancias.<\/p><\/td><\/tr><tr><td><a href=\"portaltransparencia2024\/leis2024\/1372.pdf\">1372 de 2024<\/a><\/td><td><p>Fixa o valor do subs\u00eddio mensal do Prefeito, Vice-Prefeito e dos Secret\u00e1rios Municipais para o quadri\u00eanio 2025\/2028.<\/p><\/td><\/tr><tr><td><a href=\"portaltransparencia2024\/leis2024\/1370.pdf\">1370 de 2024<\/a><\/td><td><p>Altera a reda\u00e7\u00e3o do par\u00e1grafo 1\u00b0 do artigo 1\u00b0 da lei no 1361 de 19 de mar\u00e7o de 2024.<\/p><\/td><\/tr><tr><td><a href=\"portaltransparencia2024\/leis2024\/1368.pdf\">1368 de 2024<\/a><\/td><td>Disp\u00f5e sobre altera\u00e7\u00e3o da Lei Municipal n\u00b0 1348 de 28 de novembro de 2023 e d\u00e1 outras provid\u00eancias.<\/td><\/tr><tr><td><a href=\"portaltransparencia2024\/leis2024\/1367.pdf\">1367 de 2024<\/a><\/td><td><p>\u00a0Institui gratifica\u00e7\u00e3o por encargo de fun\u00e7\u00f5es e d\u00e1 outras provid\u00eancias.<\/p><\/td><\/tr><tr><td><a href=\"portaltransparencia2024\/leis2024\/1366.pdf\">1366 de 2024<\/a><\/td><td>Institui a semana da Internacionaliza\u00e7\u00e3o do Munic\u00edpio de Baldim e d\u00e1 outras provid\u00eancias.<\/td><\/tr><tr><td><a href=\"portaltransparencia2024\/leis2024\/1365.pdf\">1365 de 2024<\/a><\/td><td>Altera a Lei Complementar n\u00b0 869, de 2008, autoriza reajuste de vencimento base dos profissionais do magist\u00e9rio e d\u00e1 outras provid\u00eancias.<\/td><\/tr><tr><td><a href=\"portaltransparencia2024\/leis2024\/1364.pdf\">1364 de 2024<\/a><\/td><td>Altera a Lei Municipal n\u00b0 1341 de 28 de agosto de 2023 e d\u00e1 outras provid\u00eancias.<\/td><\/tr><tr><td><a href=\"portaltransparencia2024\/leis2024\/1363.pdf\">1363 de 2024<\/a><\/td><td>Disp\u00f5e sobre a altera\u00e7\u00e3o da Lei Complementar n\u00b0 1059, de 15 de dezembro de 2011 e d\u00e1 outras provid\u00eancias.<\/td><\/tr><tr><td><a href=\"portaltransparencia2024\/leis2024\/1362.pdf\">1362 de 2024<\/a><\/td><td>Disp\u00f5e sobre a cria\u00e7\u00e3o e regulamenta\u00e7\u00e3o de servi\u00e7o socioassistenciais, contrata\u00e7\u00e3o de pessoal e cria\u00e7\u00e3o de cargos no \u00e2mbito do Munic\u00edpio de Baldim, vinculados \u00e0 Secretaria Municipal de Assist\u00eancia Social e d\u00e1 outras provid\u00eancias.<\/td><\/tr><tr><td><a href=\"portaltransparencia2024\/leis2024\/1361.pdf\">1361 de 2024<\/a><\/td><td>Cria e institui Regulamento para o funcionamento da feira das comunidades rurais do Munic\u00edpio de Baldim-MG e d\u00e1 outras provid\u00eancias.<\/td><\/tr><tr><td><a href=\"portaltransparencia2024\/leis2024\/1360.pdf\">1360 de 2024<\/a><\/td><td>Disp\u00f5e sobre a altera\u00e7\u00e3o da Lei Municipal n\u00b0 870, de 13 de abril de 2008 e d\u00e1 outras provid\u00eancias.<\/td><\/tr><tr><td><a href=\"portaltransparencia2024\/leis2024\/1359.pdf\">1359 de 2024<\/a><\/td><td>Altera o Art. 46 da LC n\u00b0 1.310\/2022, e d\u00e1 outras provid\u00eancias.<\/td><\/tr><\/tbody><\/table><p>\u00a0<\/p><table style=\"border: 2px solid #000000; margin-left: auto; margin-right: auto;\" frame=\"border\" rules=\"all\"><tbody><tr><td><a href=\"portaltransparencia2024\/leis2024\/1358.pdf\">1358 de 07\/03\/2024<\/a><\/td><td><p>Autoriza a constitui\u00e7\u00e3o de Fundo Municipal de Saneamento B\u00e1sico do Munic\u00edpio de Baldim\/MG e d\u00e1 outras provid\u00eancias e revoga a Lei 1236 de 11 de junho de 2011.<\/p><\/td><\/tr><tr><td><a href=\"portaltransparencia2024\/leis2024\/1357.pdf\">1357 de 07\/03\/2024<\/a><\/td><td><p>Altera a Lei complementar n\u00b0 1059 de 15 de dezembro de 2011 e d\u00e1 outras provid\u00eancias.<\/p><\/td><\/tr><tr><td><a href=\"portaltransparencia2024\/leis2024\/1356.pdf\">1356 de 07\/03\/2024<\/a><\/td><td><p>Autoriza reajuste dos vencimentos dos servidores p\u00fablicos municipais do Poder Executivo e d\u00e1 outras provid\u00eancias.<\/p><\/td><\/tr><tr><td><a href=\"portaltransparencia2024\/leis2024\/1355.pdf\">1355 de 07\/03\/2024<\/a><\/td><td><p>Altera a Lei 1351 de 21 de dezembro de 2023.<\/p><\/td><\/tr><tr><td><a href=\"portaltransparencia2024\/leis2024\/1354.pdf\">1354 de 06\/03\/2024<\/a><\/td><td>Autoriza concess\u00e3o de subven\u00e7\u00f5es sociais, contribui\u00e7\u00f5es e aux\u00edlios financeiros, no exerc\u00edcio de 2024, \u00e0s organiza\u00e7\u00f5es da sociedade civil que especifica.<\/td><\/tr><tr><td><a href=\"portaltransparencia2024\/leis2024\/1353.pdf\">1353 de 04\/03\/2024<\/a><\/td><td>Cria o Conselho Municipal de Desenvolvimento Rural Sustent\u00e1vel CMDRS e o Fundo Municipal AGROPECU\u00c1RIO-FUNDAGRO e d\u00e1 outras provid\u00eancias.<\/td><\/tr><tr><td><a href=\"portaltransparencia2024\/leis2024\/1352.pdf\">1352 de 05\/01\/2024<\/a><\/td><td><p>Declara como de utilidade p\u00fablica municipal a associa\u00e7\u00e3o PROJETO PARA TODOS.<\/p><\/td><\/tr><\/tbody><\/table>\t\t\t\t\t\t<\/div>\n\t\t\t\t<\/div>\n\t\t\t\t\t<\/div>\n\t\t<\/div>\n\t\t\t\t\t\t\t<\/div>\n\t\t<\/section>\n\t\t\t\t\t\t<\/div>\n\t\t\t\t\t<\/div>\n\t\t","protected":false},"excerpt":{"rendered":"<p>\u00a0 Lei n\u00b0 1379-2024 Disp\u00f5e sobre a altera\u00e7\u00e3o da Lei Municipal n\u00b0 870, de 13 de abril de 2008 e d\u00e1 outras provid\u00eancias. Lei n\u00b0 1372-2024 Fixa o valor do subs\u00eddio mensal<a class=\"moretag\" href=\"https:\/\/baldim.mg.gov.br\/wsite\/?page_id=2832\">leia mais<\/a><\/p>\n","protected":false},"author":2,"featured_media":0,"parent":0,"menu_order":0,"comment_status":"closed","ping_status":"closed","template":"","meta":{"footnotes":""},"class_list":["post-2832","page","type-page","status-publish","hentry"],"_links":{"self":[{"href":"https:\/\/baldim.mg.gov.br\/wsite\/index.php?rest_route=\/wp\/v2\/pages\/2832","targetHints":{"allow":["GET"]}}],"collection":[{"href":"https:\/\/baldim.mg.gov.br\/wsite\/index.php?rest_route=\/wp\/v2\/pages"}],"about":[{"href":"https:\/\/baldim.mg.gov.br\/wsite\/index.php?rest_route=\/wp\/v2\/types\/page"}],"author":[{"embeddable":true,"href":"https:\/\/baldim.mg.gov.br\/wsite\/index.php?rest_route=\/wp\/v2\/users\/2"}],"replies":[{"embeddable":true,"href":"https:\/\/baldim.mg.gov.br\/wsite\/index.php?rest_route=%2Fwp%2Fv2%2Fcomments&post=2832"}],"version-history":[{"count":4,"href":"https:\/\/baldim.mg.gov.br\/wsite\/index.php?rest_route=\/wp\/v2\/pages\/2832\/revisions"}],"predecessor-version":[{"id":3044,"href":"https:\/\/baldim.mg.gov.br\/wsite\/index.php?rest_route=\/wp\/v2\/pages\/2832\/revisions\/3044"}],"wp:attachment":[{"href":"https:\/\/baldim.mg.gov.br\/wsite\/index.php?rest_route=%2Fwp%2Fv2%2Fmedia&parent=2832"}],"curies":[{"name":"wp","href":"https:\/\/api.w.org\/{rel}","templated":true}]}}