{"id":2826,"date":"2025-07-01T00:51:40","date_gmt":"2025-07-01T00:51:40","guid":{"rendered":"https:\/\/baldim.mg.gov.br\/wsite\/?page_id=2826"},"modified":"2025-07-01T01:25:46","modified_gmt":"2025-07-01T01:25:46","slug":"leis-2022","status":"publish","type":"page","link":"https:\/\/baldim.mg.gov.br\/wsite\/?page_id=2826","title":{"rendered":"Leis 2022"},"content":{"rendered":"\t\t<div data-elementor-type=\"wp-page\" data-elementor-id=\"2826\" class=\"elementor elementor-2826\" data-elementor-settings=\"[]\">\n\t\t\t\t\t\t\t<div class=\"elementor-section-wrap\">\n\t\t\t\t\t\t\t<section class=\"elementor-section elementor-top-section elementor-element elementor-element-65196df elementor-section-boxed elementor-section-height-default elementor-section-height-default wpr-particle-no wpr-jarallax-no wpr-parallax-no wpr-sticky-section-no\" data-id=\"65196df\" data-element_type=\"section\">\n\t\t\t\t\t\t<div class=\"elementor-container elementor-column-gap-default\">\n\t\t\t\t\t<div class=\"elementor-column elementor-col-100 elementor-top-column elementor-element elementor-element-5d80722\" data-id=\"5d80722\" data-element_type=\"column\">\n\t\t\t<div class=\"elementor-widget-wrap elementor-element-populated\">\n\t\t\t\t\t\t\t\t\t<\/div>\n\t\t<\/div>\n\t\t\t\t\t\t\t<\/div>\n\t\t<\/section>\n\t\t\t\t<section class=\"elementor-section elementor-top-section elementor-element elementor-element-3d43a20 elementor-section-boxed elementor-section-height-default elementor-section-height-default wpr-particle-no wpr-jarallax-no wpr-parallax-no wpr-sticky-section-no\" data-id=\"3d43a20\" data-element_type=\"section\">\n\t\t\t\t\t\t<div class=\"elementor-container elementor-column-gap-default\">\n\t\t\t\t\t<div class=\"elementor-column elementor-col-100 elementor-top-column elementor-element elementor-element-de6e6bd\" data-id=\"de6e6bd\" data-element_type=\"column\">\n\t\t\t<div class=\"elementor-widget-wrap elementor-element-populated\">\n\t\t\t\t\t\t\t\t<div class=\"elementor-element elementor-element-95f9f09 elementor-widget elementor-widget-text-editor\" data-id=\"95f9f09\" data-element_type=\"widget\" data-widget_type=\"text-editor.default\">\n\t\t\t\t<div class=\"elementor-widget-container\">\n\t\t\t<style>\/*! elementor - v3.5.4 - 23-01-2022 *\/\n.elementor-widget-text-editor.elementor-drop-cap-view-stacked .elementor-drop-cap{background-color:#818a91;color:#fff}.elementor-widget-text-editor.elementor-drop-cap-view-framed .elementor-drop-cap{color:#818a91;border:3px solid;background-color:transparent}.elementor-widget-text-editor:not(.elementor-drop-cap-view-default) .elementor-drop-cap{margin-top:8px}.elementor-widget-text-editor:not(.elementor-drop-cap-view-default) .elementor-drop-cap-letter{width:1em;height:1em}.elementor-widget-text-editor .elementor-drop-cap{float:left;text-align:center;line-height:1;font-size:50px}.elementor-widget-text-editor .elementor-drop-cap-letter{display:inline-block}<\/style>\t\t\t\t<p>\u00a0<\/p><table style=\"background-color: #f5f5f5; border: 2px solid #000000; margin-left: auto; margin-right: auto;\" rules=\"all\"><tbody><tr><td><em><strong><span style=\"font-family: verdana, geneva;\">Lei N\u00ba<\/span><\/strong><\/em><\/td><td><em><strong>Ementa<\/strong><\/em><\/td><\/tr><tr><td><a href=\"portaltransparencia2022\/leis2022\/1327.pdf\">1327 de 23\/12\/2022<\/a><\/td><td><p>Autoriza concess\u00e3o de subven\u00e7\u00f5es sociais l, contribui\u00e7\u00f5es e aux\u00edlios financeiro, no exerc\u00edcio de 2023, \u00e0s organiza\u00e7\u00f5es da sociedade civil que espec\u00edfica.<\/p><\/td><\/tr><tr><td><p><a href=\"portaltransparencia2022\/leis2022\/1326.pdf\">1326 de 23\/12\/2022<\/a><\/p><\/td><td><p>Disp\u00f5e sobre parcelamento de valores a serem restitu\u00eddos ao er\u00e1rio e d\u00e1 outras provid\u00eancias.<\/p><\/td><\/tr><tr><td><a href=\"portaltransparencia2022\/leis2022\/1325.pdf\">1325 de 12\/12\/2022<\/a>\u00a0<\/td><td>ESTIMA A RECEITA E FIXA A DESPESA DO MUNIC\u00cdPIO PARA O EXERC\u00cdCIO DE 2023<\/td><\/tr><tr><td><a href=\"portaltransparencia2022\/leis2022\/1324.pdf\">1324 de 08\/12\/2022<\/a><\/td><td><p>Disp\u00f5e sobre a pol\u00edtica Municipal de Turismo de Baldim\/MG, seus princ\u00edpios, objetivos, estrutura, organiza\u00e7\u00e3o, gest\u00e3o e financiamento e d\u00e1 outras provid\u00eancias.\u00a0<\/p><\/td><\/tr><tr><td><a href=\"portaltransparencia2022\/leis2022\/1323.pdf\">1323 de 08\/11\/2022<\/a><\/td><td>Disp\u00f5e sobre a altera\u00e7\u00e3o da Lei Complementar Municipal N\u00ba 1059 de 15 de Dezembro de 2011 e d\u00e1 outras provid\u00eancias.<\/td><\/tr><tr><td><a href=\"portaltransparencia2022\/leis2022\/1322.pdf\">1322 de 03\/11\/2022<\/a><\/td><td>Disp\u00f5e sobre a institui\u00e7\u00e3o da semana Municipal do Campo Limpo no Munic\u00edpio de Baldim\/MG e d\u00e1 outras provid\u00eancias.<\/td><\/tr><tr><td><a href=\"portaltransparencia2022\/leis2022\/1321.pdf\">1321 de 03\/11\/2022<\/a><\/td><td>Disp\u00f5e sobre a denomina\u00e7\u00e3o ao im\u00f3vel conhecido como Caramanch\u00e3o situado na Pra\u00e7a Central do Munic\u00edpio de Baldim\/MG, lei de autoria do vereador M\u00e1rcio Jos\u00e9 Gon\u00e7alves.<\/td><\/tr><tr><td><a href=\"portaltransparencia2022\/leis2022\/1320.pdf\">1320 de 03\/10\/2022<\/a><\/td><td><p>1320: Altera a Lei Municipal N\u00ba 1.318, de 05 de Setembro de 2022 e d\u00e1 outras provid\u00eancias.<\/p><\/td><\/tr><tr><td><a href=\"portaltransparencia2022\/leis2022\/1319.pdf\">1319 de 16\/09\/2022<\/a><\/td><td><p>\u00a0Disp\u00f5e sobre regras para o uso de espa\u00e7os p\u00fablicos para fins de exerc\u00edcio de eventos diversos mediante os instrumentos da autoriza\u00e7\u00e3o, permiss\u00e3o e estabelece outras provid\u00eancias, autoria do vereador Pedro Henrique Pereira Corr\u00eaa.\u00a0<\/p><\/td><\/tr><tr><td><a href=\"portaltransparencia2022\/leis2022\/1318.pdf\">1318 de 05\/09\/2022<\/a><\/td><td><p>\u00a0Autoriza repasse de recurso financeiro a entidades credenciadas nos termos do Art. 30 da Lei Federal N\u00ba 13.019\/2014 e d\u00e1 outras provid\u00eancias.<\/p><\/td><\/tr><tr><td><a href=\"portaltransparencia2022\/leis2022\/1312.pdf\">1312 de 28\/08\/2022<\/a><\/td><td><p>\u201cInstitui a festa da colheita de Deus no calend\u00e1rio oficial de eventos do Munic\u00edpio de Baldim-MG.\u201d Autoria vareadora L\u00facia Helena da Cruz Silva.<\/p><\/td><\/tr><tr><td><a href=\"portaltransparencia2022\/leis2022\/1316.pdf\">1316 de 05\/02\/2022<\/a><\/td><td><p>1316: Disp\u00f5e sobre a altera\u00e7\u00e3o da denomina\u00e7\u00e3o da pra\u00e7a Jos\u00e9 Nassif Dagher e d\u00e1 outras provid\u00eancias.<\/p><\/td><\/tr><tr><td><a href=\"portaltransparencia2022\/leis2022\/1315.pdf\">1315 de 29\/08\/2022<\/a><\/td><td><p>1315: Estabelece a obrigatoriedade de coloca\u00e7\u00e3o de placas informativas em obras p\u00fablicas Municipais em execu\u00e7\u00e3o ou paralisadas, contendo a exposi\u00e7\u00e3o dos motivos da paralisa\u00e7\u00e3o e d\u00e1 outras provid\u00eancias.\u00a0<\/p><\/td><\/tr><tr><td><a href=\"portaltransparencia2022\/leis2022\/1314.pdf\">1314 de 29\/08\/2022<\/a><\/td><td><p>1314: Tomba como patrim\u00f4nio hist\u00f3rico e cultural do Munic\u00edpio a \u201cIgrejinha de Santo Ant\u00f4nio localizada em Vargem Grande da Serra, Munic\u00edpio de Baldim\u201d.<\/p><\/td><\/tr><tr><td><a href=\"portaltransparencia2022\/leis2022\/1313.pdf\">1313 de 29\/08\/2022<\/a><\/td><td><p>\u00a0Institui a obrigatoriedade ao Departamento de Compras e licita\u00e7\u00f5es do Munic\u00edpio de Baldim enviar c\u00f3pias dos editais de licita\u00e7\u00f5es e resultado dos certames para o centro de atendimento ao cidad\u00e3o- CAC da C\u00e2mara Municipal de Baldim e d\u00e1 outras provid\u00eancias.<\/p><\/td><\/tr><tr><td><a href=\"portaltransparencia2022\/leis2022\/1312.pdf\">1312 de 29\/08\/2022<\/a><\/td><td>Cria o \u201cPrograma M\u00fasica\u201d no Munic\u00edpio de Baldim e d\u00e1 outras provid\u00eancias.<\/td><\/tr><tr><td><p><a href=\"portaltransparencia2022\/leis2022\/1311.pdf\">1311 de 26\/07\/2022<\/a><\/p><\/td><td><p>Institui o Dia da Cavalgada Gospel da Paz no calend\u00e1rio oficial de eventos do munic\u00edpio.<\/p><\/td><\/tr><tr><td><a href=\"portaltransparencia2022\/leis2022\/1310.pdf\">1310 de 23\/08\/2022<\/a><\/td><td><p>Altera a Lei Complementar Municipal N\u00ba 1.282\/2022, que institui o Plano de Cargos, Carreiras e Vencimentos dos Servidores da C\u00e2mera Municipal de Baldim e d\u00e1 outras provid\u00eancias.<\/p><\/td><\/tr><tr><td><a href=\"portaltransparencia2022\/leis2022\/1309.pdf\">1309 de 23\/08\/2022<\/a><\/td><td><p>Cria o programa de horta comunit\u00e1ria no Munic\u00edpio de Baldim\/MG e d\u00e1 outras provid\u00eancias.<\/p><\/td><\/tr><tr><td><a href=\"portaltransparencia2022\/leis2022\/1308.pdf\">1308 de 23\/08\/2022<\/a><\/td><td>Cria o programa Municipal de incentivo \u00e0 corre\u00e7\u00e3o do solo para produtores rurais da Agricultura Familiar.<\/td><\/tr><tr><td><p><a href=\"portaltransparencia2022\/leis2022\/1307.pdf\">1307 de 17\/08\/2022<\/a><\/p><\/td><td><p>Disp\u00f5e sobre programa de servi\u00e7o de fisioterapia domiciliar assistida por unidade m\u00f3vel devidamente equipada.<\/p><\/td><\/tr><tr><td><a href=\"portaltransparencia2022\/leis2022\/1306.pdf\">1306 de 17\/08\/2022<\/a><\/td><td>Autoriza a aquisi\u00e7\u00e3o de im\u00f3vel para constru\u00e7\u00e3o da quadra escolar da nova \u00a0\u00a0\u00a0\u00a0\u00a0 escola S\u00e3o Bernardo e d\u00e1 outras provid\u00eancias.<\/td><\/tr><tr><td><a href=\"portaltransparencia2022\/leis2022\/1304.pdf\">1304 de 27\/07\/2022<\/a><\/td><td><p>Cria e institui no calend\u00e1rio oficial de eventos do Munic\u00edpio de Baldim a semana do Folclore e d\u00e1 outras provid\u00eancias. Autoria do vereador Marconi Ant\u00f4nio Ferreira.<\/p><\/td><\/tr><tr><td><a href=\"portaltransparencia2022\/leis2022\/1302.pdf\">1303 de 22\/07\/2022<\/a><\/td><td>Inclui a cavalgada de mulheres denominada Cavalgada de Mulheres Maldomadas no calend\u00e1rio oficial do Munic\u00edpio de Baldim e d\u00e1 outras provid\u00eancias, autoria o vereador Marconi Ant\u00f4nio Ferreira.<\/td><\/tr><tr><td><a href=\"portaltransparencia2022\/leis2022\/1302.pdf\">1302 de 21\/07\/2022<\/a><\/td><td>Inclui no calend\u00e1rio oficial do Munic\u00edpio de Baldim, o encontro aberto de bandas no Distrito de S\u00e3o Vicente Munic\u00edpio de Baldim\/MG. Autoria do vereador Marconi Ant\u00f4nio Ferreira.<\/td><\/tr><tr><td><a href=\"portaltransparencia2022\/leis2022\/1301.pdf\">1301 de 20\/07\/2022<\/a><\/td><td>Cria e inclui no calend\u00e1rio oficial de eventos do Munic\u00edpio de Baldim\/MG o Natal de Luz, a ser comemorado, anualmente todos os dias do m\u00eas de Dezembro no Distrito de S\u00e3o Vicente, e d\u00e1 outras provid\u00eancias. (Autoria dos vereadores Licanor Lopes da Silva e Marconi Ant\u00f4nio Ferreira).<\/td><\/tr><tr><td><a href=\"portaltransparencia2022\/leis2022\/1300.pdf\">1300\/2022<\/a><\/td><td>Concede revis\u00e3o anual aos subs\u00eddios dos agentes pol\u00edticos municipais &#8211; Prefeito, Vice, Vereadores e Secret\u00e1rios Municipais e d\u00e1 outras provid\u00eancias.<\/td><\/tr><tr><td><a href=\"portaltransparencia2022\/leis2022\/1299.pdf\">1299 de 20\/07\/2022<\/a><\/td><td><p>Reduz a faixa de reserva n\u00e3o edific\u00e1vel das rodovias LMG 511 (Baldim- Santana do Riacho) e MG 323 (Jequitib\u00e1- S\u00e3o Jos\u00e9 de Almeida), ao longo das faixas de Dom\u00ednio P\u00fablico das Rodovias at\u00e9 o limite m\u00ednimo de 5 metros de cada lado. Autoria da Vereadora L\u00facia Helena da Cruz Silva.<\/p><\/td><\/tr><tr><td><a href=\"portaltransparencia2022\/leis2022\/1298.pdf\">1298 de 19\/07\/2022<\/a><\/td><td>Autoriza abertura de cr\u00e9dito suplementar.<\/td><\/tr><tr><td><a href=\"portaltransparencia2022\/leis2022\/1297.pdf\">1297 de 18\/07\/2022<\/a><\/td><td>Autoriza o Munic\u00edpio de Baldim\/MG a contratar com o banco de desenvolvimento de Minas Gerais S\/A- BDMG, opera\u00e7\u00f5es de cr\u00e9dito com outorga de garantia e d\u00e1 outras provid\u00eancias.<\/td><\/tr><tr><td><a href=\"portaltransparencia2022\/leis2022\/1295.pdf\">1295 de 06\/06\/2022<\/a><\/td><td><p>D\u00e1 denomina\u00e7\u00e3o a Avenida Perimetral no trecho que se inicia na Rua Carolina F\u00e9lix e termina na Avenida Brasil. Autoria do vereador Moacir Eudes de Sena.<\/p><\/td><\/tr><tr><td><a href=\"portaltransparencia2022\/leis2022\/1294.pdf\">1294 de 25\/05\/2022<\/a><\/td><td><p>Institui E Regulamenta A Concess\u00e3o De Aux\u00edlio Para O Tratamento Fora Do Domic\u00edlio E D\u00e1 Outras Provid\u00eancias. De Autoria Do Vereador Darci Barreto Dos Santos.<\/p><\/td><\/tr><tr><td><a href=\"portaltransparencia2022\/leis2022\/1293.pdf\">1293 de 25\/05\/2022<\/a><\/td><td><p>Disp\u00f5e sobre a denomina\u00e7\u00e3o de pra\u00e7a p\u00fablica localizada no distrito de S\u00e3o Vicente Munic\u00edpio de Baldim, de autoria do Vereador Marconi Ant\u00f4nio Ferreira.<\/p><\/td><\/tr><tr><td><a href=\"portaltransparencia2022\/leis2022\/1292.pdf\">1292 de 24\/05\/2022<\/a><\/td><td><p>Altera A Lei Complementar N\u00b0 1.140 De 01\u00b0 De Outubro De 2014 E D\u00e1 Outras Provid\u00eancias.<\/p><\/td><\/tr><tr><td><a href=\"portaltransparencia2022\/leis2022\/1291.pdf\">1291 de 24\/05\/2022<\/a><\/td><td>Altera a lei municipal n\u00b0 1287 de 5 de maio de 2022 e d\u00e1 outras provid\u00eancias.<\/td><\/tr><tr><td><a href=\"portaltransparencia2022\/leis2022\/1290.pdf\">1290 de 20\/05\/2022<\/a><\/td><td><p>Autoriza revis\u00e3o geral anual dos vencimentos dos servidores p\u00fablicos Municipais do poder executivo e d\u00e1 outras provid\u00eancias.<\/p><\/td><\/tr><tr><td><a href=\"portaltransparencia2022\/leis2022\/1280.pdf\">1280 de 29\/03\/2022<\/a><\/td><td><p>Autoriza A Utiliza\u00e7\u00e3o De Ve\u00edculos Do Munic\u00edpio De Baldim\/Mg Para O Transporte De Atletas, Entidades Desportistas, Participantes De Eventos Culturais, E D\u00e1 Outras Provid\u00eancias.<\/p><\/td><\/tr><tr><td><a href=\"portaltransparencia2022\/leis2022\/1289.pdf\">1289 de 11\/04\/2022<\/a><\/td><td>&#8220;Autoriza o poder executivo a doar a \u00e1rea de terreno correspondente a 1.944.82 m\u00b2 de propriedade da prefeitura Municipal de Baldim\/MG localizada na Rua da Olaria, n\u00b0: 655 em Baldim ao cidad\u00e3o David Kenedy Santana Rocha e d\u00e1 outras provid\u00eancias. \u201d<\/td><\/tr><tr><td><a href=\"portaltransparencia2022\/leis2022\/1288.pdf\">1288 de 11\/04\/2022<\/a><\/td><td><p>Disp\u00f5e sobre a cria\u00e7\u00e3o da Semana Municipal da Agricultura Familiar no Munic\u00edpio de Baldim e d\u00e1 outras provid\u00eancias. Autoria do Vereador Moacir Eudes Sena.<\/p><\/td><\/tr><tr><td><a href=\"portaltransparencia2022\/leis2022\/1287.pdf\">1287 de 05\/04\/2022<\/a><\/td><td>Autoriza, concess\u00e3o de subven\u00e7\u00e3o social, contribui\u00e7\u00e3o e aux\u00edlios financeiros, no exerc\u00edcio de 2022, \u00e0 organiza\u00e7\u00e3o da sociedade civil clube do cavalo de Baldim e regi\u00e3o CCBDRA.<\/td><\/tr><tr><td><a href=\"portaltransparencia2022\/leis2022\/1286.pdf\">1286 de 30\/03\/2022<\/a><\/td><td><p>Autoriza movimenta\u00e7\u00e3o banc\u00e1ria e aplica\u00e7\u00f5es financeiras com institui\u00e7\u00f5es financeiras privadas ou privatizadas.<\/p><\/td><\/tr><tr><td><a href=\"portaltransparencia2022\/leis2022\/1285.pdf\">1285 de 30\/03\/2022<\/a><\/td><td>Institui, no calend\u00e1rio de eventos e festas do Munic\u00edpio, a comemora\u00e7\u00e3o do dia da crian\u00e7a no Munic\u00edpio de Baldim\/MG, de autoria do vereador Pedro Henrique Pereira Corr\u00eaa.<\/td><\/tr><tr><td><a href=\"portaltransparencia2022\/leis2022\/1284.pdf\">1284 de 30\/03\/2022<\/a><\/td><td><strong>:<\/strong> Disp\u00f5e sobre o regime de concess\u00e3o de di\u00e1rias ao prefeito, vice-prefeito, secret\u00e1rios, demais servidores e conselheiros tutelares no \u00e2mbito do poder executivo do Munic\u00edpio de Baldim e d\u00e1 outras provid\u00eancias.<\/td><\/tr><tr><td><a href=\"portaltransparencia2022\/leis2022\/1283.pdf\">1283 de 30\/03\/2022<\/a><\/td><td>Institui, no calend\u00e1rio de eventos e festas do Munic\u00edpio, a comemora\u00e7\u00e3o da Festa do Cavalo do Munic\u00edpio de Baldim\/MG, de autoria do Vereador Pedro Henrique Pereira Corr\u00eaa.<\/td><\/tr><tr><td><a href=\"portaltransparencia2022\/leis2022\/1282.pdf\">1282 de 30\/03\/2022<\/a><\/td><td>Institui o Plano de Cargos, Carreiras e Vencimentos dos Servidores da C\u00e2mara Municipal de Baldim e d\u00e1 outras provid\u00eancias.<\/td><\/tr><tr><td><a href=\"portaltransparencia2022\/leis2022\/1281.pdf\">1281 de 29\/03\/2022<\/a><\/td><td>Disp\u00f5e sobre o transporte gratuito concedido aos universit\u00e1rios e estudantes de cursos t\u00e9cnicos profissionalizantes que residem no Munic\u00edpio de Baldim\/MG regularmente matriculados em institui\u00e7\u00f5es de Ensino da cidade de Sete Lagoas\/MG e d\u00e1 outras provid\u00eancias.<\/td><\/tr><tr><td><a href=\"portaltransparencia2022\/leis2022\/CODIGODEPOSTURA.pdf\">C\u00f3digo de Postura do Munic\u00edpio de Baldim<\/a><\/td><td>Institui o c\u00f3digo de postura e d\u00e1 outras provid\u00eancias.<\/td><\/tr><tr><td><a href=\"portaltransparencia2022\/leis2022\/1279.pdf\">1279 de 10\/03\/2022<\/a><\/td><td>DISP\u00d5E SOBRE O ERRO MATERIAL CONTIDO NO ARTIGO 100 DA LEI COMPLEMENTAR N\u00b01206\/2019 E D\u00c1 OUTRAS PROVID\u00caNCIAS.<\/td><\/tr><tr><td><a href=\"portaltransparencia2022\/leis2022\/1275.pdf\">1275 de 07\/03\/2022<\/a><\/td><td><p>Altera a tabela I da lei 954, de 28 de dezembro de 2009 que \u201cDisp\u00f5e sobre o c\u00f3digo tribut\u00e1rio do Munic\u00edpio de Baldim e d\u00e1 outras provid\u00eancias.\u201d<\/p><\/td><\/tr><tr><td><a href=\"portaltransparencia2022\/leis2022\/1274.pdf\">1274 de 04\/03\/2022<\/a><\/td><td>Autoriza concess\u00e3o de subven\u00e7\u00f5es sociais, contribui\u00e7\u00f5es e aux\u00edlios financeiros, no exerc\u00edcio de 2022, \u00e0s organiza\u00e7\u00f5es da sociedade civil que espec\u00edfica.<\/td><\/tr><tr><td><a href=\"portaltransparencia2022\/leis2022\/1273.pdf\">1273 de 10\/01\/2022<\/a><\/td><td>Autoriza \u00e0 doa\u00e7\u00e3o de mat\u00e9rias de constru\u00e7\u00e3o e recebimento de materiais para tamb\u00e9m serem doados \u00e0 fam\u00edlia de baixa renda e d\u00e1 outras provid\u00eancias legais que espec\u00edfica.<\/td><\/tr><tr><td><a href=\"portaltransparencia2022\/leis2022\/1272.pdf\">1272 de 10\/03\/2022<\/a><\/td><td><p>Disp\u00f5e sobre a denomina\u00e7\u00e3o da \u00e1rea conhecida como pra\u00e7a do conjunto habitacional Monte Verde da Pra\u00e7a Virgilino de Paula Sena \u201cPra\u00e7a Giluca\u201d.<\/p><\/td><\/tr><tr><td><a href=\"portaltransparencia2022\/leis2022\/1278.pdf\">1278 de 08\/03\/2022<\/a><\/td><td>Altera a sede da escola municipal S\u00e3o Bernardo, devido a nova sede (obra nova) ou e ser\u00e1 constru\u00edda para o endere\u00e7o localizado \u00e0 rua: Francisco das Chagas, n\u00b0: 111, centro, Baldim\/MG.<\/td><\/tr><tr><td><a href=\"portaltransparencia2022\/leis2022\/1277.pdf\">1277 de 08\/03\/2022<\/a><\/td><td><p>Institui o programa &#8220;Mexa-Se H\u00e1bitos De Vida Saud\u00e1vel&#8221; no munic\u00edpio de Baldim. e d\u00e1 outras provid\u00eancias.<\/p><\/td><\/tr><tr><td><a href=\"portaltransparencia2022\/leis2022\/1276.pdf\">1276 de 08\/03\/20222<\/a><\/td><td>Institui a pol\u00edtica municipal de desenvolvimento sustent\u00e1vel dos povos e comunidades tradicionais.<\/td><\/tr><\/tbody><\/table>\t\t\t\t\t\t<\/div>\n\t\t\t\t<\/div>\n\t\t\t\t\t<\/div>\n\t\t<\/div>\n\t\t\t\t\t\t\t<\/div>\n\t\t<\/section>\n\t\t\t\t\t\t<\/div>\n\t\t\t\t\t<\/div>\n\t\t","protected":false},"excerpt":{"rendered":"<p>\u00a0 Lei N\u00ba Ementa 1327 de 23\/12\/2022 Autoriza concess\u00e3o de subven\u00e7\u00f5es sociais l, contribui\u00e7\u00f5es e aux\u00edlios financeiro, no exerc\u00edcio de 2023, \u00e0s organiza\u00e7\u00f5es da sociedade civil que espec\u00edfica. 1326 de 23\/12\/2022 Disp\u00f5e<a class=\"moretag\" href=\"https:\/\/baldim.mg.gov.br\/wsite\/?page_id=2826\">leia mais<\/a><\/p>\n","protected":false},"author":2,"featured_media":0,"parent":0,"menu_order":0,"comment_status":"closed","ping_status":"closed","template":"","meta":{"footnotes":""},"class_list":["post-2826","page","type-page","status-publish","hentry"],"_links":{"self":[{"href":"https:\/\/baldim.mg.gov.br\/wsite\/index.php?rest_route=\/wp\/v2\/pages\/2826","targetHints":{"allow":["GET"]}}],"collection":[{"href":"https:\/\/baldim.mg.gov.br\/wsite\/index.php?rest_route=\/wp\/v2\/pages"}],"about":[{"href":"https:\/\/baldim.mg.gov.br\/wsite\/index.php?rest_route=\/wp\/v2\/types\/page"}],"author":[{"embeddable":true,"href":"https:\/\/baldim.mg.gov.br\/wsite\/index.php?rest_route=\/wp\/v2\/users\/2"}],"replies":[{"embeddable":true,"href":"https:\/\/baldim.mg.gov.br\/wsite\/index.php?rest_route=%2Fwp%2Fv2%2Fcomments&post=2826"}],"version-history":[{"count":4,"href":"https:\/\/baldim.mg.gov.br\/wsite\/index.php?rest_route=\/wp\/v2\/pages\/2826\/revisions"}],"predecessor-version":[{"id":3035,"href":"https:\/\/baldim.mg.gov.br\/wsite\/index.php?rest_route=\/wp\/v2\/pages\/2826\/revisions\/3035"}],"wp:attachment":[{"href":"https:\/\/baldim.mg.gov.br\/wsite\/index.php?rest_route=%2Fwp%2Fv2%2Fmedia&parent=2826"}],"curies":[{"name":"wp","href":"https:\/\/api.w.org\/{rel}","templated":true}]}}