{"id":2823,"date":"2025-07-01T00:51:30","date_gmt":"2025-07-01T00:51:30","guid":{"rendered":"https:\/\/baldim.mg.gov.br\/wsite\/?page_id=2823"},"modified":"2025-07-01T01:24:45","modified_gmt":"2025-07-01T01:24:45","slug":"leis-2021","status":"publish","type":"page","link":"https:\/\/baldim.mg.gov.br\/wsite\/?page_id=2823","title":{"rendered":"Leis 2021"},"content":{"rendered":"\t\t<div data-elementor-type=\"wp-page\" data-elementor-id=\"2823\" class=\"elementor elementor-2823\" data-elementor-settings=\"[]\">\n\t\t\t\t\t\t\t<div class=\"elementor-section-wrap\">\n\t\t\t\t\t\t\t<section class=\"elementor-section elementor-top-section elementor-element elementor-element-ca49e5b elementor-section-boxed elementor-section-height-default elementor-section-height-default wpr-particle-no wpr-jarallax-no wpr-parallax-no wpr-sticky-section-no\" data-id=\"ca49e5b\" data-element_type=\"section\">\n\t\t\t\t\t\t<div class=\"elementor-container elementor-column-gap-default\">\n\t\t\t\t\t<div class=\"elementor-column elementor-col-100 elementor-top-column elementor-element elementor-element-1cb54ef\" data-id=\"1cb54ef\" data-element_type=\"column\">\n\t\t\t<div class=\"elementor-widget-wrap elementor-element-populated\">\n\t\t\t\t\t\t\t\t\t<\/div>\n\t\t<\/div>\n\t\t\t\t\t\t\t<\/div>\n\t\t<\/section>\n\t\t\t\t<section class=\"elementor-section elementor-top-section elementor-element elementor-element-1a6095d elementor-section-boxed elementor-section-height-default elementor-section-height-default wpr-particle-no wpr-jarallax-no wpr-parallax-no wpr-sticky-section-no\" data-id=\"1a6095d\" data-element_type=\"section\">\n\t\t\t\t\t\t<div class=\"elementor-container elementor-column-gap-default\">\n\t\t\t\t\t<div class=\"elementor-column elementor-col-100 elementor-top-column elementor-element elementor-element-5a2816b\" data-id=\"5a2816b\" data-element_type=\"column\">\n\t\t\t<div class=\"elementor-widget-wrap elementor-element-populated\">\n\t\t\t\t\t\t\t\t<div class=\"elementor-element elementor-element-49f6705 elementor-widget elementor-widget-text-editor\" data-id=\"49f6705\" data-element_type=\"widget\" data-widget_type=\"text-editor.default\">\n\t\t\t\t<div class=\"elementor-widget-container\">\n\t\t\t<style>\/*! elementor - v3.5.4 - 23-01-2022 *\/\n.elementor-widget-text-editor.elementor-drop-cap-view-stacked .elementor-drop-cap{background-color:#818a91;color:#fff}.elementor-widget-text-editor.elementor-drop-cap-view-framed .elementor-drop-cap{color:#818a91;border:3px solid;background-color:transparent}.elementor-widget-text-editor:not(.elementor-drop-cap-view-default) .elementor-drop-cap{margin-top:8px}.elementor-widget-text-editor:not(.elementor-drop-cap-view-default) .elementor-drop-cap-letter{width:1em;height:1em}.elementor-widget-text-editor .elementor-drop-cap{float:left;text-align:center;line-height:1;font-size:50px}.elementor-widget-text-editor .elementor-drop-cap-letter{display:inline-block}<\/style>\t\t\t\t<p>\u00a0<\/p><table style=\"background-color: #f5f5f5; border: 2px solid #000000; margin-left: auto; margin-right: auto;\" rules=\"all\"><tbody><tr><td><em><strong><span style=\"font-family: verdana, geneva;\">Lei N\u00ba<\/span><\/strong><\/em><\/td><td><em><strong>Ementa<\/strong><\/em><\/td><\/tr><tr><td><a href=\"portaltransparencia2021\/leis\/1269.pdf\">1269 de 15\/12\/2021<\/a><\/td><td>Autoriza a instala\u00e7\u00e3o de lixeiras em espa\u00e7os p\u00fablicos, por entidades privadas e organiza\u00e7\u00f5es civis e a coloca\u00e7\u00e3o de ca\u00e7ambas estacion\u00e1rias nas vias e logradouros p\u00fablicos para recolhimento de entulhos provenientes de obra particular e d\u00e1 outras provid\u00eancias.<\/td><\/tr><tr><td><a href=\"portaltransparencia2021\/leis\/1266.pdf\">1266 de 09\/12\/2021<\/a><\/td><td>Institui no munic\u00edpio de Baldim a homenagem em honra dos atletas destaques do ano na categoria de futebol e d\u00e1 outras provid\u00eancias.<\/td><\/tr><tr><td><a href=\"portaltransparencia2021\/leis\/1265.pdf\">1265 de 09\/12\/2021<\/a><\/td><td>Institui a semana do produtor(a) rural e trabalhador(a) rural no munic\u00edpio de Baldim, a serem comemorados anualmente na \u00faltima semana do m\u00eas de Julho.<\/td><\/tr><tr><td><a href=\"portaltransparencia2021\/leis\/1264.pdf\">1264 de 07\/12\/2021<\/a><\/td><td>Institui a semana de valoriza\u00e7\u00e3o do Professor do munic\u00edpio de Baldim-MG.<\/td><\/tr><tr><td><a href=\"portaltransparencia2021\/leis\/1263.pdf\">1263 de 07\/12\/2021<\/a><\/td><td>Altera a lei n 1249 de 21 de Setembro de 2021 e d\u00e1 outras provid\u00eancias.<\/td><\/tr><tr><td><a href=\"portaltransparencia2021\/leis\/1262.pdf\">1262 de 07\/12\/2021<\/a><\/td><td>Autoriza a revers\u00e3o ao patrim\u00f4nio p\u00fablico municipal da \u00e1rea, situada ao distrito de S\u00e3o Vicente.<\/td><\/tr><tr><td><a href=\"portaltransparencia2021\/leis\/1260.pdf\">1260 de 07\/12\/2021<\/a><\/td><td>Estabelece normais, condi\u00e7\u00f5es e desconto para pagamento do imposto predial e territorial urbano- IPTU.<\/td><\/tr><tr><td><a href=\"portaltransparencia2021\/leis\/1259.pdf\">1259 de 11\/12\/2021<\/a><\/td><td>Disp\u00f5e sobre o manejo \u00e9tico populacional animal no munic\u00edpo de Baldim.<\/td><\/tr><tr><td><a href=\"portaltransparencia2021\/leis\/1258.pdf\">\u00a01258 de 11\/11\/2021<\/a><\/td><td><p>\u00a0<\/p><p>Disp\u00f5e sobre o sistema \u00fanico de Assist\u00eancia Social &#8211; Suas &#8211; do Munic\u00edpio de Baldim.<\/p><\/td><\/tr><tr><td><a href=\"portaltransparencia2021\/leis\/1257.pdf\">1257 de 11\/11\/2021<\/a><\/td><td>Disp\u00f5e sobre a cria\u00e7\u00e3o do conselho municipal de direitos do idoso do munic\u00edpio de Baldim-Mg e da outras provid\u00eancias.<\/td><\/tr><tr><td><a href=\"portaltransparencia2021\/leis\/1255.pdf\">1255 de 04\/11\/2021<\/a><\/td><td>Disp\u00f5e sobre a constitui\u00e7\u00e3o do servi\u00e7o de inspe\u00e7\u00e3o Municipal e os procedimentos de inspe\u00e7\u00e3o sanit\u00e1ria em estabelecimentos que produzam produtos de origem animal e d\u00e1 outras provid\u00eancias no Munic\u00edpio de Baldim\/MG.<\/td><\/tr><tr><td><a href=\"portaltransparencia2021\/leis\/1254.pdf\">1254 de 04\/11\/2021<\/a><\/td><td>Cria o programa de incentivo &#8220;Aluno nota 10&#8221; para estudantes da rede de Ensino Estadual e Municipal do Munic\u00edpio de Baldim e d\u00e1 outras provid\u00eancias.<\/td><\/tr><tr><td><a href=\"portaltransparencia2021\/leis\/1253.pdf\">1253 de 22\/10\/2021<\/a><\/td><td>Denomina via p\u00fablica Municipal e d\u00e1 outras provid\u00eancias.<\/td><\/tr><tr><td><a href=\"portaltransparencia2021\/leis\/1252.pdf\">1252 de 13\/10\/2021<\/a><\/td><td>Cria o programa barraginhas e outras ecot\u00e9cnicas para recupera\u00e7\u00e3o e pereniza\u00e7\u00e3o h\u00eddrica e a pol\u00edtica Municipal de recursos h\u00eddricos.<\/td><\/tr><tr><td><a href=\"portaltransparencia2021\/leis\/1251.pdf\">1251 de 13\/10\/2021<\/a><\/td><td>Autoriza a abertura de cr\u00e9dito suplementar.<\/td><\/tr><tr><td><a href=\"portaltransparencia2021\/leis\/1248.pdf\">1248 de 23\/09\/2021<\/a><\/td><td>Autoriza o poder executivo Municipal a promover subs\u00eddio parcial do custo dos servi\u00e7os de transportes coletivos rurais no Munic\u00edpio de Baldim e d\u00e1 outras provid\u00eancias.<\/td><\/tr><tr><td><a href=\"portaltransparencia2021\/leis\/1247.pdf\">1247 de 14\/09\/2021<\/a><\/td><td>Autoriza a aquisi\u00e7\u00e3o de im\u00f3veis para constru\u00e7\u00e3o de Escola Municipal e d\u00e1 outras provid\u00eancias.<\/td><\/tr><tr><td><a href=\"portaltransparencia2021\/leis\/1246.pdf\">1246 de 09\/09\/2021<\/a><\/td><td><table><tbody><tr><td><p>Altera a lei municipal n\u00ba 1225 de 10 de novembro de 2020.<\/p><\/td><\/tr><\/tbody><\/table><\/td><\/tr><tr><td><a href=\"portaltransparencia2021\/leis\/1245.pdf\">1245 de 30\/08\/2021<\/a><\/td><td>Autoriza o poder p\u00fablico municipal a instituir a semana dos profissionais de Sa\u00fade do munic\u00edpio de Baldim\/MG.<\/td><\/tr><tr><td><a href=\"portaltransparencia2021\/leis\/1244.pdf\">1244 de 25\/08\/2021<\/a><\/td><td>Altera o art.48 da Lei 1201\/2019 que disp\u00f5e sobre a pol\u00edtica Municipal de atendimento aos direitos da crian\u00e7a e do adolescente e d\u00e1 outras provid\u00eancias.<\/td><\/tr><tr><td><a href=\"portaltransparencia2021\/leis\/1243.pdf\">1243 de 13\/08\/2021<\/a><\/td><td>Institui o conselho Municipal do meio ambiente saneamento e d\u00e1 outras provid\u00eancias.<\/td><\/tr><tr><td><a href=\"portaltransparencia2021\/leis\/1242.pdf\">1242 de 13\/08\/2021<\/a><\/td><td>Autoriza a revers\u00e3o ao Patrim\u00f4nio p\u00fablico municipal dos im\u00f3veis doados a empresa Ferrazoli Empreendimentos parti\u00e7\u00f5es e produ\u00e7\u00f5es Ltda; a empresa conceito Ind\u00fastria de alimentos Ltda; Ao Sr. Norival Verticchio e im\u00f3vel cedido ao Sr. Acr\u00edsio dos Santos Martins e d\u00e1 outras provid\u00eancias.<\/td><\/tr><tr><td><a href=\"portaltransparencia2021\/leis\/1241.pdf\">1241 de 12\/08\/2021<\/a><\/td><td>Autoriza revoga\u00e7\u00e3o da lei municipal N\u00b0 1.151\/2015, que\u00a0 autoriza ao poder executivo a doar o im\u00f3vel que especifica Hamilton Pereira Rocha e consequente revers\u00e3o da \u00e1rea para o patrim\u00f4nio p\u00fablico Municipal.<\/td><\/tr><tr><td><a href=\"portaltransparencia2021\/leis\/1240.pdf\">1240 03\/08\/2021<\/a><\/td><td>Altera os\u00a0 dispositivos da lei Municipal N\u00b0944\/2009 de 8 de outubro de 2009, que\u00a0 institui o sistema Municipal de preven\u00e7\u00e3o e tratamento, fiscaliza\u00e7\u00e3o e repress\u00e3o \u00e0s drogas, Cria o conselho Municipal, antidrogas- COMAD\u00a0 e da outras provid\u00eancias.<\/td><\/tr><tr><td><a href=\"portaltransparencia2021\/leis\/1239.pdf\">1239 de 28\/07\/2021<\/a><\/td><td>Disp\u00f5e sobre nomea\u00e7\u00e3o de pra\u00e7a p\u00fablica do munic\u00edpio de Baldim MG situada na Rua S\u00e3o Vicente.<\/td><\/tr><tr><td><a href=\"portaltransparencia2021\/leis\/1238.pdf\">Lei N\u00ba 1238 de 28\/07\/2021<\/a><\/td><td>Disp\u00f5e sobre a classifica\u00e7\u00e3o das igrejas e santu\u00e1rios religiosos como servi\u00e7o essencial no munic\u00edpio de Baldim MG<\/td><\/tr><tr><td><a href=\"portaltransparencia2021\/leis\/1237.pdf\">Lei N\u00ba 1237 de 11\/06\/2021<\/a><\/td><td>Autoriza a participa\u00e7\u00e3o do munic\u00edpio de Baldim no cons\u00f3rcio intermunicipal de sa\u00fade de pol\u00edticas de desenvolvimento da regi\u00e3o do calc\u00e1rio (CISREC) e d\u00e1 outras provid\u00eancias.<\/td><\/tr><tr><td><a href=\"portaltransparencia2021\/leis\/1236.pdf\">1236 de 11\/06\/2021<\/a><\/td><td>Autoriza o munic\u00edpio a construir o fundo Municipal de saneamento b\u00e1sico FMSB- de natureza cont\u00e1bil vinculada a companhia de saneamento de Minas gerais- Copasa.<\/td><\/tr><tr><td><a href=\"portaltransparencia2021\/leis\/1234.pdf\">1234 de 02\/06\/2021<\/a><\/td><td><p>Autoriza a abertura de cr\u00e9dito especial no or\u00e7amento de 2021 e d\u00e1 outras provid\u00eancias.<\/p><\/td><\/tr><tr><td><a href=\"portaltransparencia2021\/leis\/1233.pdf\">1233 de 03\/05\/2021<\/a><\/td><td>Disp\u00f5e sobre a altera\u00e7\u00e3o da lei complementar n\u00ba 1059 de 15 de dezembro de 2011 e d\u00e1 outras provid\u00eancias.<\/td><\/tr><tr><td><a href=\"portaltransparencia2021\/leis\/1232.pdf\">1232 de 22\/04\/2021<\/a><\/td><td>Denomina via p\u00fablica Municipal e d\u00e1 outras provid\u00eancias.<\/td><\/tr><tr><td><a href=\"portaltransparencia2021\/leis\/1231.pdf\">1231 de 22\/04\/2021<\/a><\/td><td>Institui o programa adote uma pra\u00e7a, plante uma \u00e1rvore e d\u00e1 outras provid\u00eancias.<\/td><\/tr><tr><td><a href=\"portaltransparencia2021\/leis\/1230.pdf\">1230 de 22\/04\/2021<\/a><\/td><td>Da domina\u00e7\u00e3o ao Distrito industrial de S\u00e3o Vicente Munic\u00edpio de Baldim oficialmente de Norival Verticho.<\/td><\/tr><tr><td><a href=\"portaltransparencia2021\/leis\/1229.pdf\">1229 de 29\/03\/2021<\/a><\/td><td>Autoriza abertura de cr\u00e9dito suplementar no or\u00e7amento de 2021.<\/td><\/tr><tr><td><a href=\"portaltransparencia2021\/leis\/1228.pdf\">1228 de 25\/02\/2021<\/a><\/td><td>Disp\u00f5e sobre o termo de associativo entre Munic\u00edpio de Baldim e associa\u00e7\u00e3o do circuito tur\u00edstico Parque Nacional da Serra do Cip\u00f3.<\/td><\/tr><tr><td><a href=\"portaltransparencia2021\/leis\/ementa01.pdf\">Ementa Modificativa N\u00ba 01 de maio de 2021- 08\/11\/2021<\/a><\/td><td><p>Acrescenta o art 139A- na Lei org\u00e2nica do Munic\u00edpio de Baldim MG que institui o or\u00e7amento impositivo e disp\u00f5e sobre a execu\u00e7\u00e3o or\u00e7ament\u00e1ria e financeira da programa\u00e7\u00e3o inclu\u00edda por emendas individuais do legislativo Municipal em lei or\u00e7ament\u00e1ria anual.<\/p><\/td><\/tr><\/tbody><\/table>\t\t\t\t\t\t<\/div>\n\t\t\t\t<\/div>\n\t\t\t\t\t<\/div>\n\t\t<\/div>\n\t\t\t\t\t\t\t<\/div>\n\t\t<\/section>\n\t\t\t\t\t\t<\/div>\n\t\t\t\t\t<\/div>\n\t\t","protected":false},"excerpt":{"rendered":"<p>\u00a0 Lei N\u00ba Ementa 1269 de 15\/12\/2021 Autoriza a instala\u00e7\u00e3o de lixeiras em espa\u00e7os p\u00fablicos, por entidades privadas e organiza\u00e7\u00f5es civis e a coloca\u00e7\u00e3o de ca\u00e7ambas estacion\u00e1rias nas vias e logradouros p\u00fablicos<a class=\"moretag\" href=\"https:\/\/baldim.mg.gov.br\/wsite\/?page_id=2823\">leia mais<\/a><\/p>\n","protected":false},"author":2,"featured_media":0,"parent":0,"menu_order":0,"comment_status":"closed","ping_status":"closed","template":"","meta":{"footnotes":""},"class_list":["post-2823","page","type-page","status-publish","hentry"],"_links":{"self":[{"href":"https:\/\/baldim.mg.gov.br\/wsite\/index.php?rest_route=\/wp\/v2\/pages\/2823","targetHints":{"allow":["GET"]}}],"collection":[{"href":"https:\/\/baldim.mg.gov.br\/wsite\/index.php?rest_route=\/wp\/v2\/pages"}],"about":[{"href":"https:\/\/baldim.mg.gov.br\/wsite\/index.php?rest_route=\/wp\/v2\/types\/page"}],"author":[{"embeddable":true,"href":"https:\/\/baldim.mg.gov.br\/wsite\/index.php?rest_route=\/wp\/v2\/users\/2"}],"replies":[{"embeddable":true,"href":"https:\/\/baldim.mg.gov.br\/wsite\/index.php?rest_route=%2Fwp%2Fv2%2Fcomments&post=2823"}],"version-history":[{"count":4,"href":"https:\/\/baldim.mg.gov.br\/wsite\/index.php?rest_route=\/wp\/v2\/pages\/2823\/revisions"}],"predecessor-version":[{"id":3032,"href":"https:\/\/baldim.mg.gov.br\/wsite\/index.php?rest_route=\/wp\/v2\/pages\/2823\/revisions\/3032"}],"wp:attachment":[{"href":"https:\/\/baldim.mg.gov.br\/wsite\/index.php?rest_route=%2Fwp%2Fv2%2Fmedia&parent=2823"}],"curies":[{"name":"wp","href":"https:\/\/api.w.org\/{rel}","templated":true}]}}