{"id":2820,"date":"2025-07-01T00:51:13","date_gmt":"2025-07-01T00:51:13","guid":{"rendered":"https:\/\/baldim.mg.gov.br\/wsite\/?page_id=2820"},"modified":"2025-07-01T01:23:42","modified_gmt":"2025-07-01T01:23:42","slug":"leis-2020","status":"publish","type":"page","link":"https:\/\/baldim.mg.gov.br\/wsite\/?page_id=2820","title":{"rendered":"Leis 2020"},"content":{"rendered":"\t\t<div data-elementor-type=\"wp-page\" data-elementor-id=\"2820\" class=\"elementor elementor-2820\" data-elementor-settings=\"[]\">\n\t\t\t\t\t\t\t<div class=\"elementor-section-wrap\">\n\t\t\t\t\t\t\t<section class=\"elementor-section elementor-top-section elementor-element elementor-element-5e1c927 elementor-section-boxed elementor-section-height-default elementor-section-height-default wpr-particle-no wpr-jarallax-no wpr-parallax-no wpr-sticky-section-no\" data-id=\"5e1c927\" data-element_type=\"section\">\n\t\t\t\t\t\t<div class=\"elementor-container elementor-column-gap-default\">\n\t\t\t\t\t<div class=\"elementor-column elementor-col-100 elementor-top-column elementor-element elementor-element-f59151f\" data-id=\"f59151f\" data-element_type=\"column\">\n\t\t\t<div class=\"elementor-widget-wrap elementor-element-populated\">\n\t\t\t\t\t\t\t\t\t<\/div>\n\t\t<\/div>\n\t\t\t\t\t\t\t<\/div>\n\t\t<\/section>\n\t\t\t\t<section class=\"elementor-section elementor-top-section elementor-element elementor-element-ddd0c7b elementor-section-boxed elementor-section-height-default elementor-section-height-default wpr-particle-no wpr-jarallax-no wpr-parallax-no wpr-sticky-section-no\" data-id=\"ddd0c7b\" data-element_type=\"section\">\n\t\t\t\t\t\t<div class=\"elementor-container elementor-column-gap-default\">\n\t\t\t\t\t<div class=\"elementor-column elementor-col-100 elementor-top-column elementor-element elementor-element-c5d7176\" data-id=\"c5d7176\" data-element_type=\"column\">\n\t\t\t<div class=\"elementor-widget-wrap elementor-element-populated\">\n\t\t\t\t\t\t\t\t<div class=\"elementor-element elementor-element-c53e844 elementor-widget elementor-widget-text-editor\" data-id=\"c53e844\" data-element_type=\"widget\" data-widget_type=\"text-editor.default\">\n\t\t\t\t<div class=\"elementor-widget-container\">\n\t\t\t<style>\/*! elementor - v3.5.4 - 23-01-2022 *\/\n.elementor-widget-text-editor.elementor-drop-cap-view-stacked .elementor-drop-cap{background-color:#818a91;color:#fff}.elementor-widget-text-editor.elementor-drop-cap-view-framed .elementor-drop-cap{color:#818a91;border:3px solid;background-color:transparent}.elementor-widget-text-editor:not(.elementor-drop-cap-view-default) .elementor-drop-cap{margin-top:8px}.elementor-widget-text-editor:not(.elementor-drop-cap-view-default) .elementor-drop-cap-letter{width:1em;height:1em}.elementor-widget-text-editor .elementor-drop-cap{float:left;text-align:center;line-height:1;font-size:50px}.elementor-widget-text-editor .elementor-drop-cap-letter{display:inline-block}<\/style>\t\t\t\t<p>\u00a0<\/p><table style=\"background-color: #f5f5f5; border: 2px solid #000000; margin-left: auto; margin-right: auto;\" rules=\"all\"><tbody><tr><td><a href=\"portaltransparencia2021\/leis2020\/1227.pdf\">Lei N\u00b0 1227\/2020<\/a><\/td><td>Autoriza abertura de cr\u00e9dito suplementar.<\/td><\/tr><tr><td><a href=\"portaltransparencia2021\/leis2020\/1226.pdf\">Lei N\u00b0 1226\/2020<\/a><\/td><td><p>Estima a receita e fixa a despesa do munic\u00edpio para o exerc\u00edcio de 2021.<\/p><\/td><\/tr><tr><td><a href=\"portaltransparencia2021\/leis2020\/1224.pdf\">Lei N\u00b0 1224\/2020<\/a><\/td><td>Denomina de rua Carlos Fran\u00e7a logradouro p\u00fablico localizado ao lado da capelinha de nossa senhora aparecida, distrito de S\u00e3o Vicente, munic\u00edpio de Baldim.<\/td><\/tr><tr><td><a href=\"portaltransparencia2021\/leis2020\/1223.pdf\">Lei N\u00b0 1223\/2020<\/a><\/td><td>Fixa os subs\u00eddios dos secret\u00e1rios municipais e chefia de gabinete para a gest\u00e3o 2021\/2024 e d\u00e1 outras provid\u00eancias.<\/td><\/tr><tr><td><a href=\"portaltransparencia2021\/leis2020\/1222.pdf\">Lei N\u00b0 1222\/2020<\/a><\/td><td>Fixa os subs\u00eddios do prefeito e vice-prefeito para a gest\u00e3o 2021\/2024 e d\u00e1 outras provid\u00eancias.<\/td><\/tr><tr><td><a href=\"portaltransparencia2021\/leis2020\/1221.pdf\">Lei N\u00b0 1221\/2020<\/a><\/td><td>Disp\u00f5e sobre a cria\u00e7\u00e3o e denomina\u00e7\u00e3o da UBS \u2013 unidade b\u00e1sica de sa\u00fade, do distrito de s\u00e3o Vicente, munic\u00edpio de Baldim-mg, e d\u00e1 outras provid\u00eancias<\/td><\/tr><tr><td><a href=\"portaltransparencia2021\/leis2020\/1220.pdf\">Lei N\u00b0 1220\/2020<\/a><\/td><td>Revoga o inc.i, do art. 35 da lei municipal n.\u00b0 648\/1998, dispensando o uso de tax\u00edmetro pelos permission\u00e1rios municipais e d\u00e1 outras provid\u00eancias.<\/td><\/tr><tr><td><a href=\"portaltransparencia2021\/leis2020\/1219.pdf\">Lei N\u00b0 1219\/2020<\/a><\/td><td>Disp\u00f5e sobre a autoriza\u00e7\u00e3o para explora\u00e7\u00e3o do servi\u00e7o de fornecimento de \u00e1gua pelo conselho de desenvolvimento de Vila Amanda \u2013 Condevia, e d\u00e1 outras provid\u00eancias.\u00b4\u00b4<\/td><\/tr><tr><td><a href=\"portaltransparencia2021\/leis2020\/1218.pdf\">Lei N\u00b0 1218\/2020<\/a><\/td><td>Disp\u00f5e sobre a cria\u00e7\u00e3o e denomina\u00e7\u00e3o da fam\u00edlia, do distrito de vargem grande da serra, e d\u00e1 outras provid\u00eancias.<\/td><\/tr><tr><td><a href=\"portaltransparencia2021\/leis2020\/1217b.pdf\">Lei N\u00b0 1217\/2020<\/a><\/td><td>\u00b4\u00b4 D\u00e1 denomina\u00e7\u00e3o ao centro de atendimento ao cidad\u00e3o \u2013 CAC e d\u00e1 outras provid\u00eancias.<\/td><\/tr><tr><td><a href=\"portaltransparencia2021\/leis2020\/1217.pdf\">Lei N\u00b0 1217\/2020<\/a><\/td><td>\u00b4\u00b4 D\u00e1 denomina\u00e7\u00e3o ao centro de atendimento ao cidad\u00e3o \u2013 CAC e d\u00e1 outras provid\u00eancias.<\/td><\/tr><tr><td><a href=\"portaltransparencia2021\/leis2020\/1216b.pdf\">Lei N\u00b0 1216\/2020<\/a><\/td><td><p>Inclui\u00a0 a campanha de preven\u00e7\u00e3o ao c\u00e2ncer de mama denominada mundialmente de\u00a0 &#8220; Outubro Rosa\u00b4\u00b4 no calend\u00e1rio oficial do munic\u00edpio, e d\u00e1 outras\u00a0 provid\u00eancias.<\/p><\/td><\/tr><tr><td><a href=\"portaltransparencia2021\/leis2020\/1216.pdf\">Lei N\u00b0 1216\/2020<\/a><\/td><td>Inclui\u00a0 a campanha de preven\u00e7\u00e3o ao c\u00e2ncer de mama denominada mundialmente de\u00a0 &#8220; Outubro Rosa\u00b4\u00b4 no calend\u00e1rio oficial do munic\u00edpio, e d\u00e1 outras\u00a0 provid\u00eancias.<\/td><\/tr><tr><td><a href=\"portaltransparencia2021\/leis2020\/1215.pdf\">Lei N\u00b0 1215\/2020<\/a><\/td><td>Institui o &#8220;Novembro Azul\u00b4\u00b4 no calend\u00e1rio oficial de eventos do munic\u00edpio de Baldim\/MG.<\/td><\/tr><tr><td><a href=\"portaltransparencia2021\/leis2020\/1214b.pdf\">Lei N\u00b0 1214\/2020<\/a><\/td><td>\u00b4\u00b4Autoriza abertura de cr\u00e9dito especial no or\u00e7amento de 2020 do munic\u00edpio e d\u00e1 outras provid\u00eancias.\u00b4\u00b4II<\/td><\/tr><tr><td><a href=\"portaltransparencia2021\/leis2020\/1213.pdf\">Lei N\u00b0 1214\/2020<\/a><\/td><td><p>\u00b4\u00b4Autoriza abertura de cr\u00e9dito especial no or\u00e7amento de 2020 do munic\u00edpio e d\u00e1 outras provid\u00eancias.\u00b4\u00b4<\/p><\/td><\/tr><tr><td><p><a href=\"portaltransparencia2021\/leis2020\/1213.pdf\">Lei N\u00b0 1213\/2020<\/a><\/p><\/td><td>Disp\u00f5e sobre a fun\u00e7\u00e3o p\u00fablica para o &#8220;Programa Sa\u00fade na Hora \u2013 portaria n.\u00b0 397, de 16 de mar\u00e7o de 2020, do minist\u00e9rio da sa\u00fade \u00b4\u00b4 e d\u00e1 outras provid\u00eancias<\/td><\/tr><\/tbody><\/table><p>\u00a0<\/p>\t\t\t\t\t\t<\/div>\n\t\t\t\t<\/div>\n\t\t\t\t\t<\/div>\n\t\t<\/div>\n\t\t\t\t\t\t\t<\/div>\n\t\t<\/section>\n\t\t\t\t\t\t<\/div>\n\t\t\t\t\t<\/div>\n\t\t","protected":false},"excerpt":{"rendered":"<p>\u00a0 Lei N\u00b0 1227\/2020 Autoriza abertura de cr\u00e9dito suplementar. Lei N\u00b0 1226\/2020 Estima a receita e fixa a despesa do munic\u00edpio para o exerc\u00edcio de 2021. Lei N\u00b0 1224\/2020 Denomina de rua<a class=\"moretag\" href=\"https:\/\/baldim.mg.gov.br\/wsite\/?page_id=2820\">leia mais<\/a><\/p>\n","protected":false},"author":2,"featured_media":0,"parent":0,"menu_order":0,"comment_status":"closed","ping_status":"closed","template":"","meta":{"footnotes":""},"class_list":["post-2820","page","type-page","status-publish","hentry"],"_links":{"self":[{"href":"https:\/\/baldim.mg.gov.br\/wsite\/index.php?rest_route=\/wp\/v2\/pages\/2820","targetHints":{"allow":["GET"]}}],"collection":[{"href":"https:\/\/baldim.mg.gov.br\/wsite\/index.php?rest_route=\/wp\/v2\/pages"}],"about":[{"href":"https:\/\/baldim.mg.gov.br\/wsite\/index.php?rest_route=\/wp\/v2\/types\/page"}],"author":[{"embeddable":true,"href":"https:\/\/baldim.mg.gov.br\/wsite\/index.php?rest_route=\/wp\/v2\/users\/2"}],"replies":[{"embeddable":true,"href":"https:\/\/baldim.mg.gov.br\/wsite\/index.php?rest_route=%2Fwp%2Fv2%2Fcomments&post=2820"}],"version-history":[{"count":4,"href":"https:\/\/baldim.mg.gov.br\/wsite\/index.php?rest_route=\/wp\/v2\/pages\/2820\/revisions"}],"predecessor-version":[{"id":3029,"href":"https:\/\/baldim.mg.gov.br\/wsite\/index.php?rest_route=\/wp\/v2\/pages\/2820\/revisions\/3029"}],"wp:attachment":[{"href":"https:\/\/baldim.mg.gov.br\/wsite\/index.php?rest_route=%2Fwp%2Fv2%2Fmedia&parent=2820"}],"curies":[{"name":"wp","href":"https:\/\/api.w.org\/{rel}","templated":true}]}}