{"id":2817,"date":"2025-07-01T00:51:01","date_gmt":"2025-07-01T00:51:01","guid":{"rendered":"https:\/\/baldim.mg.gov.br\/wsite\/?page_id=2817"},"modified":"2025-07-01T01:22:44","modified_gmt":"2025-07-01T01:22:44","slug":"leis-2019","status":"publish","type":"page","link":"https:\/\/baldim.mg.gov.br\/wsite\/?page_id=2817","title":{"rendered":"Leis 2019"},"content":{"rendered":"\t\t<div data-elementor-type=\"wp-page\" data-elementor-id=\"2817\" class=\"elementor elementor-2817\" data-elementor-settings=\"[]\">\n\t\t\t\t\t\t\t<div class=\"elementor-section-wrap\">\n\t\t\t\t\t\t\t<section class=\"elementor-section elementor-top-section elementor-element elementor-element-14d80dd elementor-section-boxed elementor-section-height-default elementor-section-height-default wpr-particle-no wpr-jarallax-no wpr-parallax-no wpr-sticky-section-no\" data-id=\"14d80dd\" data-element_type=\"section\">\n\t\t\t\t\t\t<div class=\"elementor-container elementor-column-gap-default\">\n\t\t\t\t\t<div class=\"elementor-column elementor-col-100 elementor-top-column elementor-element elementor-element-222288c\" data-id=\"222288c\" data-element_type=\"column\">\n\t\t\t<div class=\"elementor-widget-wrap elementor-element-populated\">\n\t\t\t\t\t\t\t\t\t<\/div>\n\t\t<\/div>\n\t\t\t\t\t\t\t<\/div>\n\t\t<\/section>\n\t\t\t\t<section class=\"elementor-section elementor-top-section elementor-element elementor-element-2e08167 elementor-section-boxed elementor-section-height-default elementor-section-height-default wpr-particle-no wpr-jarallax-no wpr-parallax-no wpr-sticky-section-no\" data-id=\"2e08167\" data-element_type=\"section\">\n\t\t\t\t\t\t<div class=\"elementor-container elementor-column-gap-default\">\n\t\t\t\t\t<div class=\"elementor-column elementor-col-100 elementor-top-column elementor-element elementor-element-5380e59\" data-id=\"5380e59\" data-element_type=\"column\">\n\t\t\t<div class=\"elementor-widget-wrap elementor-element-populated\">\n\t\t\t\t\t\t\t\t<div class=\"elementor-element elementor-element-84d31db elementor-widget elementor-widget-text-editor\" data-id=\"84d31db\" data-element_type=\"widget\" data-widget_type=\"text-editor.default\">\n\t\t\t\t<div class=\"elementor-widget-container\">\n\t\t\t<style>\/*! elementor - v3.5.4 - 23-01-2022 *\/\n.elementor-widget-text-editor.elementor-drop-cap-view-stacked .elementor-drop-cap{background-color:#818a91;color:#fff}.elementor-widget-text-editor.elementor-drop-cap-view-framed .elementor-drop-cap{color:#818a91;border:3px solid;background-color:transparent}.elementor-widget-text-editor:not(.elementor-drop-cap-view-default) .elementor-drop-cap{margin-top:8px}.elementor-widget-text-editor:not(.elementor-drop-cap-view-default) .elementor-drop-cap-letter{width:1em;height:1em}.elementor-widget-text-editor .elementor-drop-cap{float:left;text-align:center;line-height:1;font-size:50px}.elementor-widget-text-editor .elementor-drop-cap-letter{display:inline-block}<\/style>\t\t\t\t<p>\u00a0<\/p><table style=\"border: 2px solid #000000; margin-left: auto; margin-right: auto;\" rules=\"all\"><tbody><tr><td dir=\"ltr\">\u00a0<a href=\"portaltransparencia2019\/leis2019\/1212.pdf\">1212<\/a><\/td><td>Disp\u00f5e sobre a denomina\u00e7\u00e3o da creche Municipal do Distrito de S\u00e3o Vicente e da outras provid\u00eancias.<\/td><\/tr><tr><td dir=\"ltr\">\u00a0<a href=\"portaltransparencia2019\/leis2019\/1210.pdf\">1210<\/a><\/td><td>Disp\u00f5e sobre a denomina\u00e7\u00e3o da creche Municipal do Distrito de S\u00e3o Vicente e da outras provid\u00eancias.<\/td><\/tr><tr><td dir=\"ltr\">\u00a0<a href=\"portaltransparencia2019\/leis2019\/1211.pdf\">1211<\/a><\/td><td><p>Autoriza o poder executivo a\u00a0 doar im\u00f3vel p\u00fablico dominical \u00e0 associa\u00e7\u00e3o do coral S\u00e3o Vicente de Paulo e d\u00e1 outras provid\u00eancias.<\/p><\/td><\/tr><tr><td dir=\"ltr\">\u00a0<a href=\"portaltransparencia2019\/leis2019\/1210.pdf\">1210<\/a><\/td><td><p>Autoriza o poder executivo a\u00a0 doar im\u00f3vel p\u00fablico dominical \u00e0 Associa\u00e7\u00e3o Cora\u00e7\u00e3o de Jesus e d\u00e1 outras provid\u00eancias.<\/p><\/td><\/tr><tr><td dir=\"ltr\">\u00a0<a href=\"portaltransparencia2019\/leis2019\/1209.pdf\">1209<\/a><\/td><td><p>Declara de utilidade p\u00fablica o campo de futebol da localidade denominado &#8220;terreir\u00e3o da Cuia&#8221; situado na localidade da Cuia, neste Munic\u00edpio de Baldim e d\u00e1 outras provid\u00eancias.<\/p><\/td><\/tr><tr><td dir=\"ltr\">\u00a0<a href=\"portaltransparencia2019\/leis2019\/1208.pdf\">1208<\/a><\/td><td><p>Estima a receita e fixa a despesa do Munic\u00edpio para exerc\u00edcio o de 2020.<\/p><\/td><\/tr><tr><td>\u00a0<a href=\"portaltransparencia2019\/leis2019\/1207.pdf\">1207<\/a><\/td><td><p>Autoriza concess\u00e3o de subven\u00e7\u00f5es sociais, contribui\u00e7\u00f5es e aux\u00edlios financeiros, no exerc\u00edcio de 2020, \u00e0s organiza\u00e7\u00f5es da sociedade civil que especifica.<\/p><\/td><\/tr><tr><td>\u00a0<a href=\"portaltransparencia2019\/leis2019\/1205.pdf\">1205<\/a><\/td><td><p>Estabelece diretrizes gerais para a elabora\u00e7\u00e3o do or\u00e7amento do munic\u00edpio para o exerc\u00edcio de 2020 e da outras provid\u00eancias.<\/p><\/td><\/tr><tr><td>\u00a0<a href=\"portaltransparencia2019\/leis2019\/1204.pdf\">1204<\/a><\/td><td>Autoriza abertura de cr\u00e9dito suplementar.<\/td><\/tr><tr><td>\u00a0<a href=\"portaltransparencia2019\/leis2019\/1203.pdf\">1203<\/a><\/td><td>Autoriza abertura de cr\u00e9dito suplementar.<\/td><\/tr><tr><td>\u00a0<a href=\"portaltransparencia2019\/leis2019\/1202.pdf\">1202<\/a><\/td><td><p>Autoriza abertura de cr\u00e9dito suplementar no or\u00e7amento de 2019 e d\u00e1 outras provid\u00eancias.<\/p><\/td><\/tr><tr><td>\u00a0<a href=\"portaltransparencia2019\/leis2019\/1200.pdf\">1200<\/a>\u00a0<\/td><td><p>Disp\u00f5e sobre a altera\u00e7\u00e3o da lei complementar n\u00b0 1.059\/2011 e d\u00e1 outras provid\u00eancias.<\/p><\/td><\/tr><tr><td>\u00a0<a href=\"portaltransparencia2019\/leis2019\/1998.pdf\">1198<\/a>\u00a0<\/td><td><p>Disp\u00f5e sobre declarar de utilidade p\u00fablica Municipal A associa\u00e7\u00e3o dos moradores de Jo\u00e3o da Costa-AMJC do Munic\u00edpio de Baldim\/MG<\/p><\/td><\/tr><tr><td>\u00a0<a href=\"portaltransparencia2019\/leis2019\/1199.pdf\">1199<\/a>\u00a0\u00a0<\/td><td><p>Disp\u00f5e sobre a altera\u00e7\u00e3o da lei Municipal n\u00b0 870 e de 13 de maio de 2008.<\/p><\/td><\/tr><\/tbody><\/table><p>\u00a0<\/p>\t\t\t\t\t\t<\/div>\n\t\t\t\t<\/div>\n\t\t\t\t\t<\/div>\n\t\t<\/div>\n\t\t\t\t\t\t\t<\/div>\n\t\t<\/section>\n\t\t\t\t\t\t<\/div>\n\t\t\t\t\t<\/div>\n\t\t","protected":false},"excerpt":{"rendered":"<p>\u00a0 \u00a01212 Disp\u00f5e sobre a denomina\u00e7\u00e3o da creche Municipal do Distrito de S\u00e3o Vicente e da outras provid\u00eancias. \u00a01210 Disp\u00f5e sobre a denomina\u00e7\u00e3o da creche Municipal do Distrito de S\u00e3o Vicente e<a class=\"moretag\" href=\"https:\/\/baldim.mg.gov.br\/wsite\/?page_id=2817\">leia mais<\/a><\/p>\n","protected":false},"author":2,"featured_media":0,"parent":0,"menu_order":0,"comment_status":"closed","ping_status":"closed","template":"","meta":{"footnotes":""},"class_list":["post-2817","page","type-page","status-publish","hentry"],"_links":{"self":[{"href":"https:\/\/baldim.mg.gov.br\/wsite\/index.php?rest_route=\/wp\/v2\/pages\/2817","targetHints":{"allow":["GET"]}}],"collection":[{"href":"https:\/\/baldim.mg.gov.br\/wsite\/index.php?rest_route=\/wp\/v2\/pages"}],"about":[{"href":"https:\/\/baldim.mg.gov.br\/wsite\/index.php?rest_route=\/wp\/v2\/types\/page"}],"author":[{"embeddable":true,"href":"https:\/\/baldim.mg.gov.br\/wsite\/index.php?rest_route=\/wp\/v2\/users\/2"}],"replies":[{"embeddable":true,"href":"https:\/\/baldim.mg.gov.br\/wsite\/index.php?rest_route=%2Fwp%2Fv2%2Fcomments&post=2817"}],"version-history":[{"count":4,"href":"https:\/\/baldim.mg.gov.br\/wsite\/index.php?rest_route=\/wp\/v2\/pages\/2817\/revisions"}],"predecessor-version":[{"id":3026,"href":"https:\/\/baldim.mg.gov.br\/wsite\/index.php?rest_route=\/wp\/v2\/pages\/2817\/revisions\/3026"}],"wp:attachment":[{"href":"https:\/\/baldim.mg.gov.br\/wsite\/index.php?rest_route=%2Fwp%2Fv2%2Fmedia&parent=2817"}],"curies":[{"name":"wp","href":"https:\/\/api.w.org\/{rel}","templated":true}]}}