{"id":2811,"date":"2025-07-01T00:50:31","date_gmt":"2025-07-01T00:50:31","guid":{"rendered":"https:\/\/baldim.mg.gov.br\/wsite\/?page_id=2811"},"modified":"2025-07-01T01:20:22","modified_gmt":"2025-07-01T01:20:22","slug":"leis-2017","status":"publish","type":"page","link":"https:\/\/baldim.mg.gov.br\/wsite\/?page_id=2811","title":{"rendered":"Leis 2017"},"content":{"rendered":"\t\t<div data-elementor-type=\"wp-page\" data-elementor-id=\"2811\" class=\"elementor elementor-2811\" data-elementor-settings=\"[]\">\n\t\t\t\t\t\t\t<div class=\"elementor-section-wrap\">\n\t\t\t\t\t\t\t<section class=\"elementor-section elementor-top-section elementor-element elementor-element-3f03326 elementor-section-boxed elementor-section-height-default elementor-section-height-default wpr-particle-no wpr-jarallax-no wpr-parallax-no wpr-sticky-section-no\" data-id=\"3f03326\" data-element_type=\"section\">\n\t\t\t\t\t\t<div class=\"elementor-container elementor-column-gap-default\">\n\t\t\t\t\t<div class=\"elementor-column elementor-col-100 elementor-top-column elementor-element elementor-element-395a797\" data-id=\"395a797\" data-element_type=\"column\">\n\t\t\t<div class=\"elementor-widget-wrap elementor-element-populated\">\n\t\t\t\t\t\t\t\t\t<\/div>\n\t\t<\/div>\n\t\t\t\t\t\t\t<\/div>\n\t\t<\/section>\n\t\t\t\t<section class=\"elementor-section elementor-top-section elementor-element elementor-element-b55c364 elementor-section-boxed elementor-section-height-default elementor-section-height-default wpr-particle-no wpr-jarallax-no wpr-parallax-no wpr-sticky-section-no\" data-id=\"b55c364\" data-element_type=\"section\">\n\t\t\t\t\t\t<div class=\"elementor-container elementor-column-gap-default\">\n\t\t\t\t\t<div class=\"elementor-column elementor-col-100 elementor-top-column elementor-element elementor-element-1e39941\" data-id=\"1e39941\" data-element_type=\"column\">\n\t\t\t<div class=\"elementor-widget-wrap elementor-element-populated\">\n\t\t\t\t\t\t\t\t<div class=\"elementor-element elementor-element-692c3c6 elementor-widget elementor-widget-text-editor\" data-id=\"692c3c6\" data-element_type=\"widget\" data-widget_type=\"text-editor.default\">\n\t\t\t\t<div class=\"elementor-widget-container\">\n\t\t\t<style>\/*! elementor - v3.5.4 - 23-01-2022 *\/\n.elementor-widget-text-editor.elementor-drop-cap-view-stacked .elementor-drop-cap{background-color:#818a91;color:#fff}.elementor-widget-text-editor.elementor-drop-cap-view-framed .elementor-drop-cap{color:#818a91;border:3px solid;background-color:transparent}.elementor-widget-text-editor:not(.elementor-drop-cap-view-default) .elementor-drop-cap{margin-top:8px}.elementor-widget-text-editor:not(.elementor-drop-cap-view-default) .elementor-drop-cap-letter{width:1em;height:1em}.elementor-widget-text-editor .elementor-drop-cap{float:left;text-align:center;line-height:1;font-size:50px}.elementor-widget-text-editor .elementor-drop-cap-letter{display:inline-block}<\/style>\t\t\t\t<p>\u00a0<\/p><table style=\"border: 2px solid #000000; margin-left: auto; margin-right: auto;\" rules=\"all\"><tbody><tr><td><a href=\"portaltransparencia2017\/leis2017\/1191.pdf\">1191<\/a><\/td><td><p>Disp\u00f5e sobre a ratifica\u00e7\u00e3o do protocolo de inten\u00e7\u00f5es, firmado entre os Munic\u00edpios da regi\u00e3o central de Minas e d\u00e1 outras provid\u00eancias.<\/p><\/td><\/tr><tr><td><a href=\"portaltransparencia2017\/leis2017\/1190.pdf\">1190<\/a><\/td><td><p>Autoriza concess\u00e3o de subven\u00e7\u00f5es sociais, contribui\u00e7\u00f5es e aux\u00edlios financeiros, no exerc\u00edcio de 2018, \u00e0s organiza\u00e7\u00f5es da sociedade civil que especifica.<\/p><\/td><\/tr><tr><td><a href=\"portaltransparencia2017\/leis2017\/1187.pdf\">1187<\/a><\/td><td><p>Altera reda\u00e7\u00e3o do artigo 120, da Lei n\u00ba 954\/2009, prevendo novas regras sobre o local de incid\u00eancia do Imposto sobre Servi\u00e7os de Qualquer Natureza e altera a Lista de Servi\u00e7os anexa \u00e0 Lei Complementar n\u00ba 954\/2009, TABELA IX, alterando os subitens 1.03, 1.04, 7.16, 11.02, 13.05, 14.05, 16.01, 25.02 e incluindo os subitens 1.09, 6.06, 14.14, 16.02, 17.25, 25.05 que definem novos servi\u00e7os sujeitos \u00e0 tributa\u00e7\u00e3o do Imposto sobre Servi\u00e7os de Qualquer Natureza- ISSQN, conforme o Anexo desta Lei Complementar.<\/p><\/td><\/tr><tr><td><a href=\"portaltransparencia2017\/leis2017\/1186.pdf\">1186<\/a><\/td><td><p>\u00a0Autoriza abertura de cr\u00e9dito suplementar.<\/p><\/td><\/tr><tr><td><a href=\"portaltransparencia2017\/leis2017\/1185.pdf\">1185<\/a><\/td><td><p>\u00a0Declara de utilidade p\u00fablica a associa\u00e7\u00e3o \u201cCora\u00e7\u00e3o de Jesus\u201d, CNPJ 25.300.212\/0001-15, Rua Agr\u00edcola Rosa N\u00ba 20, S\u00e3o Vicente, Baldim-MG e d\u00e1 outras provid\u00eancias.<\/p><\/td><\/tr><tr><td><a href=\"portaltransparencia2017\/leis2017\/1184.pdf\">1184<\/a><\/td><td><p>1184: Disp\u00f5e sobre a altera\u00e7\u00e3o do par\u00e1grafo \u00fanico do art. 15 da Lei Municipal N\u00ba 1183 de 25 de Agosto de 2017 e d\u00e1 outras provid\u00eancias.<\/p><\/td><\/tr><tr><td><a href=\"portaltransparencia2017\/leis2017\/1182.pdf\">1182<\/a><\/td><td><p>\u00a0Altera a Lei Municipal N\u00ba 755 de 15 de outubro de 2003 e d\u00e1 outras provid\u00eancias.<\/p><\/td><\/tr><tr><td><a href=\"portaltransparencia2017\/leis2017\/1181.pdf\">1181<\/a><\/td><td><p>Disp\u00f5e sobre a altera\u00e7\u00e3o da Lei Complementar N\u00ba 1.059\/2011 e d\u00e1 outras provid\u00eancias.<\/p><\/td><\/tr><tr><td><a href=\"portaltransparencia2017\/leis2017\/1180.pdf\">1180<\/a><\/td><td><p>Disp\u00f5e sobre a altera\u00e7\u00e3o da Lei Municipal N\u00ba 870 de 13 de Maio de 2008.<\/p><\/td><\/tr><\/tbody><\/table><p>\u00a0<\/p>\t\t\t\t\t\t<\/div>\n\t\t\t\t<\/div>\n\t\t\t\t\t<\/div>\n\t\t<\/div>\n\t\t\t\t\t\t\t<\/div>\n\t\t<\/section>\n\t\t\t\t\t\t<\/div>\n\t\t\t\t\t<\/div>\n\t\t","protected":false},"excerpt":{"rendered":"<p>\u00a0 1191 Disp\u00f5e sobre a ratifica\u00e7\u00e3o do protocolo de inten\u00e7\u00f5es, firmado entre os Munic\u00edpios da regi\u00e3o central de Minas e d\u00e1 outras provid\u00eancias. 1190 Autoriza concess\u00e3o de subven\u00e7\u00f5es sociais, contribui\u00e7\u00f5es e aux\u00edlios<a class=\"moretag\" href=\"https:\/\/baldim.mg.gov.br\/wsite\/?page_id=2811\">leia mais<\/a><\/p>\n","protected":false},"author":2,"featured_media":0,"parent":0,"menu_order":0,"comment_status":"closed","ping_status":"closed","template":"","meta":{"footnotes":""},"class_list":["post-2811","page","type-page","status-publish","hentry"],"_links":{"self":[{"href":"https:\/\/baldim.mg.gov.br\/wsite\/index.php?rest_route=\/wp\/v2\/pages\/2811","targetHints":{"allow":["GET"]}}],"collection":[{"href":"https:\/\/baldim.mg.gov.br\/wsite\/index.php?rest_route=\/wp\/v2\/pages"}],"about":[{"href":"https:\/\/baldim.mg.gov.br\/wsite\/index.php?rest_route=\/wp\/v2\/types\/page"}],"author":[{"embeddable":true,"href":"https:\/\/baldim.mg.gov.br\/wsite\/index.php?rest_route=\/wp\/v2\/users\/2"}],"replies":[{"embeddable":true,"href":"https:\/\/baldim.mg.gov.br\/wsite\/index.php?rest_route=%2Fwp%2Fv2%2Fcomments&post=2811"}],"version-history":[{"count":4,"href":"https:\/\/baldim.mg.gov.br\/wsite\/index.php?rest_route=\/wp\/v2\/pages\/2811\/revisions"}],"predecessor-version":[{"id":3020,"href":"https:\/\/baldim.mg.gov.br\/wsite\/index.php?rest_route=\/wp\/v2\/pages\/2811\/revisions\/3020"}],"wp:attachment":[{"href":"https:\/\/baldim.mg.gov.br\/wsite\/index.php?rest_route=%2Fwp%2Fv2%2Fmedia&parent=2811"}],"curies":[{"name":"wp","href":"https:\/\/api.w.org\/{rel}","templated":true}]}}