{"id":2808,"date":"2025-07-01T00:50:17","date_gmt":"2025-07-01T00:50:17","guid":{"rendered":"https:\/\/baldim.mg.gov.br\/wsite\/?page_id=2808"},"modified":"2025-07-01T01:19:17","modified_gmt":"2025-07-01T01:19:17","slug":"leis-2016","status":"publish","type":"page","link":"https:\/\/baldim.mg.gov.br\/wsite\/?page_id=2808","title":{"rendered":"Leis 2016"},"content":{"rendered":"\t\t<div data-elementor-type=\"wp-page\" data-elementor-id=\"2808\" class=\"elementor elementor-2808\" data-elementor-settings=\"[]\">\n\t\t\t\t\t\t\t<div class=\"elementor-section-wrap\">\n\t\t\t\t\t\t\t<section class=\"elementor-section elementor-top-section elementor-element elementor-element-ca7417c elementor-section-boxed elementor-section-height-default elementor-section-height-default wpr-particle-no wpr-jarallax-no wpr-parallax-no wpr-sticky-section-no\" data-id=\"ca7417c\" data-element_type=\"section\">\n\t\t\t\t\t\t<div class=\"elementor-container elementor-column-gap-default\">\n\t\t\t\t\t<div class=\"elementor-column elementor-col-100 elementor-top-column elementor-element elementor-element-b93f607\" data-id=\"b93f607\" data-element_type=\"column\">\n\t\t\t<div class=\"elementor-widget-wrap elementor-element-populated\">\n\t\t\t\t\t\t\t\t\t<\/div>\n\t\t<\/div>\n\t\t\t\t\t\t\t<\/div>\n\t\t<\/section>\n\t\t\t\t<section class=\"elementor-section elementor-top-section elementor-element elementor-element-3b90e78 elementor-section-boxed elementor-section-height-default elementor-section-height-default wpr-particle-no wpr-jarallax-no wpr-parallax-no wpr-sticky-section-no\" data-id=\"3b90e78\" data-element_type=\"section\">\n\t\t\t\t\t\t<div class=\"elementor-container elementor-column-gap-default\">\n\t\t\t\t\t<div class=\"elementor-column elementor-col-100 elementor-top-column elementor-element elementor-element-8ac8afa\" data-id=\"8ac8afa\" data-element_type=\"column\">\n\t\t\t<div class=\"elementor-widget-wrap elementor-element-populated\">\n\t\t\t\t\t\t\t\t<div class=\"elementor-element elementor-element-fddd5ff elementor-widget elementor-widget-text-editor\" data-id=\"fddd5ff\" data-element_type=\"widget\" data-widget_type=\"text-editor.default\">\n\t\t\t\t<div class=\"elementor-widget-container\">\n\t\t\t<style>\/*! elementor - v3.5.4 - 23-01-2022 *\/\n.elementor-widget-text-editor.elementor-drop-cap-view-stacked .elementor-drop-cap{background-color:#818a91;color:#fff}.elementor-widget-text-editor.elementor-drop-cap-view-framed .elementor-drop-cap{color:#818a91;border:3px solid;background-color:transparent}.elementor-widget-text-editor:not(.elementor-drop-cap-view-default) .elementor-drop-cap{margin-top:8px}.elementor-widget-text-editor:not(.elementor-drop-cap-view-default) .elementor-drop-cap-letter{width:1em;height:1em}.elementor-widget-text-editor .elementor-drop-cap{float:left;text-align:center;line-height:1;font-size:50px}.elementor-widget-text-editor .elementor-drop-cap-letter{display:inline-block}<\/style>\t\t\t\t<p>\u00a0<\/p><table style=\"border: 2px solid #000000; margin-left: auto; margin-right: auto;\" rules=\"all\"><tbody><tr><td><a href=\"portaltransparencia2016\/leis2016\/1178.pdf\">1178<\/a><\/td><td><p>\u00a0Autoriza concess\u00e3o de subven\u00e7\u00f5es sociais, contribui\u00e7\u00f5es e aux\u00edlios no exerc\u00edcio de 2017.<\/p><\/td><\/tr><tr><td><a href=\"portaltransparencia2016\/leis2016\/1176.pdf\">1176<\/a><\/td><td><p>\u00a0Fixa os subs\u00eddios dos Secret\u00e1rios Municipais e Chefia de Gabinete para a gest\u00e3o 2017\/2020 e d\u00e1 outras provid\u00eancias.<\/p><\/td><\/tr><tr><td><a href=\"portaltransparencia2016\/leis2016\/1175.pdf\">1175<\/a><\/td><td><p>\u00a0Fixa os subs\u00eddios do Prefeito e Vice-Prefeito para a gest\u00e3o 2017\/2020 e d\u00e1 outras provid\u00eancias.<\/p><\/td><\/tr><tr><td><a href=\"portaltransparencia2016\/leis2016\/1173.pdf\">1173<\/a><\/td><td><p>Disp\u00f5e sobre a altera\u00e7\u00e3o da Lei N\u00ba 1109\/2013.<\/p><\/td><\/tr><tr><td><a href=\"portaltransparencia2016\/leis2016\/1172.pdf\">1172<\/a><\/td><td><p>Institui a \u201cficha limpa municipal\u201d na nomea\u00e7\u00e3o de cargos pol\u00edticos, de confian\u00e7a e de cargos comissionados no \u00e2mbito da administra\u00e7\u00e3o direta, aut\u00e1rquica e fundacional do Poder Executivo e do Poder Legislativo do Munic\u00edpio de Baldim-MG, e d\u00e1 outras provid\u00eancias.<\/p><\/td><\/tr><tr><td><a href=\"portaltransparencia2016\/leis2016\/1171.pdf\">1171<\/a><\/td><td><p>Altera os artigos 05 e 14 da Lei Municipal N\u00ba 869, de 12 de Maio de 2008.<\/p><\/td><\/tr><tr><td><a href=\"portaltransparencia2016\/leis2016\/1170.pdf\">1170<\/a><\/td><td><p>1170: Altera os artigos 05 e 14 da Lei Municipal N\u00ba 869, de 12 de Maio de 2008.<\/p><\/td><\/tr><tr><td><a href=\"portaltransparencia2016\/leis2016\/1169.pdf\">1169<\/a><\/td><td><p>1169: Altera o par\u00e1grafo segundo do artigo 12 da Lei Municipal N\u00ba 1059, de 15 de Dezembro de 2011.<\/p><\/td><\/tr><tr><td><a href=\"portaltransparencia2016\/leis2016\/1168.pdf\">1168<\/a><\/td><td><p>\u00a0Disp\u00f5e sobre a altera\u00e7\u00e3o da Lei Municipal N\u00ba 870, de 13 de \u00a0\u00a0\u00a0\u00a0\u00a0\u00a0\u00a0\u00a0 Maio de 2008.<\/p><\/td><\/tr><tr><td><a href=\"portaltransparencia2016\/leis2016\/1167.pdf\">1167<\/a><\/td><td><p>Disp\u00f5e sobre a altera\u00e7\u00e3o da Lei Municipal N\u00ba 995, de 28 de Fevereiro de 2011 e d\u00e1 outras provid\u00eancias.<\/p><\/td><\/tr><tr><td><a href=\"portaltransparencia2016\/leis2016\/1166.pdf\">1166<\/a><\/td><td><p>Altera o nome de Ruas no Distrito de S\u00e3o Vicente e d\u00e1 outras provid\u00eancias.<\/p><\/td><\/tr><tr><td><a href=\"portaltransparencia2016\/leis2016\/1165.pdf\">1165<\/a><\/td><td><p>\u00a0Disp\u00f5e sobre a altera\u00e7\u00e3o da Lei Municipal N\u00ba 870, de 13 de Abril de 2008 e d\u00e1 outras provid\u00eancias.<\/p><\/td><\/tr><\/tbody><\/table><p>\u00a0<\/p>\t\t\t\t\t\t<\/div>\n\t\t\t\t<\/div>\n\t\t\t\t\t<\/div>\n\t\t<\/div>\n\t\t\t\t\t\t\t<\/div>\n\t\t<\/section>\n\t\t\t\t\t\t<\/div>\n\t\t\t\t\t<\/div>\n\t\t","protected":false},"excerpt":{"rendered":"<p>\u00a0 1178 \u00a0Autoriza concess\u00e3o de subven\u00e7\u00f5es sociais, contribui\u00e7\u00f5es e aux\u00edlios no exerc\u00edcio de 2017. 1176 \u00a0Fixa os subs\u00eddios dos Secret\u00e1rios Municipais e Chefia de Gabinete para a gest\u00e3o 2017\/2020 e d\u00e1 outras<a class=\"moretag\" href=\"https:\/\/baldim.mg.gov.br\/wsite\/?page_id=2808\">leia mais<\/a><\/p>\n","protected":false},"author":2,"featured_media":0,"parent":0,"menu_order":0,"comment_status":"closed","ping_status":"closed","template":"","meta":{"footnotes":""},"class_list":["post-2808","page","type-page","status-publish","hentry"],"_links":{"self":[{"href":"https:\/\/baldim.mg.gov.br\/wsite\/index.php?rest_route=\/wp\/v2\/pages\/2808","targetHints":{"allow":["GET"]}}],"collection":[{"href":"https:\/\/baldim.mg.gov.br\/wsite\/index.php?rest_route=\/wp\/v2\/pages"}],"about":[{"href":"https:\/\/baldim.mg.gov.br\/wsite\/index.php?rest_route=\/wp\/v2\/types\/page"}],"author":[{"embeddable":true,"href":"https:\/\/baldim.mg.gov.br\/wsite\/index.php?rest_route=\/wp\/v2\/users\/2"}],"replies":[{"embeddable":true,"href":"https:\/\/baldim.mg.gov.br\/wsite\/index.php?rest_route=%2Fwp%2Fv2%2Fcomments&post=2808"}],"version-history":[{"count":4,"href":"https:\/\/baldim.mg.gov.br\/wsite\/index.php?rest_route=\/wp\/v2\/pages\/2808\/revisions"}],"predecessor-version":[{"id":3017,"href":"https:\/\/baldim.mg.gov.br\/wsite\/index.php?rest_route=\/wp\/v2\/pages\/2808\/revisions\/3017"}],"wp:attachment":[{"href":"https:\/\/baldim.mg.gov.br\/wsite\/index.php?rest_route=%2Fwp%2Fv2%2Fmedia&parent=2808"}],"curies":[{"name":"wp","href":"https:\/\/api.w.org\/{rel}","templated":true}]}}