{"id":2805,"date":"2025-07-01T00:50:04","date_gmt":"2025-07-01T00:50:04","guid":{"rendered":"https:\/\/baldim.mg.gov.br\/wsite\/?page_id=2805"},"modified":"2025-07-01T01:18:13","modified_gmt":"2025-07-01T01:18:13","slug":"leis-2015","status":"publish","type":"page","link":"https:\/\/baldim.mg.gov.br\/wsite\/?page_id=2805","title":{"rendered":"Leis 2015"},"content":{"rendered":"\t\t<div data-elementor-type=\"wp-page\" data-elementor-id=\"2805\" class=\"elementor elementor-2805\" data-elementor-settings=\"[]\">\n\t\t\t\t\t\t\t<div class=\"elementor-section-wrap\">\n\t\t\t\t\t\t\t<section class=\"elementor-section elementor-top-section elementor-element elementor-element-ff711c5 elementor-section-boxed elementor-section-height-default elementor-section-height-default wpr-particle-no wpr-jarallax-no wpr-parallax-no wpr-sticky-section-no\" data-id=\"ff711c5\" data-element_type=\"section\">\n\t\t\t\t\t\t<div class=\"elementor-container elementor-column-gap-default\">\n\t\t\t\t\t<div class=\"elementor-column elementor-col-100 elementor-top-column elementor-element elementor-element-18d1e7f\" data-id=\"18d1e7f\" data-element_type=\"column\">\n\t\t\t<div class=\"elementor-widget-wrap elementor-element-populated\">\n\t\t\t\t\t\t\t\t\t<\/div>\n\t\t<\/div>\n\t\t\t\t\t\t\t<\/div>\n\t\t<\/section>\n\t\t\t\t<section class=\"elementor-section elementor-top-section elementor-element elementor-element-90bfcb2 elementor-section-boxed elementor-section-height-default elementor-section-height-default wpr-particle-no wpr-jarallax-no wpr-parallax-no wpr-sticky-section-no\" data-id=\"90bfcb2\" data-element_type=\"section\">\n\t\t\t\t\t\t<div class=\"elementor-container elementor-column-gap-default\">\n\t\t\t\t\t<div class=\"elementor-column elementor-col-100 elementor-top-column elementor-element elementor-element-7f291f1\" data-id=\"7f291f1\" data-element_type=\"column\">\n\t\t\t<div class=\"elementor-widget-wrap elementor-element-populated\">\n\t\t\t\t\t\t\t\t<div class=\"elementor-element elementor-element-9526021 elementor-widget elementor-widget-text-editor\" data-id=\"9526021\" data-element_type=\"widget\" data-widget_type=\"text-editor.default\">\n\t\t\t\t<div class=\"elementor-widget-container\">\n\t\t\t<style>\/*! elementor - v3.5.4 - 23-01-2022 *\/\n.elementor-widget-text-editor.elementor-drop-cap-view-stacked .elementor-drop-cap{background-color:#818a91;color:#fff}.elementor-widget-text-editor.elementor-drop-cap-view-framed .elementor-drop-cap{color:#818a91;border:3px solid;background-color:transparent}.elementor-widget-text-editor:not(.elementor-drop-cap-view-default) .elementor-drop-cap{margin-top:8px}.elementor-widget-text-editor:not(.elementor-drop-cap-view-default) .elementor-drop-cap-letter{width:1em;height:1em}.elementor-widget-text-editor .elementor-drop-cap{float:left;text-align:center;line-height:1;font-size:50px}.elementor-widget-text-editor .elementor-drop-cap-letter{display:inline-block}<\/style>\t\t\t\t<div class=\"sp-pagebuilder-addon-tools\"><p>\u00a0<\/p><\/div><div><div class=\"sppb-addon-wrapper\"><div id=\"sppb-addon-1659968841612\" class=\"clearfix\"><div class=\"sppb-addon sppb-addon-text-block\"><div id=\"addon-text-1659968841612\" class=\"sppb-addon-content sp-editable-content\" data-id=\"1659968841612\" data-fieldname=\"text\"><table style=\"border: 2px solid #000000; margin-left: auto; margin-right: auto;\" rules=\"all\"><tbody><tr><td><a href=\"portaltransparencia2015\/leis2015\/1162.pdf\">1162<\/a><\/td><td><p>Altera a Lei Municipal N\u00ba 764, de 06 de Abril de 2004 que institui o c\u00f3digo de sa\u00fade de Baldim e d\u00e1 outras provid\u00eancias.<\/p><\/td><\/tr><tr><td><a href=\"portaltransparencia2015\/leis2015\/1161.pdf\">1161<\/a><\/td><td><p>\u00a0Autoriza abertura de cr\u00e9dito especial no or\u00e7amento de 2015 e d\u00e1 outras provid\u00eancias.<\/p><\/td><\/tr><tr><td><a href=\"portaltransparencia2015\/leis2015\/1160.pdf\">1160<\/a><\/td><td><p>1160: Autoriza abertura de cr\u00e9dito especial no or\u00e7amento de 2015 e d\u00e1 outras provid\u00eancias.<\/p><\/td><\/tr><tr><td><a href=\"portaltransparencia2015\/leis2015\/1159.pdf\">1159<\/a><\/td><td><p>Declara de utilidade p\u00fablica de im\u00f3vel, e d\u00e1 outras provid\u00eancias.<\/p><\/td><\/tr><tr><td><a href=\"portaltransparencia2015\/leis2015\/1158.pdf\">1158<\/a><\/td><td><p>\u00a0Altera a Lei Municipal N\u00ba 755, de 15 de outubro de 2003 e d\u00e1 outras provid\u00eancias.<\/p><\/td><\/tr><tr><td><a href=\"portaltransparencia2015\/leis2015\/1157.pdf\">1157<\/a><\/td><td><p>Institui o Plano Municipal de Saneamento B\u00e1sico (PMSB) de Baldim\/MG, e d\u00e1 outras provid\u00eancias.<\/p><\/td><\/tr><tr><td><a href=\"portaltransparencia2015\/leis2015\/1156.pdf\">1156<\/a><\/td><td><p>Aprova o Plano Municipal de Educa\u00e7\u00e3o- PME e d\u00e1 outras provid\u00eancias. \u00a0<\/p><\/td><\/tr><tr><td><a href=\"portaltransparencia2015\/leis2015\/1155.pdf\">1155<\/a><\/td><td><p>\u00a0Disp\u00f5e sobre a altera\u00e7\u00e3o da Lei Municipal N\u00ba 870 de 13 de maio de 2008.<\/p><\/td><\/tr><tr><td><a href=\"portaltransparencia2015\/leis2015\/1154.pdf\">1154<\/a><\/td><td><p>Autoriza abertura de cr\u00e9dito especial no or\u00e7amento de 2015.<\/p><\/td><\/tr><tr><td><a href=\"portaltransparencia2015\/leis2015\/1153.pdf\">1153<\/a><\/td><td><p>: Autoriza o Poder Executivo a doar im\u00f3vel que especifica a Jos\u00e9 Geraldo Amorim e Margarida dos Santo Amorim e d\u00e1 outras provid\u00eancias.<\/p><\/td><\/tr><tr><td><a href=\"portaltransparencia2015\/leis2015\/1152.pdf\">1152<\/a><\/td><td><p>\u00a0Autoriza o Poder Executivo a doar o im\u00f3vel que especifica a Roberto de Almeida e d\u00e1 outras provid\u00eancias.<\/p><\/td><\/tr><tr><td><a href=\"portaltransparencia2015\/leis2015\/1063.pdf\">1063<\/a><\/td><td>1063: Autoriza o Munic\u00edpio de Baldim a contratar com o banco de desenvolvimento de Minas Gerais S\/A- BDMG, opera\u00e7\u00f5es de cr\u00e9dito com outorga de garantia e d\u00e1 outras provid\u00eancias.<\/td><\/tr><tr><td><a href=\"portaltransparencia2015\/leis2015\/1051.pdf\">1051<\/a><\/td><td>Autoriza o Poder Executivo a doar o im\u00f3vel que especifica a Hamilton Pereira Rocha e d\u00e1 outras provid\u00eancias.<\/td><\/tr><\/tbody><\/table><p>\u00a0<\/p><\/div><\/div><\/div><\/div><\/div>\t\t\t\t\t\t<\/div>\n\t\t\t\t<\/div>\n\t\t\t\t\t<\/div>\n\t\t<\/div>\n\t\t\t\t\t\t\t<\/div>\n\t\t<\/section>\n\t\t\t\t\t\t<\/div>\n\t\t\t\t\t<\/div>\n\t\t","protected":false},"excerpt":{"rendered":"<p>\u00a0 1162 Altera a Lei Municipal N\u00ba 764, de 06 de Abril de 2004 que institui o c\u00f3digo de sa\u00fade de Baldim e d\u00e1 outras provid\u00eancias. 1161 \u00a0Autoriza abertura de cr\u00e9dito especial<a class=\"moretag\" href=\"https:\/\/baldim.mg.gov.br\/wsite\/?page_id=2805\">leia mais<\/a><\/p>\n","protected":false},"author":2,"featured_media":0,"parent":0,"menu_order":0,"comment_status":"closed","ping_status":"closed","template":"","meta":{"footnotes":""},"class_list":["post-2805","page","type-page","status-publish","hentry"],"_links":{"self":[{"href":"https:\/\/baldim.mg.gov.br\/wsite\/index.php?rest_route=\/wp\/v2\/pages\/2805","targetHints":{"allow":["GET"]}}],"collection":[{"href":"https:\/\/baldim.mg.gov.br\/wsite\/index.php?rest_route=\/wp\/v2\/pages"}],"about":[{"href":"https:\/\/baldim.mg.gov.br\/wsite\/index.php?rest_route=\/wp\/v2\/types\/page"}],"author":[{"embeddable":true,"href":"https:\/\/baldim.mg.gov.br\/wsite\/index.php?rest_route=\/wp\/v2\/users\/2"}],"replies":[{"embeddable":true,"href":"https:\/\/baldim.mg.gov.br\/wsite\/index.php?rest_route=%2Fwp%2Fv2%2Fcomments&post=2805"}],"version-history":[{"count":4,"href":"https:\/\/baldim.mg.gov.br\/wsite\/index.php?rest_route=\/wp\/v2\/pages\/2805\/revisions"}],"predecessor-version":[{"id":3014,"href":"https:\/\/baldim.mg.gov.br\/wsite\/index.php?rest_route=\/wp\/v2\/pages\/2805\/revisions\/3014"}],"wp:attachment":[{"href":"https:\/\/baldim.mg.gov.br\/wsite\/index.php?rest_route=%2Fwp%2Fv2%2Fmedia&parent=2805"}],"curies":[{"name":"wp","href":"https:\/\/api.w.org\/{rel}","templated":true}]}}