{"id":2793,"date":"2025-07-01T00:43:00","date_gmt":"2025-07-01T00:43:00","guid":{"rendered":"https:\/\/baldim.mg.gov.br\/wsite\/?page_id=2793"},"modified":"2026-05-04T13:54:03","modified_gmt":"2026-05-04T16:54:03","slug":"leis-decretos-e-portarias","status":"publish","type":"page","link":"https:\/\/baldim.mg.gov.br\/wsite\/?page_id=2793","title":{"rendered":"Leis, Decretos e Portarias"},"content":{"rendered":"\t\t<div data-elementor-type=\"wp-page\" data-elementor-id=\"2793\" class=\"elementor elementor-2793\" data-elementor-settings=\"[]\">\n\t\t\t\t\t\t\t<div class=\"elementor-section-wrap\">\n\t\t\t\t\t\t\t<section class=\"elementor-section elementor-top-section elementor-element elementor-element-10673c0 elementor-section-boxed elementor-section-height-default elementor-section-height-default wpr-particle-no wpr-jarallax-no wpr-parallax-no wpr-sticky-section-no\" data-id=\"10673c0\" data-element_type=\"section\">\n\t\t\t\t\t\t<div class=\"elementor-container elementor-column-gap-default\">\n\t\t\t\t\t<div class=\"elementor-column elementor-col-100 elementor-top-column elementor-element elementor-element-1845aca\" data-id=\"1845aca\" data-element_type=\"column\">\n\t\t\t<div class=\"elementor-widget-wrap elementor-element-populated\">\n\t\t\t\t\t\t\t\t\t<\/div>\n\t\t<\/div>\n\t\t\t\t\t\t\t<\/div>\n\t\t<\/section>\n\t\t\t\t<section class=\"elementor-section elementor-top-section elementor-element elementor-element-d31221a elementor-section-boxed elementor-section-height-default elementor-section-height-default wpr-particle-no wpr-jarallax-no wpr-parallax-no wpr-sticky-section-no\" data-id=\"d31221a\" data-element_type=\"section\">\n\t\t\t\t\t\t<div class=\"elementor-container elementor-column-gap-default\">\n\t\t\t\t\t<div class=\"elementor-column elementor-col-100 elementor-top-column elementor-element elementor-element-d9ab441\" data-id=\"d9ab441\" data-element_type=\"column\">\n\t\t\t<div class=\"elementor-widget-wrap elementor-element-populated\">\n\t\t\t\t\t\t\t\t<div class=\"elementor-element elementor-element-c59bfda elementor-widget elementor-widget-text-editor\" data-id=\"c59bfda\" data-element_type=\"widget\" data-widget_type=\"text-editor.default\">\n\t\t\t\t<div class=\"elementor-widget-container\">\n\t\t\t<style>\/*! elementor - v3.5.4 - 23-01-2022 *\/\n.elementor-widget-text-editor.elementor-drop-cap-view-stacked .elementor-drop-cap{background-color:#818a91;color:#fff}.elementor-widget-text-editor.elementor-drop-cap-view-framed .elementor-drop-cap{color:#818a91;border:3px solid;background-color:transparent}.elementor-widget-text-editor:not(.elementor-drop-cap-view-default) .elementor-drop-cap{margin-top:8px}.elementor-widget-text-editor:not(.elementor-drop-cap-view-default) .elementor-drop-cap-letter{width:1em;height:1em}.elementor-widget-text-editor .elementor-drop-cap{float:left;text-align:center;line-height:1;font-size:50px}.elementor-widget-text-editor .elementor-drop-cap-letter{display:inline-block}<\/style>\t\t\t\t<p>Visando facilitar o acesso e o conhecimento das leis, decretos e portarias do munic\u00edpio, a Prefeitura de Baldim disponibiliza o acesso online da legisla\u00e7\u00e3o, auxiliando os profissionais que necessitam identificar todas as altera\u00e7\u00f5es que as leis sofrem em formato Consolidado, Compilado e Versionado.<\/p><table style=\"width: 301px; height: 155px; background-color: #ffffff; border: 2px inset #000000; margin-left: auto; margin-right: auto;\" rules=\"all\"><tbody><tr><td><span style=\"color: #808080;\"><strong>\u00a0 LEIS<\/strong><\/span><\/td><td><span style=\"color: #808080;\"><strong>\u00a0DECRETOS<\/strong><\/span><\/td><td><span style=\"color: #808080;\"><strong>\u00a0PORTARIAS<\/strong><\/span><\/td><\/tr><tr><td><span style=\"color: #ff0000;\">\u00a0 <a href=\"https:\/\/baldim.mg.gov.br\/wsite\/?page_id=5631\">\u00a02026<\/a><\/span><\/td><td>\u00a0 \u00a0 \u00a0 \u00a0 \u00a0 <a href=\"https:\/\/baldim.mg.gov.br\/wsite\/?page_id=4941\">2026<\/a><\/td><td>\u00a0 \u00a0 \u00a0 \u00a0 \u00a0 \u00a0 <a href=\"https:\/\/baldim.mg.gov.br\/wsite\/?page_id=4790\">2026<\/a><\/td><\/tr><tr><td>\u00a0 \u00a0<a href=\"https:\/\/baldim.mg.gov.br\/wsite\/?page_id=2835\"><span style=\"color: #339966;\">2025<\/span><\/a><\/td><td>\u00a0 \u00a0 \u00a0 \u00a0 \u00a0 <span style=\"color: #339966;\"><a style=\"color: #339966;\" href=\"https:\/\/baldim.mg.gov.br\/wsite\/?page_id=2934\">2025<\/a><\/span><\/td><td>\u00a0 \u00a0 \u00a0 \u00a0 \u00a0 \u00a0 <span style=\"color: #339966;\"><a style=\"color: #339966;\" href=\"https:\/\/baldim.mg.gov.br\/wsite\/?page_id=2940\">2025<\/a><\/span><\/td><\/tr><tr><td>\u00a0 <a href=\"https:\/\/baldim.mg.gov.br\/wsite\/?page_id=2832\"><span style=\"color: #0000ff;\">\u00a0<span style=\"color: #00ccff;\">2024<\/span><\/span><\/a><\/td><td>\u00a0 \u00a0 \u00a0 \u00a0 \u00a0 <span style=\"color: #00ccff;\"><a style=\"color: #00ccff;\" href=\"https:\/\/baldim.mg.gov.br\/wsite\/?page_id=2928\">2024<\/a><\/span><\/td><td>\u00a0 \u00a0 \u00a0 \u00a0 \u00a0 \u00a0 <span style=\"color: #00ccff;\"><a style=\"color: #00ccff;\" href=\"https:\/\/baldim.mg.gov.br\/wsite\/?page_id=2946\">2024<\/a><\/span><\/td><\/tr><tr><td>\u00a0 \u00a0<span style=\"color: #00ccff;\"><a style=\"color: #00ccff;\" href=\"https:\/\/baldim.mg.gov.br\/wsite\/?page_id=2829\">2023<\/a><\/span><\/td><td>\u00a0 \u00a0 \u00a0 \u00a0 \u00a0<span style=\"color: #00ccff;\"> <a style=\"color: #00ccff;\" href=\"https:\/\/baldim.mg.gov.br\/wsite\/?page_id=2922\">2023<\/a><\/span><\/td><td>\u00a0 \u00a0 \u00a0 \u00a0 \u00a0 \u00a0 <span style=\"color: #00ccff;\"><a style=\"color: #00ccff;\" href=\"https:\/\/baldim.mg.gov.br\/wsite\/?page_id=2952\">2023<\/a><\/span><\/td><\/tr><tr><td>\u00a0 <a href=\"https:\/\/baldim.mg.gov.br\/wsite\/?page_id=2826\">\u00a0<span style=\"color: #00ccff;\">2022<\/span><\/a><\/td><td>\u00a0 \u00a0 \u00a0 \u00a0 \u00a0\u00a0<span style=\"color: #00ccff;\"><a style=\"color: #00ccff;\" href=\"https:\/\/baldim.mg.gov.br\/wsite\/?page_id=2916\">2022<\/a><\/span><\/td><td>\u00a0 \u00a0 \u00a0 \u00a0 \u00a0 \u00a0 <span style=\"color: #00ccff;\"><a style=\"color: #00ccff;\" href=\"https:\/\/baldim.mg.gov.br\/wsite\/?page_id=2958\">2022<\/a><\/span><\/td><\/tr><tr><td><span style=\"color: #993366;\">\u00a0 \u00a0<a href=\"https:\/\/baldim.mg.gov.br\/wsite\/?page_id=2823\">2021<\/a><\/span><\/td><td><span style=\"color: #993366;\">\u00a0 \u00a0 \u00a0 \u00a0 \u00a0\u00a0<a href=\"https:\/\/baldim.mg.gov.br\/wsite\/?page_id=2910\">2021<\/a><\/span><\/td><td><span style=\"color: #993366;\">\u00a0 \u00a0 \u00a0 \u00a0 \u00a0 \u00a0 <a href=\"https:\/\/baldim.mg.gov.br\/wsite\/?page_id=2970\">2021<\/a><\/span><\/td><\/tr><tr><td><span style=\"color: #339966;\">\u00a0 \u00a0<a href=\"https:\/\/baldim.mg.gov.br\/wsite\/?page_id=2820\">2020<\/a><\/span><\/td><td><span style=\"color: #339966;\">\u00a0 \u00a0 \u00a0 \u00a0 \u00a0\u00a0<a href=\"https:\/\/baldim.mg.gov.br\/wsite\/?page_id=2904\">2020<\/a><\/span><\/td><td><span style=\"color: #339966;\">\u00a0 \u00a0 \u00a0 \u00a0 \u00a0 \u00a0 <a href=\"https:\/\/baldim.mg.gov.br\/wsite\/?page_id=2964\">2020<\/a><\/span><\/td><\/tr><tr><td>\u00a0 \u00a0<a href=\"https:\/\/baldim.mg.gov.br\/wsite\/?page_id=2817\">2019<\/a><\/td><td>\u00a0 \u00a0 \u00a0 \u00a0 \u00a0 <a href=\"https:\/\/baldim.mg.gov.br\/wsite\/?page_id=2898\">2019<\/a><\/td><td>\u00a0 \u00a0 \u00a0 \u00a0 \u00a0 \u00a0 <a href=\"https:\/\/baldim.mg.gov.br\/wsite\/?page_id=3003\">2019<\/a><\/td><\/tr><tr><td>\u00a0 \u00a0<a href=\"https:\/\/baldim.mg.gov.br\/wsite\/?page_id=2814\">2018<\/a><\/td><td>\u00a0 \u00a0 \u00a0 \u00a0 \u00a0 <a href=\"https:\/\/baldim.mg.gov.br\/wsite\/?page_id=2892\">2018<\/a><\/td><td>\u00a0 \u00a0 \u00a0 \u00a0 \u00a0 \u00a0 <a href=\"https:\/\/baldim.mg.gov.br\/wsite\/?page_id=2997\">2018<\/a><\/td><\/tr><tr><td>\u00a0 \u00a0<a href=\"https:\/\/baldim.mg.gov.br\/wsite\/?page_id=2811\">2017<\/a><\/td><td>\u00a0 \u00a0 \u00a0 \u00a0 \u00a0 <a href=\"https:\/\/baldim.mg.gov.br\/wsite\/?page_id=2886\">2017<\/a><\/td><td>\u00a0 \u00a0 \u00a0 \u00a0 \u00a0 \u00a0 <a href=\"https:\/\/baldim.mg.gov.br\/wsite\/?page_id=2991\">2017<\/a><\/td><\/tr><tr><td>\u00a0 \u00a0<span style=\"color: #00ccff;\"><a style=\"color: #00ccff;\" href=\"https:\/\/baldim.mg.gov.br\/wsite\/?page_id=2808\">2016<\/a><\/span><\/td><td>\u00a0 \u00a0 \u00a0 \u00a0 \u00a0 <a href=\"https:\/\/baldim.mg.gov.br\/wsite\/?page_id=2880\">2016<\/a><\/td><td>\u00a0 \u00a0 \u00a0 \u00a0 \u00a0 \u00a0 <a href=\"https:\/\/baldim.mg.gov.br\/wsite\/?page_id=2985\">2016<\/a><\/td><\/tr><tr><td>\u00a0 \u00a0<a href=\"https:\/\/baldim.mg.gov.br\/wsite\/?page_id=2805\">2015<\/a><\/td><td>\u00a0 \u00a0 \u00a0 \u00a0 \u00a0 <a href=\"https:\/\/baldim.mg.gov.br\/wsite\/?page_id=2874\">2015<\/a><\/td><td>\u00a0 \u00a0 \u00a0 \u00a0 \u00a0 \u00a0 <a href=\"https:\/\/baldim.mg.gov.br\/wsite\/?page_id=2976\">2015<\/a><\/td><\/tr><tr><td>\u00a0 \u00a0<a href=\"index.php\/pt\/component\/sppagebuilder\/?view=page&amp;id=100\">2011<\/a><\/td><td>\u00a0<\/td><td>\u00a0<\/td><\/tr><\/tbody><\/table>\t\t\t\t\t\t<\/div>\n\t\t\t\t<\/div>\n\t\t\t\t\t<\/div>\n\t\t<\/div>\n\t\t\t\t\t\t\t<\/div>\n\t\t<\/section>\n\t\t\t\t<section class=\"elementor-section elementor-top-section elementor-element elementor-element-d589698 elementor-section-boxed elementor-section-height-default elementor-section-height-default wpr-particle-no wpr-jarallax-no wpr-parallax-no wpr-sticky-section-no\" data-id=\"d589698\" data-element_type=\"section\">\n\t\t\t\t\t\t<div class=\"elementor-container elementor-column-gap-default\">\n\t\t\t\t\t<div class=\"elementor-column elementor-col-100 elementor-top-column elementor-element elementor-element-43b374b\" data-id=\"43b374b\" data-element_type=\"column\">\n\t\t\t<div class=\"elementor-widget-wrap elementor-element-populated\">\n\t\t\t\t\t\t\t\t<div class=\"elementor-element elementor-element-1689278 elementor-widget elementor-widget-heading\" data-id=\"1689278\" data-element_type=\"widget\" data-widget_type=\"heading.default\">\n\t\t\t\t<div class=\"elementor-widget-container\">\n\t\t\t<style>\/*! elementor - v3.5.4 - 23-01-2022 *\/\n.elementor-heading-title{padding:0;margin:0;line-height:1}.elementor-widget-heading .elementor-heading-title[class*=elementor-size-]>a{color:inherit;font-size:inherit;line-height:inherit}.elementor-widget-heading .elementor-heading-title.elementor-size-small{font-size:15px}.elementor-widget-heading .elementor-heading-title.elementor-size-medium{font-size:19px}.elementor-widget-heading .elementor-heading-title.elementor-size-large{font-size:29px}.elementor-widget-heading .elementor-heading-title.elementor-size-xl{font-size:39px}.elementor-widget-heading .elementor-heading-title.elementor-size-xxl{font-size:59px}<\/style><h4 class=\"elementor-heading-title elementor-size-default\">Atualizado em 04\/05\/2026<\/h4>\t\t<\/div>\n\t\t\t\t<\/div>\n\t\t\t\t\t<\/div>\n\t\t<\/div>\n\t\t\t\t\t\t\t<\/div>\n\t\t<\/section>\n\t\t\t\t\t\t<\/div>\n\t\t\t\t\t<\/div>\n\t\t","protected":false},"excerpt":{"rendered":"<p>Visando facilitar o acesso e o conhecimento das leis, decretos e portarias do munic\u00edpio, a Prefeitura de Baldim disponibiliza o acesso online da legisla\u00e7\u00e3o, auxiliando os profissionais que necessitam identificar todas as<a class=\"moretag\" href=\"https:\/\/baldim.mg.gov.br\/wsite\/?page_id=2793\">leia mais<\/a><\/p>\n","protected":false},"author":2,"featured_media":0,"parent":0,"menu_order":0,"comment_status":"closed","ping_status":"closed","template":"","meta":{"footnotes":""},"class_list":["post-2793","page","type-page","status-publish","hentry"],"_links":{"self":[{"href":"https:\/\/baldim.mg.gov.br\/wsite\/index.php?rest_route=\/wp\/v2\/pages\/2793","targetHints":{"allow":["GET"]}}],"collection":[{"href":"https:\/\/baldim.mg.gov.br\/wsite\/index.php?rest_route=\/wp\/v2\/pages"}],"about":[{"href":"https:\/\/baldim.mg.gov.br\/wsite\/index.php?rest_route=\/wp\/v2\/types\/page"}],"author":[{"embeddable":true,"href":"https:\/\/baldim.mg.gov.br\/wsite\/index.php?rest_route=\/wp\/v2\/users\/2"}],"replies":[{"embeddable":true,"href":"https:\/\/baldim.mg.gov.br\/wsite\/index.php?rest_route=%2Fwp%2Fv2%2Fcomments&post=2793"}],"version-history":[{"count":284,"href":"https:\/\/baldim.mg.gov.br\/wsite\/index.php?rest_route=\/wp\/v2\/pages\/2793\/revisions"}],"predecessor-version":[{"id":6792,"href":"https:\/\/baldim.mg.gov.br\/wsite\/index.php?rest_route=\/wp\/v2\/pages\/2793\/revisions\/6792"}],"wp:attachment":[{"href":"https:\/\/baldim.mg.gov.br\/wsite\/index.php?rest_route=%2Fwp%2Fv2%2Fmedia&parent=2793"}],"curies":[{"name":"wp","href":"https:\/\/api.w.org\/{rel}","templated":true}]}}