{"id":2742,"date":"2025-07-01T00:18:15","date_gmt":"2025-07-01T00:18:15","guid":{"rendered":"https:\/\/baldim.mg.gov.br\/wsite\/?page_id=2742"},"modified":"2025-07-01T00:27:32","modified_gmt":"2025-07-01T00:27:32","slug":"licitacoes-2023","status":"publish","type":"page","link":"https:\/\/baldim.mg.gov.br\/wsite\/?page_id=2742","title":{"rendered":"Licita\u00e7\u00f5es 2023"},"content":{"rendered":"\t\t<div data-elementor-type=\"wp-page\" data-elementor-id=\"2742\" class=\"elementor elementor-2742\" data-elementor-settings=\"[]\">\n\t\t\t\t\t\t\t<div class=\"elementor-section-wrap\">\n\t\t\t\t\t\t\t<section class=\"elementor-section elementor-top-section elementor-element elementor-element-47018c8 elementor-section-boxed elementor-section-height-default elementor-section-height-default wpr-particle-no wpr-jarallax-no wpr-parallax-no wpr-sticky-section-no\" data-id=\"47018c8\" data-element_type=\"section\">\n\t\t\t\t\t\t<div class=\"elementor-container elementor-column-gap-default\">\n\t\t\t\t\t<div class=\"elementor-column elementor-col-100 elementor-top-column elementor-element elementor-element-41718f7\" data-id=\"41718f7\" data-element_type=\"column\">\n\t\t\t<div class=\"elementor-widget-wrap elementor-element-populated\">\n\t\t\t\t\t\t\t\t\t<\/div>\n\t\t<\/div>\n\t\t\t\t\t\t\t<\/div>\n\t\t<\/section>\n\t\t\t\t<section class=\"elementor-section elementor-top-section elementor-element elementor-element-176b18b elementor-section-boxed elementor-section-height-default elementor-section-height-default wpr-particle-no wpr-jarallax-no wpr-parallax-no wpr-sticky-section-no\" data-id=\"176b18b\" data-element_type=\"section\">\n\t\t\t\t\t\t<div class=\"elementor-container elementor-column-gap-default\">\n\t\t\t\t\t<div class=\"elementor-column elementor-col-100 elementor-top-column elementor-element elementor-element-690eb99\" data-id=\"690eb99\" data-element_type=\"column\">\n\t\t\t<div class=\"elementor-widget-wrap elementor-element-populated\">\n\t\t\t\t\t\t\t\t<div class=\"elementor-element elementor-element-e429fae elementor-widget elementor-widget-text-editor\" data-id=\"e429fae\" data-element_type=\"widget\" data-widget_type=\"text-editor.default\">\n\t\t\t\t<div class=\"elementor-widget-container\">\n\t\t\t<style>\/*! elementor - v3.5.4 - 23-01-2022 *\/\n.elementor-widget-text-editor.elementor-drop-cap-view-stacked .elementor-drop-cap{background-color:#818a91;color:#fff}.elementor-widget-text-editor.elementor-drop-cap-view-framed .elementor-drop-cap{color:#818a91;border:3px solid;background-color:transparent}.elementor-widget-text-editor:not(.elementor-drop-cap-view-default) .elementor-drop-cap{margin-top:8px}.elementor-widget-text-editor:not(.elementor-drop-cap-view-default) .elementor-drop-cap-letter{width:1em;height:1em}.elementor-widget-text-editor .elementor-drop-cap{float:left;text-align:center;line-height:1;font-size:50px}.elementor-widget-text-editor .elementor-drop-cap-letter{display:inline-block}<\/style>\t\t\t\t<table style=\"border: 2px solid #000000; margin-left: auto; margin-right: auto;\" frame=\"border\" rules=\"all\">\n<tbody>\n<tr>\n<td><a href=\"licitacoesandamento2023\/Editalpregeletronicio0222023demateriaisdeescritoriosite.pdf\">PROCESSO LICITAT\u00d3RIO N\u00ba 064\/2023 PREG\u00c3O ELETR\u00d4NICO N\u00ba 022\/2023<\/a><\/td>\n<td>Registro de Pre\u00e7os de material de escrit\u00f3rio, material did\u00e1tico e de inform\u00e1tica para atender as necessidades de diversas Secretarias deste Munic\u00edpio e das condi\u00e7\u00f5es definidas no Termo de Refer\u00eancia, Anexo I do edital.<\/td>\n<\/tr>\n<tr>\n<td>\n<p>&nbsp;<a href=\"licitacoesandamento2023\/edITALmerged.pdf\">PROCESSO LICITAT\u00d3RIO N\u00ba 063\/2023 TOMADA DE PRE\u00c7OS N\u00ba 002\/2023<\/a><\/p>\n<\/td>\n<td>CONTRATA\u00c7\u00c3O DE EMPRESA PARA CONSTRU\u00c7\u00c3O DE UMA PRA\u00c7A CENTRAL NO POVOADO DA GAMELEIRA, MUNIC\u00cdPIO DE BALDIM\/MG.<\/td>\n<\/tr>\n<tr>\n<td><a href=\"licitacoesandamento2023\/RECURSOADMINISTRATIVOPLANNERBALDIMAssinado.pdf\">RECURSO ADMINISTRATIVO PROCESSO LICITAT\u00d3RIO N\u00ba 033\/2023 TOMADA DE PRE\u00c7OS N\u00ba 001\/2023<\/a><\/td>\n<td>AIMAR COELHO COM\u00c9RCIO E SERVI\u00c7OS LTDA<\/td>\n<\/tr>\n<tr>\n<td>\n<p>&nbsp;<strong><a href=\"licitacoesandamento2023\/avisodesuspensaodelicitacao11.pdf\"><span style=\"color: #ff0000;\">AVISO DE SUSPENS\u00c3O DE LICITA\u00c7\u00c3O<\/span><\/a><\/strong><\/p>\n<p>&nbsp;<\/p>\n<\/td>\n<td>CONTRATA\u00c7\u00c3O DE EMPRESA ESPECIALIZADA PARA ILUMINA\u00c7\u00c3O DE 3 CAMPOS DE FUTEBOL.<\/td>\n<\/tr>\n<tr>\n<td>\n<p><a href=\"licitacoesandamento2023\/EDITALProcesso0422023pregaoeletronico0212023aquisicaodeitensparacestadenatal.pdf\">PROCESSO LICITAT\u00d3RIO N\u00ba 042\/2023 PREG\u00c3O ELETR\u00d4NICO N\u00ba 021\/2023<\/a><\/p>\n<\/td>\n<td>REGISTRO DE PRE\u00c7OS PARA CONTRATA\u00c7\u00c3O DE EMPRESA PARA FORNECIMENTO DE ITENS PARA CESTA DE NATAL, PARA ATENDER \u00c0S DEMANDAS DA SECRETARIA MUNICIPAL DE ASSIST\u00caNCIA SOCIAL.<\/td>\n<\/tr>\n<tr>\n<td><a href=\"licitacoesandamento2023\/editalpregao0202023site.pdf\">PROCESSO LICITAT\u00d3RIO N\u00ba 041\/2023 PREG\u00c3O ELETR\u00d4NICO N\u00ba 020\/2023<\/a><\/td>\n<td>\n<p>&nbsp;<\/p>\n<p>REGISTRO DE PRE\u00c7OS PARA POSS\u00cdVEIS E FUTURAS LOCA\u00c7\u00d5ES DE ESTRUTURAS DIVERSAS PARA EVENTOS A SEREM REALIZADOS PELO MUNIC\u00cdPIO DE BALDIM.<\/p>\n<p>&nbsp;<\/p>\n<\/td>\n<\/tr>\n<tr>\n<td><a href=\"licitacoesandamento2023\/EDITALPROCESSOLICI0392023PREG00192023TAPABURACO.pdf\">PROCESSO N\u00ba 039\/2023 PREG\u00c3O ELETR\u00d4NICO N\u00ba 019\/2023<\/a><\/td>\n<td>A presente licita\u00e7\u00e3o tem por OBJETO o REGISTRO DE PRE\u00c7OS dos servi\u00e7os de Tapa Buracos, readequa\u00e7\u00e3o e constru\u00e7\u00e3o de redutores de velocidade, com concreto betuminoso usinado a quente (aquisi\u00e7\u00e3o em usina), aplica\u00e7\u00e3o de emuls\u00e3o, transporte, aplica\u00e7\u00e3o, limpeza, requadro, preparo da base, compacta\u00e7\u00e3o, materiais, ferramentas, equipamentos e m\u00e3o de obra.<\/td>\n<\/tr>\n<tr>\n<td><a href=\"licitacoesandamento2023\/Editalpregaoeletronico0182023aquisiomateriaismedicodontologicos.pdf\">PROCESSO LICITAT\u00d3RIO N\u00ba 037\/2023 PREG\u00c3O ELETR\u00d4NICO N\u00ba 018\/2023<\/a><\/td>\n<td>Registro de Pre\u00e7os de materiais, medicamentos, equipamentos e produtos diversos para o setor de Odontologia da Secretaria Municipal de Sa\u00fade de Baldim-MG, nas condi\u00e7\u00f5es definidas no Termo de Refer\u00eancia, Anexo I do edital.<\/td>\n<\/tr>\n<tr>\n<td><a href=\"licitacoesandamento2023\/DESPACHODEREVOGAcaaaO.pdf\">DESPACHO DE REVOGA\u00c7\u00c3O &#8211; PROCESSO LICITAT\u00d3RIO N\u00ba 031\/2023 \u2013 MODALIDADE PREG\u00c3O ELETR\u00d4NICO N\u00ba 014\/2023<\/a><\/td>\n<td>PROCESSO LICITAT\u00d3RIO N\u00ba 031\/2023 \u2013 MODALIDADE PREG\u00c3O ELETR\u00d4NICO N\u00ba 014\/2023<\/td>\n<\/tr>\n<tr>\n<td><a href=\"licitacoesandamento2023\/AVISODEREVOGAO.pdf\"><span style=\"color: #ff0000;\">AVISO DE REVOGA\u00c7\u00c3O<\/span><\/a><\/td>\n<td>REVOGA\u00c7\u00c3O do Proc. Licitat\u00f3rio n\u00ba 031\/2023, na Modalidade Preg\u00e3o Eletr\u00f4nico para Registro de Pre\u00e7os n\u00ba 014\/2023, para Servi\u00e7os de Tapa Buracos. Maiores informa\u00e7\u00f5es poder\u00e3o ser obtidas na Rua Vitalino Augusto, 635, Centro, Telefone: (31) 3718-1255.<\/td>\n<\/tr>\n<tr>\n<td><a href=\"licitacoesandamento2023\/Editalpreoletr0172023aquisideferramentas.pdf\">PROCESSO LICITAT\u00d3RIO N\u00ba 036\/2023 PREG\u00c3O ELETR\u00d4NICO N\u00ba 017\/2023 PRE\u00c2MBULO<\/a><\/td>\n<td>Registro de Pre\u00e7os para aquisi\u00e7\u00e3o de diversos tipos de ferramentas para atender as necessidades da administra\u00e7\u00e3o.<\/td>\n<\/tr>\n<tr>\n<td>\n<p>&nbsp;<\/p>\n<p><a href=\"licitacoesandamento2023\/EditalProcesso0352023pregaoeletronico0162023materialhidraulicoeconstrucaocivil.pdf\">PROCESSO LICITAT\u00d3RIO N\u00ba 035\/2023 PREG\u00c3O ELETR\u00d4NICO N\u00ba 016\/2023 PRE\u00c2MBULO<\/a><\/p>\n<p>&nbsp;<\/p>\n<\/td>\n<td>Registro de Pre\u00e7os para a aquisi\u00e7\u00e3o de material el\u00e9trico e material de constru\u00e7\u00e3o para atender as necessidades de diversas secretarias, conforme necessidade da administra\u00e7\u00e3o municipal e das condi\u00e7\u00f5es definidas no Termo de Refer\u00eancia.<\/td>\n<\/tr>\n<tr>\n<td>\n<p><a href=\"licitacoesandamento2023\/OBRADEILUMINACAO3CAMPO%20MUNBALDIMPLANBDI.pdf\">DEMONSTRATIVO DO BDI &#8211; COM DESONERA\u00c7\u00c3O &#8211; OBRA DE EDIFICA\u00c7\u00c3O<\/a><\/p>\n<\/td>\n<td>\n<p><strong>A PREFEITURA DE BALDIM\/MG<\/strong> torna p\u00fablica a <strong>RETIFICA\u00c7\u00c3O<\/strong> do edital do processo n\u00ba 033\/2023 \u2013 Tomada de Pre\u00e7os n\u00ba 001\/2023 para inclus\u00e3o do anexo XV &#8211; Quadro de Composi\u00e7\u00e3o do BDI na publica\u00e7\u00e3o realizada no site. Fica alterada para <strong>09\/11\/2023<\/strong>, \u00e0s 13:00 h a sess\u00e3o para recebimento dos envelopes de documentos e propostas. A data limite para cadastramento das empresas n\u00e3o cadastradas ser\u00e1 <strong>06\/11\/2023<\/strong>. Maiores Informa\u00e7\u00f5es na Prefeitura de Baldim, pelo tel: (31) 37181255, pelo endere\u00e7o eletr\u00f4nico E-mail: <a href=\"mailto:licitacao@baldim.mg.gov.br\"><\/a><a href=\"mailto:licitacao@baldim.mg.gov.br\">licitacao@baldim.mg.gov.br<\/a>. site: <a href=\"http:\/\/www.baldim.mg.gov.br-\">www.baldim.mg.gov.br-<\/a> Vin\u00edcius Augusto Apolin\u00e1rio \u2013 Presidente da CPL.<\/p>\n<\/td>\n<\/tr>\n<tr>\n<td><span style=\"color: #ff0000;\"><strong>AVISO<\/strong> <strong>DE<\/strong> <strong>RETIFICA\u00c7\u00c3O<\/strong><\/span><\/td>\n<td>\n<p>&nbsp;<\/p>\n<p>PREFEITURA MUNICIPAL DE BALDIM\/MG \u2013 Torna p\u00fablico a RETIFICA\u00c7\u00c3O DOS ITENS 4.1 E 5.2.1 DO EDITAL DA TOMADA DE PRE\u00c7OS N\u00ba 001\/2023, PROCESSO LICITAT\u00d3RIO N\u00ba 033\/2023 SENDO QUE A DATA LIMITE PARA CADASTRAMENTO DAS EMPRESAS SER\u00c1 20\/10\/2023\u2013Maiores informa\u00e7\u00f5es sobre o edital poder\u00e3o ser obtidas na Prefeitura Municipal de Baldim, com sede na Rua Rua Vitalino Augusto, 635, Centro, Baldim-MG, tel. 31-3718-1255 e-mail-licitacao@baldim.mg.gov.br.<br \/><br \/><br \/><\/p>\n<\/td>\n<\/tr>\n<tr>\n<td>\n<p>&nbsp;<\/p>\n<p><a href=\"licitacoesandamento2023\/RESPOSTAIMPUGNACAOPREGAO0132023.pdf\"><strong>Resposta \u00e0 Impugna\u00e7\u00e3o<\/strong><\/a><\/p>\n<p>&nbsp;<\/p>\n<\/td>\n<td>Impugna\u00e7\u00e3o interposta pela empresa Go Vendas eletr\u00f4nicas<\/td>\n<\/tr>\n<tr>\n<td><a href=\"licitacoesandamento2023\/avisodesuspensao110.pdf\"><span style=\"color: #ff0000;\">AVISO DE SUSPENS\u00c3O DE LICITA\u00c7\u00c3O<\/span><\/a><\/td>\n<td>Suspens\u00e3o do Proc. Licitat\u00f3rio n\u00ba 031\/2023 &#8211; Preg\u00e3o Eletr\u00f4nico n\u00ba 014\/2023, para registro de pre\u00e7os dos Servi\u00e7os de Tapa Buracos, Adequa\u00e7\u00e3o e Constru\u00e7\u00e3o de Redutores de Velocidade.<\/td>\n<\/tr>\n<tr>\n<td>\n<p><a href=\"licitacoesandamento2023\/EDITALPROCESSO0322023TOMADAP0012023ORASILUMINACAOCAMPODEFUTEBOL.pdf\">PROCESSO LICITAT\u00d3RIO N\u00ba 033\/2023 TOMADA DE PRE\u00c7OS N\u00ba 001\/2023<br \/><br \/><\/a><\/p>\n<p><span style=\"color: #003366;\"><strong><a href=\"licitacoesandamento2023\/OBRADILUMINACAO3CAMPOSMUNBALDIMPLANBDI.pdf\" style=\"color: #003366;\">Documento \u00e0 parte, inclus\u00e3o na tomada de pre\u00e7os 001.&nbsp;<\/a><\/strong><\/span><\/p>\n<\/td>\n<td>Contrata\u00e7\u00e3o de empresa especializada para Contrata\u00e7\u00e3o de empresa especializada para ilumina\u00e7\u00e3o de 03 campos de futebol, localizados nas comunidades de Botafogo, Cuia,e Vargem Grande, situados no munic\u00edpio de Baldim-MG, conforme memorial descritivo,planilha or\u00e7ament\u00e1ria, cronograma f\u00edsico-financeiro, mem\u00f3ria de c\u00e1lculo, relat\u00f3riofotogr\u00e1fico, croqui de localiza\u00e7\u00e3o e quadro de composi\u00e7\u00e3o de BDI e plantas doscampos.<\/td>\n<\/tr>\n<tr>\n<td><a href=\"licitacoesandamento2023\/EditalProcesso0322023pregaoeletronico0152023materialhidraulicosite.pdf\">PROCESSO LICITAT\u00d3RIO N\u00ba 032\/2023 PREG\u00c3O ELETR\u00d4NICO N\u00ba 015\/2023 PRE\u00c2MBULO<\/a><\/td>\n<td>Registro de Pre\u00e7os para a aquisi\u00e7\u00e3o de material hidr\u00e1ulico, para fornecimento de forma eventual e parcelada, conforme necessidade da administra\u00e7\u00e3o municipal e das condi\u00e7\u00f5es definidas no Termo de Refer\u00eancia, Anexo I do edital.<\/td>\n<\/tr>\n<tr>\n<td><a href=\"licitacoesandamento2023\/EDITALPROCESSOLICITATORIO0312023PREGAOELETRONICO0142023TAPABURACO.pdf\">PROCESSO N\u00ba 031\/2023 PREG\u00c3O ELETR\u00d4NICO N\u00ba 014\/2023<\/a><\/td>\n<td>A presente licita\u00e7\u00e3o tem por OBJETO o REGISTRO DE PRE\u00c7OS para eventual realiza\u00e7\u00e3o de Servi\u00e7os de Tapa Buracos, Adequa\u00e7\u00e3o e Constru\u00e7\u00e3o de Redutores de Velocidade para o per\u00edodo de um ano com fornecimento de m\u00e3o de obra, aplica\u00e7\u00e3o de Concreto Asf\u00e1ltico CBUQ (Concreto Betuminoso a Quente) (Aquisi\u00e7\u00e3o em usina) e Pintura de Liga\u00e7\u00e3o. AF_12\/2020, que ser\u00e1 fornecido pelo licitante, assim como a brita graduada e o transporte do material.<\/td>\n<\/tr>\n<tr>\n<td><a href=\"licitacoesandamento2023\/EDITALProcesso0302023pregaoeletronico0132023mobiliarioseeletrodomesticossite.pdf\">PROCESSO LICITAT\u00d3RIO N\u00ba 030\/2023 PREG\u00c3O ELETR\u00d4NICO N\u00ba 013\/2023<\/a><\/td>\n<td>REGISTRO DE PRE\u00c7OS PARA CONTRATA\u00c7\u00c3O DE EMPRESA PARA FORNECIMENTO DE MOBILI\u00c1RIO E ELETRODOM\u00c9STICOS, PARA ATENDER AS NECESSIDADES DAS SECRETARIAS MUNICIPAIS DE SA\u00daDE, EDUCA\u00c7\u00c3O E ASSIST\u00caNCIA SOCIAL.<\/td>\n<\/tr>\n<tr>\n<td>\n<p>&nbsp;<\/p>\n<p><a href=\"licitacoesandamento2023\/Editalpregaoeletronico0122023materiaisdeconstrucaosite.pdf\">PROCESSO LICITAT\u00d3RIO N\u00ba 029\/2023 PREG\u00c3O ELETR\u00d4NICO N\u00ba 012\/2023<\/a><\/p>\n<p>&nbsp;<\/p>\n<\/td>\n<td>REGISTRO DE PRE\u00c7OS PARA AQUISI\u00c7\u00c3O DE MATERIAL DE CONSTRU\u00c7\u00c3O PARA ATENDER A PREFEITURA MUNICIPAL DE BALDIM\/MG ATRAV\u00c9S DE SUAS SECRETARIAS JURISDICIONADAS E FUNDOS MUNICIPAIS.<\/td>\n<\/tr>\n<tr>\n<td>\n<p>&nbsp;<\/p>\n<p><a href=\"licitacoesandamento2023\/editalpregaoeletronico0112023completo.pdf\">PROCESSO LICITAT\u00d3RIO N\u00ba 028\/2023 PREG\u00c3O ELETR\u00d4NICO N\u00ba 011\/2023<\/a>&nbsp;<br \/><br \/><\/p>\n<\/td>\n<td>&nbsp;REGISTRO DE PRE\u00c7OS DOS SERVI\u00c7OS DE CONFEC\u00c7\u00c3O DE MATERIAIS GR\u00c1FICOS, COM O INTUITO DE ATENDER \u00c0S NECESSIDADES DA SECRETARIA MUNICIPAL DE SA\u00daDE DE BALDIM<\/td>\n<\/tr>\n<tr>\n<td>\n<p>&nbsp;<\/p>\n<p><a href=\"licitacoesandamento2023\/Editalprocesso0272023Pregaoeletronico0102023AquisicaodeUniformessite.pdf\">PROCESSO N\u00ba 027\/2023 PREG\u00c3O ELETR\u00d4NICO N\u00ba 010\/2023<\/a><\/p>\n<p>&nbsp;<\/p>\n<\/td>\n<td>A presente licita\u00e7\u00e3o tem por objeto Registro de Pre\u00e7os para eventual aquisi\u00e7\u00e3o de uniformes, para atender as necessidades de diversas secretarias municipais.<\/td>\n<\/tr>\n<tr>\n<td>\n<p>&nbsp;<\/p>\n<p><a href=\"licitacoesandamento2023\/editalpregaoeletronico0092023.pdf\">EDITAL DE PREG\u00c3O ELETR\u00d4NICO N\u00ba 009\/2023 PROCESSO LICITAT\u00d3RIO N\u00ba 026\/2023<\/a><\/p>\n<\/td>\n<td>CONTRATA\u00c7\u00c3O DE EMPRESA PARA FORNECIMENTO DE INSTRUMENTOS MUSICAIS PARA ATENDER \u00c0S DEMANDAS DA SECRETARIA MUNICIPAL DE ASSIST\u00caNCIA SOCIAL.<\/td>\n<\/tr>\n<tr>\n<td>\n<p>&nbsp;<\/p>\n<p><a href=\"licitacoesandamento2023\/editalchamadapublica0022023merendaescolar1.pdf\">PROCESSO LICITAT\u00d3RIO N\u00ba 025\/2023 DISPENSA DE LICITA\u00c7\u00c3O N\u00ba 002\/2023 CHAMADA P\u00daBLICA N\u00ba 002\/2023<\/a><\/p>\n<p>&nbsp;<\/p>\n<\/td>\n<td>Constitui objeto desta Chamada P\u00fablica a aquisi\u00e7\u00e3o de g\u00eaneros aliment\u00edcios diretamente da Agricultura Familiar e do Empreendedor Familiar Rural, destinados \u00e0 merenda escolar, em atendimento ao Programa Nacional de Alimenta\u00e7\u00e3o Escolar \u2013 PNAE<\/td>\n<\/tr>\n<tr>\n<td>\n<p><a href=\"licitacoesandamento2023\/EDITALCOMPLETOPROCESSOLICITATORIO0232023PREGAOELETRONICO0082023MATERIALDELIMPEZAHIGEEPI.pdf\">PROCESSO N\u00ba 023\/2023 PREG\u00c3O ELETR\u00d4NICO N\u00ba 008\/2023<\/a><\/p>\n<\/td>\n<td>\n<p>&nbsp;<\/p>\n<p>Aquisi\u00e7\u00e3o de material de limpeza, higiene e prote\u00e7\u00e3o individual para atender as necessidades das diversas Secretarias Municipais.<\/p>\n<p>&nbsp;<\/p>\n<\/td>\n<\/tr>\n<tr>\n<td>\n<p>&nbsp;<\/p>\n<p><a href=\"licitacoesandamento2023\/EDITALCOMPLETOPROCESSO0222023PREGAOELETRONICO0072023AQUISICAOONIBUSESCOLAR.pdf\">EDITAL DE PREG\u00c3O ELETR\u00d4NICO N\u00ba 007\/2023 PROCESSO N\u00ba 022\/2023<\/a><\/p>\n<p>&nbsp;<\/p>\n<\/td>\n<td>Contrata\u00e7\u00e3o de empresa para fornecimento de 01 ve\u00edculo zero km tipo \u00d4nibus Escolar Rural com capacidade para 44 passageiros sentados mais 01 assento para o motorista, para atender ao transporte escolar da Secretaria Municipal de Educa\u00e7\u00e3o.<\/td>\n<\/tr>\n<tr>\n<td>\n<p><a href=\"licitacoesandamento2023\/EDITALPROCESSO0212023PREGAO0052023ESTRUTURASPARAEVENTOS.pdf\">PROCESSO N\u00ba 021\/2023 PREG\u00c3O PRESENCIAL N\u00ba 005\/2023<\/a><\/p>\n<\/td>\n<td>Registro de Pre\u00e7os para eventual contrata\u00e7\u00e3o de empresa especializada em loca\u00e7\u00e3o de Palco, Ilumina\u00e7\u00e3o, Sonoriza\u00e7\u00e3o, Loca\u00e7\u00e3o de Tenda, Proje\u00e7\u00e3o de Imagem, Painel de Led e Tel\u00e3o, Loca\u00e7\u00e3o de banheiros, Seguran\u00e7as e outras estruturas complementares a serem utilizados nos eventos do Munic\u00edpio de Baldim, conforme descrito e especificado no Anexo III.<\/td>\n<\/tr>\n<tr>\n<td>\n<p>&nbsp;<\/p>\n<p><a href=\"licitacoesandamento2023\/EDITALEANEXOSDOPROCESSOLICITATORIO0202023PREGOELETRONICO0062023MATERIALEEQUIPAMENTOSDIVERSOSPARAOSETORDEFISIOTERAPIA.pdf\">PROCESSO N\u00ba 020\/2023 PREG\u00c3O ELETR\u00d4NICO N\u00ba 006\/2023<\/a><\/p>\n<p>&nbsp;<\/p>\n<\/td>\n<td>A presente licita\u00e7\u00e3o tem por objeto Registro de Pre\u00e7os para aquisi\u00e7\u00e3o de materiais, equipamentos e produtos diversos para o setor de Fisioterapia da Secretaria Municipal de Sa\u00fade de Baldim<\/td>\n<\/tr>\n<tr>\n<td>\n<p>PROCESSO N\u00ba 019\/2023 PREG\u00c3O ELETR\u00d4NICO N\u00ba 005\/2023<\/p>\n<p>&nbsp;<\/p>\n<p>A presente licita\u00e7\u00e3o tem por objeto Registro de pre\u00e7os para eventual aquisi\u00e7\u00e3o de F\u00f3rmulas\/ Dietas Enterais para concess\u00e3o \u00e0 pacientes da Secretaria Municipal de Sa\u00fade de Baldim, conforme prescri\u00e7\u00e3o\/ receitu\u00e1rio\/ relat\u00f3rio\/ indica\u00e7\u00e3o m\u00e9dica e\/ou nutricional, conforme descrito e especificado no Termo de Refer\u00eancia \u2013 anexo II, deste instrumento convocat\u00f3rio.<\/p>\n<\/td>\n<td><a href=\"licitacoesandamento2023\/EDITALPROCESSO0192023PREGAO0052023FORMULADIETASENTERAISSITE.pdf\">PROCESSO N\u00ba 019\/2023 PREG\u00c3O ELETR\u00d4NICO N\u00ba 005\/2023<\/a><\/td>\n<\/tr>\n<tr>\n<td>ATA EXTRAORDIN\u00c1RIA DA SESS\u00c3O DE LICITA\u00c7\u00c3O P\u00daBLICA, NA MODALIDADE DE PREG\u00c3O N\u00ba 002\/2023, RELATIVA AO PROCESSO LICITAT\u00d3RIO N\u00ba 004\/20223.<\/td>\n<td><a href=\"licitacoesandamento2023\/ATAEXTRAORDINARIADASESSAOPREGAO0042023.pdf\">PREG\u00c3O N\u00ba 002\/2023, RELATIVA AO PROCESSO LICITAT\u00d3RIO N\u00ba 004\/20223<\/a>.<\/td>\n<\/tr>\n<tr>\n<td><a href=\"licitacoesandamento2023\/EDITALPROCESSO0182023PREGAOELETRONICO0042023EPICOMPLETO.pdf\">PROCESSO N\u00ba 018\/2023 PREG\u00c3O ELETR\u00d4NICO N\u00ba 004\/2023<\/a><\/td>\n<td>A presente licita\u00e7\u00e3o tem por objeto Registro de Pre\u00e7os para futura aquisi\u00e7\u00e3o de EPIS para seguran\u00e7a dos colaboradores municipais e agentes da Defesa Civil do munic\u00edpio de Baldim, conforme descrito e especificado no Termo de Refer\u00eancia \u2013 anexo I, deste instrumento convocat\u00f3rio.<\/td>\n<\/tr>\n<tr>\n<td>\n<p><span style=\"color: #bc1e10;\"><strong>AVISO DE CONTINUIDADE E ENCERRAMENTO DE PROCESSO<\/strong><\/span><\/p>\n<\/td>\n<td>\n<p>A Prefeitura Municipal de Baldim, Estado de Minas Gerais, torna p\u00fablico que far\u00e1 a continuidade e encerramento do Processo Licitat\u00f3rio N\u00ba.&nbsp;004\/2023, na Modalidade Preg\u00e3o Presencial N\u00ba.&nbsp;002\/2023,&nbsp; para <em>&nbsp;<\/em>contrata\u00e7\u00e3o de empresa para fornecimento de instrumentos musicais para atender as demandas da Secretaria Municipal de Assist\u00eancia Social-MG.&nbsp; Data:&nbsp;05\/05\/2023 \u00e0s&nbsp;08:00h. Maiores informa\u00e7\u00f5es poder\u00e3o ser obtidos na Prefeitura Municipal de Baldim, na Rua Vitalino Augusto, 635, Centro &#8211; Telefax: (31) 3718-1255, ou pelo e-mail:&nbsp;<a href=\"mailto:licitacao@baldim.mg.gov.br\"><\/a><a href=\"mailto:licitacao@baldim.mg.gov.br\">licitacao@baldim.mg.gov.br<\/a>,&nbsp;Pedro Henrique B.Bastos\u2013 Pregoeiro&nbsp;Municipal.<\/p>\n<\/td>\n<\/tr>\n<tr>\n<td>\n<p>&nbsp;<\/p>\n<p><a href=\"licitacoesandamento2023\/EDITALPROCESSO0172023PREGAOELETRONICO0032023CORRIGIDOAQUISICAODEGENEROSALIMENTICIOS.pdf\">PROCESSO N\u00ba 017\/2023 PREG\u00c3O ELETR\u00d4NICO N\u00ba 003\/2023<\/a><\/p>\n<p>&nbsp;<\/p>\n<\/td>\n<td>Registro de pre\u00e7os para eventual fornecimento de g\u00eaneros aliment\u00edcios destinados a suprir as necessidades de diversas secretarias do munic\u00edpio de Baldim.<\/td>\n<\/tr>\n<tr>\n<td>\n<p>&nbsp;<\/p>\n<p><a href=\"licitacoesandamento2023\/editalpregaoeletronico0022023.pdf\">EDITAL DE PREG\u00c3O ELETR\u00d4NICO N\u00ba 002\/2023 PROCESSO LICITAT\u00d3RIO N\u00ba 016\/2023<\/a><\/p>\n<p>&nbsp;<\/p>\n<\/td>\n<td>Contrata\u00e7\u00e3o de empresa para fornecimento de Calc\u00e1rio Dolom\u00edtico para distribui\u00e7\u00e3o gratuita a agricultores familiares e pequenos produtores rurais do Munic\u00edpio de Baldim.<\/td>\n<\/tr>\n<tr>\n<td>\n<p>&nbsp;<\/p>\n<p><a href=\"licitacoesandamento2023\/EDITALCOMANEXOSPROCESSOLICITATORIO0142023PREGAOELETRONICO0012023MATERIALDELIMPEZA.pdf\">PROCESSO N\u00ba 014\/2023 PREG\u00c3O ELETR\u00d4NICO N\u00ba 001\/2023<\/a><\/p>\n<p>&nbsp;<\/p>\n<\/td>\n<td>A presente licita\u00e7\u00e3o tem por objeto Registro de Pre\u00e7os para eventual aquisi\u00e7\u00e3o de material de limpeza, higiene e prote\u00e7\u00e3o individual para atender as necessidades das diversas Secretarias Municipais.<\/td>\n<\/tr>\n<tr>\n<td>\n<p>&nbsp;<\/p>\n<p>PROCESSO LICITAT\u00d3RIO N\u00ba 015.2023 EDITAL DE PREG\u00c3O PRESENCIAL N\u00ba 004.2023<\/p>\n<p>&nbsp;<\/p>\n<\/td>\n<td><a href=\"licitacoesandamento2023\/EDITALPROCESSO0152023PREGAO0042023TRANSPORTEESCOLAR.pdf\">Contrata\u00e7\u00e3o de Servi\u00e7os de Transporte Escolar<\/a><\/td>\n<\/tr>\n<tr>\n<td>\n<p>&nbsp;<\/p>\n<p><span style=\"color: #ff0000;\">Resposta ao recurso imposto pela licitante <strong>KEDMA ISABEL DE ASSIS ME<\/strong><\/span><\/p>\n<p>&nbsp;<\/p>\n<\/td>\n<td><a href=\"licitacoesandamento2023\/respostaarecursokedmaIsabel.pdf\">respostaarecursokedmaIsabel.pdf<\/a><\/td>\n<\/tr>\n<tr>\n<td>\n<p>EXTRATO DE PUBLICA\u00c7\u00c3O DE INTEN\u00c7\u00c3O DE ADES\u00c3O A ATA DE REGISTRO DE PRE\u00c7OS<\/p>\n<p>&nbsp;<\/p>\n<p>Processo Licitat\u00f3rio n\u00ba 089\/2022, promovido pelo Munic\u00edpio de S\u00e3o Pedro do Sua\u00e7u\u00ed\/MG para aquisi\u00e7\u00e3o de medicamentos.<\/p>\n<\/td>\n<td><a href=\"licitacoesandamento2023\/extratointencaodeadesao.pdf\">Ata de Registro de Pre\u00e7os n\u00ba 029\/2022<\/a><\/td>\n<\/tr>\n<tr>\n<td><a href=\"licitacoesandamento2023\/EditalProc0102023pregao0032023registrodeprecosparaaquisicaodeoxigeniomedicinal.pdf\">PROCESSO N\u00ba 010\/2023 PREG\u00c3O PRESENCIAL N\u00ba 003\/2023<\/a><\/td>\n<td>A presente licita\u00e7\u00e3o tem por objeto eventual Registro de pre\u00e7os para eventual fornecimento de oxig\u00eanio medicinal para suprir as necessidades da Secretaria Municipal de Sa\u00fade de Baldim, conforme descrito e especificado no Termo de Refer\u00eancia \u2013 Anexo II, deste instrumento convocat\u00f3rio.<\/td>\n<\/tr>\n<tr>\n<td>\n<p>&nbsp;<\/p>\n<p><a href=\"licitacoesandamento2023\/EditaProc0042023preg0022023instrumentosmusicais.pdf\">EDITAL DE PREG\u00c3O PRESENCIAL N\u00ba 002\/2023 PROCESSO n\u00ba 004\/2023<\/a><\/p>\n<p>&nbsp;<\/p>\n<\/td>\n<td>A presente licita\u00e7\u00e3o tem por objeto a Contrata\u00e7\u00e3o de empresa para fornecimento de instrumentos musicais para atender as demandas da Secretaria Municipal de Assist\u00eancia Social-MG.<\/td>\n<\/tr>\n<tr>\n<td><a href=\"licitacoesandamento2023\/editalProc0032023pregao0012023registrodeprecosparaaquisicaodebloquetes.pdf\">PROCESSO N\u00ba 003\/2023 PREG\u00c3O PRESENCIAL N\u00ba 001\/2023<\/a><\/td>\n<td>A presente licita\u00e7\u00e3o tem por objeto Registro de Pre\u00e7os para eventual Aquisi\u00e7\u00e3o de bloquetes intertravados para pavimenta\u00e7\u00e3o das vias urbanas e pra\u00e7as no munic\u00edpio de Baldim-MG, conforme descrito e especificado no Termo de Refer\u00eancia \u2013 Anexo II, deste instrumento convocat\u00f3rio.<\/td>\n<\/tr>\n<tr>\n<td>\n<p><a href=\"licitacoesandamento2022\/EditalChamadaPublica0012023GenerosAlimenticiosMerendEscolarPnae.pdf\">PROCESSO LICITAT\u00d3RIO N\u00ba 001\/2023 DISPENSA DE LICITA\u00c7\u00c3O N\u00ba 001\/2023 CHAMADA P\u00daBLICA N\u00ba 001\/2023<\/a><\/p>\n&nbsp;<\/td>\n<td>EDITAL DE CHAMADA P\u00daBLICA PARA AQUISI\u00c7\u00c3O DE G\u00caNEROS ALIMENT\u00cdCIOS, DIRETAMENTE DA AGRICULTURA FAMILIAR E DO EMPREENDEDOR FAMILIAR RURAL, DESTINADOS \u00c0 MERENDA ESCOLAR. EM ATENDIMENTO AO PROGRAMA NACIONAL DE ALIMENTA\u00c7\u00c3O ESCOLAR \u2013 PNAE.&nbsp;<\/td>\n<\/tr>\n<\/tbody>\n<\/table>\n<p>&nbsp;<\/p>\t\t\t\t\t\t<\/div>\n\t\t\t\t<\/div>\n\t\t\t\t\t<\/div>\n\t\t<\/div>\n\t\t\t\t\t\t\t<\/div>\n\t\t<\/section>\n\t\t\t\t\t\t<\/div>\n\t\t\t\t\t<\/div>\n\t\t","protected":false},"excerpt":{"rendered":"<p>PROCESSO LICITAT\u00d3RIO N\u00ba 064\/2023 PREG\u00c3O ELETR\u00d4NICO N\u00ba 022\/2023 Registro de Pre\u00e7os de material de escrit\u00f3rio, material did\u00e1tico e de inform\u00e1tica para atender as necessidades de diversas Secretarias deste Munic\u00edpio e das condi\u00e7\u00f5es<a class=\"moretag\" href=\"https:\/\/baldim.mg.gov.br\/wsite\/?page_id=2742\">leia mais<\/a><\/p>\n","protected":false},"author":2,"featured_media":0,"parent":0,"menu_order":0,"comment_status":"closed","ping_status":"closed","template":"","meta":{"footnotes":""},"class_list":["post-2742","page","type-page","status-publish","hentry"],"_links":{"self":[{"href":"https:\/\/baldim.mg.gov.br\/wsite\/index.php?rest_route=\/wp\/v2\/pages\/2742","targetHints":{"allow":["GET"]}}],"collection":[{"href":"https:\/\/baldim.mg.gov.br\/wsite\/index.php?rest_route=\/wp\/v2\/pages"}],"about":[{"href":"https:\/\/baldim.mg.gov.br\/wsite\/index.php?rest_route=\/wp\/v2\/types\/page"}],"author":[{"embeddable":true,"href":"https:\/\/baldim.mg.gov.br\/wsite\/index.php?rest_route=\/wp\/v2\/users\/2"}],"replies":[{"embeddable":true,"href":"https:\/\/baldim.mg.gov.br\/wsite\/index.php?rest_route=%2Fwp%2Fv2%2Fcomments&post=2742"}],"version-history":[{"count":4,"href":"https:\/\/baldim.mg.gov.br\/wsite\/index.php?rest_route=\/wp\/v2\/pages\/2742\/revisions"}],"predecessor-version":[{"id":2762,"href":"https:\/\/baldim.mg.gov.br\/wsite\/index.php?rest_route=\/wp\/v2\/pages\/2742\/revisions\/2762"}],"wp:attachment":[{"href":"https:\/\/baldim.mg.gov.br\/wsite\/index.php?rest_route=%2Fwp%2Fv2%2Fmedia&parent=2742"}],"curies":[{"name":"wp","href":"https:\/\/api.w.org\/{rel}","templated":true}]}}