{"id":2739,"date":"2025-07-01T00:18:02","date_gmt":"2025-07-01T00:18:02","guid":{"rendered":"https:\/\/baldim.mg.gov.br\/wsite\/?page_id=2739"},"modified":"2025-07-01T00:25:08","modified_gmt":"2025-07-01T00:25:08","slug":"licitacoes-2022","status":"publish","type":"page","link":"https:\/\/baldim.mg.gov.br\/wsite\/?page_id=2739","title":{"rendered":"Licita\u00e7\u00f5es 2022"},"content":{"rendered":"\t\t<div data-elementor-type=\"wp-page\" data-elementor-id=\"2739\" class=\"elementor elementor-2739\" data-elementor-settings=\"[]\">\n\t\t\t\t\t\t\t<div class=\"elementor-section-wrap\">\n\t\t\t\t\t\t\t<section class=\"elementor-section elementor-top-section elementor-element elementor-element-ea87a4e elementor-section-boxed elementor-section-height-default elementor-section-height-default wpr-particle-no wpr-jarallax-no wpr-parallax-no wpr-sticky-section-no\" data-id=\"ea87a4e\" data-element_type=\"section\">\n\t\t\t\t\t\t<div class=\"elementor-container elementor-column-gap-default\">\n\t\t\t\t\t<div class=\"elementor-column elementor-col-100 elementor-top-column elementor-element elementor-element-6939b89\" data-id=\"6939b89\" data-element_type=\"column\">\n\t\t\t<div class=\"elementor-widget-wrap elementor-element-populated\">\n\t\t\t\t\t\t\t\t\t<\/div>\n\t\t<\/div>\n\t\t\t\t\t\t\t<\/div>\n\t\t<\/section>\n\t\t\t\t<section class=\"elementor-section elementor-top-section elementor-element elementor-element-eb8cfa6 elementor-section-boxed elementor-section-height-default elementor-section-height-default wpr-particle-no wpr-jarallax-no wpr-parallax-no wpr-sticky-section-no\" data-id=\"eb8cfa6\" data-element_type=\"section\">\n\t\t\t\t\t\t<div class=\"elementor-container elementor-column-gap-default\">\n\t\t\t\t\t<div class=\"elementor-column elementor-col-100 elementor-top-column elementor-element elementor-element-947ce95\" data-id=\"947ce95\" data-element_type=\"column\">\n\t\t\t<div class=\"elementor-widget-wrap elementor-element-populated\">\n\t\t\t\t\t\t\t\t<div class=\"elementor-element elementor-element-a8fc8fa elementor-widget elementor-widget-text-editor\" data-id=\"a8fc8fa\" data-element_type=\"widget\" data-widget_type=\"text-editor.default\">\n\t\t\t\t<div class=\"elementor-widget-container\">\n\t\t\t<style>\/*! elementor - v3.5.4 - 23-01-2022 *\/\n.elementor-widget-text-editor.elementor-drop-cap-view-stacked .elementor-drop-cap{background-color:#818a91;color:#fff}.elementor-widget-text-editor.elementor-drop-cap-view-framed .elementor-drop-cap{color:#818a91;border:3px solid;background-color:transparent}.elementor-widget-text-editor:not(.elementor-drop-cap-view-default) .elementor-drop-cap{margin-top:8px}.elementor-widget-text-editor:not(.elementor-drop-cap-view-default) .elementor-drop-cap-letter{width:1em;height:1em}.elementor-widget-text-editor .elementor-drop-cap{float:left;text-align:center;line-height:1;font-size:50px}.elementor-widget-text-editor .elementor-drop-cap-letter{display:inline-block}<\/style>\t\t\t\t<table style=\"background-color: #fafafa; border: 2px solid #000000;\" rules=\"all\">\n<tbody>\n<tr>\n<td><em><span style=\"font-family: verdana, geneva;\"><strong>&nbsp;Licita\u00e7\u00f5es do Ano de 2022<\/strong><\/span><\/em><\/td>\n<\/tr>\n<tr>\n<td>\n<p>&nbsp;RESULTADO DO PROCESSO LICITAT\u00d3RIO N\u00ba 084\/2022 MODALIDADE PREG\u00c3O PRESENCIAL N\u00ba <a href=\"licitacoesfinalizadas2022\/RESULTADOrdfgdf.pdf\">033\/2022.<\/a><\/p>\n<\/td>\n<\/tr>\n<tr>\n<td>\n<p>&nbsp;RESULTADO DO PROCESSO LICITAT\u00d3RIO N\u00ba <a href=\"licitacoesfinalizadas2022\/resultadoProcesso0822022pregoeletrnico0042022tratorplantadeira.pdf\">082\/2022<\/a>, MODALIDADE PREG\u00c3O ELETR\u00d4NICO<\/p>\n<\/td>\n<\/tr>\n<tr>\n<td>\n<p>&nbsp;RESULTADO DO PROCESSO LICITAT\u00d3RIO N\u00ba <a href=\"licitacoesfinalizadas2022\/resultadoproc0792022parapublicar.pdf\">079\/2022<\/a> MODALIDADE PREG\u00c3O<\/p>\n<\/td>\n<\/tr>\n<tr>\n<td>\n<p>&nbsp;RESULTADO DA INEXIGIBILIDADE DO PROCESSO LICITAT\u00d3RIO N\u00ba <a href=\"licitacoesfinalizadas2022\/resultadomarilexisy678io.pdf\">029\/2015<\/a><\/p>\n<\/td>\n<\/tr>\n<tr>\n<td>\n<p>RESULTADO DO PROCESSO LICITAT\u00d3RIO N\u00ba 081\/2022, ADES\u00c3O A REGISTRO DE PRE\u00c7OS DE N\u00b0 <a href=\"licitacoesfinalizadas2022\/RESULTADOPROCESSO08022ADESAO0342022POUSOFARMA.pdf\">034\/2022<\/a><\/p>\n<\/td>\n<\/tr>\n<tr>\n<td>\n<p>RESULTADO DO PROCESSO LICITAT\u00d3RIO N\u00ba 080\/2022, ADES\u00c3O A REGISTRO DE PRE\u00c7OS DE N\u00b0 <a href=\"contratos2022\/RESULTADOPROCESSO0802022ADESAO03332022DISTRIBUIDORADEMEDICAMENTOSBACKES.pdf\">033\/2022<\/a><\/p>\n<\/td>\n<\/tr>\n<tr>\n<td>\n<p>RESULTADO DO PROCESSO LICITAT\u00d3RIO N\u00ba 077\/2022, ADES\u00c3O A REGISTRO DE PRE\u00c7OS DE N\u00b0 <a href=\"licitacoesfinalizadas2022\/RESULTADOPROCESSO0772022GLOBALMIX.pdf\">032\/2022<\/a><\/p>\n<\/td>\n<\/tr>\n<tr>\n<td>\n<p>&nbsp;RESULTADO DO PROCESSO LICITAT\u00d3RIO N\u00ba 076\/2022, ADES\u00c3O A REGISTRO DE PRE\u00c7OS DE N\u00b0 <a href=\"licitacoesfinalizadas2022\/RESULTADOPROCESSO0762022ADESAO032022PONTESEGUEDES.pdf\">031\/2022<\/a><\/p>\n<\/td>\n<\/tr>\n<tr>\n<td>\n<p>RESULTADO DO PROCESSO LICITAT\u00d3RIO N\u00ba 075\/2022, ADES\u00c3O A REGISTRO DE PRE\u00c7OS DE N\u00b0 <a href=\"licitacoesfinalizadas2022\/RESULTADOPROCESSO0752022ADESAO0302022ACACIACOMERCIO.pdf\">030\/2022<\/a><\/p>\n<\/td>\n<\/tr>\n<tr>\n<td>\n<p>&nbsp;RESULTADO DO PROCESSO LICITAT\u00d3RIO N\u00ba 074\/2022, ADES\u00c3O A REGISTRO DE PRE\u00c7OS DE N\u00b0 <a href=\"licitacoesfinalizadas2022\/RESULTADOPROCESSO074202ADESO0292022CIRURGICAYSTIN.pdf\">029\/2022<\/a><\/p>\n<\/td>\n<\/tr>\n<tr>\n<td>\n<p>RESULTADO DO PROCESSO LICITAT\u00d3RIO N\u00ba 073\/2022, ADES\u00c3O A REGISTRO DE PRE\u00c7OS DE N\u00b0 <a href=\"licitacoesfinalizadas2022\/resultadoprocesso0732022.pdf\">028\/2022<\/a><\/p>\n<\/td>\n<\/tr>\n<tr>\n<td>\n<p>RESULTADO DO PROCESSO LICITAT\u00d3RIO N\u00ba 072\/2022, ADES\u00c3O A REGISTRO DE PRE\u00c7OS DE N\u00b0 <a href=\"licitacoesfinalizadas2022\/RESULTADOPROCESSO0722022ADESO0272022PROMEFARMA.pdf\">027\/2022<\/a><\/p>\n<\/td>\n<\/tr>\n<tr>\n<td>\n<p>&nbsp;RESULTADO DO PROCESSO LICITAT\u00d3RIO N\u00ba 071\/2022, ADES\u00c3O A REGISTRO DE PRE\u00c7OS DE N\u00b0 <a href=\"licitacoesfinalizadas2022\/resultadoprocesso0712022comercialcirurgicarioclarense.pdf\">026\/2022<\/a><\/p>\n<\/td>\n<\/tr>\n<tr>\n<td>\n<p>&nbsp;RESULTADO DO PROCESSO LICITAT\u00d3RIO N\u00ba 070\/2022, ADES\u00c3O A REGISTRO DE PRE\u00c7OS DE N\u00b0 <a href=\"licitacoesfinalizadas2022\/resultadoprocesso0702022.pdf\">025\/2022<\/a><\/p>\n<\/td>\n<\/tr>\n<tr>\n<td>\n<p>RESULTADO DO PROCESSO LICITAT\u00d3RIO N\u00ba 054\/2022, MODALIDADE PREG\u00c3O 029\/2022<\/p>\n<p><a href=\"licitacoesfinalizadas2022\/RESULTADOwsdf.pdf\">054\/2022<\/a><\/p>\n<\/td>\n<\/tr>\n<tr>\n<td>\n<p>&nbsp;RESULTADO DO PROCESSO LICITAT\u00d3RIO N\u00ba 041\/2022, TOMADA DE PRE\u00c7OS N\u00ba 003\/2022<\/p>\n<p><a href=\"licitacoesfinalizadas2022\/resultadot0032022parapublicarnosite.pdf\">041\/2022<\/a><\/p>\n<\/td>\n<\/tr>\n<tr>\n<td>ACORDO DE COOPERA\u00c7\u00c3O &#8211;&nbsp;Estabelecimento de parceria entre o Munic\u00edpio de Baldim\/MG e Organiza\u00e7\u00f5es da Sociedade Civil, visando o melhoramento do Distrito de S\u00e3o Vicente com a Revitaliza\u00e7\u00e3o da Pra\u00e7a P\u00fablica Coronel Caetano Mascarenhas (Principal) e Pra\u00e7a Em\u00edlio Vasconcelos. <a href=\"licitacoesfinalizadas2022\/AcordodeCooperacao.pdf\">Clique aqui<\/a><\/td>\n<\/tr>\n<tr>\n<td>\n<p>&nbsp;TERMO DE FOMENTO N\u00ba001\/2022 &#8211; <a href=\"licitacoesfinalizadas2022\/Termodefomento012022.pdf\">Clique aqui<\/a><\/p>\n<p>&nbsp;<\/p>\n<\/td>\n<\/tr>\n<tr>\n<td>\n<p>&nbsp;<\/p>\n<p>Termo de Fomento N\u00ba002\/2022 &#8211; <a href=\"licitacoesfinalizadas2022\/Termodefomento022022.pdf\">Clique aqui<\/a><\/p>\n<p>&nbsp;<\/p>\n<\/td>\n<\/tr>\n<tr>\n<td>\n<p>&nbsp;RESULTADO DO PROCESSO LICITAT\u00d3RIO N\u00ba 066\/2022, ADES\u00c3O A REGISTRO DE PRE\u00c7OS DE N\u00b0 021\/2022<\/p>\n<p><a href=\"licitacoesandamento2022\/RESULTADOPROCESSO0662022ADESAO0212022MDFARMADISTRIBUIDORATACADISTA.pdf\">MD FARMA DISTRIBUIDOR ATACADISTA LTDA<\/a><\/p>\n<\/td>\n<\/tr>\n<tr>\n<td>\n<p>RESULTADO DO PROCESSO LICITAT\u00d3RIO N\u00ba 065\/2022, ADES\u00c3O A REGISTRO DE PRE\u00c7OS DE N\u00b0 020\/2022<\/p>\n<p><a href=\"licitacoesfinalizadas2022\/RESULTADOPROCESSO0652022ADESAO0202022SIRIOFHARMA.pdf\">S\u00cdRIO PHARMA EIRELI<\/a><\/p>\n<\/td>\n<\/tr>\n<tr>\n<td>\n<p>&nbsp;RESULTADO DO PROCESSO LICITAT\u00d3RIO N\u00ba 064\/2022, ADES\u00c3O A REGISTRO DE PRE\u00c7OS DE N\u00b0 019\/2022<\/p>\n<p><a href=\"licitacoesfinalizadas2022\/RESULTADOPROCESSO0642022ADESAO0192022CONQUISTADISTRIBUIDORADEMEDICAMENTOS.pdf\">CONQUISTA DISTRIBUIDORA DE MEDICAMENTOS E PRODUTOS HOSPITALARES EIRELI.<\/a><\/p>\n<\/td>\n<\/tr>\n<tr>\n<td>\n<p>&nbsp;<\/p>\n<p>RESULTADO DO PROCESSO LICITAT\u00d3RIO N\u00ba 063\/2022, ADES\u00c3O A REGISTRO DE PRE\u00c7OS DE N\u00b0 018\/2022<\/p>\n<p><a href=\"licitacoesfinalizadas2022\/RESULTADOPROCESSO0632022ADESAO0182022VIVACOMERCIOATACADISTA.pdf\">VIVA COM\u00c9RCIO ATACADISTA DE MEDICAMENTOS LTDA<\/a><\/p>\n<\/td>\n<\/tr>\n<tr>\n<td>\n<p>&nbsp;RESULTADO DO PROCESSO LICITAT\u00d3RIO N\u00ba 050\/2022 MODALIDADE PREG\u00c3O N\u00ba 026\/2022<\/p>\n<p><a href=\"licitacoesfinalizadas2022\/RESULTADOPROCESSO0502022PR0262022AQDEMATERIAISINSUMOEQUIPAMENTOSPLABDEANALISES.pdf\">050\/2022<\/a><\/p>\n<\/td>\n<\/tr>\n<tr>\n<td>\n<p>&nbsp;RESULTADO DO PROCESSO LICITAT\u00d3RIO N\u00ba 053\/2022, MODALIDADE PREG\u00c3O 028\/2022<\/p>\n<p><a href=\"licitacoesfinalizadas2022\/RESULTADOert.pdf\">053\/2022<\/a><\/p>\n<\/td>\n<\/tr>\n<tr>\n<td>\n<p>&nbsp;RESULTADO DO PROCESSO LICITAT\u00d3RIO N\u00ba 061\/2022, ADES\u00c3O A REGISTRO DE PRE\u00c7OS DE N\u00b0 017\/2022<\/p>\n<p><a href=\"licitacoesfinalizadas2022\/RESULTADOPROCESSO0612022.pdf\">ALFALAGOS LTDA<\/a><\/p>\n<\/td>\n<\/tr>\n<tr>\n<td>\n<p>&nbsp;RESULTADO DO PROCESSO LICITAT\u00d3RIO N\u00ba 060\/2022, ADES\u00c3O A REGISTRO DE PRE\u00c7OS DE N\u00b0 016\/2022&nbsp; &#8211;&nbsp;<a href=\"licitacoesfinalizadas2022\/RESULTADOPROCESSO0602022ADESAO0162022WFDISTRIBUIDORAdocx.pdf\">WF DISTRIBUIDORA DE MEDICAMENTOS LTDA<\/a><\/p>\n<\/td>\n<\/tr>\n<tr>\n<td>\n<p>&nbsp;RESULTADO DO PROCESSO LICITAT\u00d3RIO N\u00ba 057\/2022, ADES\u00c3O A REGISTRO DE PRE\u00c7OS DE N\u00b0 013\/2022 &#8211;&nbsp;Signat\u00e1rio : <a href=\"licitacoesfinalizadas2022\/RESULTADOPROCESSO0572022ADESAO0132022EQUIPARMEDICOEHOSPITALAR.pdf\">EQUIPAR M\u00c9DICO HOSPITALAR LTDA<\/a>&nbsp;<\/p>\n<\/td>\n<\/tr>\n<tr>\n<td>\n<p>&nbsp;RESULTADO DO PROCESSO LICITAT\u00d3RIO N\u00ba 043\/2022 MODALIDADE PREG\u00c3O &#8211;&nbsp;<a href=\"licitacoesfinalizadas2022\/RESULTADOPROCESSO0432022.pdf\">LICITANTES VENCEDORES<\/a><\/p>\n<p>&nbsp;<\/p>\n<\/td>\n<\/tr>\n<tr>\n<td>\n<p>&nbsp;RESULTADO DO PROCESSO LICITAT\u00d3RIO N\u00ba 042\/2022, MODALIDADE PREG\u00c3O 021\/2022 &#8211;&nbsp;<a href=\"licitacoesfinalizadas2022\/RESULTADOPROCESSO0422022PREGO0212022MATCONSTRUCAO.pdf\">LICITANTES VENCEDORES<\/a><\/p>\n<\/td>\n<\/tr>\n<tr>\n<td>\n<p>RESULTADO DA INEXIGIBILIDADE DO PROCESSO LICITAT\u00d3RIO N\u00ba 029\/2015 &#8211;&nbsp;<a href=\"licitacoesfinalizadas2022\/resultadocsltda.pdf\">CS Ltda.<\/a><\/p>\n<p>&nbsp;<\/p>\n<\/td>\n<\/tr>\n<tr>\n<td>\n<p>&nbsp;RESULTADO DO PROCESSO LICITAT\u00d3RIO N\u00ba 038\/2022, ADES\u00c3O A REGISTRO DE PRE\u00c7OS DE N\u00b0 010\/2022 &#8211;&nbsp;<a href=\"licitacoesfinalizadas2022\/RESULTADOPROCESSON0382022.pdf\">RD PHARMA LTDA<\/a>&nbsp;&nbsp;<\/p>\n<\/td>\n<\/tr>\n<tr>\n<td>\n<p>&nbsp;RESULTADO DO PROCESSO LICITAT\u00d3RIO N\u00ba 025\/2022, TOMADA DE PRE\u00c7OS N\u00ba 002\/2022 &#8211;&nbsp;<a href=\"licitacoesfinalizadas2022\/resultadoprocessolicitatorion025.pdf\">\u00c1REA CRIATIVA SERVI\u00c7OS E PRODU\u00c7\u00d5ES EIRELI<\/a><\/p>\n<\/td>\n<\/tr>\n<tr>\n<td>\n<p>&nbsp;RESULTADO DA DISPENSA DE LICITA\u00c7\u00c3O DO PROCESSO LICITAT\u00d3RIO N\u00ba 040\/2022-&nbsp;<a href=\"licitacoesfinalizadas2022\/RESULTADOPROCESSO0402022.pdf\">MICHELLE APARECIDA MARTINS CAMPELO REIS<\/a><\/p>\n<\/td>\n<\/tr>\n<tr>\n<td>\n<p>&nbsp;RESULTADO DO PROCESSO LICITAT\u00d3RIO N\u00ba 036\/2022, MODALIDADE PREG\u00c3O 018\/2022 &#8211;&nbsp;<a href=\"licitacoesfinalizadas2022\/RESULTADOPROCESSO0362022.pdf\">LMS LOCA\u00c7\u00d5ES LTDA<\/a><\/p>\n<\/td>\n<\/tr>\n<tr>\n<td>\n<p>&nbsp;RESULTADO DO PROCESSO LICITAT\u00d3RIO N\u00ba 033\/2022, MODALIDADE PREG\u00c3O 016\/2022-&nbsp;<a href=\"licitacoesfinalizadas2022\/RESULTADOPROCESSO0332022.pdf\">OSCIMAR COTA BARBOSA<\/a><\/p>\n<\/td>\n<\/tr>\n<tr>\n<td>\n<p>&nbsp;RESULTADO DO PROCESSO LICITAT\u00d3RIO N\u00ba 029\/2022 MODALIDADE PREG\u00c3O &#8211;&nbsp;HMN ENGENHARIA EIRELI &#8211;&nbsp;<a href=\"contratos2022\/RESULTADOPROCESSO0292022.pdf\">RESULTADOPROCESSO0292022.pdf<\/a><\/p>\n<\/td>\n<\/tr>\n<tr>\n<td>\n<p>&nbsp;RESULTADO DO PROCESSO LICITAT\u00d3RIO N\u00ba 034\/2022, ADES\u00c3O A REGISTRO DE PRE\u00c7OS DE N\u00b0 009\/2022-&nbsp;Contratado: MULTIMEDIC COMERCIAL LTDA-ME Objeto: Ades\u00e3o \u00e0 ata registro de pre\u00e7os para aquisi\u00e7\u00e3o de MATERIAL E EQUIPAMENTO MEDICO HOSPITALAR-&nbsp; <a href=\"licitacoesfinalizadas2022\/RESULTADOPROCESSO0342022ADESAO0092022MULTIMEDIC.pdf\">Clique aqui<\/a><\/p>\n<\/td>\n<\/tr>\n<tr>\n<td>\n<p>&nbsp;RESULTADO DO PROCESSO LICITAT\u00d3RIO N\u00ba 028\/2022, MODALIDADE ADES\u00c3O A REGISTRO DE PRE\u00c7OS DE N\u00b0 008\/2022 &#8211; <a href=\"licitacoesfinalizadas2022\/resultado.pdf\">Clique aqui<\/a><\/p>\n<\/td>\n<\/tr>\n<tr>\n<td>\n<p>&nbsp;RESULTADO DA DISPENSA DE LICITA\u00c7\u00c3O DO PROCESSO LICITAT\u00d3RIO N\u00ba 026\/2022 &#8211; <a href=\"licitacoesfinalizadas2022\/RESULTADOPROCESSO0262022DISPENSA0052022LIMOVELECEDUC.pdf\">Clique aqui<\/a><\/p>\n<\/td>\n<\/tr>\n<tr>\n<td>\n<p>&nbsp;RESULTADO DO PROCESSO LICITAT\u00d3RIO N\u00ba 019\/2022, MODALIDADE PREG\u00c3O &#8211;&nbsp; <a href=\"licitacoesfinalizadas2022\/RESULTADOPROCESSO0192022P0082022GENEROSALIMENTICIOS.pdf\">Clique aqui<\/a><\/p>\n<\/td>\n<\/tr>\n<tr>\n<td>\n<p>&nbsp;RESULTADO DA DISPENSA DE LICITA\u00c7\u00c3O DO PROCESSO LICITAT\u00d3RIO N\u00ba 021\/2022 &#8211; <a href=\"licitacoesfinalizadas2022\/RESULTADOPROCESSO0212022DISPENSA0042022ALUGUELESTRATEGIASAUDEDAFAMILIA.pdf\">Clique aqui<\/a><\/p>\n<\/td>\n<\/tr>\n<tr>\n<td>\n<p>&nbsp;RESULTADO DO PROCESSO LICITAT\u00d3RIO N\u00ba 014\/2022, MODALIDADE PREG\u00c3O N\u00ba 007\/2022 &#8211; <a href=\"licitacoesfinalizadas2022\/RESULTADOPROCESSO0142022.pdf\">Clique aqui<\/a><\/p>\n<\/td>\n<\/tr>\n<tr>\n<td>\n<p>&nbsp;RESULTADO DO PROCESSO LICITAT\u00d3RIO N\u00ba 010\/2022, MODALIDADE PREG\u00c3O N\u00ba 006\/2022 &#8211;&nbsp;<a href=\"licitacoesfinalizadas2022\/RESULTADOPROCESSO0102022.pdf\">Clique aqui<\/a><\/p>\n<\/td>\n<\/tr>\n<tr>\n<td>\n<p>&nbsp;RESULTADO DO PROCESSO LICITAT\u00d3RIO N\u00ba 009\/2022, MODALIDADE PREG\u00c3O 005\/2022 &#8211;<a href=\"licitacoesfinalizadas2022\/RESULTADOPROCESSO0092022.pdf\">Clique aqui<\/a><\/p>\n<\/td>\n<\/tr>\n<tr>\n<td>\n<p>&nbsp;RESULTADO DO PROCESSO LICITAT\u00d3RIO N\u00ba 017\/2022, ADES\u00c3O A REGISTRO DE PRE\u00c7OS DE N\u00b0 005\/2022- <a href=\"licitacoesfinalizadas2022\/RESULTADOPROCESSO0172022ADESAO0052022FVPCOELHO.pdf\">Clique aqui<\/a><\/p>\n<\/td>\n<\/tr>\n<tr>\n<td>\n<p>&nbsp;RESULTADO DO PROCESSO LICITAT\u00d3RIO N\u00ba 016\/2022, ADES\u00c3O A REGISTRO DE PRE\u00c7OS DE N\u00b0 004\/2022- <a href=\"licitacoesfinalizadas2022\/RESULTADOPROCESSO0162022ADESAO0042022QUALITYCOMMERCE.pdf\">Clique aqui<\/a><\/p>\n<\/td>\n<\/tr>\n<tr>\n<td>\n<p>&nbsp;RESULTADO DO PROCESSO LICITAT\u00d3RIO N\u00ba 012\/2022, ADES\u00c3O A REGISTRO DE PRE\u00c7OS DE N\u00b0 001\/2022- <a href=\"licitacoesfinalizadas2022\/RESULTASOPROCESSON0122022ADESAO0012022.pdf\">Clique aqui<\/a><\/p>\n<\/td>\n<\/tr>\n<tr>\n<td>\n<p>&nbsp;RESULTADO DO PROCESSO LICITAT\u00d3RIO N\u00ba 008\/2022, MODALIDADE PREG\u00c3O 004\/2022- <a href=\"licitacoesfinalizadas2022\/RESULTADOPROCESSO0082022.pdf\">Clique aqui<\/a><\/p>\n<\/td>\n<\/tr>\n<tr>\n<td>\n<p>&nbsp;RESULTADO DO PROCESSO LICITAT\u00d3RIO N\u00ba 005\/2022, MODALIDADE PREG\u00c3O 002\/2022- <a href=\"licitacoesfinalizadas2022\/RESULTADOPROCESSO0052022.pdf\">Clique aqui<\/a><\/p>\n<\/td>\n<\/tr>\n<tr>\n<td>\n<p>&nbsp;RESULTADO DO PROCESSO LICITAT\u00d3RIO N\u00ba 013\/2022, ADES\u00c3O A REGISTRO DE PRE\u00c7OS DE N\u00b0 002\/2022- <a href=\"licitacoesfinalizadas2022\/RESULTADO.pdf\">Clique aqui<\/a><\/p>\n<\/td>\n<\/tr>\n<\/tbody>\n<\/table>\n<p>&nbsp;<\/p>\t\t\t\t\t\t<\/div>\n\t\t\t\t<\/div>\n\t\t\t\t\t<\/div>\n\t\t<\/div>\n\t\t\t\t\t\t\t<\/div>\n\t\t<\/section>\n\t\t\t\t\t\t<\/div>\n\t\t\t\t\t<\/div>\n\t\t","protected":false},"excerpt":{"rendered":"<p>&nbsp;Licita\u00e7\u00f5es do Ano de 2022 &nbsp;RESULTADO DO PROCESSO LICITAT\u00d3RIO N\u00ba 084\/2022 MODALIDADE PREG\u00c3O PRESENCIAL N\u00ba 033\/2022. &nbsp;RESULTADO DO PROCESSO LICITAT\u00d3RIO N\u00ba 082\/2022, MODALIDADE PREG\u00c3O ELETR\u00d4NICO &nbsp;RESULTADO DO PROCESSO LICITAT\u00d3RIO N\u00ba 079\/2022 MODALIDADE<a class=\"moretag\" href=\"https:\/\/baldim.mg.gov.br\/wsite\/?page_id=2739\">leia mais<\/a><\/p>\n","protected":false},"author":2,"featured_media":0,"parent":0,"menu_order":0,"comment_status":"closed","ping_status":"closed","template":"","meta":{"footnotes":""},"class_list":["post-2739","page","type-page","status-publish","hentry"],"_links":{"self":[{"href":"https:\/\/baldim.mg.gov.br\/wsite\/index.php?rest_route=\/wp\/v2\/pages\/2739","targetHints":{"allow":["GET"]}}],"collection":[{"href":"https:\/\/baldim.mg.gov.br\/wsite\/index.php?rest_route=\/wp\/v2\/pages"}],"about":[{"href":"https:\/\/baldim.mg.gov.br\/wsite\/index.php?rest_route=\/wp\/v2\/types\/page"}],"author":[{"embeddable":true,"href":"https:\/\/baldim.mg.gov.br\/wsite\/index.php?rest_route=\/wp\/v2\/users\/2"}],"replies":[{"embeddable":true,"href":"https:\/\/baldim.mg.gov.br\/wsite\/index.php?rest_route=%2Fwp%2Fv2%2Fcomments&post=2739"}],"version-history":[{"count":4,"href":"https:\/\/baldim.mg.gov.br\/wsite\/index.php?rest_route=\/wp\/v2\/pages\/2739\/revisions"}],"predecessor-version":[{"id":2759,"href":"https:\/\/baldim.mg.gov.br\/wsite\/index.php?rest_route=\/wp\/v2\/pages\/2739\/revisions\/2759"}],"wp:attachment":[{"href":"https:\/\/baldim.mg.gov.br\/wsite\/index.php?rest_route=%2Fwp%2Fv2%2Fmedia&parent=2739"}],"curies":[{"name":"wp","href":"https:\/\/api.w.org\/{rel}","templated":true}]}}