{"id":2736,"date":"2025-07-01T00:17:43","date_gmt":"2025-07-01T00:17:43","guid":{"rendered":"https:\/\/baldim.mg.gov.br\/wsite\/?page_id=2736"},"modified":"2025-07-01T00:20:39","modified_gmt":"2025-07-01T00:20:39","slug":"licitacoes-2020","status":"publish","type":"page","link":"https:\/\/baldim.mg.gov.br\/wsite\/?page_id=2736","title":{"rendered":"Licita\u00e7\u00f5es 2020"},"content":{"rendered":"\t\t<div data-elementor-type=\"wp-page\" data-elementor-id=\"2736\" class=\"elementor elementor-2736\" data-elementor-settings=\"[]\">\n\t\t\t\t\t\t\t<div class=\"elementor-section-wrap\">\n\t\t\t\t\t\t\t<section class=\"elementor-section elementor-top-section elementor-element elementor-element-8b463a1 elementor-section-boxed elementor-section-height-default elementor-section-height-default wpr-particle-no wpr-jarallax-no wpr-parallax-no wpr-sticky-section-no\" data-id=\"8b463a1\" data-element_type=\"section\">\n\t\t\t\t\t\t<div class=\"elementor-container elementor-column-gap-default\">\n\t\t\t\t\t<div class=\"elementor-column elementor-col-100 elementor-top-column elementor-element elementor-element-cf1801d\" data-id=\"cf1801d\" data-element_type=\"column\">\n\t\t\t<div class=\"elementor-widget-wrap elementor-element-populated\">\n\t\t\t\t\t\t\t\t\t<\/div>\n\t\t<\/div>\n\t\t\t\t\t\t\t<\/div>\n\t\t<\/section>\n\t\t\t\t<section class=\"elementor-section elementor-top-section elementor-element elementor-element-6c3c13e elementor-section-boxed elementor-section-height-default elementor-section-height-default wpr-particle-no wpr-jarallax-no wpr-parallax-no wpr-sticky-section-no\" data-id=\"6c3c13e\" data-element_type=\"section\">\n\t\t\t\t\t\t<div class=\"elementor-container elementor-column-gap-default\">\n\t\t\t\t\t<div class=\"elementor-column elementor-col-100 elementor-top-column elementor-element elementor-element-38cfc25\" data-id=\"38cfc25\" data-element_type=\"column\">\n\t\t\t<div class=\"elementor-widget-wrap elementor-element-populated\">\n\t\t\t\t\t\t\t\t<div class=\"elementor-element elementor-element-73d8876 elementor-widget elementor-widget-text-editor\" data-id=\"73d8876\" data-element_type=\"widget\" data-widget_type=\"text-editor.default\">\n\t\t\t\t<div class=\"elementor-widget-container\">\n\t\t\t<style>\/*! elementor - v3.5.4 - 23-01-2022 *\/\n.elementor-widget-text-editor.elementor-drop-cap-view-stacked .elementor-drop-cap{background-color:#818a91;color:#fff}.elementor-widget-text-editor.elementor-drop-cap-view-framed .elementor-drop-cap{color:#818a91;border:3px solid;background-color:transparent}.elementor-widget-text-editor:not(.elementor-drop-cap-view-default) .elementor-drop-cap{margin-top:8px}.elementor-widget-text-editor:not(.elementor-drop-cap-view-default) .elementor-drop-cap-letter{width:1em;height:1em}.elementor-widget-text-editor .elementor-drop-cap{float:left;text-align:center;line-height:1;font-size:50px}.elementor-widget-text-editor .elementor-drop-cap-letter{display:inline-block}<\/style>\t\t\t\t<p>\u00a0<\/p><p>RESULTADO DA INEXIGIBILIDADE DO PROCESSO LICITAT\u00d3RIO N\u00ba 010\/2020 &#8211; <a href=\"licitacoes2021\/proc01020.pdf\">Clique aqui<\/a><\/p><p>RESULTADO DA INEXIGIBILIDADE DO PROCESSO LICITAT\u00d3RIO N\u00ba 011\/2020- <a href=\"licitacoes2021\/proc01120.pdf\">Clique aqui<\/a><\/p><p>RESULTADO DO PROCESSO LICITAT\u00d3RIO N\u00ba 001\/2020 CONCORR\u00caNCIA N\u00ba 001\/2020- <a href=\"licitacoes2021\/proc012020.pdf\">Clique aqui<\/a><\/p><p>RESULTADO DA INEXIGIBILIDADE DO PROCESSO LICITAT\u00d3RIO N\u00ba 012\/2020- <a href=\"licitacoes2021\/proc01220.pdf\">Clique aqui<\/a><\/p><p>PROCESSO LICITAT\u00d3RIO 013\/2020, TOMADA DE PRE\u00c7OS N\u00ba 001\/2020- <a href=\"licitacoes2021\/proc01320.pdf\">Clique aqui<\/a><\/p><p>PROCESSO LICITAT\u00d3RIO 015\/2020, TOMADA DE PRE\u00c7OS N\u00ba 002\/2020- <a href=\"licitacoes2021\/proc01520.pdf\">Clique aqui<\/a><\/p><p>RESULTADO DA DISPENSA DE LICITA\u00c7\u00c3O DO PROCESSO LICITAT\u00d3RIO N\u00ba 016\/2020- <a href=\"licitacoes2021\/proc01620.pdf\">Clique aqui<\/a><\/p><p>RESULTADO DO PROCESSO LICITAT\u00d3RIO N\u00ba 017\/2020 MODALIDADE PREG\u00c3O N\u00ba 005\/2020-<a href=\"licitacoes2021\/proc01720.pdf\">Clique aqui<\/a><\/p><p>RESULTADO DA DISPENSA DE LICITA\u00c7\u00c3O DO PROCESSO LICITAT\u00d3RIO N\u00ba 018\/2020- <a href=\"licitacoes2021\/proc01820.pdf\">Clique aqui<\/a><\/p><p>RESULTADO DO PROCESSO LICITAT\u00d3RIO N\u00ba 019\/2020, TOMADA DE PRE\u00c7OS N\u00ba 003\/2020.-<a href=\"licitacoes2021\/proc01920.pdf\">Clique aqui<\/a><\/p><p>RESULTADO DO PROCESSO LICITAT\u00d3RIO N\u00ba 020\/2020, TOMADA DE PRE\u00c7OS N\u00ba 004\/2020.-<a href=\"licitacoes2021\/proc02020.pdf\">Clique aqui<\/a><\/p><p>RESULTADO DO PROCESSO LICITAT\u00d3RIO N\u00ba 021\/2020, ADES\u00c3O A REGISTRO DE PRE\u00c7OS DE N\u00b0 001\/2020-<a href=\"licitacoes2021\/proc02120.pdf\"> Clique aqui<\/a><\/p><p>RESULTADO DO PROCESSO LICITAT\u00d3RIO N\u00ba 002\/2020 MODALIDADE PREG\u00c3O N\u00ba 001\/2020- <a href=\"licitacoes2021\/proc0220.pdf\">Clique aqui<\/a><\/p><p>RESULTADO DA DISPENSA DO PROCESSO ADMINISTRATIVO N\u00ba 022\/2020- <a href=\"licitacoes2021\/proc02220.pdf\">Clique aqui<\/a><\/p><p>RESULTADO DO PROCESSO LICITAT\u00d3RIO N\u00ba 023\/2020, ADES\u00c3O A REGISTRO DE PRE\u00c7OS DE N\u00b0 002\/2020- <a href=\"licitacoes2021\/proc02320.pdf\">Clique aqui<\/a><\/p><p>RESULTADO DO PROCESSO LICITAT\u00d3RIO N\u00ba 024\/2020, TOMADA DE PRE\u00c7OS N\u00ba 005\/2020.- <a href=\"licitacoes2021\/proc02420.pdf\">Clique aqui<\/a><\/p><p>PROCESSO LICITATORIO 025\/2020 PREG\u00c3O N\u00ba006\/2020- <a href=\"licitacoes2021\/proc02520.pdf\">Clique aqui<\/a><\/p><p>RESULTADO DO PROCESSO LICITAT\u00d3RIO N\u00ba 026\/2020 MODALIDADE PREG\u00c3O- <a href=\"licitacoes2021\/proc02620.pdf\">Clique aqui<\/a><\/p><p>Processo Licitat\u00f3rio n\u00ba 027\/2020, Tomada de Pre\u00e7os n\u00ba 006\/2020-<a href=\"licitacoes2021\/proc02720.pdf\"> Clique aqui<\/a><\/p><p>RESULTADO DO PROCESSO LICITAT\u00d3RIO N\u00ba 028\/2020 MODALIDADE PREG\u00c3O N\u00ba 008\/20- <a href=\"licitacoes2021\/proc02820.pdf\">Clique aqui<\/a><\/p><p>RESULTADO DO PROCESSO LICITAT\u00d3RIO N\u00ba 029\/2020, MODALIDADE PREG\u00c3O- <a href=\"licitacoes2021\/proc02920.pdf\">Clique aqui<\/a><\/p><p>RESULTADO DO PROCESSO LICITAT\u00d3RIO N\u00ba 030\/2020 MODALIDADE PREG\u00c3O N\u00ba 010\/2020- <a href=\"licitacoes2021\/proc03020.pdf\">Clique aqui<\/a><\/p><p>RESULTADO DO PROCESSO LICITAT\u00d3RIO N\u00ba 031\/2020 MODALIDADE PREG\u00c3O- <a href=\"licitacoes2021\/proc03120.pdf\">Clique aqui<\/a><\/p><p>RESULTADO DO PROCESSO LICITAT\u00d3RIO N\u00ba 003\/2020, MODALIDADE PREG\u00c3O- <a href=\"licitacoes2021\/proc0320.pdf\">Clique aqui<\/a><\/p><p>RESULTADO DO PROCESSO LICITAT\u00d3RIO N\u00ba 032\/2020, TOMADA DE PRE\u00c7OS N\u00ba 007\/2020.- <a href=\"licitacoes2021\/proc03220\">Clique aqui<\/a><\/p><p>RESULTADO DA DISPENSA DE LICITA\u00c7\u00c3O DO PROCESSO LICITAT\u00d3RIO N\u00ba 033\/2020- <a href=\"licitacoes2021\/proc03320.pdf\">Clique aqui<\/a><\/p><p>PROCESSO LICITATORIO 034\/2020 PREG\u00c3O N\u00ba012\/2020- <a href=\"licitacoes2021\/proc03420.pdf\">Clique aqui<\/a><\/p><p>RESULTADO DO PROCESSO LICITAT\u00d3RIO N\u00ba 035\/2020, ADES\u00c3O A REGISTRO DE PRE\u00c7OS DE N\u00b0 003\/2020- <a href=\"licitacoes2021\/proc03520.pdf\">Clique aqui<\/a><\/p><p>RESULTADO DO PROCESSO LICITAT\u00d3RIO N\u00ba 036\/2020, ADES\u00c3O A REGISTRO DE PRE\u00c7OS DE N\u00b0 004\/2020- <a href=\"licitacoes2021\/proc03620.pdf\">Clique aqui<\/a><\/p><p>RESULTADO DA INEXIGIBILIDADE DO PROCESSO LICITAT\u00d3RIO N\u00ba 037\/2020, ADES\u00c3O A REGISTRO DE PRE\u00c7OS DE N\u00ba005\/2020- <a href=\"licitacoes2021\/proc03720.pdf\">Clique aqui<\/a><\/p><p>RESULTADO DO PROCESSO LICITAT\u00d3RIO N\u00ba 038\/2020, TOMADA DE PRE\u00c7OS N\u00ba 008\/2020.- <a href=\"licitacoes2021\/proc03820\">Clique aqui<\/a><\/p><p>RESULTADO DO PROCESSO LICITAT\u00d3RIO N\u00ba 039\/2020, ADES\u00c3O A REGISTRO DE PRE\u00c7OS DE N\u00b0 006\/2020- <a href=\"licitacoes2021\/proc03920.pdf\">Clique aqui<\/a><\/p><p>RESULTADO DO PROCESSO LICITAT\u00d3RIO N\u00ba 040\/2020, ADES\u00c3O A REGISTRO DE PRE\u00c7OS DE N\u00b0 007\/2020- <a href=\"licitacoes2021\/proc04020.pdf\">Clique aqui<\/a><\/p><p>RESULTADO DO PROCESSO LICITAT\u00d3RIO N\u00ba 041\/2020, ADES\u00c3O A REGISTRO DE PRE\u00c7OS DE N\u00b0 008\/2020- <a href=\"licitacoes2021\/proc04120.pdf\">Clique aqui<\/a><\/p><p>RESULTADO DA INEXIGIBILIDADE DO PROCESSO LICITAT\u00d3RIO N\u00ba 004\/2020- <a href=\"licitacoes2021\/proc04020.pdf\">Clique aqu<\/a>i<\/p><p>RESULTADO DO PROCESSO LICITAT\u00d3RIO N\u00ba 042\/2020, ADES\u00c3O A REGISTRO DE PRE\u00c7OS DE N\u00b0 009\/2020- <a href=\"licitacoes2021\/proc04220.pdf\">Clique aqui<\/a><\/p><p>RESULTADO DO PROCESSO LICITAT\u00d3RIO N\u00ba 043\/2020, MODALIDADE PREG\u00c3O- <a href=\"licitacoes2021\/proc04220.pdf\">Clique aqui<\/a><\/p><p>RESULTADO DO PROCESSO LICITAT\u00d3RIO N\u00ba 044\/2020, ADES\u00c3O A REGISTRO DE PRE\u00c7OS DE N\u00b0 010\/2020- <a href=\"licitacoes2021\/proc04420.pdf\">Clique aqui<\/a><\/p><p>RESULTADO DO PROCESSO LICITAT\u00d3RIO N\u00ba 045\/2020 MODALIDADE PREG\u00c3O N\u00ba 014\/2020- <a href=\"licitacoes2021\/proc04520.pdf\">Clique aqui<\/a><\/p><p>RESULTADO DO PROCESSO LICITAT\u00d3RIO N\u00ba 046\/2020 MODALIDADE PREG\u00c3O N\u00ba 015\/2020- <a href=\"licitacoes2021\/proc04620.pdf\">Clique aqui<\/a><\/p><p>RESULTADO DO PROCESSO LICITAT\u00d3RIO N\u00ba 047\/2020, MODALIDADE PREG\u00c3O- <a href=\"licitacoes2021\/proc04720.pdf\">Clique aqui<\/a><\/p><p>RESULTADO DO PROCESSO LICITAT\u00d3RIO N\u00ba 048\/2020, MODALIDADE PREG\u00c3O- <a href=\"licitacoes2021\/proc04820.pdf\">Clique aqui<\/a><\/p><p>RESULTADO DO PROCESSO LICITAT\u00d3RIO N\u00ba 049\/2020, ADES\u00c3O A REGISTRO DE PRE\u00c7OS DE N\u00b0 011\/2020- <a href=\"licitacoes2021\/proc04920.pdf\">Clique aqui<\/a><\/p><p>RESULTADO DO PROCESSO LICITAT\u00d3RIO N\u00ba 051\/2020, ADES\u00c3O A REGISTRO DE PRE\u00c7OS DE N\u00b0 012\/2020- <a href=\"licitacoes2021\/proc05120.pdf\">Clique aqui<\/a><\/p><p>RESULTADO DA INEXIGIBILIDADE DO PROCESSO LICITAT\u00d3RIO N\u00ba 005\/2020- <a href=\"licitacoes2021\/proc0520.pdf\">Clique aqui<\/a><\/p><p>RESULTADO DO PROCESSO LICITAT\u00d3RIO N\u00ba 053\/2020, ADES\u00c3O A REGISTRO DE PRE\u00c7OS DE N\u00b0 014\/2020- <a href=\"licitacoes2021\/proc05220.pdf\">Clique aqui<\/a><\/p><p>RESULTADO DO PROCESSO LICITAT\u00d3RIO N\u00ba 054\/2020, ADES\u00c3O A REGISTRO DE PRE\u00c7OS DE N\u00b0 015\/2020- <a href=\"licitacoes2021\/proc05420.pdf\">Clique aqui<\/a><\/p><p>RESULTADO DO PROCESSO LICITAT\u00d3RIO N\u00ba 055\/2020, ADES\u00c3O A REGISTRO DE PRE\u00c7OS DE N\u00b0 016\/2020- <a href=\"licitacoes2021\/proc05520.pdf\">Clique aqui<\/a><\/p><p>RESULTADO DO PROCESSO LICITAT\u00d3RIO N\u00ba 056\/2020, ADES\u00c3O A REGISTRO DE PRE\u00c7OS DE N\u00b0 017\/2020- <a href=\"licitacoes2021\/proc05620.pdf\">Clique aqui<\/a><\/p><p>RESULTADO DO PROCESSO LICITAT\u00d3RIO N\u00ba 057\/2020, ADES\u00c3O A REGISTRO DE PRE\u00c7OS DE N\u00b0 018\/2020- <a href=\"licitacoes2021\/proc05720.pdf\">Clique aqui<\/a><\/p><p>RESULTADO DO PROCESSO LICITAT\u00d3RIO N\u00ba 006\/2020 MODALIDADE PREG\u00c3O-<a href=\"licitacoes2021\/proc0620.pdf\"> Clique aqui<\/a><\/p><p>RESULTADO DA DISPENSA DO PROCESSO LICITAT\u00d3RIO N\u00ba 007\/2020- <a href=\"licitacoes2021\/proc0620.pdf\">Clique aqui<\/a><\/p><p>RESULTADO DA DISPENSA DE LICITA\u00c7\u00c3O DO PROCESSO LICITAT\u00d3RIO N\u00ba 008\/2020- <a href=\"licitacoes2021\/proc0820.pdf\">Clique aqui<\/a><\/p><p>RESULTADO DA INEXIGIBILIDADE DO PROCESSO LICITAT\u00d3RIO N\u00ba 009\/2020- <a href=\"licitacoes2021\/proc0920.pdf\">Clique aqui<\/a><\/p><p>RESULTADO DO PROCESSO LICITAT\u00d3RIO N\u00ba 001\/2020<br \/>CONCORR\u00caNCIA N\u00ba 001\/2020 &#8211;\u00a0<a href=\"licitacoes\/proc012020.pdf\" target=\"_blank\" rel=\"noopener\">Clique aqui<\/a><\/p>\t\t\t\t\t\t<\/div>\n\t\t\t\t<\/div>\n\t\t\t\t\t<\/div>\n\t\t<\/div>\n\t\t\t\t\t\t\t<\/div>\n\t\t<\/section>\n\t\t\t\t\t\t<\/div>\n\t\t\t\t\t<\/div>\n\t\t","protected":false},"excerpt":{"rendered":"<p>\u00a0 RESULTADO DA INEXIGIBILIDADE DO PROCESSO LICITAT\u00d3RIO N\u00ba 010\/2020 &#8211; Clique aqui RESULTADO DA INEXIGIBILIDADE DO PROCESSO LICITAT\u00d3RIO N\u00ba 011\/2020- Clique aqui RESULTADO DO PROCESSO LICITAT\u00d3RIO N\u00ba 001\/2020 CONCORR\u00caNCIA N\u00ba 001\/2020- Clique<a class=\"moretag\" href=\"https:\/\/baldim.mg.gov.br\/wsite\/?page_id=2736\">leia mais<\/a><\/p>\n","protected":false},"author":2,"featured_media":0,"parent":0,"menu_order":0,"comment_status":"closed","ping_status":"closed","template":"","meta":{"footnotes":""},"class_list":["post-2736","page","type-page","status-publish","hentry"],"_links":{"self":[{"href":"https:\/\/baldim.mg.gov.br\/wsite\/index.php?rest_route=\/wp\/v2\/pages\/2736","targetHints":{"allow":["GET"]}}],"collection":[{"href":"https:\/\/baldim.mg.gov.br\/wsite\/index.php?rest_route=\/wp\/v2\/pages"}],"about":[{"href":"https:\/\/baldim.mg.gov.br\/wsite\/index.php?rest_route=\/wp\/v2\/types\/page"}],"author":[{"embeddable":true,"href":"https:\/\/baldim.mg.gov.br\/wsite\/index.php?rest_route=\/wp\/v2\/users\/2"}],"replies":[{"embeddable":true,"href":"https:\/\/baldim.mg.gov.br\/wsite\/index.php?rest_route=%2Fwp%2Fv2%2Fcomments&post=2736"}],"version-history":[{"count":4,"href":"https:\/\/baldim.mg.gov.br\/wsite\/index.php?rest_route=\/wp\/v2\/pages\/2736\/revisions"}],"predecessor-version":[{"id":2753,"href":"https:\/\/baldim.mg.gov.br\/wsite\/index.php?rest_route=\/wp\/v2\/pages\/2736\/revisions\/2753"}],"wp:attachment":[{"href":"https:\/\/baldim.mg.gov.br\/wsite\/index.php?rest_route=%2Fwp%2Fv2%2Fmedia&parent=2736"}],"curies":[{"name":"wp","href":"https:\/\/api.w.org\/{rel}","templated":true}]}}