{"id":2733,"date":"2025-07-01T00:17:31","date_gmt":"2025-07-01T00:17:31","guid":{"rendered":"https:\/\/baldim.mg.gov.br\/wsite\/?page_id=2733"},"modified":"2025-07-01T00:22:34","modified_gmt":"2025-07-01T00:22:34","slug":"licitacoes-2021","status":"publish","type":"page","link":"https:\/\/baldim.mg.gov.br\/wsite\/?page_id=2733","title":{"rendered":"Licita\u00e7\u00f5es 2021"},"content":{"rendered":"\t\t<div data-elementor-type=\"wp-page\" data-elementor-id=\"2733\" class=\"elementor elementor-2733\" data-elementor-settings=\"[]\">\n\t\t\t\t\t\t\t<div class=\"elementor-section-wrap\">\n\t\t\t\t\t\t\t<section class=\"elementor-section elementor-top-section elementor-element elementor-element-940ab7b elementor-section-boxed elementor-section-height-default elementor-section-height-default wpr-particle-no wpr-jarallax-no wpr-parallax-no wpr-sticky-section-no\" data-id=\"940ab7b\" data-element_type=\"section\">\n\t\t\t\t\t\t<div class=\"elementor-container elementor-column-gap-default\">\n\t\t\t\t\t<div class=\"elementor-column elementor-col-100 elementor-top-column elementor-element elementor-element-3baf267\" data-id=\"3baf267\" data-element_type=\"column\">\n\t\t\t<div class=\"elementor-widget-wrap elementor-element-populated\">\n\t\t\t\t\t\t\t\t\t<\/div>\n\t\t<\/div>\n\t\t\t\t\t\t\t<\/div>\n\t\t<\/section>\n\t\t\t\t<section class=\"elementor-section elementor-top-section elementor-element elementor-element-80fa99e elementor-section-boxed elementor-section-height-default elementor-section-height-default wpr-particle-no wpr-jarallax-no wpr-parallax-no wpr-sticky-section-no\" data-id=\"80fa99e\" data-element_type=\"section\">\n\t\t\t\t\t\t<div class=\"elementor-container elementor-column-gap-default\">\n\t\t\t\t\t<div class=\"elementor-column elementor-col-100 elementor-top-column elementor-element elementor-element-c6a7bf9\" data-id=\"c6a7bf9\" data-element_type=\"column\">\n\t\t\t<div class=\"elementor-widget-wrap elementor-element-populated\">\n\t\t\t\t\t\t\t\t<div class=\"elementor-element elementor-element-b991f4c elementor-widget elementor-widget-text-editor\" data-id=\"b991f4c\" data-element_type=\"widget\" data-widget_type=\"text-editor.default\">\n\t\t\t\t<div class=\"elementor-widget-container\">\n\t\t\t<style>\/*! elementor - v3.5.4 - 23-01-2022 *\/\n.elementor-widget-text-editor.elementor-drop-cap-view-stacked .elementor-drop-cap{background-color:#818a91;color:#fff}.elementor-widget-text-editor.elementor-drop-cap-view-framed .elementor-drop-cap{color:#818a91;border:3px solid;background-color:transparent}.elementor-widget-text-editor:not(.elementor-drop-cap-view-default) .elementor-drop-cap{margin-top:8px}.elementor-widget-text-editor:not(.elementor-drop-cap-view-default) .elementor-drop-cap-letter{width:1em;height:1em}.elementor-widget-text-editor .elementor-drop-cap{float:left;text-align:center;line-height:1;font-size:50px}.elementor-widget-text-editor .elementor-drop-cap-letter{display:inline-block}<\/style>\t\t\t\t<table style=\"background-color: #fafafa; border: 2px solid #000000;\" rules=\"all\"><tbody><tr><td><em><span style=\"font-family: verdana, geneva;\"><strong>\u00a0Licita\u00e7\u00f5es 2021<\/strong><\/span><\/em><\/td><\/tr><tr><td>RESULTADO DO PROCESSO LICITAT\u00d3RIO N\u00ba 072\/2021, MODALIDADE PREG\u00c3O 036\/2021-RIO DOCE COM\u00c9RCIO DE VE\u00cdCULOS LTDA- <a href=\"licitacoesfinalizadas2021\/RESULTADOPROCESSO0722021PREGAO0362021VEICULOSCORRIGIDO.pdf\">Clique aqui<\/a><\/td><\/tr><tr><td><p><span style=\"font-family: arial, helvetica, sans-serif;\">RESULTADO DO PROCESSO LICITAT\u00d3RIO N\u00ba 074\/2021, MODALIDADE ADES\u00c3O COMO \u00d3RG\u00c3O PARTICIPANTE A REGISTRO DE PRE\u00c7OS DE N\u00b0 017\/2021- <a href=\"licitacoesfinalizadas2021\/RESULTADOPROCESSO0742021ADESAO017202BIOHOSP.pdf\">Clique aqui<\/a><\/span><\/p><\/td><\/tr><tr><td><p><span style=\"font-family: arial, helvetica, sans-serif;\">RESULTADO DO PROCESSO LICITAT\u00d3RIO N\u00ba 071\/2021, MODALIDADE ADES\u00c3O COMO \u00d3RG\u00c3O PARTICIPANTE A REGISTRO DE PRE\u00c7OS DE N\u00b0 016\/2021- <a href=\"licitacoesfinalizadas2021\/RESULTADOPROCESSO0712021ADESAO0162021DISTRIMIXDISTRIBUIDORA.pdf\">Clique aqui<\/a><\/span><\/p><\/td><\/tr><tr><td><p><span style=\"font-family: arial, helvetica, sans-serif;\">RESULTADO DO PROCESSO LICITAT\u00d3RIO N\u00ba 070\/2021, MODALIDADE ADES\u00c3O COMO \u00d3RG\u00c3O PARTICIPANTE A REGISTRO DE PRE\u00c7OS DE N\u00b0 015\/2021- <a href=\"licitacoesfinalizadas2021\/RESULTADOPROCESSO0702021ADESAO0152021DIMASTERCOMERCIO.pdf\">Clique aqui<\/a><\/span><\/p><\/td><\/tr><tr><td><p><span style=\"font-family: arial, helvetica, sans-serif;\">RESULTADO DO PROCESSO LICITAT\u00d3RIO N\u00ba 048\/2021 MODALIDADE PREG\u00c3O- <a href=\"licitacoesfinalizadas2021\/RESULTADOPROCESSO0482021PREGAO0292021REGISTRODEPRECOSLIXEIRAS.pdf\">Clique aqui<\/a><\/span><\/p><\/td><\/tr><tr><td><p><span style=\"font-family: arial, helvetica, sans-serif;\">RESULTADO DA DISPENSA DE LICITA\u00c7\u00c3O DO PROCESSO LICITAT\u00d3RIO N\u00ba 055\/2021-<a href=\"licitacoesfinalizadas2021\/resultadoprocessolicitatorio0552021.pdf\"> Clique aqui<\/a><\/span><\/p><\/td><\/tr><tr><td><p><span style=\"font-family: arial, helvetica, sans-serif;\">RESULTADO DA DISPENSA DE LICITA\u00c7\u00c3O DO PROCESSO LICITAT\u00d3RIO N\u00ba 054\/2021- <a href=\"licitacoesfinalizadas2021\/resultadoprocessolicitatorio0542021.pdf\">Clique aqui<\/a><\/span><\/p><\/td><\/tr><tr><td><p><span style=\"font-family: arial, helvetica, sans-serif;\">RESULTADO DA DISPENSA DE LICITA\u00c7\u00c3O DO PROCESSO LICITAT\u00d3RIO N\u00ba 053\/2021- <a href=\"licitacoesfinalizadas2021\/resultadoprocessolicitatorio0532021.pdf\">Clique aqui<\/a><\/span><\/p><\/td><\/tr><tr><td><p><span style=\"font-family: arial, helvetica, sans-serif;\">RESULTADO DO PROCESSO LICITAT\u00d3RIO N\u00ba 051\/2021, MODALIDADE PREG\u00c3O 031\/2021- <a href=\"licitacoesfinalizadas2021\/RESULTADOPROCESSO0512021PREGAO0312021.pdf\">Clique aqui<\/a><\/span><\/p><\/td><\/tr><tr><td><p>\u00a0<\/p><p><span style=\"font-family: arial, helvetica, sans-serif;\">RESULTADO DO PROCESSO LICITAT\u00d3RIO N\u00ba 047\/2021 MODALIDADE PREG\u00c3O- <a href=\"licitacoesfinalizadas2021\/RESULTADOPROCESSO0472021PREGAO0282021TRANSPORTERESIDUOSVERIFICADO.pdf\">Clique aqui<\/a><\/span><\/p><\/td><\/tr><tr><td><p><span style=\"font-family: arial, helvetica, sans-serif;\">RESULTADO DA CHAMADA P\u00daBLICA N\u00ba 003\/2021, PROCESSO N\u00ba 033\/2021- <a href=\"licitacoesfinalizadas2021\/resultadochamadapublica0032021.pdf\">Clique aqui<\/a><\/span><\/p><\/td><\/tr><tr><td><p><span style=\"font-family: arial, helvetica, sans-serif;\">RESULTADO DO PROCESSO LICITAT\u00d3RIO N\u00ba 041\/2021, TOMADA DE PRE\u00c7OS N\u00ba 003\/2021. Quadra Mucambo-\u00a0\u00a0<a href=\"licitacoesfinalizadas2021\/RESULTADOPROCESSO0412021TOMADAPCOS0032021QUADRAMUCAMBO.pdf\">Clique aqui<\/a><\/span><\/p><\/td><\/tr><tr><td><p><span style=\"font-family: arial, helvetica, sans-serif;\">DESPACHO DE REVOGA\u00c7\u00c3O DO PROCESSO LICITAT\u00d3RIO N\u00ba 023\/2021 \u2013 MODALIDADE PREG\u00c3O PRESENCIAL N\u00ba 014\/2021.\u00a0<a href=\"licitacoesfinalizadas2021\/DESPACHO.pdf\">Clique aqui<\/a><\/span><\/p><\/td><\/tr><tr><td><p>DESPACHO DE REVOGA\u00c7\u00c3O DO PROCESSO LICITAT\u00d3RIO N\u00ba 023\/2021 \u2013 MODALIDADE PREG\u00c3O PRESENCIAL N\u00ba 014\/2021.\u00a0<a href=\"licitacoesfinalizadas2021\/DESPACHO.pdf\">Clique aqui<\/a><\/p><\/td><\/tr><tr><td><p><span style=\"font-family: arial, helvetica, sans-serif;\">RESULTADO DO PROCESSO LICITAT\u00d3RIO N\u00ba 035\/2021, MODALIDADE PREG\u00c3O- <span style=\"font-family: arial, helvetica, sans-serif;\"><a href=\"licitacoesfinalizadas2021\/RESULTADOPROC0352021PREGAO0212021.pdf\">Clique aqui<\/a><\/span><\/span><\/p><\/td><\/tr><tr><td><p><span style=\"font-family: arial, helvetica, sans-serif;\">RESULTADO DO PROCESSO LICITAT\u00d3RIO N\u00ba 044\/2021, MODALIDADE PREG\u00c3O 026\/2021- <a href=\"licitacoesfinalizadas2021\/RESULTADOPROCESSO0442021PREGAO0262021REGPCOPISODECONCRETO.pdf\">Clique aqui<\/a><\/span><\/p><\/td><\/tr><tr><td><p>\u00a0<span style=\"font-family: arial, helvetica, sans-serif;\">TERMO DE ENCERRAMENTO DE PROCESSO Processo Licitat\u00f3rio 039\/2021, Preg\u00e3o n\u00ba 024\/2021- <a href=\"licitacoesandamento2021\/TERMODEENCERRAMENTOPREGAO0242021RESERVATORIOCOMINSTALA\u00c7\u00c3O.pdf\">Clique aqui<\/a><\/span><\/p><\/td><\/tr><tr><td><p>\u00a0<span style=\"font-family: arial, helvetica, sans-serif;\">RESULTADO DA DISPENSA DE LICITA\u00c7\u00c3O DO PROCESSO LICITAT\u00d3RIO N\u00ba 042\/2021- <a href=\"licitacoesfinalizadas2021\/RESULTADOPROCESSO0422021DISPENSA0032021CORPORACAOSTACECILIA.pdf\">Clique aqui<\/a><\/span><\/p><\/td><\/tr><tr><td><p>\u00a0<span style=\"font-family: arial, helvetica, sans-serif;\">RESULTADO DA INEXIGIBILIDADE DO PROCESSO LICITAT\u00d3RIO N\u00ba 028\/2021-<a href=\"licitacoesfinalizadas2021\/RESULTADOPROCESSO0282021INEXIGIBILIDADE0032021.pdf\"> Clique aqui<\/a><\/span><\/p><\/td><\/tr><tr><td><p>\u00a0<span style=\"font-family: arial, helvetica, sans-serif;\">RESULTADO DO PROCESSO LICITAT\u00d3RIO N\u00ba 020\/2021 MODALIDADE PREG\u00c3O- <a href=\"licitacoesfinalizadas2021\/RESULTADOPROCESSO0202021PREGAO010202MATERIAISDELIMPEZA.pdf\">Clique aqui<\/a><\/span><\/p><\/td><\/tr><tr><td><p>\u00a0<span style=\"font-family: arial, helvetica, sans-serif;\">RESULTADO DO PROCESSO LICITAT\u00d3RIO N\u00ba 022\/2021, MODALIDADE PREG\u00c3O- <a href=\"licitacoesfinalizadas2021\/resultadopregao0132021.pdf\">Clique aqui<\/a><\/span><\/p><\/td><\/tr><tr><td><p>\u00a0<span style=\"font-family: arial, helvetica, sans-serif;\">RESULTADO DO PROCESSO LICITAT\u00d3RIO N\u00ba 021\/2021, MODALIDADE PREG\u00c3O- <a href=\"licitacoesfinalizadas2021\/resultadopregao0122021.pdf\">Clique aqui<\/a><\/span><\/p><\/td><\/tr><tr><td><p>\u00a0<span style=\"font-family: arial, helvetica, sans-serif;\">RESULTADO DO PROCESSO LICITAT\u00d3RIO N\u00ba 018\/2021<\/span><\/p><\/td><\/tr><tr><td><p>\u00a0<span style=\"font-family: arial, helvetica, sans-serif;\">MODALIDADE PREG\u00c3O-<a href=\"licitacoesfinalizadas2021\/RESULTADOPROCESSO0182021PREGAO0092021MATERIAISINSUMOSEREAGENTEPARALABORATORIO.pdf\"> Clique aqui<\/a><\/span><\/p><\/td><\/tr><tr><td><p>\u00a0RESULTADO DO PROCESSO LICITAT\u00d3RIO N\u00ba 019\/2021 MODALIDADE PREG\u00c3O- <a href=\"licitacoesfinalizadas2021\/RESULTADOPROCESSO0192021PREGAO0102021TAPABURACO.pdf\">CLIQUE AQUI<\/a><\/p><\/td><\/tr><tr><td><p>\u00a0RESULTADO DO PROCESSO LICITAT\u00d3RIO N\u00ba 015\/2021, MODALIDADE PREG\u00c3O 008\/2021- <a href=\"contratos2021\/RESULTADOPROCESSO0152021PREGAO0082021PRESTSERVMAQUINAS.pdf\">Clique aqui<\/a><\/p><\/td><\/tr><tr><td><p>\u00a0RESULTADO DO PROCESSO LICITAT\u00d3RIO N\u00ba 017\/2021, MODALIDADE ADES\u00c3O A REGISTRO DE PRE\u00c7OS DE N\u00b0 005\/2021- <a href=\"licitacoesfinalizadas2021\/RESULTADOPROCESSO0172021ADESAO0052021.pdf\">Clique aqui\u00a0<\/a><\/p><\/td><\/tr><tr><td><p>\u00a0EXTRATO DE PUBLICA\u00c7\u00c3O DO PROCESSO LICITAT\u00d3RIO N\u00ba 017\/2021 DE INTEN\u00c7\u00c3O DE ADES\u00c3O A ATA DE REGISTRO DE PRE\u00c7OS DE N\u00b0014\/2021 DO MUNIC\u00cdPIO DE FELICIO DOS SANTOS- <a href=\"licitacoesfinalizadas2021\/INTENCAODEADESAOPROTESE.pdf\">Clique aqui<\/a><\/p><\/td><\/tr><tr><td><p>\u00a0RESULTADO DA DISPENSA DE LICITA\u00c7\u00c3O DO PROCESSO LICITAT\u00d3RIO N\u00ba 016\/2021- <a href=\"licitacoesfinalizadas2021\/RESULTADOPROCESSO0162021DISPENSA0012021.pdf\">Clique aqui<\/a><\/p><\/td><\/tr><tr><td><p>\u00a0RESULTADO DO PROCESSO LICITAT\u00d3RIO N\u00ba 011\/2021, MODALIDADE PREG\u00c3O 007\/2021- <a href=\"licitacoesfinalizadas2021\/resultadopregao0112021.pdf\">Clique aqui<\/a><\/p><\/td><\/tr><tr><td><p>\u00a0RESULTADO DO PROCESSO LICITAT\u00d3RIO N\u00ba 010\/2021- <a href=\"licitacoesfinalizadas2021\/006caminhaocompactador.pdf\">Clique aqui<\/a><\/p><\/td><\/tr><tr><td><p>\u00a0RESULTADO DA CHAMADA P\u00daBLICA N\u00ba 002\/2021, PROCESSO N\u00ba 012\/2021- <a href=\"licitacoesfinalizadas2021\/11RESULTADOCHAMADAPUBLICA0022021ALIMENTA\u00c7AOESCOLAR.pdf\">Clique aqui<\/a><\/p><\/td><\/tr><tr><td><p>\u00a0RESULTADO DO PROCESSO LICITAT\u00d3RIO N\u00ba 011\/2021, MODALIDADE PREG\u00c3O 007\/2021- <a href=\"licitacoesfinalizadas2021\/RESULTADO0112021PREGAO007202MATERIALMEDICOHOSPITALAR.pdf\">Clique aqui<\/a><\/p><\/td><\/tr><tr><td><p>\u00a0RESULTADO DO PROCESSO LICITAT\u00d3RIO N\u00ba 009\/2021, MODALIDADE PREG\u00c3O- <a href=\"licitacoesfinalizadas2021\/resultadopregao0052021.pdf\">Clique aqui<\/a><\/p><\/td><\/tr><tr><td><p>\u00a0RESULTADO DO PROCESSO LICITAT\u00d3RIO N\u00ba 008\/2021, ADES\u00c3O A REGISTRO DE PRE\u00c7OS DE N\u00b0 003\/2021- <a href=\"licitacoesfinalizadas2021\/resultadoprocesso0032021.pdf\">Clique aqui<\/a><\/p><\/td><\/tr><tr><td><p>\u00a0RESULTADO DO PROCESSO LICITAT\u00d3RIO N\u00ba 007\/2021, MODALIDADE PREG\u00c3O 004\/2021-<a href=\"licitacoesfinalizadas2021\/processolicitatorioN0072021.pdf\"> Clique aqui<\/a><\/p><\/td><\/tr><tr><td><p>\u00a0RESULTADO DO PROCESSO LICITAT\u00d3RIO N\u00ba 006\/2021 MODALIDADE PREG\u00c3O N\u00ba 003\/2021- <a href=\"licitacoesfinalizadas2021\/resultadopregao0032021.pdf\">Clique aqui<\/a><\/p><\/td><\/tr><tr><td><p>\u00a0RESULTADO DO PROCESSO LICITAT\u00d3RIO N\u00ba 005\/2021, MODALIDADE PREG\u00c3O 002\/2021- <a href=\"licitacoesfinalizadas2021\/RESULTADOPROCESSO0052021PREGAO0022021FORMULANUTRICIONAL.pdf\">Clique aqui<\/a><\/p><\/td><\/tr><tr><td><p>\u00a0<\/p><p>RESULTADO DA CHAMADA P\u00daBLICA N\u00ba 001\/2021, PROCESSO N\u00ba 003\/2021- <a href=\"licitacoesfinalizadas2021\/resultado0032021chamadapublicamerendaescolar.pdf\">Clique aqui<\/a><\/p><\/td><\/tr><tr><td><p>\u00a0RESULTADO DA CHAMADA P\u00daBLICA N\u00ba 001\/2021, PROCESSO N\u00ba 003\/2021- <a href=\"licitacoesfinalizadas2021\/resultadochamadapublica2021.pdf\">Clique aqui<\/a><\/p><\/td><\/tr><tr><td><p>\u00a0RESULTADO DO PROCESSO LICITAT\u00d3RIO N\u00ba 002\/2021, ADES\u00c3O A REGISTRO DE PRE\u00c7OS DE N\u00b0 002\/2021- <a href=\"licitacoesfinalizadas2021\/resultadoprocesso0022021.pdf\">Clique aqui<\/a><\/p><\/td><\/tr><tr><td><p>\u00a0RESULTADO DO PROCESSO LICITAT\u00d3RIO N\u00ba 001\/2021, ADES\u00c3O A REGISTRO DE PRE\u00c7OS DE N\u00b0 001\/2021- <a href=\"licitacoesfinalizadas2021\/resultadoprocesso0012021.pdf\">Clique aqui<\/a><\/p><\/td><\/tr><\/tbody><\/table><p>\u00a0<\/p>\t\t\t\t\t\t<\/div>\n\t\t\t\t<\/div>\n\t\t\t\t\t<\/div>\n\t\t<\/div>\n\t\t\t\t\t\t\t<\/div>\n\t\t<\/section>\n\t\t\t\t\t\t<\/div>\n\t\t\t\t\t<\/div>\n\t\t","protected":false},"excerpt":{"rendered":"<p>\u00a0Licita\u00e7\u00f5es 2021 RESULTADO DO PROCESSO LICITAT\u00d3RIO N\u00ba 072\/2021, MODALIDADE PREG\u00c3O 036\/2021-RIO DOCE COM\u00c9RCIO DE VE\u00cdCULOS LTDA- Clique aqui RESULTADO DO PROCESSO LICITAT\u00d3RIO N\u00ba 074\/2021, MODALIDADE ADES\u00c3O COMO \u00d3RG\u00c3O PARTICIPANTE A REGISTRO DE<a class=\"moretag\" href=\"https:\/\/baldim.mg.gov.br\/wsite\/?page_id=2733\">leia mais<\/a><\/p>\n","protected":false},"author":2,"featured_media":0,"parent":0,"menu_order":0,"comment_status":"closed","ping_status":"closed","template":"","meta":{"footnotes":""},"class_list":["post-2733","page","type-page","status-publish","hentry"],"_links":{"self":[{"href":"https:\/\/baldim.mg.gov.br\/wsite\/index.php?rest_route=\/wp\/v2\/pages\/2733","targetHints":{"allow":["GET"]}}],"collection":[{"href":"https:\/\/baldim.mg.gov.br\/wsite\/index.php?rest_route=\/wp\/v2\/pages"}],"about":[{"href":"https:\/\/baldim.mg.gov.br\/wsite\/index.php?rest_route=\/wp\/v2\/types\/page"}],"author":[{"embeddable":true,"href":"https:\/\/baldim.mg.gov.br\/wsite\/index.php?rest_route=\/wp\/v2\/users\/2"}],"replies":[{"embeddable":true,"href":"https:\/\/baldim.mg.gov.br\/wsite\/index.php?rest_route=%2Fwp%2Fv2%2Fcomments&post=2733"}],"version-history":[{"count":4,"href":"https:\/\/baldim.mg.gov.br\/wsite\/index.php?rest_route=\/wp\/v2\/pages\/2733\/revisions"}],"predecessor-version":[{"id":2756,"href":"https:\/\/baldim.mg.gov.br\/wsite\/index.php?rest_route=\/wp\/v2\/pages\/2733\/revisions\/2756"}],"wp:attachment":[{"href":"https:\/\/baldim.mg.gov.br\/wsite\/index.php?rest_route=%2Fwp%2Fv2%2Fmedia&parent=2733"}],"curies":[{"name":"wp","href":"https:\/\/api.w.org\/{rel}","templated":true}]}}